{"id":16784,"date":"2014-08-20T16:23:10","date_gmt":"2014-08-20T14:23:10","guid":{"rendered":"https:\/\/visitoland.com\/?page_id=16784"},"modified":"2026-02-04T16:44:34","modified_gmt":"2026-02-04T15:44:34","slug":"oland-harvest-festival","status":"publish","type":"page","link":"https:\/\/visitoland.com\/en\/oland-harvest-festival\/","title":{"rendered":"\u00d6land Harvest Festival 2026"},"content":{"rendered":"<div class=\"wpb-content-wrapper\"><p>[vc_row][vc_column][vc_column_text css=&#8221;&#8221;]<\/p>\n<h1 style=\"text-align: center;\">\u00d6lands Sk\u00f6rdefest (\u00d6land Harvest Festival) 2026<\/h1>\n<h2 style=\"text-align: center;\">September 23rd &#8211; 27th<\/h2>\n<p>[\/vc_column_text][\/vc_column][\/vc_row][vc_row][vc_column][vc_column_text css=&#8221;&#8221;]<\/p>\n<p style=\"text-align: center;\">\u00d6land Harvest Festival celebrates 29 year, and that will be celebrated big! So start planning already now for your trip to Sweden\u2019s largest Harvest festival. It will be something really extra!<\/p>\n<p>[\/vc_column_text][\/vc_column][\/vc_row][vc_row][vc_column][vc_column_text]In the spring \u00d6land sprouts, we sow and prepares the foundation for all the good food that \u00d6land is so famous for. Then we start with a big party, this celebration we call \u00d6land Sprouts, here we show gardens, farms, farm shops, restaurants who eagerly awaits the primeurs and not least all our artists that with the famouse light of \u00d6land portrays our island and everything that happens here, there&#8217;s a reason why \u00d6land is called the \u201cNordic Provence\u201d.[\/vc_column_text][\/vc_column][\/vc_row][vc_row][vc_column width=&#8221;1\/2&#8243;][vc_column_text]Now, in the fall, we celebrate our harvests, all those crops that taste so wonderful, that is the basis for the pantry of \u00d6land, from which all our great restaurateurs botanize and create their amazing dishes.<\/p>\n<p>At the harvest festival the artists of \u00d6land opens their studios, this during the art night which is now two nights, Friday and Saturday. Then you can visit the artists in their own environment and look at everything that they created. In addition, all \u00d6lands craftsmen and producers of \u00d6landic products also exhibit in the villages at the harvest festival.<\/p>\n<p>It is no wonder that people come from far away, just to get a taste of, and access to, all that \u00d6land can produce.[\/vc_column_text][\/vc_column][vc_column width=&#8221;1\/2&#8243;][vc_column_text]<img loading=\"lazy\" decoding=\"async\" title=\"Marmelad\" src=\"\/\/visitoland.com\/wp-content\/uploads\/2013\/09\/marmelad.jpg\" alt=\"Marmelad\" width=\"460\" height=\"307\" \/>[\/vc_column_text][vc_column_text]<\/p>\n<p>I am text block. Click edit button to change this text. Lorem ipsum dolor sit amet, consectetur adipiscing elit. Ut elit tellus, luctus nec ullamcorper mattis, pulvinar dapibus leo.<\/p>\n<p>[\/vc_column_text][\/vc_column][\/vc_row][vc_row][vc_column width=&#8221;1\/2&#8243;][vc_column_text]<\/p>\n<p>&nbsp;<\/p>\n<p><img loading=\"lazy\" decoding=\"async\" title=\"Eriks\u00f6re Bygata\" src=\"\/\/visitoland.com\/wp-content\/uploads\/2013\/09\/folk.jpg\" alt=\"Eriks\u00f6re Bygata\" width=\"460\" height=\"307\" \/>[\/vc_column_text][\/vc_column][vc_column width=&#8221;1\/2&#8243;][vc_column_text]<\/p>\n<h3><strong>900 events<\/strong><\/h3>\n<p>\u00d6land Harvest Festival features over 900 different events and activities from south to north. At the Harvest Festival, the \u00d6land village of the year will be inaugurated, the golden pumpkin presented, press, radio and TV are in place, all the attention is directed to \u00d6land. The villages on the island of \u00d6land exhibits and displays everything they have in the arts, crafts, farming, fishing and food: Here, you can taste all the products of \u00d6land, wander around the villages of \u00d6land and just enjoy all the wonderful products of \u00d6land.<\/p>\n<p>In short, this is <strong>a feast to remember.<\/strong>[\/vc_column_text][\/vc_column][\/vc_row][vc_row][vc_column][vc_column_text]<\/p>\n<p style=\"text-align: center;\"><strong>Welcome to \u00d6land, the \u201cNordic Provence\u201d!<\/strong><\/p>\n<p style=\"text-align: center;\"><strong> The Island of the Sun, the Taste and the Senses.<\/strong><\/p>\n<p>[\/vc_column_text][\/vc_column][\/vc_row][vc_row][vc_column][vc_column_text]<strong>More information<\/strong> and the full program and program guide (only in Swedish) can be read at the Harvest Festival <a href=\"https:\/\/www.skordefest.nu\/\" target=\"_blank\" rel=\"noopener\">homepage<\/a>.[\/vc_column_text][\/vc_column][\/vc_row][vc_row][vc_column width=&#8221;1\/4&#8243;][vc_column_text]<a href=\"\/\/visitoland.com\/wp-content\/uploads\/2012\/11\/detalj-loktavla.jpg\" data-rel=\"lightbox-image-0\" data-rl_title=\"L\u00f6ktavlan\" data-rl_caption=\"\"><img loading=\"lazy\" decoding=\"async\" class=\"alignnone wp-image-7541 size-full\" title=\"L\u00f6ktavlan\" src=\"\/\/visitoland.com\/wp-content\/uploads\/2012\/11\/detalj-loktavla.jpg\" alt=\"L\u00f6ktavlan\" width=\"460\" height=\"307\" srcset=\"https:\/\/visitoland.com\/wp-content\/uploads\/2012\/11\/detalj-loktavla.jpg 460w, https:\/\/visitoland.com\/wp-content\/uploads\/2012\/11\/detalj-loktavla-150x100.jpg 150w, https:\/\/visitoland.com\/wp-content\/uploads\/2012\/11\/detalj-loktavla-300x200.jpg 300w, https:\/\/visitoland.com\/wp-content\/uploads\/2012\/11\/detalj-loktavla-160x106.jpg 160w, https:\/\/visitoland.com\/wp-content\/uploads\/2012\/11\/detalj-loktavla-260x173.jpg 260w, https:\/\/visitoland.com\/wp-content\/uploads\/2012\/11\/detalj-loktavla-360x240.jpg 360w\" sizes=\"auto, (max-width: 460px) 100vw, 460px\" \/><\/a>[\/vc_column_text][\/vc_column][vc_column width=&#8221;1\/4&#8243;][vc_column_text]<a href=\"\/\/visitoland.com\/wp-content\/uploads\/2012\/11\/keramik.jpg\" data-rel=\"lightbox-image-1\" data-rl_title=\"keramik\" data-rl_caption=\"\"><img loading=\"lazy\" decoding=\"async\" class=\"alignnone wp-image-7539 size-full\" title=\"keramik\" src=\"\/\/visitoland.com\/wp-content\/uploads\/2012\/11\/keramik.jpg\" alt=\"keramik\" width=\"460\" height=\"307\" srcset=\"https:\/\/visitoland.com\/wp-content\/uploads\/2012\/11\/keramik.jpg 460w, https:\/\/visitoland.com\/wp-content\/uploads\/2012\/11\/keramik-150x100.jpg 150w, https:\/\/visitoland.com\/wp-content\/uploads\/2012\/11\/keramik-300x200.jpg 300w, https:\/\/visitoland.com\/wp-content\/uploads\/2012\/11\/keramik-160x106.jpg 160w, https:\/\/visitoland.com\/wp-content\/uploads\/2012\/11\/keramik-260x173.jpg 260w, https:\/\/visitoland.com\/wp-content\/uploads\/2012\/11\/keramik-360x240.jpg 360w\" sizes=\"auto, (max-width: 460px) 100vw, 460px\" \/><\/a>[\/vc_column_text][\/vc_column][vc_column width=&#8221;1\/4&#8243;][vc_column_text]<a href=\"\/\/visitoland.com\/wp-content\/uploads\/2012\/11\/skordefestskalar-Annika-Lund.jpg\" data-rel=\"lightbox-image-2\" data-rl_title=\"sk\u00f6rdefestsk\u00e5lar-Annika-Lund \u00d6land\" data-rl_caption=\"\" title=\"sk\u00f6rdefestsk\u00e5lar-Annika-Lund \u00d6land\"><img loading=\"lazy\" decoding=\"async\" class=\"aligncenter wp-image-42702 size-full\" src=\"\/\/visitoland.com\/wp-content\/uploads\/2012\/11\/skordefestskalar-Annika-Lund.jpg\" alt=\"skordefestskalar-Annika-Lund\" width=\"840\" height=\"560\" srcset=\"https:\/\/visitoland.com\/wp-content\/uploads\/2012\/11\/skordefestskalar-Annika-Lund.jpg 840w, https:\/\/visitoland.com\/wp-content\/uploads\/2012\/11\/skordefestskalar-Annika-Lund-150x100.jpg 150w, https:\/\/visitoland.com\/wp-content\/uploads\/2012\/11\/skordefestskalar-Annika-Lund-300x200.jpg 300w, https:\/\/visitoland.com\/wp-content\/uploads\/2012\/11\/skordefestskalar-Annika-Lund-768x512.jpg 768w, https:\/\/visitoland.com\/wp-content\/uploads\/2012\/11\/skordefestskalar-Annika-Lund-160x107.jpg 160w, https:\/\/visitoland.com\/wp-content\/uploads\/2012\/11\/skordefestskalar-Annika-Lund-260x173.jpg 260w, https:\/\/visitoland.com\/wp-content\/uploads\/2012\/11\/skordefestskalar-Annika-Lund-360x240.jpg 360w\" sizes=\"auto, (max-width: 840px) 100vw, 840px\" \/><\/a>[\/vc_column_text][\/vc_column][vc_column width=&#8221;1\/4&#8243;][vc_column_text]<a href=\"\/\/visitoland.com\/wp-content\/uploads\/2012\/11\/betongfat.jpg\" data-rel=\"lightbox-image-3\" data-rl_title=\"betongfat\" data-rl_caption=\"\"><img loading=\"lazy\" decoding=\"async\" class=\"alignnone wp-image-7540 size-full\" title=\"betongfat\" src=\"\/\/visitoland.com\/wp-content\/uploads\/2012\/11\/betongfat.jpg\" alt=\"betongfat\" width=\"460\" height=\"307\" srcset=\"https:\/\/visitoland.com\/wp-content\/uploads\/2012\/11\/betongfat.jpg 460w, https:\/\/visitoland.com\/wp-content\/uploads\/2012\/11\/betongfat-150x100.jpg 150w, https:\/\/visitoland.com\/wp-content\/uploads\/2012\/11\/betongfat-300x200.jpg 300w, https:\/\/visitoland.com\/wp-content\/uploads\/2012\/11\/betongfat-160x106.jpg 160w, https:\/\/visitoland.com\/wp-content\/uploads\/2012\/11\/betongfat-260x173.jpg 260w, https:\/\/visitoland.com\/wp-content\/uploads\/2012\/11\/betongfat-360x240.jpg 360w\" sizes=\"auto, (max-width: 460px) 100vw, 460px\" \/><\/a>[\/vc_column_text][\/vc_column][\/vc_row][vc_row][vc_column width=&#8221;1\/2&#8243;][vc_column_text]<img loading=\"lazy\" decoding=\"async\" title=\"\u00d6lands Sk\u00f6rdefest Utst\u00e4llare\" src=\"\/\/visitoland.com\/wp-content\/uploads\/2013\/09\/helena.jpg\" alt=\"\u00d6lands Sk\u00f6rdefest Utst\u00e4llare\" width=\"460\" height=\"307\" \/>[\/vc_column_text][\/vc_column][vc_column width=&#8221;1\/2&#8243;][vc_column_text]<a href=\"\/\/visitoland.com\/wp-content\/uploads\/2012\/11\/skalar-kvallen.jpg\" data-rel=\"lightbox-image-4\" data-rl_title=\"Sk\u00f6rdedestsk\u00e5lar S\u00f6dra M\u00f6ckleby \u00d6land\" data-rl_caption=\"\" title=\"Sk\u00f6rdedestsk\u00e5lar S\u00f6dra M\u00f6ckleby \u00d6land\"><img loading=\"lazy\" decoding=\"async\" class=\"aligncenter wp-image-42699 size-full\" src=\"\/\/visitoland.com\/wp-content\/uploads\/2012\/11\/skalar-kvallen.jpg\" alt=\"skalar-kvallen\" width=\"1024\" height=\"768\" srcset=\"https:\/\/visitoland.com\/wp-content\/uploads\/2012\/11\/skalar-kvallen.jpg 1024w, https:\/\/visitoland.com\/wp-content\/uploads\/2012\/11\/skalar-kvallen-150x113.jpg 150w, https:\/\/visitoland.com\/wp-content\/uploads\/2012\/11\/skalar-kvallen-300x225.jpg 300w, https:\/\/visitoland.com\/wp-content\/uploads\/2012\/11\/skalar-kvallen-768x576.jpg 768w, https:\/\/visitoland.com\/wp-content\/uploads\/2012\/11\/skalar-kvallen-160x120.jpg 160w, https:\/\/visitoland.com\/wp-content\/uploads\/2012\/11\/skalar-kvallen-240x180.jpg 240w, https:\/\/visitoland.com\/wp-content\/uploads\/2012\/11\/skalar-kvallen-357x268.jpg 357w\" sizes=\"auto, (max-width: 1024px) 100vw, 1024px\" \/><\/a>[\/vc_column_text][\/vc_column][\/vc_row][vc_row][vc_column width=&#8221;1\/4&#8243;][vc_column_text]<img loading=\"lazy\" decoding=\"async\" class=\"alignnone size-full wp-image-7550\" title=\"ljusevent\" src=\"\/\/visitoland.com\/wp-content\/uploads\/2012\/11\/ljusevent.jpg\" alt=\"ljusevent\" width=\"460\" height=\"307\" srcset=\"https:\/\/visitoland.com\/wp-content\/uploads\/2012\/11\/ljusevent.jpg 460w, https:\/\/visitoland.com\/wp-content\/uploads\/2012\/11\/ljusevent-150x100.jpg 150w, https:\/\/visitoland.com\/wp-content\/uploads\/2012\/11\/ljusevent-300x200.jpg 300w, https:\/\/visitoland.com\/wp-content\/uploads\/2012\/11\/ljusevent-160x106.jpg 160w, https:\/\/visitoland.com\/wp-content\/uploads\/2012\/11\/ljusevent-260x173.jpg 260w, https:\/\/visitoland.com\/wp-content\/uploads\/2012\/11\/ljusevent-360x240.jpg 360w\" sizes=\"auto, (max-width: 460px) 100vw, 460px\" \/>[\/vc_column_text][\/vc_column][vc_column width=&#8221;1\/4&#8243;][vc_column_text]<img loading=\"lazy\" decoding=\"async\" class=\"alignnone size-full wp-image-7551\" title=\"Paraden\" src=\"\/\/visitoland.com\/wp-content\/uploads\/2012\/11\/parad.jpg\" alt=\"Paraden\" width=\"460\" height=\"307\" srcset=\"https:\/\/visitoland.com\/wp-content\/uploads\/2012\/11\/parad.jpg 460w, https:\/\/visitoland.com\/wp-content\/uploads\/2012\/11\/parad-150x100.jpg 150w, https:\/\/visitoland.com\/wp-content\/uploads\/2012\/11\/parad-300x200.jpg 300w, https:\/\/visitoland.com\/wp-content\/uploads\/2012\/11\/parad-160x106.jpg 160w, https:\/\/visitoland.com\/wp-content\/uploads\/2012\/11\/parad-260x173.jpg 260w, https:\/\/visitoland.com\/wp-content\/uploads\/2012\/11\/parad-360x240.jpg 360w\" sizes=\"auto, (max-width: 460px) 100vw, 460px\" \/>[\/vc_column_text][\/vc_column][vc_column width=&#8221;1\/4&#8243;][vc_column_text]<img loading=\"lazy\" decoding=\"async\" class=\"alignnone size-full wp-image-7552\" title=\"pumpa-figurer\" src=\"\/\/visitoland.com\/wp-content\/uploads\/2012\/11\/pumpa-figurer.jpg\" alt=\"pumpa-figurer\" width=\"460\" height=\"307\" srcset=\"https:\/\/visitoland.com\/wp-content\/uploads\/2012\/11\/pumpa-figurer.jpg 460w, https:\/\/visitoland.com\/wp-content\/uploads\/2012\/11\/pumpa-figurer-150x100.jpg 150w, https:\/\/visitoland.com\/wp-content\/uploads\/2012\/11\/pumpa-figurer-300x200.jpg 300w, https:\/\/visitoland.com\/wp-content\/uploads\/2012\/11\/pumpa-figurer-160x106.jpg 160w, https:\/\/visitoland.com\/wp-content\/uploads\/2012\/11\/pumpa-figurer-260x173.jpg 260w, https:\/\/visitoland.com\/wp-content\/uploads\/2012\/11\/pumpa-figurer-360x240.jpg 360w\" sizes=\"auto, (max-width: 460px) 100vw, 460px\" \/>[\/vc_column_text][\/vc_column][vc_column width=&#8221;1\/4&#8243;][vc_column_text]<img loading=\"lazy\" decoding=\"async\" class=\"alignnone size-full wp-image-7554\" title=\"nalle-puh\" src=\"\/\/visitoland.com\/wp-content\/uploads\/2012\/11\/nalle-puh.jpg\" alt=\"nalle-puh\" width=\"460\" height=\"307\" srcset=\"https:\/\/visitoland.com\/wp-content\/uploads\/2012\/11\/nalle-puh.jpg 460w, https:\/\/visitoland.com\/wp-content\/uploads\/2012\/11\/nalle-puh-150x100.jpg 150w, https:\/\/visitoland.com\/wp-content\/uploads\/2012\/11\/nalle-puh-300x200.jpg 300w, https:\/\/visitoland.com\/wp-content\/uploads\/2012\/11\/nalle-puh-160x106.jpg 160w, https:\/\/visitoland.com\/wp-content\/uploads\/2012\/11\/nalle-puh-260x173.jpg 260w, https:\/\/visitoland.com\/wp-content\/uploads\/2012\/11\/nalle-puh-360x240.jpg 360w\" sizes=\"auto, (max-width: 460px) 100vw, 460px\" \/>[\/vc_column_text][\/vc_column][\/vc_row]<\/p>\n<\/div>","protected":false},"excerpt":{"rendered":"<p>[vc_row][vc_column][vc_column_text css=&#8221;&#8221;] \u00d6lands Sk\u00f6rdefest (\u00d6land Harvest Festival) 2026 September 23rd &#8211; 27th [\/vc_column_text][\/vc_column][\/vc_row][vc_row][vc_column][vc_column_text css=&#8221;&#8221;] \u00d6land Harvest Festival celebrates 29 year, and that will be celebrated big! So start planning already now for your trip to Sweden\u2019s largest Harvest festival. It will be something really extra! [\/vc_column_text][\/vc_column][\/vc_row][vc_row][vc_column][vc_column_text]In the spring \u00d6land sprouts, we sow and prepares the&nbsp; &nbsp;<a href=\"https:\/\/visitoland.com\/en\/oland-harvest-festival\/\">&#8230;Continue Reading<\/a><\/p>\n","protected":false},"author":2,"featured_media":13069,"parent":0,"menu_order":0,"comment_status":"open","ping_status":"open","template":"","meta":{"footnotes":""},"class_list":["post-16784","page","type-page","status-publish","has-post-thumbnail","hentry"],"aioseo_notices":[],"_links":{"self":[{"href":"https:\/\/visitoland.com\/en\/wp-json\/wp\/v2\/pages\/16784","targetHints":{"allow":["GET"]}}],"collection":[{"href":"https:\/\/visitoland.com\/en\/wp-json\/wp\/v2\/pages"}],"about":[{"href":"https:\/\/visitoland.com\/en\/wp-json\/wp\/v2\/types\/page"}],"author":[{"embeddable":true,"href":"https:\/\/visitoland.com\/en\/wp-json\/wp\/v2\/users\/2"}],"replies":[{"embeddable":true,"href":"https:\/\/visitoland.com\/en\/wp-json\/wp\/v2\/comments?post=16784"}],"version-history":[{"count":4,"href":"https:\/\/visitoland.com\/en\/wp-json\/wp\/v2\/pages\/16784\/revisions"}],"predecessor-version":[{"id":46179,"href":"https:\/\/visitoland.com\/en\/wp-json\/wp\/v2\/pages\/16784\/revisions\/46179"}],"wp:featuredmedia":[{"embeddable":true,"href":"https:\/\/visitoland.com\/en\/wp-json\/wp\/v2\/media\/13069"}],"wp:attachment":[{"href":"https:\/\/visitoland.com\/en\/wp-json\/wp\/v2\/media?parent=16784"}],"curies":[{"name":"wp","href":"https:\/\/api.w.org\/{rel}","templated":true}]}}