{"id":1958,"date":"2012-12-29T12:56:43","date_gmt":"2012-12-29T11:56:43","guid":{"rendered":"https:\/\/visitoland.com\/?page_id=1958"},"modified":"2013-04-27T16:28:06","modified_gmt":"2013-04-27T14:28:06","slug":"guest-habor","status":"publish","type":"page","link":"https:\/\/visitoland.com\/en\/travel\/guest-habor\/","title":{"rendered":"Guest Habor"},"content":{"rendered":"\r\n\r\n\r\n<div class=\"row\">\r\n  <div class=\"span8\">\r\n    <div class=\"inner\">\r\n        <div id=\"options\">\r\n          <div class=\"option-set\" class=\"option-set\" data-group=\"lage\">\r\n                <input type=\"checkbox\" value=\"\" id=\"lage-all\" class=\"all\" checked \/><label for=\"lage-all\">Hela \u00d6land<\/label>\r\n                <input type=\"checkbox\" value=\".norra-oland\" id=\"norra-oland\" \/><label for=\"norra-oland\">Norra \u00d6land<\/label>\r\n                <input type=\"checkbox\" value=\".sodra-oland\" id=\"sodra-oland\" \/><label for=\"sodra-oland\">S\u00f6dra \u00d6land<\/label>\r\n                <input type=\"checkbox\" value=\".mellersta-oland\" id=\"mellersta-oland\" \/><label for=\"mellersta-oland\">Mellersta \u00d6land<\/label>\r\n                <input type=\"checkbox\" value=\".kalmar\" id=\"kalmar\" \/><label for=\"kalmar\">Kalmar<\/label>\r\n          <\/div>\r\n        \r\n          <div class=\"option-set\" data-group=\"typ\">\r\n                <input type=\"checkbox\" value=\"\" id=\"typ-all\" class=\"all\" checked \/><label for=\"typ-all\">Allt<\/label>\r\n                <input type=\"checkbox\" value=\".internet\" id=\"internet\" \/><label for=\"internet\">Internet<\/label>\r\n                <input type=\"checkbox\" value=\".husdjur\" id=\"husdjur\" \/><label for=\"husdjur\">Husdjur till\u00e5tna<\/label>\r\n                <input type=\"checkbox\" value=\".handikappsanpassat\" id=\"handikappsanpassat\" \/><label for=\"handikappsanpassat\">Handikappsanpassat<\/label>\r\n          <\/div>\r\n        <\/div>\r\n    <\/div>\r\n  <\/div>\r\n<\/div>\n<div id=\"wpv-view-layout-1642\" class=\"js-wpv-view-layout js-wpv-layout-responsive js-wpv-view-layout-1642\" data-viewnumber=\"1642\" data-pagination=\"{&quot;id&quot;:1642,&quot;query&quot;:&quot;normal&quot;,&quot;type&quot;:&quot;disabled&quot;,&quot;effect&quot;:&quot;fade&quot;,&quot;duration&quot;:&quot;500&quot;,&quot;speed&quot;:5,&quot;pause_on_hover&quot;:&quot;disabled&quot;,&quot;stop_rollover&quot;:&quot;false&quot;,&quot;cache_pages&quot;:&quot;enabled&quot;,&quot;preload_images&quot;:&quot;enabled&quot;,&quot;preload_pages&quot;:&quot;enabled&quot;,&quot;preload_reach&quot;:&quot;1&quot;,&quot;spinner&quot;:&quot;builtin&quot;,&quot;spinner_image&quot;:&quot;https:\/\/visitoland.com\/koko173Jambo29\/wp-content\/plugins\/wp-views\/embedded\/res\/img\/ajax-loader.gif&quot;,&quot;callback_next&quot;:&quot;&quot;,&quot;manage_history&quot;:&quot;enabled&quot;,&quot;has_controls_in_form&quot;:&quot;disabled&quot;,&quot;infinite_tolerance&quot;:&quot;0&quot;,&quot;max_pages&quot;:0,&quot;page&quot;:1,&quot;base_permalink&quot;:&quot;\/en\/wp-json\/wp\/v2\/pages\/1958?wpv_view_count=1642&amp;wpv_paged=WPV_PAGE_NUM&quot;,&quot;loop&quot;:{&quot;type&quot;:&quot;&quot;,&quot;name&quot;:&quot;&quot;,&quot;data&quot;:[],&quot;id&quot;:0}}\" data-permalink=\"\/en\/wp-json\/wp\/v2\/pages\/1958?wpv_view_count=1642\">\n\n<div class=\"row\">\n\t\n\t<div id=\"containerBo\" class=\"span5\">\n    \t\n    \t\t<div class=\"map_element row operators-list-item box southern-oland stay-category   \">\n              <input type=\"hidden\" value=\"56.6203399\" class=\"marker_long\" \/>\n              <input type=\"hidden\" value=\"16.7022052\" class=\"marker_lat\" \/>\n              <div class=\"span2\">\n                <div class=\"inner\">\n           \n                    <img loading=\"lazy\" decoding=\"async\" width=\"220\" height=\"147\" src=\"https:\/\/visitoland.com\/wp-content\/uploads\/2013\/05\/Blasinge-hamn-pres.jpg\" class=\"attachment-full size-full wp-post-image\" alt=\"Bl\u00e4singe-G\u00e4sthamn\" srcset=\"https:\/\/visitoland.com\/wp-content\/uploads\/2013\/05\/Blasinge-hamn-pres.jpg 220w, https:\/\/visitoland.com\/wp-content\/uploads\/2013\/05\/Blasinge-hamn-pres-150x100.jpg 150w, https:\/\/visitoland.com\/wp-content\/uploads\/2013\/05\/Blasinge-hamn-pres-160x106.jpg 160w\" sizes=\"auto, (max-width: 220px) 100vw, 220px\" \/>\n                \n                <\/div>\n              <\/div>\n              <div class=\"span3\">\n                <div class=\"inner\">\n                  <h2 class=\"bo link-title marker_title\"><a href=\"https:\/\/visitoland.com\/en\/hamn\/blasinge-guest-harbor-2\/\">Bl\u00e4singe Guest Harbor<\/a><\/h2>\n                  <br\/>\n                  Location: Southern \u00d6land\r\n<br\/>\n                  \n   \n                <\/div>\n              <\/div>  \n    \t\t<\/div>\n          <hr\/>\n    \t\n    \t\t<div class=\"map_element row operators-list-item box northern-oland   \">\n              <input type=\"hidden\" value=\"57.2396379\" class=\"marker_long\" \/>\n              <input type=\"hidden\" value=\"17.0744458\" class=\"marker_lat\" \/>\n              <div class=\"span2\">\n                <div class=\"inner\">\n           \n                    <img loading=\"lazy\" decoding=\"async\" width=\"220\" height=\"147\" src=\"https:\/\/visitoland.com\/wp-content\/uploads\/2013\/03\/Boda-Gasthamn-Pres.jpg\" class=\"attachment-full size-full wp-post-image\" alt=\"B\u00f6da-G\u00e4sthamn-\u00d6land\" srcset=\"https:\/\/visitoland.com\/wp-content\/uploads\/2013\/03\/Boda-Gasthamn-Pres.jpg 220w, https:\/\/visitoland.com\/wp-content\/uploads\/2013\/03\/Boda-Gasthamn-Pres-150x100.jpg 150w, https:\/\/visitoland.com\/wp-content\/uploads\/2013\/03\/Boda-Gasthamn-Pres-160x106.jpg 160w\" sizes=\"auto, (max-width: 220px) 100vw, 220px\" \/>\n                \n                <\/div>\n              <\/div>\n              <div class=\"span3\">\n                <div class=\"inner\">\n                  <h2 class=\"bo link-title marker_title\"><a href=\"https:\/\/visitoland.com\/en\/hamn\/boda\/\">B\u00f6da Guest Harbor<\/a><\/h2>\n                  <br\/>\n                  Location: Northern \u00d6land\r\n<br\/>\n                  \n   \n                <\/div>\n              <\/div>  \n    \t\t<\/div>\n          <hr\/>\n    \t\n    \t\t<div class=\"map_element row operators-list-item box central-oland disability-friendly internet  handikappsanpassat\">\n              <input type=\"hidden\" value=\"56.8792448476\" class=\"marker_long\" \/>\n              <input type=\"hidden\" value=\"16.6488326031\" class=\"marker_lat\" \/>\n              <div class=\"span2\">\n                <div class=\"inner\">\n           \n                    <img loading=\"lazy\" decoding=\"async\" width=\"220\" height=\"147\" src=\"https:\/\/visitoland.com\/wp-content\/uploads\/2013\/03\/Borgholms-Gasthamn.jpg\" class=\"attachment-full size-full wp-post-image\" alt=\"\" srcset=\"https:\/\/visitoland.com\/wp-content\/uploads\/2013\/03\/Borgholms-Gasthamn.jpg 220w, https:\/\/visitoland.com\/wp-content\/uploads\/2013\/03\/Borgholms-Gasthamn-150x100.jpg 150w, https:\/\/visitoland.com\/wp-content\/uploads\/2013\/03\/Borgholms-Gasthamn-160x106.jpg 160w\" sizes=\"auto, (max-width: 220px) 100vw, 220px\" \/>\n                \n                <\/div>\n              <\/div>\n              <div class=\"span3\">\n                <div class=\"inner\">\n                  <h2 class=\"bo link-title marker_title\"><a href=\"https:\/\/visitoland.com\/en\/hamn\/borgholms-gasthamn\/\">Borgholms Guest Harbor<\/a><\/h2>\n                  <br\/>\n                  Location: Central \u00d6land\r\n<br\/>\n                  \n   \n                <\/div>\n              <\/div>  \n    \t\t<\/div>\n          <hr\/>\n    \t\n    \t\t<div class=\"map_element row operators-list-item box disability-friendly northern-oland internet  \">\n              <input type=\"hidden\" value=\"57.3276554137\" class=\"marker_long\" \/>\n              <input type=\"hidden\" value=\"17.0057121211\" class=\"marker_lat\" \/>\n              <div class=\"span2\">\n                <div class=\"inner\">\n           \n                    <img loading=\"lazy\" decoding=\"async\" width=\"220\" height=\"147\" src=\"https:\/\/visitoland.com\/wp-content\/uploads\/2013\/03\/kroken.png\" class=\"attachment-full size-full wp-post-image\" alt=\"Hamnen i Byxelkrok\" srcset=\"https:\/\/visitoland.com\/wp-content\/uploads\/2013\/03\/kroken.png 220w, https:\/\/visitoland.com\/wp-content\/uploads\/2013\/03\/kroken-150x100.png 150w, https:\/\/visitoland.com\/wp-content\/uploads\/2013\/03\/kroken-160x106.png 160w\" sizes=\"auto, (max-width: 220px) 100vw, 220px\" \/>\n                \n                <\/div>\n              <\/div>\n              <div class=\"span3\">\n                <div class=\"inner\">\n                  <h2 class=\"bo link-title marker_title\"><a href=\"https:\/\/visitoland.com\/en\/hamn\/byxelkrok\/\">Byxelkrok Guest Harbor<\/a><\/h2>\n                  <br\/>\n                  Location: Northern \u00d6land\r\n<br\/>\n                  \n   \n                <\/div>\n              <\/div>  \n    \t\t<\/div>\n          <hr\/>\n    \t\n    \t\t<div class=\"map_element row operators-list-item box southern-oland   handikappsanpassat\">\n              <input type=\"hidden\" value=\"56.3567502233\" class=\"marker_long\" \/>\n              <input type=\"hidden\" value=\"16.4076465924\" class=\"marker_lat\" \/>\n              <div class=\"span2\">\n                <div class=\"inner\">\n           \n                    <img loading=\"lazy\" decoding=\"async\" width=\"220\" height=\"147\" src=\"https:\/\/visitoland.com\/wp-content\/uploads\/2013\/03\/Degerhamn-Gasthamn.jpg\" class=\"attachment-full size-full wp-post-image\" alt=\"Degerhamn-G\u00e4sthamn\" srcset=\"https:\/\/visitoland.com\/wp-content\/uploads\/2013\/03\/Degerhamn-Gasthamn.jpg 220w, https:\/\/visitoland.com\/wp-content\/uploads\/2013\/03\/Degerhamn-Gasthamn-150x100.jpg 150w, https:\/\/visitoland.com\/wp-content\/uploads\/2013\/03\/Degerhamn-Gasthamn-160x106.jpg 160w\" sizes=\"auto, (max-width: 220px) 100vw, 220px\" \/>\n                \n                <\/div>\n              <\/div>\n              <div class=\"span3\">\n                <div class=\"inner\">\n                  <h2 class=\"bo link-title marker_title\"><a href=\"https:\/\/visitoland.com\/en\/hamn\/degerhamns-gasthamn\/\">Degerhamns Guest Harbor<\/a><\/h2>\n                  <br\/>\n                  Location: Southern \u00d6land\r\n<br\/>\n                  \n   \n                <\/div>\n              <\/div>  \n    \t\t<\/div>\n          <hr\/>\n    \t\n    \t\t<div class=\"map_element row operators-list-item box central-oland disability-friendly   handikappsanpassat\">\n              <input type=\"hidden\" value=\"56.6499637964\" class=\"marker_long\" \/>\n              <input type=\"hidden\" value=\"16.4620557396\" class=\"marker_lat\" \/>\n              <div class=\"span2\">\n                <div class=\"inner\">\n           \n                    <img loading=\"lazy\" decoding=\"async\" width=\"220\" height=\"147\" src=\"https:\/\/visitoland.com\/wp-content\/uploads\/2013\/03\/Farjestadens-Gasthamn-Pres.jpg\" class=\"attachment-full size-full wp-post-image\" alt=\"F\u00e4rjestadens-G\u00e4sthamn-Pres\" srcset=\"https:\/\/visitoland.com\/wp-content\/uploads\/2013\/03\/Farjestadens-Gasthamn-Pres.jpg 220w, https:\/\/visitoland.com\/wp-content\/uploads\/2013\/03\/Farjestadens-Gasthamn-Pres-150x100.jpg 150w, https:\/\/visitoland.com\/wp-content\/uploads\/2013\/03\/Farjestadens-Gasthamn-Pres-160x106.jpg 160w\" sizes=\"auto, (max-width: 220px) 100vw, 220px\" \/>\n                \n                <\/div>\n              <\/div>\n              <div class=\"span3\">\n                <div class=\"inner\">\n                  <h2 class=\"bo link-title marker_title\"><a href=\"https:\/\/visitoland.com\/en\/hamn\/farjestaden\/\">F\u00e4rjestaden Guest Harbor<\/a><\/h2>\n                  <br\/>\n                  Location: Central \u00d6land\r\n<br\/>\n                  \n   \n                <\/div>\n              <\/div>  \n    \t\t<\/div>\n          <hr\/>\n    \t\n    \t\t<div class=\"map_element row operators-list-item box southern-oland   \">\n              <input type=\"hidden\" value=\"56.2672259358\" class=\"marker_long\" \/>\n              <input type=\"hidden\" value=\"16.3983630752\" class=\"marker_lat\" \/>\n              <div class=\"span2\">\n                <div class=\"inner\">\n           \n                    <img loading=\"lazy\" decoding=\"async\" width=\"220\" height=\"147\" src=\"https:\/\/visitoland.com\/wp-content\/uploads\/2013\/03\/Gronhogen-Gasthamn-Pres.jpg\" class=\"attachment-full size-full wp-post-image\" alt=\"\" srcset=\"https:\/\/visitoland.com\/wp-content\/uploads\/2013\/03\/Gronhogen-Gasthamn-Pres.jpg 220w, https:\/\/visitoland.com\/wp-content\/uploads\/2013\/03\/Gronhogen-Gasthamn-Pres-150x100.jpg 150w, https:\/\/visitoland.com\/wp-content\/uploads\/2013\/03\/Gronhogen-Gasthamn-Pres-160x106.jpg 160w\" sizes=\"auto, (max-width: 220px) 100vw, 220px\" \/>\n                \n                <\/div>\n              <\/div>\n              <div class=\"span3\">\n                <div class=\"inner\">\n                  <h2 class=\"bo link-title marker_title\"><a href=\"https:\/\/visitoland.com\/en\/hamn\/gronhogen\/\">Gr\u00f6nh\u00f6gen Guest Harbor<\/a><\/h2>\n                  <br\/>\n                  Location: Southern \u00d6land\r\n<br\/>\n                  \n   \n                <\/div>\n              <\/div>  \n    \t\t<\/div>\n          <hr\/>\n    \t\n    \t\t<div class=\"map_element row operators-list-item box northern-oland   handikappsanpassat\">\n              <input type=\"hidden\" value=\"56.9570275148\" class=\"marker_long\" \/>\n              <input type=\"hidden\" value=\"16.8880361241\" class=\"marker_lat\" \/>\n              <div class=\"span2\">\n                <div class=\"inner\">\n           \n                    <img loading=\"lazy\" decoding=\"async\" width=\"220\" height=\"147\" src=\"https:\/\/visitoland.com\/wp-content\/uploads\/2013\/03\/Karehamn-Gasthamn.jpg\" class=\"attachment-full size-full wp-post-image\" alt=\"\" srcset=\"https:\/\/visitoland.com\/wp-content\/uploads\/2013\/03\/Karehamn-Gasthamn.jpg 220w, https:\/\/visitoland.com\/wp-content\/uploads\/2013\/03\/Karehamn-Gasthamn-150x100.jpg 150w, https:\/\/visitoland.com\/wp-content\/uploads\/2013\/03\/Karehamn-Gasthamn-160x106.jpg 160w\" sizes=\"auto, (max-width: 220px) 100vw, 220px\" \/>\n                \n                <\/div>\n              <\/div>\n              <div class=\"span3\">\n                <div class=\"inner\">\n                  <h2 class=\"bo link-title marker_title\"><a href=\"https:\/\/visitoland.com\/en\/hamn\/karehamn\/\">K\u00e5rehamn Guest Harbor<\/a><\/h2>\n                  <br\/>\n                  Location: Northern \u00d6land\r\n<br\/>\n                  \n   \n                <\/div>\n              <\/div>  \n    \t\t<\/div>\n          <hr\/>\n    \t\n    \t\t<div class=\"map_element row operators-list-item box disability-friendly southern-oland   handikappsanpassat\">\n              <input type=\"hidden\" value=\"56.5284316\" class=\"marker_long\" \/>\n              <input type=\"hidden\" value=\"16.3733555\" class=\"marker_lat\" \/>\n              <div class=\"span2\">\n                <div class=\"inner\">\n           \n                    <img loading=\"lazy\" decoding=\"async\" width=\"220\" height=\"147\" src=\"https:\/\/visitoland.com\/wp-content\/uploads\/2013\/03\/MorbylangaHamn-pres.jpg\" class=\"attachment-full size-full wp-post-image\" alt=\"\" srcset=\"https:\/\/visitoland.com\/wp-content\/uploads\/2013\/03\/MorbylangaHamn-pres.jpg 220w, https:\/\/visitoland.com\/wp-content\/uploads\/2013\/03\/MorbylangaHamn-pres-150x100.jpg 150w, https:\/\/visitoland.com\/wp-content\/uploads\/2013\/03\/MorbylangaHamn-pres-160x106.jpg 160w\" sizes=\"auto, (max-width: 220px) 100vw, 220px\" \/>\n                \n                <\/div>\n              <\/div>\n              <div class=\"span3\">\n                <div class=\"inner\">\n                  <h2 class=\"bo link-title marker_title\"><a href=\"https:\/\/visitoland.com\/en\/hamn\/morbylanga\/\">M\u00f6rbyl\u00e5nga Guest Harbor<\/a><\/h2>\n                  <br\/>\n                  Location: Southern \u00d6land\r\n<br\/>\n                  \n   \n                <\/div>\n              <\/div>  \n    \t\t<\/div>\n          <hr\/>\n    \t\n    \t\t<div class=\"map_element row operators-list-item box disability-friendly northern-oland   handikappsanpassat\">\n              <input type=\"hidden\" value=\"57.3482231176\" class=\"marker_long\" \/>\n              <input type=\"hidden\" value=\"17.088868618\" class=\"marker_lat\" \/>\n              <div class=\"span2\">\n                <div class=\"inner\">\n           \n                    <img loading=\"lazy\" decoding=\"async\" width=\"188\" height=\"126\" src=\"https:\/\/visitoland.com\/wp-content\/uploads\/2013\/03\/hamnen-grankullavik.png\" class=\"attachment-full size-full wp-post-image\" alt=\"Hamnen i Nabbelund\" srcset=\"https:\/\/visitoland.com\/wp-content\/uploads\/2013\/03\/hamnen-grankullavik.png 188w, https:\/\/visitoland.com\/wp-content\/uploads\/2013\/03\/hamnen-grankullavik-150x100.png 150w, https:\/\/visitoland.com\/wp-content\/uploads\/2013\/03\/hamnen-grankullavik-160x107.png 160w\" sizes=\"auto, (max-width: 188px) 100vw, 188px\" \/>\n                \n                <\/div>\n              <\/div>\n              <div class=\"span3\">\n                <div class=\"inner\">\n                  <h2 class=\"bo link-title marker_title\"><a href=\"https:\/\/visitoland.com\/en\/hamn\/nabbelund-gasthamn\/\">Nabbelund G\u00e4sthamn<\/a><\/h2>\n                  <br\/>\n                  Location: Northern \u00d6land\r\n<br\/>\n                  \n   \n                <\/div>\n              <\/div>  \n    \t\t<\/div>\n          <hr\/>\n    \t\n    \t\t<div class=\"map_element row operators-list-item box northern-oland   \">\n              <input type=\"hidden\" value=\"57.0709409678\" class=\"marker_long\" \/>\n              <input type=\"hidden\" value=\"16.8544763375\" class=\"marker_lat\" \/>\n              <div class=\"span2\">\n                <div class=\"inner\">\n           \n                    <img loading=\"lazy\" decoding=\"async\" width=\"220\" height=\"147\" src=\"https:\/\/visitoland.com\/wp-content\/uploads\/2013\/03\/Sandvik-Gasthamn-Pres.jpg\" class=\"attachment-full size-full wp-post-image\" alt=\"\" srcset=\"https:\/\/visitoland.com\/wp-content\/uploads\/2013\/03\/Sandvik-Gasthamn-Pres.jpg 220w, https:\/\/visitoland.com\/wp-content\/uploads\/2013\/03\/Sandvik-Gasthamn-Pres-150x100.jpg 150w, https:\/\/visitoland.com\/wp-content\/uploads\/2013\/03\/Sandvik-Gasthamn-Pres-160x106.jpg 160w\" sizes=\"auto, (max-width: 220px) 100vw, 220px\" \/>\n                \n                <\/div>\n              <\/div>\n              <div class=\"span3\">\n                <div class=\"inner\">\n                  <h2 class=\"bo link-title marker_title\"><a href=\"https:\/\/visitoland.com\/en\/hamn\/sandvik\/\">Sandvik Guest Harbor<\/a><\/h2>\n                  <br\/>\n                  Location: Northern \u00d6land\r\n<br\/>\n                  \n   \n                <\/div>\n              <\/div>  \n    \t\t<\/div>\n          <hr\/>\n    \t\n    \t\t<div class=\"map_element row operators-list-item box central-oland disability-friendly internet  handikappsanpassat\">\n              <input type=\"hidden\" value=\"56.7563613091\" class=\"marker_long\" \/>\n              <input type=\"hidden\" value=\"16.526770136\" class=\"marker_lat\" \/>\n              <div class=\"span2\">\n                <div class=\"inner\">\n           \n                    <img loading=\"lazy\" decoding=\"async\" width=\"220\" height=\"147\" src=\"https:\/\/visitoland.com\/wp-content\/uploads\/2013\/03\/Stora-Rors-Gasthamn-Presentation.jpg\" class=\"attachment-full size-full wp-post-image\" alt=\"Stora-R\u00f6r-G\u00e4sthamn-layout\" srcset=\"https:\/\/visitoland.com\/wp-content\/uploads\/2013\/03\/Stora-Rors-Gasthamn-Presentation.jpg 220w, https:\/\/visitoland.com\/wp-content\/uploads\/2013\/03\/Stora-Rors-Gasthamn-Presentation-150x100.jpg 150w, https:\/\/visitoland.com\/wp-content\/uploads\/2013\/03\/Stora-Rors-Gasthamn-Presentation-160x107.jpg 160w\" sizes=\"auto, (max-width: 220px) 100vw, 220px\" \/>\n                \n                <\/div>\n              <\/div>\n              <div class=\"span3\">\n                <div class=\"inner\">\n                  <h2 class=\"bo link-title marker_title\"><a href=\"https:\/\/visitoland.com\/en\/hamn\/stora-ror\/\">Stora R\u00f6r G\u00e4sthamn<\/a><\/h2>\n                  <br\/>\n                  Location: Central \u00d6land\r\n<br\/>\n                  \n   \n                <\/div>\n              <\/div>  \n    \t\t<\/div>\n          <hr\/>\n    \t\n\t<\/div>\n\t\n\t<div class=\"span3 karta\">\n        <div class=\"inner\">\n          \t<div id=\"map\" style=\"width: 400px; height:650px;\"><\/div>\n        <\/div>\n    <\/div>\n    \n<\/div>\n\n<div class=\"row\">\n  <div class=\"span8\">\n    <div class=\"inner\">\n        \n        <\/div>\n    <\/div>\n  <\/div>\n<\/div>\n","protected":false},"excerpt":{"rendered":"Hela \u00d6land Norra \u00d6land S\u00f6dra \u00d6land Mellersta \u00d6land Kalmar Allt Internet Husdjur till\u00e5tna Handikappsanpassat Bl\u00e4singe Guest Harbor Location: Southern \u00d6land B\u00f6da Guest Harbor Location: Northern \u00d6land Borgholms Guest Harbor Location: Central \u00d6land Byxelkrok Guest Harbor Location: Northern \u00d6land Degerhamns Guest Harbor Location: Southern \u00d6land F\u00e4rjestaden Guest Harbor Location: Central \u00d6land Gr\u00f6nh\u00f6gen Guest Harbor Location: Southern&nbsp; &nbsp;<a href=\"https:\/\/visitoland.com\/en\/travel\/guest-habor\/\">...Continue Reading<\/a>","protected":false},"author":2,"featured_media":7707,"parent":221,"menu_order":0,"comment_status":"open","ping_status":"open","template":"page.php","meta":{"footnotes":""},"class_list":["post-1958","page","type-page","status-publish","has-post-thumbnail","hentry"],"aioseo_notices":[],"_links":{"self":[{"href":"https:\/\/visitoland.com\/en\/wp-json\/wp\/v2\/pages\/1958","targetHints":{"allow":["GET"]}}],"collection":[{"href":"https:\/\/visitoland.com\/en\/wp-json\/wp\/v2\/pages"}],"about":[{"href":"https:\/\/visitoland.com\/en\/wp-json\/wp\/v2\/types\/page"}],"author":[{"embeddable":true,"href":"https:\/\/visitoland.com\/en\/wp-json\/wp\/v2\/users\/2"}],"replies":[{"embeddable":true,"href":"https:\/\/visitoland.com\/en\/wp-json\/wp\/v2\/comments?post=1958"}],"version-history":[{"count":0,"href":"https:\/\/visitoland.com\/en\/wp-json\/wp\/v2\/pages\/1958\/revisions"}],"up":[{"embeddable":true,"href":"https:\/\/visitoland.com\/en\/wp-json\/wp\/v2\/pages\/221"}],"wp:featuredmedia":[{"embeddable":true,"href":"https:\/\/visitoland.com\/en\/wp-json\/wp\/v2\/media\/7707"}],"wp:attachment":[{"href":"https:\/\/visitoland.com\/en\/wp-json\/wp\/v2\/media?parent=1958"}],"curies":[{"name":"wp","href":"https:\/\/api.w.org\/{rel}","templated":true}]}}