{"id":1966,"date":"2012-12-29T13:06:25","date_gmt":"2012-12-29T12:06:25","guid":{"rendered":"https:\/\/visitoland.com\/?page_id=1966"},"modified":"2013-08-21T20:31:19","modified_gmt":"2013-08-21T18:31:19","slug":"stay-on-a-farm","status":"publish","type":"page","link":"https:\/\/visitoland.com\/en\/stay\/stay-on-a-farm\/","title":{"rendered":"Stay on a farm"},"content":{"rendered":"<div class=\"accordion\" id=\"accordion2\">\r\n<div class=\"accordion-group\">\r\n<div class=\"accordion-heading\"><a class=\"accordion-toggle\" href=\"#collapseOne\" data-toggle=\"collapse\" data-parent=\"#accordion2\">\r\nStay Menu\r\n<\/a><\/div>\r\n<div class=\"accordion-body collapse\" id=\"collapseOne\">\r\n<div class=\"accordion-inner\">\r\n<ul class=\"nav nav-pills nav-stacked\">\r\n<li class=\"page_item page-item-1960\"><a href=\"https:\/\/visitoland.com\/en\/stay\/bed-breakfast\/\">Bed &#038; Breakfast<\/a><\/li>\n<li class=\"page_item page-item-1971\"><a href=\"https:\/\/visitoland.com\/en\/stay\/cabin-holiday-villages\/\">Cabin &#038; Holiday Villages<\/a><\/li>\n<li class=\"page_item page-item-1926\"><a href=\"https:\/\/visitoland.com\/en\/stay\/camping\/\">Camping on Oland<\/a><\/li>\n<li class=\"page_item page-item-5265\"><a href=\"https:\/\/visitoland.com\/en\/stay\/guest-harbour\/\">Guest Harbour<\/a><\/li>\n<li class=\"page_item page-item-1975\"><a href=\"https:\/\/visitoland.com\/en\/stay\/hostel\/\">Hostel<\/a><\/li>\n<li class=\"page_item page-item-1962\"><a href=\"https:\/\/visitoland.com\/en\/stay\/hotel-guesthouse\/\">Hotel &#038; Guesthouse<\/a><\/li>\n<li class=\"page_item page-item-1968\"><a href=\"https:\/\/visitoland.com\/en\/stay\/room-appartment\/\">Room &#038; Appartment<\/a><\/li>\n<li class=\"page_item page-item-1966\"><a href=\"https:\/\/visitoland.com\/en\/stay\/stay-on-a-farm\/\">Stay on a farm<\/a><\/li>\n<\/ul>\r\n<\/div>\r\n<\/div>\r\n<\/div>\r\n<\/div>\n\r\n\r\n\r\n<div class=\"row\">\r\n  <div class=\"span8\">\r\n    <div class=\"inner\">\r\n        <div id=\"options\">\r\n          <div class=\"option-set\" class=\"option-set\" data-group=\"lage\">\r\n                <input type=\"checkbox\" value=\"\" id=\"lage-all\" class=\"all\" checked \/><label for=\"lage-all\">Whole \u00d6land<\/label>\r\n                <input type=\"checkbox\" value=\".nothern-oland\" id=\"nothern-oland\" \/><label for=\"nothern-oland\">Northern \u00d6land<\/label>\r\n                <input type=\"checkbox\" value=\".southern-oland\" id=\"southern-oland\" \/><label for=\"southern-oland\">Southern \u00d6land<\/label>\r\n                <input type=\"checkbox\" value=\".central-oland\" id=\"central-oland\" \/><label for=\"central-oland\">Central \u00d6land<\/label>\r\n                <input type=\"checkbox\" value=\".kalmar\" id=\"kalmar\" \/><label for=\"kalmar\">Kalmar<\/label>\r\n          <\/div>\r\n        \r\n          <div class=\"option-set\" data-group=\"typ\">\r\n                <input type=\"checkbox\" value=\"\" id=\"typ-all\" class=\"all\" checked \/><label for=\"typ-all\">All<\/label>\r\n                <input type=\"checkbox\" value=\".internet-en\" id=\"internet-en\" \/><label for=\"internet-en\">Internet<\/label>\r\n                <input type=\"checkbox\" value=\".pets\" id=\"pets\" \/><label for=\"pets\">Pets allowed<\/label>\r\n                <input type=\"checkbox\" value=\".disability-friendly\" id=\"disability-friendly\" \/><label for=\"disability-friendly\">Disability friendly<\/label>\r\n          <\/div>\r\n        <\/div>\r\n    <\/div>\r\n  <\/div>\r\n<\/div>\n<div id=\"wpv-view-layout-5359\" class=\"js-wpv-view-layout js-wpv-layout-responsive js-wpv-view-layout-5359\" data-viewnumber=\"5359\" data-pagination=\"{&quot;id&quot;:5359,&quot;query&quot;:&quot;normal&quot;,&quot;type&quot;:&quot;disabled&quot;,&quot;effect&quot;:&quot;fade&quot;,&quot;duration&quot;:&quot;500&quot;,&quot;speed&quot;:5,&quot;pause_on_hover&quot;:&quot;disabled&quot;,&quot;stop_rollover&quot;:&quot;false&quot;,&quot;cache_pages&quot;:&quot;disabled&quot;,&quot;preload_images&quot;:&quot;disabled&quot;,&quot;preload_pages&quot;:&quot;disabled&quot;,&quot;preload_reach&quot;:&quot;1&quot;,&quot;spinner&quot;:&quot;builtin&quot;,&quot;spinner_image&quot;:&quot;https:\/\/visitoland.com\/koko173Jambo29\/wp-content\/plugins\/wp-views\/embedded\/res\/img\/ajax-loader.gif&quot;,&quot;callback_next&quot;:&quot;&quot;,&quot;manage_history&quot;:&quot;enabled&quot;,&quot;has_controls_in_form&quot;:&quot;disabled&quot;,&quot;infinite_tolerance&quot;:&quot;0&quot;,&quot;max_pages&quot;:0,&quot;page&quot;:1,&quot;base_permalink&quot;:&quot;\/en\/wp-json\/wp\/v2\/pages\/1966?wpv_view_count=5359&amp;wpv_paged=WPV_PAGE_NUM&quot;,&quot;loop&quot;:{&quot;type&quot;:&quot;&quot;,&quot;name&quot;:&quot;&quot;,&quot;data&quot;:[],&quot;id&quot;:0}}\" data-permalink=\"\/en\/wp-json\/wp\/v2\/pages\/1966?wpv_view_count=5359\">\n\n<div class=\"row\">\n\t\n\t<div id=\"containerBoEng\" class=\"span5\">\n    \t\n    \t\t<div class=\"map_element row operators-list-item box central-oland\">\n              <input type=\"hidden\" value=\"56.8283762\" class=\"marker_long\" \/>\n              <input type=\"hidden\" value=\"16.6758471\" class=\"marker_lat\" \/>\n              <div class=\"span2\">\n                <div class=\"inner\">\n                    <img loading=\"lazy\" decoding=\"async\" width=\"220\" height=\"147\" src=\"https:\/\/visitoland.com\/wp-content\/uploads\/2012\/12\/applerum-BB.jpg\" class=\"attachment-full size-full wp-post-image\" alt=\"Mellang\u00e5rdens B&amp;B\" srcset=\"https:\/\/visitoland.com\/wp-content\/uploads\/2012\/12\/applerum-BB.jpg 220w, https:\/\/visitoland.com\/wp-content\/uploads\/2012\/12\/applerum-BB-150x100.jpg 150w\" sizes=\"auto, (max-width: 220px) 100vw, 220px\" \/>\n                <\/div>\n              <\/div>\n              <div class=\"span3\">\n                <div class=\"inner\">\n                  <h2 class=\"bo link-title marker_title\"><a href=\"https:\/\/visitoland.com\/en\/visit\/mellangarden-i-applerum\/\">Mellang\u00e5rden i \u00c4pplerum<\/a><\/h2>\n                  <p>For you who want to get out into the country and stay in a real home from home!<\/p>\n<br\/>\n                  Location: Central \u00d6land\r\n\n   \n                <\/div>\n              <\/div>  \n    \t\t<\/div>\n          <hr\/>\n    \t\n    \t\t<div class=\"map_element row operators-list-item box central-oland disability-friendly\">\n              <input type=\"hidden\" value=\"56.6784261\" class=\"marker_long\" \/>\n              <input type=\"hidden\" value=\"16.6118604\" class=\"marker_lat\" \/>\n              <div class=\"span2\">\n                <div class=\"inner\">\n                    <img loading=\"lazy\" decoding=\"async\" width=\"460\" height=\"307\" src=\"https:\/\/visitoland.com\/wp-content\/uploads\/2012\/11\/rosenborg.jpg\" class=\"attachment-full size-full wp-post-image\" alt=\"\" srcset=\"https:\/\/visitoland.com\/wp-content\/uploads\/2012\/11\/rosenborg.jpg 460w, https:\/\/visitoland.com\/wp-content\/uploads\/2012\/11\/rosenborg-300x200.jpg 300w\" sizes=\"auto, (max-width: 460px) 100vw, 460px\" \/>\n                <\/div>\n              <\/div>\n              <div class=\"span3\">\n                <div class=\"inner\">\n                  <h2 class=\"bo link-title marker_title\"><a href=\"https:\/\/visitoland.com\/en\/visit\/rosenborgs-friluftspensionat\/\">Rosenborgs Friluftspensionat<\/a><\/h2>\n                  <p>The idyll in the middle of \u00d6land, the only open-air Pension on the island, for relaxation, activities and conferences.<\/p>\n<br\/>\n                  Location: Central \u00d6land\r\n\n   \n                <\/div>\n              <\/div>  \n    \t\t<\/div>\n          <hr\/>\n    \t\n    \t\t<div class=\"map_element row operators-list-item box central-oland\">\n              <input type=\"hidden\" value=\"56.6745627226\" class=\"marker_long\" \/>\n              <input type=\"hidden\" value=\"16.6534457847\" class=\"marker_lat\" \/>\n              <div class=\"span2\">\n                <div class=\"inner\">\n                    <img loading=\"lazy\" decoding=\"async\" width=\"220\" height=\"147\" src=\"https:\/\/visitoland.com\/wp-content\/uploads\/2012\/12\/Sodra-Back-BB.jpg\" class=\"attachment-full size-full wp-post-image\" alt=\"\" srcset=\"https:\/\/visitoland.com\/wp-content\/uploads\/2012\/12\/Sodra-Back-BB.jpg 220w, https:\/\/visitoland.com\/wp-content\/uploads\/2012\/12\/Sodra-Back-BB-150x100.jpg 150w\" sizes=\"auto, (max-width: 220px) 100vw, 220px\" \/>\n                <\/div>\n              <\/div>\n              <div class=\"span3\">\n                <div class=\"inner\">\n                  <h2 class=\"bo link-title marker_title\"><a href=\"https:\/\/visitoland.com\/en\/visit\/sodra-back-bb\/\">S\u00f6dra B\u00e4ck B&#038;B<\/a><\/h2>\n                  <p>Welcome to a B&B located in the center of the cultural landscape of \u00d6land.<\/p>\n<br\/>\n                  Location: Central \u00d6land\r\n\n   \n                <\/div>\n              <\/div>  \n    \t\t<\/div>\n          <hr\/>\n    \t\n    \t\t<div class=\"map_element row operators-list-item box northern-oland\">\n              <input type=\"hidden\" value=\"57.14799720521323\" class=\"marker_long\" \/>\n              <input type=\"hidden\" value=\"17.012274411639396\" class=\"marker_lat\" \/>\n              <div class=\"span2\">\n                <div class=\"inner\">\n                    <img loading=\"lazy\" decoding=\"async\" width=\"220\" height=\"147\" src=\"https:\/\/visitoland.com\/wp-content\/uploads\/2012\/11\/Hagaby-BB.jpg\" class=\"attachment-full size-full wp-post-image\" alt=\"\" srcset=\"https:\/\/visitoland.com\/wp-content\/uploads\/2012\/11\/Hagaby-BB.jpg 220w, https:\/\/visitoland.com\/wp-content\/uploads\/2012\/11\/Hagaby-BB-150x100.jpg 150w\" sizes=\"auto, (max-width: 220px) 100vw, 220px\" \/>\n                <\/div>\n              <\/div>\n              <div class=\"span3\">\n                <div class=\"inner\">\n                  <h2 class=\"bo link-title marker_title\"><a href=\"https:\/\/visitoland.com\/en\/visit\/pensionat-vandrarhem-hagaby\/\">STF Hagaby\/Lantg\u00e5rden Hostel<\/a><\/h2>\n                  <p>Beautiful and rustic, with the wonderful natural of \u00d6land right around the corner<\/p>\n<br\/>\n                  Location: Northern \u00d6land\r\n\n   \n                <\/div>\n              <\/div>  \n    \t\t<\/div>\n          <hr\/>\n    \t\n    \t\t<div class=\"map_element row operators-list-item box northern-oland\">\n              <input type=\"hidden\" value=\"57.0674022\" class=\"marker_long\" \/>\n              <input type=\"hidden\" value=\"16.9667635\" class=\"marker_lat\" \/>\n              <div class=\"span2\">\n                <div class=\"inner\">\n                    <img loading=\"lazy\" decoding=\"async\" width=\"220\" height=\"147\" src=\"https:\/\/visitoland.com\/wp-content\/uploads\/2012\/12\/Toknas-BB.jpg\" class=\"attachment-full size-full wp-post-image\" alt=\"\" srcset=\"https:\/\/visitoland.com\/wp-content\/uploads\/2012\/12\/Toknas-BB.jpg 220w, https:\/\/visitoland.com\/wp-content\/uploads\/2012\/12\/Toknas-BB-150x100.jpg 150w\" sizes=\"auto, (max-width: 220px) 100vw, 220px\" \/>\n                <\/div>\n              <\/div>\n              <div class=\"span3\">\n                <div class=\"inner\">\n                  <h2 class=\"bo link-title marker_title\"><a href=\"https:\/\/visitoland.com\/en\/visit\/toksnas-farm-bb\/\">Toksn\u00e4s Farm B&#038;B<\/a><\/h2>\n                  <p>A great place on the east side of northern \u00d6land, just by the sea.<\/p>\n<br\/>\n                  Location: Northern \u00d6land\r\n\n   \n                <\/div>\n              <\/div>  \n    \t\t<\/div>\n          <hr\/>\n    \t\n    \t\t<div class=\"map_element row operators-list-item box northern-oland\">\n              <input type=\"hidden\" value=\"56.9182384088\" class=\"marker_long\" \/>\n              <input type=\"hidden\" value=\"16.7496694735\" class=\"marker_lat\" \/>\n              <div class=\"span2\">\n                <div class=\"inner\">\n                    <img loading=\"lazy\" decoding=\"async\" width=\"220\" height=\"147\" src=\"https:\/\/visitoland.com\/wp-content\/uploads\/2012\/12\/Wannborga-BB.jpg\" class=\"attachment-full size-full wp-post-image\" alt=\"\" srcset=\"https:\/\/visitoland.com\/wp-content\/uploads\/2012\/12\/Wannborga-BB.jpg 220w, https:\/\/visitoland.com\/wp-content\/uploads\/2012\/12\/Wannborga-BB-150x100.jpg 150w\" sizes=\"auto, (max-width: 220px) 100vw, 220px\" \/>\n                <\/div>\n              <\/div>\n              <div class=\"span3\">\n                <div class=\"inner\">\n                  <h2 class=\"bo link-title marker_title\"><a href=\"https:\/\/visitoland.com\/en\/visit\/wannborga-wine-lamb\/\">Wannborga Distillery &#038; Vineyard<\/a><\/h2>\n                  <p>\u00d6vra Wannborga on \u00d6land, an idyllic village dating back to the Middle Ages<\/p>\n<br\/>\n                  Location: Northern \u00d6land\r\n\n   \n                <\/div>\n              <\/div>  \n    \t\t<\/div>\n          <hr\/>\n    \t\n\t<\/div>\n\t<div class=\"span3 karta\">\n        <div class=\"inner\">\n          \t<div id=\"map\" style=\"width: 400px; height:650px;\"><\/div>\n        <\/div>\n    <\/div>\n    \n<\/div>\n<div class=\"row\">\n  <div class=\"span8\">\n    <div class=\"inner\">\n        \n        <\/div>\n    <\/div>\n  <\/div>\n<\/div>\r\n\n","protected":false},"excerpt":{"rendered":"Stay Menu Bed &#038; Breakfast Cabin &#038; Holiday Villages Camping on Oland Guest Harbour Hostel Hotel &#038; Guesthouse Room &#038; Appartment Stay on a farm Whole \u00d6land Northern \u00d6land Southern \u00d6land Central \u00d6land Kalmar All Internet Pets allowed Disability friendly Mellang\u00e5rden i \u00c4pplerum For you who want to get out into the country and stay&nbsp; &nbsp;<a href=\"https:\/\/visitoland.com\/en\/stay\/stay-on-a-farm\/\">...Continue Reading<\/a>","protected":false},"author":2,"featured_media":7705,"parent":201,"menu_order":0,"comment_status":"open","ping_status":"open","template":"","meta":{"footnotes":""},"class_list":["post-1966","page","type-page","status-publish","has-post-thumbnail","hentry"],"aioseo_notices":[],"_links":{"self":[{"href":"https:\/\/visitoland.com\/en\/wp-json\/wp\/v2\/pages\/1966","targetHints":{"allow":["GET"]}}],"collection":[{"href":"https:\/\/visitoland.com\/en\/wp-json\/wp\/v2\/pages"}],"about":[{"href":"https:\/\/visitoland.com\/en\/wp-json\/wp\/v2\/types\/page"}],"author":[{"embeddable":true,"href":"https:\/\/visitoland.com\/en\/wp-json\/wp\/v2\/users\/2"}],"replies":[{"embeddable":true,"href":"https:\/\/visitoland.com\/en\/wp-json\/wp\/v2\/comments?post=1966"}],"version-history":[{"count":0,"href":"https:\/\/visitoland.com\/en\/wp-json\/wp\/v2\/pages\/1966\/revisions"}],"up":[{"embeddable":true,"href":"https:\/\/visitoland.com\/en\/wp-json\/wp\/v2\/pages\/201"}],"wp:featuredmedia":[{"embeddable":true,"href":"https:\/\/visitoland.com\/en\/wp-json\/wp\/v2\/media\/7705"}],"wp:attachment":[{"href":"https:\/\/visitoland.com\/en\/wp-json\/wp\/v2\/media?parent=1966"}],"curies":[{"name":"wp","href":"https:\/\/api.w.org\/{rel}","templated":true}]}}