{"id":1975,"date":"2012-12-29T13:16:59","date_gmt":"2012-12-29T12:16:59","guid":{"rendered":"https:\/\/visitoland.com\/?page_id=1975"},"modified":"2013-08-21T20:41:22","modified_gmt":"2013-08-21T18:41:22","slug":"hostel","status":"publish","type":"page","link":"https:\/\/visitoland.com\/en\/stay\/hostel\/","title":{"rendered":"Hostel"},"content":{"rendered":"<div class=\"accordion\" id=\"accordion2\">\r\n<div class=\"accordion-group\">\r\n<div class=\"accordion-heading\"><a class=\"accordion-toggle\" href=\"#collapseOne\" data-toggle=\"collapse\" data-parent=\"#accordion2\">\r\nStay Menu\r\n<\/a><\/div>\r\n<div class=\"accordion-body collapse\" id=\"collapseOne\">\r\n<div class=\"accordion-inner\">\r\n<ul class=\"nav nav-pills nav-stacked\">\r\n<li class=\"page_item page-item-1960\"><a href=\"https:\/\/visitoland.com\/en\/stay\/bed-breakfast\/\">Bed &#038; Breakfast<\/a><\/li>\n<li class=\"page_item page-item-1971\"><a href=\"https:\/\/visitoland.com\/en\/stay\/cabin-holiday-villages\/\">Cabin &#038; Holiday Villages<\/a><\/li>\n<li class=\"page_item page-item-1926\"><a href=\"https:\/\/visitoland.com\/en\/stay\/camping\/\">Camping on Oland<\/a><\/li>\n<li class=\"page_item page-item-5265\"><a href=\"https:\/\/visitoland.com\/en\/stay\/guest-harbour\/\">Guest Harbour<\/a><\/li>\n<li class=\"page_item page-item-1975\"><a href=\"https:\/\/visitoland.com\/en\/stay\/hostel\/\">Hostel<\/a><\/li>\n<li class=\"page_item page-item-1962\"><a href=\"https:\/\/visitoland.com\/en\/stay\/hotel-guesthouse\/\">Hotel &#038; Guesthouse<\/a><\/li>\n<li class=\"page_item page-item-1968\"><a href=\"https:\/\/visitoland.com\/en\/stay\/room-appartment\/\">Room &#038; Appartment<\/a><\/li>\n<li class=\"page_item page-item-1966\"><a href=\"https:\/\/visitoland.com\/en\/stay\/stay-on-a-farm\/\">Stay on a farm<\/a><\/li>\n<\/ul>\r\n<\/div>\r\n<\/div>\r\n<\/div>\r\n<\/div>\n\r\n\r\n\r\n<div class=\"row\">\r\n  <div class=\"span8\">\r\n    <div class=\"inner\">\r\n        <div id=\"options\">\r\n          <div class=\"option-set\" class=\"option-set\" data-group=\"lage\">\r\n                <input type=\"checkbox\" value=\"\" id=\"lage-all\" class=\"all\" checked \/><label for=\"lage-all\">Whole \u00d6land<\/label>\r\n                <input type=\"checkbox\" value=\".nothern-oland\" id=\"nothern-oland\" \/><label for=\"nothern-oland\">Northern \u00d6land<\/label>\r\n                <input type=\"checkbox\" value=\".southern-oland\" id=\"southern-oland\" \/><label for=\"southern-oland\">Southern \u00d6land<\/label>\r\n                <input type=\"checkbox\" value=\".central-oland\" id=\"central-oland\" \/><label for=\"central-oland\">Central \u00d6land<\/label>\r\n                <input type=\"checkbox\" value=\".kalmar\" id=\"kalmar\" \/><label for=\"kalmar\">Kalmar<\/label>\r\n          <\/div>\r\n        \r\n          <div class=\"option-set\" data-group=\"typ\">\r\n                <input type=\"checkbox\" value=\"\" id=\"typ-all\" class=\"all\" checked \/><label for=\"typ-all\">All<\/label>\r\n                <input type=\"checkbox\" value=\".internet-en\" id=\"internet-en\" \/><label for=\"internet-en\">Internet<\/label>\r\n                <input type=\"checkbox\" value=\".pets\" id=\"pets\" \/><label for=\"pets\">Pets allowed<\/label>\r\n                <input type=\"checkbox\" value=\".disability-friendly\" id=\"disability-friendly\" \/><label for=\"disability-friendly\">Disability friendly<\/label>\r\n          <\/div>\r\n        <\/div>\r\n    <\/div>\r\n  <\/div>\r\n<\/div>\n\n<div id=\"wpv-view-layout-5361\" class=\"js-wpv-view-layout js-wpv-layout-responsive js-wpv-view-layout-5361\" data-viewnumber=\"5361\" data-pagination=\"{&quot;id&quot;:5361,&quot;query&quot;:&quot;normal&quot;,&quot;type&quot;:&quot;disabled&quot;,&quot;effect&quot;:&quot;fade&quot;,&quot;duration&quot;:&quot;500&quot;,&quot;speed&quot;:5,&quot;pause_on_hover&quot;:&quot;disabled&quot;,&quot;stop_rollover&quot;:&quot;false&quot;,&quot;cache_pages&quot;:&quot;disabled&quot;,&quot;preload_images&quot;:&quot;disabled&quot;,&quot;preload_pages&quot;:&quot;disabled&quot;,&quot;preload_reach&quot;:&quot;1&quot;,&quot;spinner&quot;:&quot;builtin&quot;,&quot;spinner_image&quot;:&quot;https:\/\/visitoland.com\/koko173Jambo29\/wp-content\/plugins\/wp-views\/embedded\/res\/img\/ajax-loader.gif&quot;,&quot;callback_next&quot;:&quot;&quot;,&quot;manage_history&quot;:&quot;enabled&quot;,&quot;has_controls_in_form&quot;:&quot;disabled&quot;,&quot;infinite_tolerance&quot;:&quot;0&quot;,&quot;max_pages&quot;:0,&quot;page&quot;:1,&quot;base_permalink&quot;:&quot;\/en\/wp-json\/wp\/v2\/pages\/1975?wpv_view_count=5361&amp;wpv_paged=WPV_PAGE_NUM&quot;,&quot;loop&quot;:{&quot;type&quot;:&quot;&quot;,&quot;name&quot;:&quot;&quot;,&quot;data&quot;:[],&quot;id&quot;:0}}\" data-permalink=\"\/en\/wp-json\/wp\/v2\/pages\/1975?wpv_view_count=5361\">\n\n<div class=\"row\">\n\t\n\t<div id=\"containerBoEng\" class=\"span5\">\n    \t\n    \t\t<div class=\"map_element row operators-list-item box central-oland\">\n              <input type=\"hidden\" value=\"56.879437\" class=\"marker_long\" \/>\n              <input type=\"hidden\" value=\"16.6539242\" class=\"marker_lat\" \/>\n              <div class=\"span2\">\n                <div class=\"inner\">\n                    <img loading=\"lazy\" decoding=\"async\" width=\"220\" height=\"147\" src=\"https:\/\/visitoland.com\/wp-content\/uploads\/2012\/12\/Ebbas-Cafe-Vandrarhem.jpg\" class=\"attachment-full size-full wp-post-image\" alt=\"\" srcset=\"https:\/\/visitoland.com\/wp-content\/uploads\/2012\/12\/Ebbas-Cafe-Vandrarhem.jpg 220w, https:\/\/visitoland.com\/wp-content\/uploads\/2012\/12\/Ebbas-Cafe-Vandrarhem-150x100.jpg 150w\" sizes=\"auto, (max-width: 220px) 100vw, 220px\" \/>\n                <\/div>\n              <\/div>\n              <div class=\"span3\">\n                <div class=\"inner\">\n                  <h2 class=\"bo link-title marker_title\"><a href=\"https:\/\/visitoland.com\/en\/visit\/ebbas-cafe-and-hostel\/\">Ebbas  Hostel<\/a><\/h2>\n                  <p>In central Borgholm, close to activities and the beautiful nature of \u00d6land .<\/p>\n<br\/>\n                  Location: Central \u00d6land\r\n\n   \n                <\/div>\n              <\/div>  \n    \t\t<\/div>\n          <hr\/>\n    \t\n    \t\t<div class=\"map_element row operators-list-item box southern-oland\">\n              <input type=\"hidden\" value=\"56.5811703\" class=\"marker_long\" \/>\n              <input type=\"hidden\" value=\"16.4113427\" class=\"marker_lat\" \/>\n              <div class=\"span2\">\n                <div class=\"inner\">\n                    <img loading=\"lazy\" decoding=\"async\" width=\"220\" height=\"147\" src=\"https:\/\/visitoland.com\/wp-content\/uploads\/2013\/04\/haga-park-Camping-pres.jpg\" class=\"attachment-full size-full wp-post-image\" alt=\"\" srcset=\"https:\/\/visitoland.com\/wp-content\/uploads\/2013\/04\/haga-park-Camping-pres.jpg 220w, https:\/\/visitoland.com\/wp-content\/uploads\/2013\/04\/haga-park-Camping-pres-150x100.jpg 150w, https:\/\/visitoland.com\/wp-content\/uploads\/2013\/04\/haga-park-Camping-pres-160x106.jpg 160w\" sizes=\"auto, (max-width: 220px) 100vw, 220px\" \/>\n                <\/div>\n              <\/div>\n              <div class=\"span3\">\n                <div class=\"inner\">\n                  <h2 class=\"bo link-title marker_title\"><a href=\"https:\/\/visitoland.com\/en\/visit\/haga-park-camping-cottages\/\">Haga Park Camping &#038; Cottages<\/a><\/h2>\n                  <br\/>\n                  Location: Southern \u00d6land\r\n\n   \n                <\/div>\n              <\/div>  \n    \t\t<\/div>\n          <hr\/>\n    \t\n    \t\t<div class=\"map_element row operators-list-item box central-oland\">\n              <input type=\"hidden\" value=\"56.8784351\" class=\"marker_long\" \/>\n              <input type=\"hidden\" value=\"16.7171943\" class=\"marker_lat\" \/>\n              <div class=\"span2\">\n                <div class=\"inner\">\n                    <img loading=\"lazy\" decoding=\"async\" width=\"220\" height=\"147\" src=\"https:\/\/visitoland.com\/wp-content\/uploads\/2012\/11\/hagaborg-BB.jpg\" class=\"attachment-full size-full wp-post-image\" alt=\"\" srcset=\"https:\/\/visitoland.com\/wp-content\/uploads\/2012\/11\/hagaborg-BB.jpg 220w, https:\/\/visitoland.com\/wp-content\/uploads\/2012\/11\/hagaborg-BB-150x100.jpg 150w\" sizes=\"auto, (max-width: 220px) 100vw, 220px\" \/>\n                <\/div>\n              <\/div>\n              <div class=\"span3\">\n                <div class=\"inner\">\n                  <h2 class=\"bo link-title marker_title\"><a href=\"https:\/\/visitoland.com\/en\/visit\/hagaborg\/\">Hagaborg<\/a><\/h2>\n                  <p>A family run B&B and hostel, with personal charm and close to everything.<\/p>\n<br\/>\n                  Location: Central \u00d6land\r\n\n   \n                <\/div>\n              <\/div>  \n    \t\t<\/div>\n          <hr\/>\n    \t\n    \t\t<div class=\"map_element row operators-list-item box central-oland disability-friendly\">\n              <input type=\"hidden\" value=\"56.8854855\" class=\"marker_long\" \/>\n              <input type=\"hidden\" value=\"16.7256833\" class=\"marker_lat\" \/>\n              <div class=\"span2\">\n                <div class=\"inner\">\n                    <img loading=\"lazy\" decoding=\"async\" width=\"220\" height=\"147\" src=\"https:\/\/visitoland.com\/wp-content\/uploads\/2012\/12\/Klintagarden-Pres1.jpg\" class=\"attachment-full size-full wp-post-image\" alt=\"Klintag\u00e5rden Camping\" srcset=\"https:\/\/visitoland.com\/wp-content\/uploads\/2012\/12\/Klintagarden-Pres1.jpg 220w, https:\/\/visitoland.com\/wp-content\/uploads\/2012\/12\/Klintagarden-Pres1-150x100.jpg 150w, https:\/\/visitoland.com\/wp-content\/uploads\/2012\/12\/Klintagarden-Pres1-160x106.jpg 160w\" sizes=\"auto, (max-width: 220px) 100vw, 220px\" \/>\n                <\/div>\n              <\/div>\n              <div class=\"span3\">\n                <div class=\"inner\">\n                  <h2 class=\"bo link-title marker_title\"><a href=\"https:\/\/visitoland.com\/en\/visit\/klintagarden-camping\/\">Klintag\u00e5rden \u2013 Camping<\/a><\/h2>\n                  <p>Klintag\u00e5rden is a course\/conference center and camp school with a four-star camping site<\/p>\n<br\/>\n                  Location: Central \u00d6land\r\n\n   \n                <\/div>\n              <\/div>  \n    \t\t<\/div>\n          <hr\/>\n    \t\n    \t\t<div class=\"map_element row operators-list-item box disability-friendly southern-oland\">\n              <input type=\"hidden\" value=\"56.2380607\" class=\"marker_long\" \/>\n              <input type=\"hidden\" value=\"16.4534556\" class=\"marker_lat\" \/>\n              <div class=\"span2\">\n                <div class=\"inner\">\n                    <img loading=\"lazy\" decoding=\"async\" width=\"220\" height=\"147\" src=\"https:\/\/visitoland.com\/wp-content\/uploads\/2012\/12\/Ottenby-Vandrarhem-presentation.jpg\" class=\"attachment-full size-full wp-post-image\" alt=\"\" srcset=\"https:\/\/visitoland.com\/wp-content\/uploads\/2012\/12\/Ottenby-Vandrarhem-presentation.jpg 220w, https:\/\/visitoland.com\/wp-content\/uploads\/2012\/12\/Ottenby-Vandrarhem-presentation-150x100.jpg 150w\" sizes=\"auto, (max-width: 220px) 100vw, 220px\" \/>\n                <\/div>\n              <\/div>\n              <div class=\"span3\">\n                <div class=\"inner\">\n                  <h2 class=\"bo link-title marker_title\"><a href=\"https:\/\/visitoland.com\/en\/visit\/ottenby-hostel-camping\/\">Ottenby Hostel &#038; Camping<\/a><\/h2>\n                  <p>\u00d6land's most southern hostel and camping, in the middle of the World Heritage<\/p>\n<br\/>\n                  Location: Southern \u00d6land\r\n\n   \n                <\/div>\n              <\/div>  \n    \t\t<\/div>\n          <hr\/>\n    \t\n    \t\t<div class=\"map_element row operators-list-item box northern-oland\">\n              <input type=\"hidden\" value=\"57.14799720521323\" class=\"marker_long\" \/>\n              <input type=\"hidden\" value=\"17.012274411639396\" class=\"marker_lat\" \/>\n              <div class=\"span2\">\n                <div class=\"inner\">\n                    <img loading=\"lazy\" decoding=\"async\" width=\"220\" height=\"147\" src=\"https:\/\/visitoland.com\/wp-content\/uploads\/2012\/11\/Hagaby-BB.jpg\" class=\"attachment-full size-full wp-post-image\" alt=\"\" srcset=\"https:\/\/visitoland.com\/wp-content\/uploads\/2012\/11\/Hagaby-BB.jpg 220w, https:\/\/visitoland.com\/wp-content\/uploads\/2012\/11\/Hagaby-BB-150x100.jpg 150w\" sizes=\"auto, (max-width: 220px) 100vw, 220px\" \/>\n                <\/div>\n              <\/div>\n              <div class=\"span3\">\n                <div class=\"inner\">\n                  <h2 class=\"bo link-title marker_title\"><a href=\"https:\/\/visitoland.com\/en\/visit\/pensionat-vandrarhem-hagaby\/\">STF Hagaby\/Lantg\u00e5rden Hostel<\/a><\/h2>\n                  <p>Beautiful and rustic, with the wonderful natural of \u00d6land right around the corner<\/p>\n<br\/>\n                  Location: Northern \u00d6land\r\n\n   \n                <\/div>\n              <\/div>  \n    \t\t<\/div>\n          <hr\/>\n    \t\n    \t\t<div class=\"map_element row operators-list-item box southern-oland\">\n              <input type=\"hidden\" value=\"56.5752369\" class=\"marker_long\" \/>\n              <input type=\"hidden\" value=\"16.4070665\" class=\"marker_lat\" \/>\n              <div class=\"span2\">\n                <div class=\"inner\">\n                    <img loading=\"lazy\" decoding=\"async\" width=\"220\" height=\"147\" src=\"https:\/\/visitoland.com\/wp-content\/uploads\/2013\/03\/Stora-frogarden-presentation.jpg\" class=\"attachment-full size-full wp-post-image\" alt=\"\" srcset=\"https:\/\/visitoland.com\/wp-content\/uploads\/2013\/03\/Stora-frogarden-presentation.jpg 220w, https:\/\/visitoland.com\/wp-content\/uploads\/2013\/03\/Stora-frogarden-presentation-150x100.jpg 150w, https:\/\/visitoland.com\/wp-content\/uploads\/2013\/03\/Stora-frogarden-presentation-160x107.jpg 160w\" sizes=\"auto, (max-width: 220px) 100vw, 220px\" \/>\n                <\/div>\n              <\/div>\n              <div class=\"span3\">\n                <div class=\"inner\">\n                  <h2 class=\"bo link-title marker_title\"><a href=\"https:\/\/visitoland.com\/en\/visit\/stf-stora-frogarden\/\">STF Stora Fr\u00f6g\u00e5rden<\/a><\/h2>\n                  <p>B&B and hostel with a private beach in the middle of the World Heritage, here you can relax in a wonderful environment with culture and sports just around the corner.<\/p>\n<br\/>\n                  Location: Southern \u00d6land\r\n\n   \n                <\/div>\n              <\/div>  \n    \t\t<\/div>\n          <hr\/>\n    \t\n    \t\t<div class=\"map_element row operators-list-item box disability-friendly southern-oland\">\n              <input type=\"hidden\" value=\"56.5743669\" class=\"marker_long\" \/>\n              <input type=\"hidden\" value=\"16.4105344\" class=\"marker_lat\" \/>\n              <div class=\"span2\">\n                <div class=\"inner\">\n                    <img loading=\"lazy\" decoding=\"async\" width=\"220\" height=\"147\" src=\"https:\/\/visitoland.com\/wp-content\/uploads\/2012\/12\/Strandnara-Presentation.jpg\" class=\"attachment-full size-full wp-post-image\" alt=\"\" srcset=\"https:\/\/visitoland.com\/wp-content\/uploads\/2012\/12\/Strandnara-Presentation.jpg 220w, https:\/\/visitoland.com\/wp-content\/uploads\/2012\/12\/Strandnara-Presentation-150x100.jpg 150w, https:\/\/visitoland.com\/wp-content\/uploads\/2012\/12\/Strandnara-Presentation-160x106.jpg 160w\" sizes=\"auto, (max-width: 220px) 100vw, 220px\" \/>\n                <\/div>\n              <\/div>\n              <div class=\"span3\">\n                <div class=\"inner\">\n                  <h2 class=\"bo link-title marker_title\"><a href=\"https:\/\/visitoland.com\/en\/visit\/strandnara-eco-hostel-bb\/\">Strandn\u00e4ra ECO Hostel, B&#038;B<\/a><\/h2>\n                  <p>Scenic accommodation & restaurant in a garden setting with idyllic surroundings, on southern \u00d6land<\/p>\n<br\/>\n                  Location: Southern \u00d6land\r\n\n   \n                <\/div>\n              <\/div>  \n    \t\t<\/div>\n          <hr\/>\n    \t\n    \t\t<div class=\"map_element row operators-list-item box central-oland\">\n              <input type=\"hidden\" value=\"56.8802297\" class=\"marker_long\" \/>\n              <input type=\"hidden\" value=\"16.6562355\" class=\"marker_lat\" \/>\n              <div class=\"span2\">\n                <div class=\"inner\">\n                    <img loading=\"lazy\" decoding=\"async\" width=\"220\" height=\"147\" src=\"https:\/\/visitoland.com\/wp-content\/uploads\/2012\/12\/Villa-Sol-BB1.jpg\" class=\"attachment-full size-full wp-post-image\" alt=\"\" srcset=\"https:\/\/visitoland.com\/wp-content\/uploads\/2012\/12\/Villa-Sol-BB1.jpg 220w, https:\/\/visitoland.com\/wp-content\/uploads\/2012\/12\/Villa-Sol-BB1-150x100.jpg 150w, https:\/\/visitoland.com\/wp-content\/uploads\/2012\/12\/Villa-Sol-BB1-160x106.jpg 160w\" sizes=\"auto, (max-width: 220px) 100vw, 220px\" \/>\n                <\/div>\n              <\/div>\n              <div class=\"span3\">\n                <div class=\"inner\">\n                  <h2 class=\"bo link-title marker_title\"><a href=\"https:\/\/visitoland.com\/en\/visit\/villa-sol-sun\/\">Villa Sol (Sun)<\/a><\/h2>\n                  <p>Stay beautifully surrounded by a lush garden full of roses, clematis and fruit trees<\/p>\n<br\/>\n                  Location: Central \u00d6land\r\n\n   \n                <\/div>\n              <\/div>  \n    \t\t<\/div>\n          <hr\/>\n    \t\n    \t\t<div class=\"map_element row operators-list-item box disability-friendly northern-oland stay-category\">\n              <input type=\"hidden\" value=\"57.0804413\" class=\"marker_long\" \/>\n              <input type=\"hidden\" value=\"16.9677973\" class=\"marker_lat\" \/>\n              <div class=\"span2\">\n                <div class=\"inner\">\n                    <img loading=\"lazy\" decoding=\"async\" width=\"220\" height=\"147\" src=\"https:\/\/visitoland.com\/wp-content\/uploads\/2013\/08\/Wikegard-presentation.jpg\" class=\"attachment-full size-full wp-post-image\" alt=\"Wikeg\u00e5rds Semesterby\" srcset=\"https:\/\/visitoland.com\/wp-content\/uploads\/2013\/08\/Wikegard-presentation.jpg 220w, https:\/\/visitoland.com\/wp-content\/uploads\/2013\/08\/Wikegard-presentation-150x100.jpg 150w, https:\/\/visitoland.com\/wp-content\/uploads\/2013\/08\/Wikegard-presentation-160x106.jpg 160w\" sizes=\"auto, (max-width: 220px) 100vw, 220px\" \/>\n                <\/div>\n              <\/div>\n              <div class=\"span3\">\n                <div class=\"inner\">\n                  <h2 class=\"bo link-title marker_title\"><a href=\"https:\/\/visitoland.com\/en\/visit\/wikegards-semesterby-holiday-village\/\">Wikeg\u00e5rds Semesterby (Holiday Village)<\/a><\/h2>\n                  <p>Welcome to Wikeg\u00e5rds Holiday Village - a campsite right by the sea for the whole family!<\/p>\n<br\/>\n                  Location: Northern \u00d6land\r\n\n   \n                <\/div>\n              <\/div>  \n    \t\t<\/div>\n          <hr\/>\n    \t\n\t<\/div>\n\t<div class=\"span3 karta\">\n        <div class=\"inner\">\n          \t<div id=\"map\" style=\"width: 400px; height:650px;\"><\/div>\n        <\/div>\n    <\/div>\n    \n<\/div>\n<div class=\"row\">\n  <div class=\"span8\">\n    <div class=\"inner\">\n        \n        <\/div>\n    <\/div>\n  <\/div>\n<\/div>\r\n\n","protected":false},"excerpt":{"rendered":"Stay Menu Bed &#038; Breakfast Cabin &#038; Holiday Villages Camping on Oland Guest Harbour Hostel Hotel &#038; Guesthouse Room &#038; Appartment Stay on a farm Whole \u00d6land Northern \u00d6land Southern \u00d6land Central \u00d6land Kalmar All Internet Pets allowed Disability friendly Ebbas Hostel In central Borgholm, close to activities and the beautiful nature of \u00d6land .&nbsp; &nbsp;<a href=\"https:\/\/visitoland.com\/en\/stay\/hostel\/\">...Continue Reading<\/a>","protected":false},"author":2,"featured_media":7715,"parent":201,"menu_order":0,"comment_status":"open","ping_status":"open","template":"","meta":{"footnotes":""},"class_list":["post-1975","page","type-page","status-publish","has-post-thumbnail","hentry"],"aioseo_notices":[],"_links":{"self":[{"href":"https:\/\/visitoland.com\/en\/wp-json\/wp\/v2\/pages\/1975","targetHints":{"allow":["GET"]}}],"collection":[{"href":"https:\/\/visitoland.com\/en\/wp-json\/wp\/v2\/pages"}],"about":[{"href":"https:\/\/visitoland.com\/en\/wp-json\/wp\/v2\/types\/page"}],"author":[{"embeddable":true,"href":"https:\/\/visitoland.com\/en\/wp-json\/wp\/v2\/users\/2"}],"replies":[{"embeddable":true,"href":"https:\/\/visitoland.com\/en\/wp-json\/wp\/v2\/comments?post=1975"}],"version-history":[{"count":0,"href":"https:\/\/visitoland.com\/en\/wp-json\/wp\/v2\/pages\/1975\/revisions"}],"up":[{"embeddable":true,"href":"https:\/\/visitoland.com\/en\/wp-json\/wp\/v2\/pages\/201"}],"wp:featuredmedia":[{"embeddable":true,"href":"https:\/\/visitoland.com\/en\/wp-json\/wp\/v2\/media\/7715"}],"wp:attachment":[{"href":"https:\/\/visitoland.com\/en\/wp-json\/wp\/v2\/media?parent=1975"}],"curies":[{"name":"wp","href":"https:\/\/api.w.org\/{rel}","templated":true}]}}