{"id":1979,"date":"2012-12-29T13:29:12","date_gmt":"2012-12-29T12:29:12","guid":{"rendered":"https:\/\/visitoland.com\/?page_id=1979"},"modified":"2013-11-17T08:57:51","modified_gmt":"2013-11-17T07:57:51","slug":"bus-train-flight","status":"publish","type":"page","link":"https:\/\/visitoland.com\/en\/travel\/bus-train-flight\/","title":{"rendered":"Bus, Train &#038; Flight"},"content":{"rendered":"<div class=\"row\">\n<div class=\"span6\">\n<div class=\"row artiklar\">\n<div class=\"span6 outside-link article-thumb-hover operator\">\n<div class=\"row\">\n<div class=\"span2\">\n<div class=\"inner\"><img loading=\"lazy\" decoding=\"async\" class=\"size-full wp-image-2928 img-polaroid\" alt=\"Resplus\" src=\"https:\/\/visitoland.com\/wp-content\/uploads\/2012\/11\/Resplus.jpg\" width=\"220\" height=\"147\" srcset=\"https:\/\/visitoland.com\/wp-content\/uploads\/2012\/11\/Resplus.jpg 220w, https:\/\/visitoland.com\/wp-content\/uploads\/2012\/11\/Resplus-150x100.jpg 150w, https:\/\/visitoland.com\/wp-content\/uploads\/2012\/11\/Resplus-160x106.jpg 160w\" sizes=\"auto, (max-width: 220px) 100vw, 220px\" \/><\/div>\n<\/div>\n<div class=\"span4\">\n<div class=\"inner-right-padding inner-left-padding\">\n<h2 class=\"bo link-title\">Resplus<\/h2>\n<p>Resplus (travelplus) interconnects a large part of the Swedish public transport systems. With a Resplus ticket you combined long-distance, regional, local and commuter rail, express buses, regional buses, city and local buses, metro, tram and ferries on the same ticket.<\/p>\n<p><a title=\"https:\/\/www.resplus.se\/Resplus\" href=\"https:\/\/www.resplus.se\/Resplus\" target=\"_blank\">https:\/\/www.resplus.se\/Resplus<\/a><\/p>\n<\/div>\n<\/div>\n<\/div>\n<\/div>\n<\/div>\n<div class=\"row artiklar\">\n<div class=\"span6 outside-link article-thumb-hover operator\">\n<div class=\"row\">\n<div class=\"span2\">\n<div class=\"inner\"><img loading=\"lazy\" decoding=\"async\" class=\"size-full wp-image-2944 img-polaroid\" alt=\"SJ\" src=\"https:\/\/visitoland.com\/wp-content\/uploads\/2012\/11\/SJ.jpg\" width=\"220\" height=\"147\" srcset=\"https:\/\/visitoland.com\/wp-content\/uploads\/2012\/11\/SJ.jpg 220w, https:\/\/visitoland.com\/wp-content\/uploads\/2012\/11\/SJ-150x100.jpg 150w, https:\/\/visitoland.com\/wp-content\/uploads\/2012\/11\/SJ-160x106.jpg 160w\" sizes=\"auto, (max-width: 220px) 100vw, 220px\" \/><\/div>\n<\/div>\n<div class=\"span4\">\n<div class=\"inner-right-padding inner-left-padding\">\n<h2 class=\"bo link-title\">SJ<\/h2>\n<p>SJ is the largest train operator in Sweden, with direct train connections to Kalmar from, among others, Stockholm, Gothenburg, Malm\u00f6, Copenhagen and V\u00e4xjo<\/p>\n<p><a title=\"https:\/\/www.sj.se\/\" href=\"https:\/\/www.sj.se\/\" target=\"_blank\">https:\/\/www.sj.se<\/a><\/p>\n<p>Tel: 0771-75 75 75<\/p>\n<\/div>\n<\/div>\n<\/div>\n<\/div>\n<\/div>\n<div class=\"row artiklar\">\n<div class=\"span6 outside-link article-thumb-hover operator\">\n<div class=\"row\">\n<div class=\"span2\">\n<div class=\"inner\"><img loading=\"lazy\" decoding=\"async\" class=\"size-full wp-image-2947 img-polaroid\" alt=\"Oresundstag\" src=\"https:\/\/visitoland.com\/wp-content\/uploads\/2012\/11\/Oresundstag.jpg\" width=\"220\" height=\"147\" srcset=\"https:\/\/visitoland.com\/wp-content\/uploads\/2012\/11\/Oresundstag.jpg 220w, https:\/\/visitoland.com\/wp-content\/uploads\/2012\/11\/Oresundstag-150x100.jpg 150w, https:\/\/visitoland.com\/wp-content\/uploads\/2012\/11\/Oresundstag-160x106.jpg 160w\" sizes=\"auto, (max-width: 220px) 100vw, 220px\" \/><\/div>\n<\/div>\n<div class=\"span4\">\n<div class=\"inner-right-padding inner-left-padding\">\n<h2 class=\"bo link-title\">\u00d6resundst\u00e5gen<\/h2>\n<p>Trains to Kalmar from Copenhagen with stop in Malm\u00f6, Lund and V\u00e4xj\u00f6 among others. Fixed prices. Runs with a train every hour throughout the day, slightly less on weekends.<\/p>\n<p><a title=\"https:\/\/www.oresundstag.se\/\" href=\"https:\/\/www.oresundstag.se\/\" target=\"_blank\">https:\/\/www.oresundstag.se<\/a><\/p>\n<p>Tel: 0771-77 77 11<\/p>\n<\/div>\n<\/div>\n<\/div>\n<\/div>\n<\/div>\n<div class=\"row artiklar\">\n<div class=\"span6 outside-link article-thumb-hover operator\">\n<div class=\"row\">\n<div class=\"span2\">\n<div class=\"inner\"><img loading=\"lazy\" decoding=\"async\" class=\"size-full wp-image-2948 img-polaroid\" alt=\"KLT\" src=\"https:\/\/visitoland.com\/wp-content\/uploads\/2012\/11\/KLT.jpg\" width=\"220\" height=\"147\" srcset=\"https:\/\/visitoland.com\/wp-content\/uploads\/2012\/11\/KLT.jpg 220w, https:\/\/visitoland.com\/wp-content\/uploads\/2012\/11\/KLT-150x100.jpg 150w, https:\/\/visitoland.com\/wp-content\/uploads\/2012\/11\/KLT-160x106.jpg 160w\" sizes=\"auto, (max-width: 220px) 100vw, 220px\" \/><\/div>\n<\/div>\n<div class=\"span4\">\n<div class=\"inner-right-padding inner-left-padding\">\n<h2 class=\"bo link-title\">KLT Kalmar L\u00e4nstrafik<\/h2>\n<p>Bus services on \u00d6land run by KLT as Rural Bus that goes on schedule and definite lines. Further more KLT runs commuter traffic on \u00d6land with predetermined routes but where you have to call in advance and order the trip. See KLT for further info on routes and timetables.<br \/>\nKLT&#8217;s lines are all cashless.<\/p>\n<p><a title=\"https:\/\/www.klt.se\/\" href=\"https:\/\/www.klt.se\/\" target=\"_blank\">https:\/\/www.klt.se<\/a><\/p>\n<\/div>\n<\/div>\n<\/div>\n<\/div>\n<\/div>\n<div class=\"row artiklar\">\n<div class=\"span6 outside-link article-thumb-hover operator\">\n<div class=\"row\">\n<div class=\"span2\">\n<div class=\"inner\"><img loading=\"lazy\" decoding=\"async\" class=\"alignnone size-full wp-image-7611\" alt=\"silverlinjen-Buss\" src=\"https:\/\/visitoland.com\/wp-content\/uploads\/2012\/11\/silverlinjen-Buss.jpg\" width=\"220\" height=\"147\" srcset=\"https:\/\/visitoland.com\/wp-content\/uploads\/2012\/11\/silverlinjen-Buss.jpg 220w, https:\/\/visitoland.com\/wp-content\/uploads\/2012\/11\/silverlinjen-Buss-150x100.jpg 150w, https:\/\/visitoland.com\/wp-content\/uploads\/2012\/11\/silverlinjen-Buss-160x106.jpg 160w\" sizes=\"auto, (max-width: 220px) 100vw, 220px\" \/><\/div>\n<\/div>\n<div class=\"span4\">\n<div class=\"inner-right-padding inner-left-padding\">\n<h2 class=\"bo link-title\">Silverlinjen<\/h2>\n<p>Direct buses all year round, between \u00d6land and Stockholm City Terminal, with two trips daily in each direction. Silver line has 11 stops on \u00d6land, from F\u00e4rjestaden to B\u00f6da in the north, plus a stop in Kalmar. The easy, convenient and cheap way to travel between Stockholm and \u00d6land.<\/p>\n<p><a title=\"https:\/\/www.silverlinjen.se\/\" href=\"https:\/\/www.silverlinjen.se\/\" target=\"_blank\">https:\/\/www.silverlinjen.se<\/a><\/p>\n<p>Tel: 0485 &#8211; 261 11<\/p>\n<\/div>\n<\/div>\n<\/div>\n<\/div>\n<\/div>\n<div class=\"row artiklar\">\n<div class=\"span6 outside-link article-thumb-hover operator\">\n<div class=\"row\">\n<div class=\"span2\">\n<div class=\"inner\"><img loading=\"lazy\" decoding=\"async\" class=\"size-full wp-image-2951 img-polaroid\" alt=\"Swebus\" src=\"https:\/\/visitoland.com\/wp-content\/uploads\/2012\/11\/Swebus.jpg\" width=\"220\" height=\"147\" srcset=\"https:\/\/visitoland.com\/wp-content\/uploads\/2012\/11\/Swebus.jpg 220w, https:\/\/visitoland.com\/wp-content\/uploads\/2012\/11\/Swebus-150x100.jpg 150w, https:\/\/visitoland.com\/wp-content\/uploads\/2012\/11\/Swebus-160x106.jpg 160w\" sizes=\"auto, (max-width: 220px) 100vw, 220px\" \/><\/div>\n<\/div>\n<div class=\"span4\">\n<div class=\"inner-right-padding inner-left-padding\">\n<h2 class=\"bo link-title\">Swebus<\/h2>\n<p>Sweden&#8217;s largest express bus company that operates routes to Kalmar from the Stockholm, Malm\u00f6, Link\u00f6ping, J\u00f6nk\u00f6ping, \u00d6rebro, Oslo and Copenhagen.<\/p>\n<p><a title=\"https:\/\/www.swebus.se\/\" href=\"https:\/\/www.swebus.se\/\" target=\"_blank\">https:\/\/www.swebus.se<\/a><\/p>\n<p>Tel: 0771-218 218<\/p>\n<\/div>\n<\/div>\n<\/div>\n<\/div>\n<\/div>\n<div class=\"row artiklar\">\n<div class=\"span6 outside-link article-thumb-hover operator\">\n<div class=\"row\">\n<div class=\"span2\">\n<div class=\"inner\"><img loading=\"lazy\" decoding=\"async\" class=\"size-full wp-image-2954 img-polaroid\" alt=\"Kalmar-Oland-Airport\" src=\"https:\/\/visitoland.com\/wp-content\/uploads\/2012\/11\/Kalmar-Oland-Airport1.jpg\" width=\"220\" height=\"147\" srcset=\"https:\/\/visitoland.com\/wp-content\/uploads\/2012\/11\/Kalmar-Oland-Airport1.jpg 220w, https:\/\/visitoland.com\/wp-content\/uploads\/2012\/11\/Kalmar-Oland-Airport1-150x100.jpg 150w, https:\/\/visitoland.com\/wp-content\/uploads\/2012\/11\/Kalmar-Oland-Airport1-160x106.jpg 160w\" sizes=\"auto, (max-width: 220px) 100vw, 220px\" \/><\/div>\n<\/div>\n<div class=\"span4\">\n<div class=\"inner-right-padding inner-left-padding\">\n<h2 class=\"bo link-title\">Kalmar \u00d6land Airport<\/h2>\n<p>Kalmar \u00d6land Airport is the region&#8217;s largest airport, with about 200 000 passengers per year and 7000 departures. The airport operates both regular and charter flights, daily regular flights to Stockholm (Bromma and Arlanda).<\/p>\n<p><a title=\"https:\/\/www.kalmarairport.com\/\" href=\"https:\/\/www.kalmarairport.com\/\" target=\"_blank\">https:\/\/www.kalmarairport.com<\/a><\/p>\n<p>Tel: 0480-45 90 00<\/p>\n<\/div>\n<\/div>\n<\/div>\n<\/div>\n<\/div>\n<div class=\"row artiklar\">\n<div class=\"span6 outside-link article-thumb-hover operator\">\n<div class=\"row\">\n<div class=\"span2\">\n<div class=\"inner\"><img loading=\"lazy\" decoding=\"async\" class=\"size-full wp-image-2954 img-polaroid\" alt=\"kalmarflyg\" src=\"https:\/\/visitoland.com\/wp-content\/uploads\/2013\/03\/kalmarflyg.png\" width=\"220\" height=\"147\" \/><\/div>\n<\/div>\n<div class=\"span4\">\n<div class=\"inner-right-padding inner-left-padding\">\n<h2 class=\"bo link-title\">Kalmarflyg<\/h2>\n<p>The small and local airline with the big heart. Large route network in Sweden through its partners in Sverigeflyggruppen (Sweden flight team). Quick and easy from Kalmar to Bromma (Stockholm city airport), and further, if you like.<\/p>\n<p><a title=\"https:\/\/www.kalmarflyg.se\/\" href=\"https:\/\/www.kalmarflyg.se\/\" target=\"_blank\">https:\/\/www.kalmarflyg.se<\/a><\/p>\n<p>Tel: 0900 &#8211; 20 50 100<\/p>\n<\/div>\n<\/div>\n<\/div>\n<\/div>\n<\/div>\n<\/div>\n<div class=\"span2\">\n<div class=\"inner-right-padding\"><ul class=\"nav nav-pills nav-stacked\">\r\n<li class=\"page_item page-item-1979\"><a href=\"https:\/\/visitoland.com\/en\/travel\/bus-train-flight\/\">Bus, Train &#038; Flight<\/a><\/li>\n<li class=\"page_item page-item-1983\"><a href=\"https:\/\/visitoland.com\/en\/travel\/ferry\/\">Ferry<\/a><\/li>\n<li class=\"page_item page-item-1958\"><a href=\"https:\/\/visitoland.com\/en\/travel\/guest-habor\/\">Guest Habor<\/a><\/li>\n<li class=\"page_item page-item-2800\"><a href=\"https:\/\/visitoland.com\/en\/travel\/taxi-car-rental\/\">Taxi &#038; Car rental<\/a><\/li>\n<\/ul><\/div>\n<\/div>\n<\/div>\n","protected":false},"excerpt":{"rendered":"<p>Resplus Resplus (travelplus) interconnects a large part of the Swedish public transport systems. With a Resplus ticket you combined long-distance, regional, local and commuter rail, express buses, regional buses, city and local buses, metro, tram and ferries on the same ticket. https:\/\/www.resplus.se\/Resplus SJ SJ is the largest train operator in Sweden, with direct train connections&nbsp; &nbsp;<a href=\"https:\/\/visitoland.com\/en\/travel\/bus-train-flight\/\">&#8230;Continue Reading<\/a><\/p>\n","protected":false},"author":2,"featured_media":957,"parent":221,"menu_order":0,"comment_status":"open","ping_status":"open","template":"page.php","meta":{"footnotes":""},"class_list":["post-1979","page","type-page","status-publish","has-post-thumbnail","hentry"],"aioseo_notices":[],"_links":{"self":[{"href":"https:\/\/visitoland.com\/en\/wp-json\/wp\/v2\/pages\/1979","targetHints":{"allow":["GET"]}}],"collection":[{"href":"https:\/\/visitoland.com\/en\/wp-json\/wp\/v2\/pages"}],"about":[{"href":"https:\/\/visitoland.com\/en\/wp-json\/wp\/v2\/types\/page"}],"author":[{"embeddable":true,"href":"https:\/\/visitoland.com\/en\/wp-json\/wp\/v2\/users\/2"}],"replies":[{"embeddable":true,"href":"https:\/\/visitoland.com\/en\/wp-json\/wp\/v2\/comments?post=1979"}],"version-history":[{"count":0,"href":"https:\/\/visitoland.com\/en\/wp-json\/wp\/v2\/pages\/1979\/revisions"}],"up":[{"embeddable":true,"href":"https:\/\/visitoland.com\/en\/wp-json\/wp\/v2\/pages\/221"}],"wp:featuredmedia":[{"embeddable":true,"href":"https:\/\/visitoland.com\/en\/wp-json\/wp\/v2\/media\/957"}],"wp:attachment":[{"href":"https:\/\/visitoland.com\/en\/wp-json\/wp\/v2\/media?parent=1979"}],"curies":[{"name":"wp","href":"https:\/\/api.w.org\/{rel}","templated":true}]}}