{"id":2015,"date":"2012-12-29T21:29:58","date_gmt":"2012-12-29T20:29:58","guid":{"rendered":"https:\/\/visitoland.com\/?page_id=2015"},"modified":"2014-01-03T19:43:58","modified_gmt":"2014-01-03T18:43:58","slug":"food-manufacturer","status":"publish","type":"page","link":"https:\/\/visitoland.com\/en\/eat\/food-manufacturer\/","title":{"rendered":"Food manufacturer"},"content":{"rendered":"<div class=\"accordion\" id=\"accordion2\">\r\n<div class=\"accordion-group\">\r\n<div class=\"accordion-heading\"><a class=\"accordion-toggle\" href=\"#collapseOne\" data-toggle=\"collapse\" data-parent=\"#accordion2\">\r\nEat Menu\r\n<\/a><\/div>\r\n<div class=\"accordion-body collapse\" id=\"collapseOne\">\r\n<div class=\"accordion-inner\">\r\n<ul class=\"nav nav-pills nav-stacked\">\r\n<li class=\"page_item page-item-416\"><a href=\"https:\/\/visitoland.com\/en\/eat\/coffe-shops\/\">Coffe shops<\/a><\/li>\n<li class=\"page_item page-item-2015\"><a href=\"https:\/\/visitoland.com\/en\/eat\/food-manufacturer\/\">Food manufacturer<\/a><\/li>\n<li class=\"page_item page-item-6243\"><a href=\"https:\/\/visitoland.com\/en\/eat\/pub-bar\/\">Pub &#038; Bar<\/a><\/li>\n<li class=\"page_item page-item-2087\"><a href=\"https:\/\/visitoland.com\/en\/eat\/restaurant\/\">Restaurant<\/a><\/li>\n<\/ul>\r\n<\/div>\r\n<\/div>\r\n<\/div>\r\n<\/div>\n\r\n\r\n\r\n<div class=\"row\">\r\n  <div class=\"span8\">\r\n    <div class=\"inner\">\r\n\r\n<div id=\"options\">\r\n  <div class=\"option-set\" data-group=\"lage\">\r\n                    <input type=\"checkbox\" value=\"\" id=\"lage-all\" class=\"all\" checked \/><label for=\"lage-all\">Whole \u00d6land<\/label>\r\n                <input type=\"checkbox\" value=\".nothern-oland\" id=\"nothern-oland\" \/><label for=\"nothern-oland\">Northern \u00d6land<\/label>\r\n                <input type=\"checkbox\" value=\".southern-oland\" id=\"southern-oland\" \/><label for=\"southern-oland\">Southern \u00d6land<\/label>\r\n                <input type=\"checkbox\" value=\".central-oland\" id=\"central-oland\" \/><label for=\"central-oland\">Central \u00d6land<\/label>\r\n                <input type=\"checkbox\" value=\".kalmar\" id=\"kalmar\" \/><label for=\"kalmar\">Kalmar<\/label>\r\n  <\/div>\r\n  <div class=\"option-set\" data-group=\"typ\">\r\n    <input type=\"checkbox\" value=\"\" id=\"typ-all\" class=\"all\" checked \/><label for=\"typ-all\">All<\/label>\r\n    <input type=\"checkbox\" value=\".gluten\" id=\"gluten\" \/><label for=\"gluten\">Gluten-free options<\/label>\r\n    <input type=\"checkbox\" value=\".laktos\" id=\"laktos\" \/><label for=\"laktos\">Lactose-free alternatives<\/label>\r\n    <input type=\"checkbox\" value=\".disability-friendly\" id=\"disability-friendly\" \/><label for=\"disability-friendly\">Disability friendly<\/label>\r\n  <\/div>\r\n<\/div>\r\n\r\n\r\n    <\/div>\r\n  <\/div>\r\n<\/div>\n\n<div id=\"wpv-view-layout-6256\" class=\"js-wpv-view-layout js-wpv-layout-responsive js-wpv-view-layout-6256\" data-viewnumber=\"6256\" data-pagination=\"{&quot;id&quot;:6256,&quot;query&quot;:&quot;normal&quot;,&quot;type&quot;:&quot;disabled&quot;,&quot;effect&quot;:&quot;fade&quot;,&quot;duration&quot;:&quot;500&quot;,&quot;speed&quot;:5,&quot;pause_on_hover&quot;:&quot;disabled&quot;,&quot;stop_rollover&quot;:&quot;false&quot;,&quot;cache_pages&quot;:&quot;enabled&quot;,&quot;preload_images&quot;:&quot;enabled&quot;,&quot;preload_pages&quot;:&quot;enabled&quot;,&quot;preload_reach&quot;:&quot;1&quot;,&quot;spinner&quot;:&quot;builtin&quot;,&quot;spinner_image&quot;:&quot;https:\/\/visitoland.com\/koko173Jambo29\/wp-content\/plugins\/wp-views\/embedded\/res\/img\/ajax-loader.gif&quot;,&quot;callback_next&quot;:&quot;&quot;,&quot;manage_history&quot;:&quot;enabled&quot;,&quot;has_controls_in_form&quot;:&quot;disabled&quot;,&quot;infinite_tolerance&quot;:&quot;0&quot;,&quot;max_pages&quot;:0,&quot;page&quot;:1,&quot;base_permalink&quot;:&quot;\/en\/wp-json\/wp\/v2\/pages\/2015?wpv_view_count=6256&amp;wpv_paged=WPV_PAGE_NUM&quot;,&quot;loop&quot;:{&quot;type&quot;:&quot;&quot;,&quot;name&quot;:&quot;&quot;,&quot;data&quot;:[],&quot;id&quot;:0}}\" data-permalink=\"\/en\/wp-json\/wp\/v2\/pages\/2015?wpv_view_count=6256\">\n\n<div class=\"row\">\n\t\n\t<div id=\"containerAtaEng\" class=\"span5\">\n    \t\n    \t\t<div class=\"map_element row operators-list-item box central-oland\">\n              <input type=\"hidden\" value=\"56.7118864\" class=\"marker_long\" \/>\n              <input type=\"hidden\" value=\"16.5144686\" class=\"marker_lat\" \/>\n              <div class=\"span2\">\n                <div class=\"inner\">\n           \n                    <img loading=\"lazy\" decoding=\"async\" width=\"220\" height=\"147\" src=\"https:\/\/visitoland.com\/wp-content\/uploads\/2013\/04\/birgittas-matbod-pres.jpg\" class=\"attachment-full size-full wp-post-image\" alt=\"\" srcset=\"https:\/\/visitoland.com\/wp-content\/uploads\/2013\/04\/birgittas-matbod-pres.jpg 220w, https:\/\/visitoland.com\/wp-content\/uploads\/2013\/04\/birgittas-matbod-pres-150x100.jpg 150w, https:\/\/visitoland.com\/wp-content\/uploads\/2013\/04\/birgittas-matbod-pres-160x106.jpg 160w\" sizes=\"auto, (max-width: 220px) 100vw, 220px\" \/>\n                \n                <\/div>\n              <\/div>\n              <div class=\"span3\">\n                <div class=\"inner\">\n                  <h2 class=\"bo link-title marker_title\"><a href=\"https:\/\/visitoland.com\/en\/visit-ata\/birgittas-matbod\/\">Birgittas Matbod<\/a><\/h2>\n                  <p>The family company with Delicatessen processed from the locally produced products of \u00d6land, winner of the Golden Pumpkin 2012.<\/p>\n<br\/>\n                  Location: Central \u00d6land\r\n\n   \n                <\/div>\n              <\/div>  \n    \t\t<\/div>\n          <hr\/>\n    \t\n    \t\t<div class=\"map_element row operators-list-item box shopping-en southern-oland\">\n              <input type=\"hidden\" value=\"56.4692751\" class=\"marker_long\" \/>\n              <input type=\"hidden\" value=\"16.5745378\" class=\"marker_lat\" \/>\n              <div class=\"span2\">\n                <div class=\"inner\">\n           \n                    <img loading=\"lazy\" decoding=\"async\" width=\"220\" height=\"147\" src=\"https:\/\/visitoland.com\/wp-content\/uploads\/2013\/04\/havtornsgarden-pres.jpg\" class=\"attachment-full size-full wp-post-image\" alt=\"\" srcset=\"https:\/\/visitoland.com\/wp-content\/uploads\/2013\/04\/havtornsgarden-pres.jpg 220w, https:\/\/visitoland.com\/wp-content\/uploads\/2013\/04\/havtornsgarden-pres-150x100.jpg 150w, https:\/\/visitoland.com\/wp-content\/uploads\/2013\/04\/havtornsgarden-pres-160x106.jpg 160w\" sizes=\"auto, (max-width: 220px) 100vw, 220px\" \/>\n                \n                <\/div>\n              <\/div>\n              <div class=\"span3\">\n                <div class=\"inner\">\n                  <h2 class=\"bo link-title marker_title\"><a href=\"https:\/\/visitoland.com\/en\/visit-ata\/havtornsgarden\/\">Havtornsg\u00e5rden<\/a><\/h2>\n                  <p>Havtornsg\u00e5rden (Sea-buckthorn Farm), is a KRAV certified organic farm, that cultivates organic products since early 1970. Farm shop and caf\u00e9.<\/p>\n<br\/>\n                  Location: Southern \u00d6land\r\n\n   \n                <\/div>\n              <\/div>  \n    \t\t<\/div>\n          <hr\/>\n    \t\n    \t\t<div class=\"map_element row operators-list-item box eat shopping-en southern-oland\">\n              <input type=\"hidden\" value=\"56.2857266\" class=\"marker_long\" \/>\n              <input type=\"hidden\" value=\"16.4077341\" class=\"marker_lat\" \/>\n              <div class=\"span2\">\n                <div class=\"inner\">\n           \n                    <img loading=\"lazy\" decoding=\"async\" width=\"460\" height=\"307\" src=\"https:\/\/visitoland.com\/wp-content\/uploads\/2015\/06\/norrgardens-gardsbutik-butik-fasad1.jpg\" class=\"attachment-full size-full wp-post-image\" alt=\"\" srcset=\"https:\/\/visitoland.com\/wp-content\/uploads\/2015\/06\/norrgardens-gardsbutik-butik-fasad1.jpg 460w, https:\/\/visitoland.com\/wp-content\/uploads\/2015\/06\/norrgardens-gardsbutik-butik-fasad1-150x100.jpg 150w, https:\/\/visitoland.com\/wp-content\/uploads\/2015\/06\/norrgardens-gardsbutik-butik-fasad1-300x200.jpg 300w, https:\/\/visitoland.com\/wp-content\/uploads\/2015\/06\/norrgardens-gardsbutik-butik-fasad1-160x106.jpg 160w, https:\/\/visitoland.com\/wp-content\/uploads\/2015\/06\/norrgardens-gardsbutik-butik-fasad1-260x173.jpg 260w, https:\/\/visitoland.com\/wp-content\/uploads\/2015\/06\/norrgardens-gardsbutik-butik-fasad1-360x240.jpg 360w\" sizes=\"auto, (max-width: 460px) 100vw, 460px\" \/>\n                \n                <\/div>\n              <\/div>\n              <div class=\"span3\">\n                <div class=\"inner\">\n                  <h2 class=\"bo link-title marker_title\"><a href=\"https:\/\/visitoland.com\/en\/visit-ata\/norrgaardens-gaardsbutik-farm-shop\/\">Norrg\u00e5rdens G\u00e5rdsbutik (Farm Shop)<\/a><\/h2>\n                  <p>The wonderful farm shop in Ventlinge which is open year round! Tastes and crops depending on the season.<\/p>\n<br\/>\n                  Location: Southern \u00d6land\r\n\n   \n                <\/div>\n              <\/div>  \n    \t\t<\/div>\n          <hr\/>\n    \t\n    \t\t<div class=\"map_element row operators-list-item box central-oland shopping-en\">\n              <input type=\"hidden\" value=\"56.646109\" class=\"marker_long\" \/>\n              <input type=\"hidden\" value=\"16.4992165\" class=\"marker_lat\" \/>\n              <div class=\"span2\">\n                <div class=\"inner\">\n           \n                    <img loading=\"lazy\" decoding=\"async\" width=\"220\" height=\"147\" src=\"https:\/\/visitoland.com\/wp-content\/uploads\/2013\/04\/olands-fisk-och-rokeri-pres.jpg\" class=\"attachment-full size-full wp-post-image\" alt=\"\" srcset=\"https:\/\/visitoland.com\/wp-content\/uploads\/2013\/04\/olands-fisk-och-rokeri-pres.jpg 220w, https:\/\/visitoland.com\/wp-content\/uploads\/2013\/04\/olands-fisk-och-rokeri-pres-150x100.jpg 150w, https:\/\/visitoland.com\/wp-content\/uploads\/2013\/04\/olands-fisk-och-rokeri-pres-160x106.jpg 160w\" sizes=\"auto, (max-width: 220px) 100vw, 220px\" \/>\n                \n                <\/div>\n              <\/div>\n              <div class=\"span3\">\n                <div class=\"inner\">\n                  <h2 class=\"bo link-title marker_title\"><a href=\"https:\/\/visitoland.com\/en\/visit-ata\/olands-fisk-rokeri\/\">\u00d6lands Fisk &#038; R\u00f6keri<\/a><\/h2>\n                  <p>The small smokery with the big flavors, smoked fish and meat, prepared food plus fresh fish, in cooperation with fishermen and farmers on \u00d6land.<\/p>\n<br\/>\n                  Location: Central \u00d6land\r\n\n   \n                <\/div>\n              <\/div>  \n    \t\t<\/div>\n          <hr\/>\n    \t\n    \t\t<div class=\"map_element row operators-list-item box shopping-en southern-oland\">\n              <input type=\"hidden\" value=\"56.5147336761\" class=\"marker_long\" \/>\n              <input type=\"hidden\" value=\"16.4369087501\" class=\"marker_lat\" \/>\n              <div class=\"span2\">\n                <div class=\"inner\">\n           \n                    <img loading=\"lazy\" decoding=\"async\" width=\"220\" height=\"147\" src=\"https:\/\/visitoland.com\/wp-content\/uploads\/2013\/04\/Olands-Kvalitetsprodukter-AB-pres.jpg\" class=\"attachment-full size-full wp-post-image\" alt=\"\" srcset=\"https:\/\/visitoland.com\/wp-content\/uploads\/2013\/04\/Olands-Kvalitetsprodukter-AB-pres.jpg 220w, https:\/\/visitoland.com\/wp-content\/uploads\/2013\/04\/Olands-Kvalitetsprodukter-AB-pres-150x100.jpg 150w, https:\/\/visitoland.com\/wp-content\/uploads\/2013\/04\/Olands-Kvalitetsprodukter-AB-pres-160x106.jpg 160w\" sizes=\"auto, (max-width: 220px) 100vw, 220px\" \/>\n                \n                <\/div>\n              <\/div>\n              <div class=\"span3\">\n                <div class=\"inner\">\n                  <h2 class=\"bo link-title marker_title\"><a href=\"https:\/\/visitoland.com\/en\/visit-ata\/olands-kvalitetsprodukter-ab\/\">\u00d6lands Kvalitetsprodukter AB<\/a><\/h2>\n                  <br\/>\n                  Location: Southern \u00d6land\r\n\n   \n                <\/div>\n              <\/div>  \n    \t\t<\/div>\n          <hr\/>\n    \t\n    \t\t<div class=\"map_element row operators-list-item box central-oland\">\n              <input type=\"hidden\" value=\"56.6479509\" class=\"marker_long\" \/>\n              <input type=\"hidden\" value=\"16.4887775\" class=\"marker_lat\" \/>\n              <div class=\"span2\">\n                <div class=\"inner\">\n           \n                    <img loading=\"lazy\" decoding=\"async\" width=\"220\" height=\"147\" src=\"https:\/\/visitoland.com\/wp-content\/uploads\/2013\/04\/bonchips-presentation.jpg\" class=\"attachment-full size-full wp-post-image\" alt=\"\" srcset=\"https:\/\/visitoland.com\/wp-content\/uploads\/2013\/04\/bonchips-presentation.jpg 220w, https:\/\/visitoland.com\/wp-content\/uploads\/2013\/04\/bonchips-presentation-150x100.jpg 150w, https:\/\/visitoland.com\/wp-content\/uploads\/2013\/04\/bonchips-presentation-160x106.jpg 160w\" sizes=\"auto, (max-width: 220px) 100vw, 220px\" \/>\n                \n                <\/div>\n              <\/div>\n              <div class=\"span3\">\n                <div class=\"inner\">\n                  <h2 class=\"bo link-title marker_title\"><a href=\"https:\/\/visitoland.com\/en\/visit-ata\/olandska-bonchips\/\">\u00d6l\u00e4ndska B\u00f6nchips<\/a><\/h2>\n                  <p>Bean crisps from \u00d6land, is a new product made of organic bush beans. The crisps are made without additives and contain no milk or gluten!<\/p>\n<br\/>\n                  Location: Central \u00d6land\r\n\n   \n                <\/div>\n              <\/div>  \n    \t\t<\/div>\n          <hr\/>\n    \t\n    \t\t<div class=\"map_element row operators-list-item box central-oland shopping-en\">\n              <input type=\"hidden\" value=\"56.6549097\" class=\"marker_long\" \/>\n              <input type=\"hidden\" value=\"16.5048745\" class=\"marker_lat\" \/>\n              <div class=\"span2\">\n                <div class=\"inner\">\n           \n                    <img loading=\"lazy\" decoding=\"async\" width=\"220\" height=\"147\" src=\"https:\/\/visitoland.com\/wp-content\/uploads\/2013\/04\/Sunt-och-Gront-pres.jpg\" class=\"attachment-full size-full wp-post-image\" alt=\"\" srcset=\"https:\/\/visitoland.com\/wp-content\/uploads\/2013\/04\/Sunt-och-Gront-pres.jpg 220w, https:\/\/visitoland.com\/wp-content\/uploads\/2013\/04\/Sunt-och-Gront-pres-150x100.jpg 150w, https:\/\/visitoland.com\/wp-content\/uploads\/2013\/04\/Sunt-och-Gront-pres-160x106.jpg 160w\" sizes=\"auto, (max-width: 220px) 100vw, 220px\" \/>\n                \n                <\/div>\n              <\/div>\n              <div class=\"span3\">\n                <div class=\"inner\">\n                  <h2 class=\"bo link-title marker_title\"><a href=\"https:\/\/visitoland.com\/en\/visit-ata\/sunt-gront\/\">Sunt &#038; Gr\u00f6nt<\/a><\/h2>\n                  <p>The charming little Port Shed in Bj\u00f6rnhovda, maybe not on the world map but still in Bj\u00f6rnhovda village<\/p>\n<br\/>\n                  Location: Central \u00d6land\r\n\n   \n                <\/div>\n              <\/div>  \n    \t\t<\/div>\n          <hr\/>\n    \t\n\t<\/div>\n\t\n\t<div class=\"span3 karta\">\n        <div class=\"inner\">\n          \t<div id=\"map\" style=\"width: 400px; height:650px;\"><\/div>\n        <\/div>\n    <\/div>\n    \n<\/div>\n\n<div class=\"row\">\n  <div class=\"span8\">\n    <div class=\"inner\">\n        \n        <\/div>\n    <\/div>\n  <\/div>\n<\/div>\n\r\n\n","protected":false},"excerpt":{"rendered":"Eat Menu Coffe shops Food manufacturer Pub &#038; Bar Restaurant Whole \u00d6land Northern \u00d6land Southern \u00d6land Central \u00d6land Kalmar All Gluten-free options Lactose-free alternatives Disability friendly Birgittas Matbod The family company with Delicatessen processed from the locally produced products of \u00d6land, winner of the Golden Pumpkin 2012. Location: Central \u00d6land Havtornsg\u00e5rden Havtornsg\u00e5rden (Sea-buckthorn Farm), is&nbsp; &nbsp;<a href=\"https:\/\/visitoland.com\/en\/eat\/food-manufacturer\/\">...Continue Reading<\/a>","protected":false},"author":12,"featured_media":5142,"parent":199,"menu_order":0,"comment_status":"open","ping_status":"open","template":"page.php","meta":{"footnotes":""},"class_list":["post-2015","page","type-page","status-publish","has-post-thumbnail","hentry"],"aioseo_notices":[],"_links":{"self":[{"href":"https:\/\/visitoland.com\/en\/wp-json\/wp\/v2\/pages\/2015","targetHints":{"allow":["GET"]}}],"collection":[{"href":"https:\/\/visitoland.com\/en\/wp-json\/wp\/v2\/pages"}],"about":[{"href":"https:\/\/visitoland.com\/en\/wp-json\/wp\/v2\/types\/page"}],"author":[{"embeddable":true,"href":"https:\/\/visitoland.com\/en\/wp-json\/wp\/v2\/users\/12"}],"replies":[{"embeddable":true,"href":"https:\/\/visitoland.com\/en\/wp-json\/wp\/v2\/comments?post=2015"}],"version-history":[{"count":0,"href":"https:\/\/visitoland.com\/en\/wp-json\/wp\/v2\/pages\/2015\/revisions"}],"up":[{"embeddable":true,"href":"https:\/\/visitoland.com\/en\/wp-json\/wp\/v2\/pages\/199"}],"wp:featuredmedia":[{"embeddable":true,"href":"https:\/\/visitoland.com\/en\/wp-json\/wp\/v2\/media\/5142"}],"wp:attachment":[{"href":"https:\/\/visitoland.com\/en\/wp-json\/wp\/v2\/media?parent=2015"}],"curies":[{"name":"wp","href":"https:\/\/api.w.org\/{rel}","templated":true}]}}