{"id":223,"date":"2012-11-05T22:29:21","date_gmt":"2012-11-05T22:29:21","guid":{"rendered":"https:\/\/visitoland.com\/?page_id=223"},"modified":"2014-07-06T22:55:38","modified_gmt":"2014-07-06T20:55:38","slug":"upcoming","status":"publish","type":"page","link":"https:\/\/visitoland.com\/en\/upcoming\/","title":{"rendered":"Whats&nbsp;on"},"content":{"rendered":"<p><a href=\"#form\">Tipsa oss om ditt evenemang!<\/a><\/p>\n\r\n\r\n\r\n<div id=\"wpv-view-layout-15332\" class=\"js-wpv-view-layout js-wpv-layout-responsive js-wpv-view-layout-15332\" data-viewnumber=\"15332\" data-pagination=\"{&quot;id&quot;:15332,&quot;query&quot;:&quot;normal&quot;,&quot;type&quot;:&quot;disabled&quot;,&quot;effect&quot;:&quot;fade&quot;,&quot;duration&quot;:&quot;500&quot;,&quot;speed&quot;:5,&quot;pause_on_hover&quot;:&quot;disabled&quot;,&quot;stop_rollover&quot;:&quot;false&quot;,&quot;cache_pages&quot;:&quot;enabled&quot;,&quot;preload_images&quot;:&quot;enabled&quot;,&quot;preload_pages&quot;:&quot;enabled&quot;,&quot;preload_reach&quot;:&quot;1&quot;,&quot;spinner&quot;:&quot;builtin&quot;,&quot;spinner_image&quot;:&quot;https:\/\/visitoland.com\/koko173Jambo29\/wp-content\/plugins\/wp-views\/embedded\/res\/img\/ajax-loader.gif&quot;,&quot;callback_next&quot;:&quot;&quot;,&quot;manage_history&quot;:&quot;enabled&quot;,&quot;has_controls_in_form&quot;:&quot;disabled&quot;,&quot;infinite_tolerance&quot;:&quot;0&quot;,&quot;max_pages&quot;:0,&quot;page&quot;:1,&quot;base_permalink&quot;:&quot;\/en\/wp-json\/wp\/v2\/pages\/223?wpv_view_count=15332&amp;wpv_paged=WPV_PAGE_NUM&quot;,&quot;loop&quot;:{&quot;type&quot;:&quot;&quot;,&quot;name&quot;:&quot;&quot;,&quot;data&quot;:[],&quot;id&quot;:0}}\" data-permalink=\"\/en\/wp-json\/wp\/v2\/pages\/223?wpv_view_count=15332\">\n\n<div class=\"row\">\n\t\n\t<div id=\"containerWhatson\" class=\"span8 readmore\">\n    \t\n\t<\/div>   \n<\/div>\n\n<div class=\"row\">\n  <div class=\"span8\">\n    <div class=\"inner\">\n        <strong>Inget hittades<\/strong>\n        <\/div>\n    <\/div>\n  <\/div>\n<\/div>\r\n\n<p><a name=\"form\"><\/a><br \/>\n\n<div class=\"wpcf7 no-js\" id=\"wpcf7-f15273-o1\" lang=\"\" dir=\"ltr\" data-wpcf7-id=\"15273\">\n<div class=\"screen-reader-response\"><p role=\"status\" aria-live=\"polite\" aria-atomic=\"true\"><\/p> <ul><\/ul><\/div>\n<form action=\"\/en\/wp-json\/wp\/v2\/pages\/223#wpcf7-f15273-o1\" method=\"post\" class=\"wpcf7-form init form-horizontal\" aria-label=\"Contact form\" enctype=\"multipart\/form-data\" novalidate=\"novalidate\" data-status=\"init\">\n<div style=\"display: none;\">\n<input type=\"hidden\" name=\"_wpcf7\" value=\"15273\" \/>\n<input type=\"hidden\" name=\"_wpcf7_version\" value=\"6.0.6\" \/>\n<input type=\"hidden\" name=\"_wpcf7_locale\" value=\"\" \/>\n<input type=\"hidden\" name=\"_wpcf7_unit_tag\" value=\"wpcf7-f15273-o1\" \/>\n<input type=\"hidden\" name=\"_wpcf7_container_post\" value=\"0\" \/>\n<input type=\"hidden\" name=\"_wpcf7_posted_data_hash\" value=\"\" \/>\n<\/div>\n<div class=\"row\">\n\t<div class=\"span8\">\n\t\t<h2 class=\"inner\">V\u00e4lj kategori:\n\t\t<\/h2>\n\t\t<div class=\"row\">\n\t\t\t<div class=\"span8\">\n\t\t\t\t<div class=\"inner\" style=\"padding-bottom: 20px; padding-top: 20px;\">\n\t\t\t\t\t<p><span class=\"wpcf7-form-control-wrap\" data-name=\"kategori\"><span class=\"wpcf7-form-control wpcf7-radio\"><span class=\"wpcf7-list-item first\"><input type=\"radio\" name=\"kategori\" value=\"Kultur\" \/><span class=\"wpcf7-list-item-label\">Kultur<\/span><\/span><span class=\"wpcf7-list-item\"><input type=\"radio\" name=\"kategori\" value=\"Natur\" \/><span class=\"wpcf7-list-item-label\">Natur<\/span><\/span><span class=\"wpcf7-list-item\"><input type=\"radio\" name=\"kategori\" value=\"Musik\" \/><span class=\"wpcf7-list-item-label\">Musik<\/span><\/span><span class=\"wpcf7-list-item\"><input type=\"radio\" name=\"kategori\" value=\"Sport\" \/><span class=\"wpcf7-list-item-label\">Sport<\/span><\/span><span class=\"wpcf7-list-item\"><input type=\"radio\" name=\"kategori\" value=\"Kropp och H\u00e4lsa\" \/><span class=\"wpcf7-list-item-label\">Kropp och H\u00e4lsa<\/span><\/span><span class=\"wpcf7-list-item last\"><input type=\"radio\" name=\"kategori\" value=\"\u00d6vrigt\" \/><span class=\"wpcf7-list-item-label\">\u00d6vrigt<\/span><\/span><\/span><\/span>\n\t\t\t\t\t<\/p>\n\t\t\t\t<\/div>\n\t\t\t<\/div>\n\t\t<\/div>\n\t\t<div class=\"row\">\n\t\t\t<div class=\"span2\">\n\t\t\t\t<p class=\"inner\">Titel(Kursnamn)<br \/>\n<span class=\"wpcf7-form-control-wrap\" data-name=\"Kursnamn\"><input size=\"40\" maxlength=\"40\" class=\"wpcf7-form-control wpcf7-text\" aria-invalid=\"false\" value=\"\" type=\"text\" name=\"Kursnamn\" \/><\/span>\n\t\t\t\t<\/p>\n\t\t\t<\/div>\n\t\t\t<div class=\"span2\">\n\t\t\t\t<p class=\"inner\">Adress<br \/>\n<span class=\"wpcf7-form-control-wrap\" data-name=\"Adress\"><input size=\"40\" maxlength=\"400\" class=\"wpcf7-form-control wpcf7-text\" aria-invalid=\"false\" value=\"\" type=\"text\" name=\"Adress\" \/><\/span>\n\t\t\t\t<\/p>\n\t\t\t<\/div>\n\t\t\t<div class=\"span2\">\n\t\t\t\t<p class=\"inner\">Telefon<br \/>\n<span class=\"wpcf7-form-control-wrap\" data-name=\"Telefon\"><input size=\"40\" maxlength=\"400\" class=\"wpcf7-form-control wpcf7-tel wpcf7-text wpcf7-validates-as-tel\" aria-invalid=\"false\" value=\"\" type=\"tel\" name=\"Telefon\" \/><\/span>\n\t\t\t\t<\/p>\n\t\t\t<\/div>\n\t\t\t<div class=\"span2\">\n\t\t\t\t<p class=\"inner\">Arrang\u00f6r<br \/>\n<span class=\"wpcf7-form-control-wrap\" data-name=\"Arrangr\"><input size=\"40\" maxlength=\"400\" class=\"wpcf7-form-control wpcf7-text\" aria-invalid=\"false\" value=\"\" type=\"text\" name=\"Arrangr\" \/><\/span>\n\t\t\t\t<\/p>\n\t\t\t<\/div>\n\t\t<\/div>\n\t\t<div class=\"row\">\n\t\t\t<div class=\"span2\">\n\t\t\t\t<p class=\"inner\">Datum Start(\u00e5\u00e5\u00e5\u00e5-mm-dd)<br \/>\n<span class=\"wpcf7-form-control-wrap\" data-name=\"Startdatum\"><input class=\"wpcf7-form-control wpcf7-date wpcf7-validates-as-date\" min=\"2014-02-08\" aria-invalid=\"false\" value=\"\" type=\"date\" name=\"Startdatum\" \/><\/span>\n\t\t\t\t<\/p>\n\t\t\t<\/div>\n\t\t\t<div class=\"span2\">\n\t\t\t\t<p class=\"inner\">Datum Slut(\u00e5\u00e5\u00e5\u00e5-mm-dd)<br \/>\n<span class=\"wpcf7-form-control-wrap\" data-name=\"Slutdatum\"><input class=\"wpcf7-form-control wpcf7-date wpcf7-validates-as-date\" aria-invalid=\"false\" value=\"\" type=\"date\" name=\"Slutdatum\" \/><\/span>\n\t\t\t\t<\/p>\n\t\t\t<\/div>\n\t\t\t<div class=\"span1\">\n\t\t\t\t<p class=\"inner\">Kl. start<br \/>\n<span class=\"wpcf7-form-control-wrap\" data-name=\"startKl\"><input class=\"wpcf7-form-control wpcf7-number wpcf7-validates-as-number\" min=\"0\" max=\"24\" aria-invalid=\"false\" value=\"\" type=\"number\" name=\"startKl\" \/><\/span>\n\t\t\t\t<\/p>\n\t\t\t<\/div>\n\t\t\t<div class=\"span1\">\n\t\t\t\t<p class=\"inner\">Kl. slut<br \/>\n<span class=\"wpcf7-form-control-wrap\" data-name=\"slutKl\"><input class=\"wpcf7-form-control wpcf7-number wpcf7-validates-as-number\" min=\"0\" max=\"24\" aria-invalid=\"false\" value=\"\" type=\"number\" name=\"slutKl\" \/><\/span>\n\t\t\t\t<\/p>\n\t\t\t<\/div>\n\t\t\t<div class=\"span2\">\n\t\t\t\t<p class=\"inner\">Heldag<br \/>\n<span class=\"wpcf7-form-control-wrap\" data-name=\"heldags\"><span class=\"wpcf7-form-control wpcf7-checkbox\"><span class=\"wpcf7-list-item first last\"><input type=\"checkbox\" name=\"heldags[]\" value=\"Heldag\" \/><span class=\"wpcf7-list-item-label\">Heldag<\/span><\/span><\/span><\/span>\n\t\t\t\t<\/p>\n\t\t\t<\/div>\n\t\t<\/div>\n\t\t<div class=\"row\">\n\t\t\t<div class=\"span2\">\n\t\t\t\t<p class=\"inner\">L\u00e4ge<br \/>\n<span class=\"wpcf7-form-control-wrap\" data-name=\"Lge\"><select class=\"wpcf7-form-control wpcf7-select\" aria-invalid=\"false\" name=\"Lge\"><option value=\"Norra \u00d6land\">Norra \u00d6land<\/option><option value=\"S\u00f6dra \u00d6land\">S\u00f6dra \u00d6land<\/option><option value=\"Mellersta \u00d6land\">Mellersta \u00d6land<\/option><\/select><\/span>\n\t\t\t\t<\/p>\n\t\t\t<\/div>\n\t\t\t<div class=\"span2\">\n\t\t\t\t<p class=\"inner\">Webbplats<br \/>\n<span class=\"wpcf7-form-control-wrap\" data-name=\"Webbplats\"><input size=\"40\" maxlength=\"50\" class=\"wpcf7-form-control wpcf7-url wpcf7-text wpcf7-validates-as-url\" aria-invalid=\"false\" value=\"\" type=\"url\" name=\"Webbplats\" \/><\/span>\n\t\t\t\t<\/p>\n\t\t\t<\/div>\n\t\t\t<div class=\"span2\">\n\t\t\t\t<p class=\"inner\">E-post<br \/>\n<span class=\"wpcf7-form-control-wrap\" data-name=\"W-post\"><input size=\"40\" maxlength=\"30\" class=\"wpcf7-form-control wpcf7-email wpcf7-text wpcf7-validates-as-email\" aria-invalid=\"false\" value=\"\" type=\"email\" name=\"W-post\" \/><\/span>\n\t\t\t\t<\/p>\n\t\t\t<\/div>\n\t\t\t<div class=\"span2\">\n\t\t\t\t<p class=\"inner\">Presentationsbild<br \/>\n<span class=\"wpcf7-form-control-wrap\" data-name=\"bild\"><input size=\"40\" class=\"wpcf7-form-control wpcf7-file\" accept=\"audio\/*,video\/*,image\/*\" aria-invalid=\"false\" type=\"file\" name=\"bild\" \/><\/span>\n\t\t\t\t<\/p>\n\t\t\t<\/div>\n\t\t<\/div>\n\t\t<div class=\"row\">\n\t\t\t<div class=\"span8 \">\n\t\t\t\t<p class=\"inner\">Beskrivning<br \/>\n<span class=\"wpcf7-form-control-wrap\" data-name=\"Beskrivandetext\"><textarea cols=\"40\" rows=\"10\" maxlength=\"2000\" class=\"wpcf7-form-control wpcf7-textarea\" aria-invalid=\"false\" name=\"Beskrivandetext\"><\/textarea><\/span>\n\t\t\t\t<\/p>\n\t\t\t<\/div>\n\t\t<\/div>\n\t\t<h2 class=\"inner\">Kontaktinfo (Publiceras inte)\n\t\t<\/h2>\n\t\t<div class=\"row\">\n\t\t\t<div class=\"span2\">\n\t\t\t\t<p class=\"inner\">Ditt namn (obligatorisk)\n\t\t\t\t<\/p>\n\t\t\t\t<p><span class=\"wpcf7-form-control-wrap\" data-name=\"your-name\"><input size=\"40\" maxlength=\"400\" class=\"wpcf7-form-control wpcf7-text wpcf7-validates-as-required\" aria-required=\"true\" aria-invalid=\"false\" value=\"\" type=\"text\" name=\"your-name\" \/><\/span>\n\t\t\t\t<\/p>\n\t\t\t<\/div>\n\t\t\t<div class=\"span2\">\n\t\t\t\t<p class=\"inner\">Telefon\n\t\t\t\t<\/p>\n\t\t\t\t<p><span class=\"wpcf7-form-control-wrap\" data-name=\"Ditttelefon\"><input size=\"40\" maxlength=\"400\" class=\"wpcf7-form-control wpcf7-tel wpcf7-text wpcf7-validates-as-tel\" aria-invalid=\"false\" value=\"\" type=\"tel\" name=\"Ditttelefon\" \/><\/span>\n\t\t\t\t<\/p>\n\t\t\t<\/div>\n\t\t\t<div class=\"span4\">\n\t\t\t\t<p class=\"inner\">Din e-post (obligatorisk)\n\t\t\t\t<\/p>\n\t\t\t\t<p><span class=\"wpcf7-form-control-wrap\" data-name=\"your-email\"><input size=\"40\" maxlength=\"30\" class=\"wpcf7-form-control wpcf7-email wpcf7-validates-as-required wpcf7-text wpcf7-validates-as-email\" aria-required=\"true\" aria-invalid=\"false\" value=\"\" type=\"email\" name=\"your-email\" \/><\/span>\n\t\t\t\t<\/p>\n\t\t\t<\/div>\n\t\t<\/div>\n\t\t<p><input class=\"wpcf7-form-control wpcf7-submit has-spinner\" type=\"submit\" value=\"Skicka\" \/>\n\t\t<\/p>\n\t<\/div>\n<\/div><div class=\"wpcf7-response-output\" aria-hidden=\"true\"><\/div>\n<\/form>\n<\/div>\n","protected":false},"excerpt":{"rendered":"<p>Tipsa oss om ditt evenemang!<\/p>\n","protected":false},"author":12,"featured_media":0,"parent":0,"menu_order":0,"comment_status":"open","ping_status":"open","template":"page.php","meta":{"footnotes":""},"class_list":["post-223","page","type-page","status-publish","hentry"],"aioseo_notices":[],"_links":{"self":[{"href":"https:\/\/visitoland.com\/en\/wp-json\/wp\/v2\/pages\/223","targetHints":{"allow":["GET"]}}],"collection":[{"href":"https:\/\/visitoland.com\/en\/wp-json\/wp\/v2\/pages"}],"about":[{"href":"https:\/\/visitoland.com\/en\/wp-json\/wp\/v2\/types\/page"}],"author":[{"embeddable":true,"href":"https:\/\/visitoland.com\/en\/wp-json\/wp\/v2\/users\/12"}],"replies":[{"embeddable":true,"href":"https:\/\/visitoland.com\/en\/wp-json\/wp\/v2\/comments?post=223"}],"version-history":[{"count":0,"href":"https:\/\/visitoland.com\/en\/wp-json\/wp\/v2\/pages\/223\/revisions"}],"wp:attachment":[{"href":"https:\/\/visitoland.com\/en\/wp-json\/wp\/v2\/media?parent=223"}],"curies":[{"name":"wp","href":"https:\/\/api.w.org\/{rel}","templated":true}]}}