{"id":2781,"date":"2013-02-26T12:22:59","date_gmt":"2013-02-26T11:22:59","guid":{"rendered":"https:\/\/visitoland.com\/?page_id=2781"},"modified":"2013-09-01T16:11:52","modified_gmt":"2013-09-01T14:11:52","slug":"sightseeing-tours","status":"publish","type":"page","link":"https:\/\/visitoland.com\/en\/do\/sightseeing-tours\/","title":{"rendered":"Sightseeing &#038; Tours"},"content":{"rendered":"<div class=\"accordion\" id=\"accordion2\">\r\n<div class=\"accordion-group\">\r\n<div class=\"accordion-heading\"><a class=\"accordion-toggle\" href=\"#collapseOne\" data-toggle=\"collapse\" data-parent=\"#accordion2\">\r\nDo Menu\r\n<\/a><\/div>\r\n<div class=\"accordion-body collapse\" id=\"collapseOne\">\r\n<div class=\"accordion-inner\">\r\n<ul class=\"nav nav-pills nav-stacked\">\r\n<li class=\"page_item page-item-35282\"><a href=\"https:\/\/visitoland.com\/en\/do\/ancient-remains\/\">Ancient remains<\/a><\/li>\n<li class=\"page_item page-item-2789\"><a href=\"https:\/\/visitoland.com\/en\/do\/archaeology-history\/\">Archaeology &#038; history<\/a><\/li>\n<li class=\"page_item page-item-2783\"><a href=\"https:\/\/visitoland.com\/en\/do\/artists\/\">Artists<\/a><\/li>\n<li class=\"page_item page-item-2794\"><a href=\"https:\/\/visitoland.com\/en\/do\/beaches-on-oland\/\">Bath, Spa &#038; Fitness<\/a><\/li>\n<li class=\"page_item page-item-2759\"><a href=\"https:\/\/visitoland.com\/en\/do\/bicycling-on-oland\/\">Bicycling on \u00d6land<\/a><\/li>\n<li class=\"page_item page-item-35266\"><a href=\"https:\/\/visitoland.com\/en\/do\/churches\/\">Churches<\/a><\/li>\n<li class=\"page_item page-item-2767\"><a href=\"https:\/\/visitoland.com\/en\/do\/courses-workshops\/\">Courses &#038; Workshops<\/a><\/li>\n<li class=\"page_item page-item-35275\"><a href=\"https:\/\/visitoland.com\/en\/do\/forts-and-castles\/\">Fortresses and Castles<\/a><\/li>\n<li class=\"page_item page-item-2763\"><a href=\"https:\/\/visitoland.com\/en\/do\/galleries\/\">Galleries<\/a><\/li>\n<li class=\"page_item page-item-690\"><a href=\"https:\/\/visitoland.com\/en\/do\/made-on-oland\/\">Made on \u00d6land<\/a><\/li>\n<li class=\"page_item page-item-2771\"><a href=\"https:\/\/visitoland.com\/en\/do\/museums\/\">Museums<\/a><\/li>\n<li class=\"page_item page-item-2775\"><a href=\"https:\/\/visitoland.com\/en\/do\/music-festivals\/\">Music &#038; festivals<\/a><\/li>\n<li class=\"page_item page-item-2777\"><a href=\"https:\/\/visitoland.com\/en\/do\/naturereserves\/\">Naturereserves<\/a><\/li>\n<li class=\"page_item page-item-35286\"><a href=\"https:\/\/visitoland.com\/en\/do\/shipwrecks\/\">Shipwrecks<\/a><\/li>\n<li class=\"page_item page-item-2781\"><a href=\"https:\/\/visitoland.com\/en\/do\/sightseeing-tours\/\">Sightseeing &#038; Tours<\/a><\/li>\n<li class=\"page_item page-item-2786\"><a href=\"https:\/\/visitoland.com\/en\/do\/sports-interests\/\">Sports &#038; Interests<\/a><\/li>\n<\/ul>\r\n<\/div>\r\n<\/div>\r\n<\/div>\r\n<\/div>\n\r\n\r\n\r\n<div class=\"row\">\r\n  <div class=\"span8\">\r\n    <div class=\"inner\">\r\n        <div id=\"options\">\r\n            <div class=\"option-set\" class=\"option-set\" data-group=\"lage\">\r\n                    <input type=\"checkbox\" value=\"\" id=\"lage-all\" class=\"all\" checked \/><label for=\"lage-all\">Whole \u00d6land<\/label>\r\n                <input type=\"checkbox\" value=\".nothern-oland\" id=\"nothern-oland\" \/><label for=\"nothern-oland\">Northern \u00d6land<\/label>\r\n                <input type=\"checkbox\" value=\".southern-oland\" id=\"southern-oland\" \/><label for=\"southern-oland\">Southern \u00d6land<\/label>\r\n                <input type=\"checkbox\" value=\".central-oland\" id=\"central-oland\" \/><label for=\"central-oland\">Central \u00d6land<\/label>\r\n                <input type=\"checkbox\" value=\".kalmar\" id=\"kalmar\" \/><label for=\"kalmar\">Kalmar<\/label>\r\n            <\/div>\r\n            \r\n            <div class=\"option-set\" data-group=\"typ\">\r\n                <input type=\"checkbox\" value=\"\" id=\"typ-all\" class=\"all\" checked \/><label for=\"typ-all\">Allt<\/label>\r\n                <input type=\"checkbox\" value=\".disability-friendly\" id=\"disability-friendly\" \/><label for=\"disability-friendly\">Disability friendly<\/label>\r\n            <\/div>\r\n        <\/div>\r\n    <\/div>\r\n  <\/div>\r\n<\/div>\n\n<div id=\"wpv-view-layout-7471\" class=\"js-wpv-view-layout js-wpv-layout-responsive js-wpv-view-layout-7471\" data-viewnumber=\"7471\" data-pagination=\"{&quot;id&quot;:7471,&quot;query&quot;:&quot;normal&quot;,&quot;type&quot;:&quot;disabled&quot;,&quot;effect&quot;:&quot;fade&quot;,&quot;duration&quot;:&quot;500&quot;,&quot;speed&quot;:5,&quot;pause_on_hover&quot;:&quot;disabled&quot;,&quot;stop_rollover&quot;:&quot;false&quot;,&quot;cache_pages&quot;:&quot;enabled&quot;,&quot;preload_images&quot;:&quot;enabled&quot;,&quot;preload_pages&quot;:&quot;enabled&quot;,&quot;preload_reach&quot;:&quot;1&quot;,&quot;spinner&quot;:&quot;builtin&quot;,&quot;spinner_image&quot;:&quot;https:\/\/visitoland.com\/koko173Jambo29\/wp-content\/plugins\/wp-views\/embedded\/res\/img\/ajax-loader.gif&quot;,&quot;callback_next&quot;:&quot;&quot;,&quot;manage_history&quot;:&quot;enabled&quot;,&quot;has_controls_in_form&quot;:&quot;disabled&quot;,&quot;infinite_tolerance&quot;:&quot;0&quot;,&quot;max_pages&quot;:0,&quot;page&quot;:1,&quot;base_permalink&quot;:&quot;\/en\/wp-json\/wp\/v2\/pages\/2781?wpv_view_count=7471&amp;wpv_paged=WPV_PAGE_NUM&quot;,&quot;loop&quot;:{&quot;type&quot;:&quot;&quot;,&quot;name&quot;:&quot;&quot;,&quot;data&quot;:[],&quot;id&quot;:0}}\" data-permalink=\"\/en\/wp-json\/wp\/v2\/pages\/2781?wpv_view_count=7471\">\n\n<div class=\"row\">\n\t\n\t<div id=\"containerGoraEng\" class=\"span5\">\n    \t\n    \t\t<div class=\"map_element row operators-list-item box birdwatching disability-friendly museums-en nature southern-oland\">\n              <input type=\"hidden\" value=\"56.1965483617\" class=\"marker_long\" \/>\n              <input type=\"hidden\" value=\"16.3988406097\" class=\"marker_lat\" \/>\n              <div class=\"span2\">\n                <div class=\"inner\">\n           \n                    <img loading=\"lazy\" decoding=\"async\" width=\"220\" height=\"147\" src=\"https:\/\/visitoland.com\/wp-content\/uploads\/2013\/03\/naturum-presentation.jpg\" class=\"attachment-full size-full wp-post-image\" alt=\"naturum-presentation\" srcset=\"https:\/\/visitoland.com\/wp-content\/uploads\/2013\/03\/naturum-presentation.jpg 220w, https:\/\/visitoland.com\/wp-content\/uploads\/2013\/03\/naturum-presentation-150x100.jpg 150w, https:\/\/visitoland.com\/wp-content\/uploads\/2013\/03\/naturum-presentation-160x106.jpg 160w\" sizes=\"auto, (max-width: 220px) 100vw, 220px\" \/>\n                \n                <\/div>\n              <\/div>\n              <div class=\"span3\">\n                <div class=\"inner\">\n                  <h2 class=\"bo link-title marker_title\"><a href=\"https:\/\/visitoland.com\/en\/gora-pa-oland\/naturum-ottenby\/\">Naturum, Ottenby<\/a><\/h2>\n                  <p>Here, in cooperation with the Swedish Ornithological Society (Ottenby Bird Observatory) a unique exhibition about birds and nature on \u00d6land has been created.<\/p>\n<br\/>\n                  Location: Southern \u00d6land\r\n\n   \n                <\/div>\n              <\/div>  \n    \t\t<\/div>\n          <hr\/>\n    \t\n    \t\t<div class=\"map_element row operators-list-item box birdwatching museums-en southern-oland\">\n              <input type=\"hidden\" value=\"56.1976526\" class=\"marker_long\" \/>\n              <input type=\"hidden\" value=\"16.3994602\" class=\"marker_lat\" \/>\n              <div class=\"span2\">\n                <div class=\"inner\">\n           \n                    <img loading=\"lazy\" decoding=\"async\" width=\"220\" height=\"147\" src=\"https:\/\/visitoland.com\/wp-content\/uploads\/2013\/02\/ottenby-fagelstation-presentation.jpg\" class=\"attachment-full size-full wp-post-image\" alt=\"ottenby-f\u00e5gelstation-presentation\" srcset=\"https:\/\/visitoland.com\/wp-content\/uploads\/2013\/02\/ottenby-fagelstation-presentation.jpg 220w, https:\/\/visitoland.com\/wp-content\/uploads\/2013\/02\/ottenby-fagelstation-presentation-150x100.jpg 150w, https:\/\/visitoland.com\/wp-content\/uploads\/2013\/02\/ottenby-fagelstation-presentation-160x106.jpg 160w\" sizes=\"auto, (max-width: 220px) 100vw, 220px\" \/>\n                \n                <\/div>\n              <\/div>\n              <div class=\"span3\">\n                <div class=\"inner\">\n                  <h2 class=\"bo link-title marker_title\"><a href=\"https:\/\/visitoland.com\/en\/gora-pa-oland\/ottenby-fagelstation\/\">Ottenby F\u00e5gelstation (Bird Observatory)<\/a><\/h2>\n                  <p>Sweden's most famous bird habitat, not a museum in itself, but together with the Naturum they form one of Sweden's most important and most visited bird centers. Naturum, the museum and Ottenby, the research center.<\/p>\n<br\/>\n                  Location: Southern \u00d6land\r\n\n   \n                <\/div>\n              <\/div>  \n    \t\t<\/div>\n          <hr\/>\n    \t\n    \t\t<div class=\"map_element row operators-list-item box birdwatching southern-oland sport-en\">\n              <input type=\"hidden\" value=\"56.3684027\" class=\"marker_long\" \/>\n              <input type=\"hidden\" value=\"16.5668921\" class=\"marker_lat\" \/>\n              <div class=\"span2\">\n                <div class=\"inner\">\n           \n                    <img loading=\"lazy\" decoding=\"async\" width=\"220\" height=\"147\" src=\"https:\/\/visitoland.com\/wp-content\/uploads\/2013\/04\/segerstad-fyr-pres.jpg\" class=\"attachment-full size-full wp-post-image\" alt=\"segerstad-fyr\" srcset=\"https:\/\/visitoland.com\/wp-content\/uploads\/2013\/04\/segerstad-fyr-pres.jpg 220w, https:\/\/visitoland.com\/wp-content\/uploads\/2013\/04\/segerstad-fyr-pres-150x100.jpg 150w, https:\/\/visitoland.com\/wp-content\/uploads\/2013\/04\/segerstad-fyr-pres-160x106.jpg 160w\" sizes=\"auto, (max-width: 220px) 100vw, 220px\" \/>\n                \n                <\/div>\n              <\/div>\n              <div class=\"span3\">\n                <div class=\"inner\">\n                  <h2 class=\"bo link-title marker_title\"><a href=\"https:\/\/visitoland.com\/en\/gora-pa-oland\/segerstads-fyr\/\">Segerstads Fyr<\/a><\/h2>\n                  <p>Lighthouse fr\u00e5n1883, still in operation. Tours for groups and individuals to suit individual preferences and circumstances, right in the birds paradise. The lighthouse has also room and apartment for rent.<\/p>\n<br\/>\n                  Location: Southern \u00d6land\r\n\n   \n                <\/div>\n              <\/div>  \n    \t\t<\/div>\n          <hr\/>\n    \t\n\t<\/div>\n\t\n\t<div class=\"span3 karta\">\n        <div class=\"inner\">\n          \t<div id=\"map\" style=\"width: 400px; height:650px;\"><\/div>\n        <\/div>\n    <\/div>\n    \n<\/div>\n\n<div class=\"row\">\n  <div class=\"span8\">\n    <div class=\"inner\">\n        \n        <\/div>\n    <\/div>\n  <\/div>\n<\/div>\r\n\n","protected":false},"excerpt":{"rendered":"Do Menu Ancient remains Archaeology &#038; history Artists Bath, Spa &#038; Fitness Bicycling on \u00d6land Churches Courses &#038; Workshops Fortresses and Castles Galleries Made on \u00d6land Museums Music &#038; festivals Naturereserves Shipwrecks Sightseeing &#038; Tours Sports &#038; Interests Whole \u00d6land Northern \u00d6land Southern \u00d6land Central \u00d6land Kalmar Allt Disability friendly Naturum, Ottenby Here, in cooperation&nbsp; &nbsp;<a href=\"https:\/\/visitoland.com\/en\/do\/sightseeing-tours\/\">...Continue Reading<\/a>","protected":false},"author":2,"featured_media":7831,"parent":205,"menu_order":0,"comment_status":"open","ping_status":"open","template":"","meta":{"footnotes":""},"class_list":["post-2781","page","type-page","status-publish","has-post-thumbnail","hentry"],"aioseo_notices":[],"_links":{"self":[{"href":"https:\/\/visitoland.com\/en\/wp-json\/wp\/v2\/pages\/2781","targetHints":{"allow":["GET"]}}],"collection":[{"href":"https:\/\/visitoland.com\/en\/wp-json\/wp\/v2\/pages"}],"about":[{"href":"https:\/\/visitoland.com\/en\/wp-json\/wp\/v2\/types\/page"}],"author":[{"embeddable":true,"href":"https:\/\/visitoland.com\/en\/wp-json\/wp\/v2\/users\/2"}],"replies":[{"embeddable":true,"href":"https:\/\/visitoland.com\/en\/wp-json\/wp\/v2\/comments?post=2781"}],"version-history":[{"count":0,"href":"https:\/\/visitoland.com\/en\/wp-json\/wp\/v2\/pages\/2781\/revisions"}],"up":[{"embeddable":true,"href":"https:\/\/visitoland.com\/en\/wp-json\/wp\/v2\/pages\/205"}],"wp:featuredmedia":[{"embeddable":true,"href":"https:\/\/visitoland.com\/en\/wp-json\/wp\/v2\/media\/7831"}],"wp:attachment":[{"href":"https:\/\/visitoland.com\/en\/wp-json\/wp\/v2\/media?parent=2781"}],"curies":[{"name":"wp","href":"https:\/\/api.w.org\/{rel}","templated":true}]}}