{"id":2800,"date":"2013-02-26T12:39:46","date_gmt":"2013-02-26T11:39:46","guid":{"rendered":"https:\/\/visitoland.com\/?page_id=2800"},"modified":"2026-02-04T17:30:48","modified_gmt":"2026-02-04T16:30:48","slug":"taxi-car-rental","status":"publish","type":"page","link":"https:\/\/visitoland.com\/en\/travel\/taxi-car-rental\/","title":{"rendered":"Taxi &#038; Car rental"},"content":{"rendered":"<div class=\"row\">\n<div class=\"span8\">\n<div class=\"inner\">\n<div id=\"nav\">\n<ul id=\"filters\" class=\"nav nav-pills\">\n<li><a class=\"active\" data-filter=\"*\">Hela \u00d6land<\/a><\/li>\n<li><a data-filter=\".norra-oland\">Norra \u00d6land<\/a><\/li>\n<li><a data-filter=\".sodra-oland\">S\u00f6dra \u00d6land<\/a><\/li>\n<li><a data-filter=\".mellersta-oland\">Mellersta \u00d6land<\/a><\/li>\n<li><a data-filter=\".kalmar\">Kalmar<\/a><\/li>\n<li><a data-filter=\".taxi\">Taxi<\/a><\/li>\n<li><a data-filter=\".biluthyrning\">Biluthyrning<\/a><\/li>\n<\/ul>\n<\/div>\n<\/div>\n<\/div>\n<\/div>\n<div class=\"row\">\n<div id=\"container\" class=\"span6\">\n<div class=\"row artiklar taxi\">\n<div class=\"span6 outside-link article-thumb-hover operator\">\n<div class=\"row\">\n<div class=\"span2\">\n<div class=\"inner\"><img decoding=\"async\" class=\"size-full img-polaroid\" title=\"Anna-Lenas Taxi\" src=\"https:\/\/visitoland.com\/wp-content\/uploads\/2013\/04\/Lenas-Taxi-pres.jpg\" alt=\"Anna-Lenas Taxi\" \/><\/div>\n<\/div>\n<div class=\"span4\">\n<div class=\"inner-right-padding inner-left-padding\">\n<h2 class=\"bo link-title\">Anna-Lenas Taxi<\/h2>\n<p>Adress: H\u00f6gsrums Bygata 7, 387 92 Borgholm<br \/>\nTelefon: 0485-56 55 10<br \/>\nMobil:<br \/>\nMail: annalenas.taxi@gmail.com<br \/>\nHemsida: <a title=\"https:\/\/www.taxi-oland.se\/\" href=\"https:\/\/www.taxi-oland.se\/\" target=\"_blank\" rel=\"noopener\">https:\/\/www.taxi-oland.se\/<\/a><\/p>\n<\/div>\n<\/div>\n<\/div>\n<\/div>\n<\/div>\n<div class=\"row artiklar taxi\">\n<div class=\"span6 outside-link article-thumb-hover operator\">\n<div class=\"row\">\n<div class=\"span2\">\n<div class=\"inner\"><img decoding=\"async\" class=\"size-full img-polaroid\" title=\"Taxi\" src=\"https:\/\/visitoland.com\/wp-content\/uploads\/2013\/04\/taxi.jpg\" alt=\"Taxi\" \/><\/div>\n<\/div>\n<div class=\"span4\">\n<div class=\"inner-right-padding inner-left-padding\">\n<h2 class=\"bo link-title\">Borgholms Taxi<\/h2>\n<p>Adress: Per Lindstr\u00f6ms v. 11 387 35 Borgholm<br \/>\nTelefon: 0485-10475<br \/>\nMobil:<br \/>\nMail:<br \/>\nHemsida:<\/p>\n<\/div>\n<\/div>\n<\/div>\n<\/div>\n<\/div>\n<div class=\"row artiklar taxi\">\n<div class=\"span6 outside-link article-thumb-hover operator\">\n<div class=\"row\">\n<div class=\"span2\"><\/div>\n<div class=\"span4\">\n<div class=\"inner-right-padding inner-left-padding\">\n<p>&nbsp;<\/p>\n<\/div>\n<\/div>\n<\/div>\n<\/div>\n<\/div>\n<div class=\"row artiklar taxi\">\n<div class=\"span6 outside-link article-thumb-hover operator\">\n<div class=\"row\">\n<div class=\"span2\">\n<div class=\"inner\"><img decoding=\"async\" class=\"size-full img-polaroid\" title=\"Taxi\" src=\"https:\/\/visitoland.com\/wp-content\/uploads\/2013\/04\/taxi.jpg\" alt=\"Taxi\" \/><\/div>\n<\/div>\n<div class=\"span4\">\n<div class=\"inner-right-padding inner-left-padding\">\n<h2 class=\"bo link-title\">Cee Enn\u2019s Taxi<\/h2>\n<p>Adress: Sl\u00f6jdare v.3 38790 K\u00f6pingsvik<br \/>\nTelefon: 048572615<br \/>\nMobil: 073-8271702<br \/>\nMail:<br \/>\nHemsida:<\/p>\n<\/div>\n<\/div>\n<\/div>\n<\/div>\n<\/div>\n<div class=\"row artiklar taxi\">\n<div class=\"span6 outside-link article-thumb-hover operator\">\n<div class=\"row\">\n<div class=\"span2\">\n<div class=\"inner\"><img decoding=\"async\" class=\"size-full img-polaroid\" title=\"Taxi\" src=\"https:\/\/visitoland.com\/wp-content\/uploads\/2013\/04\/taxi.jpg\" alt=\"Taxi\" \/><\/div>\n<\/div>\n<div class=\"span4\">\n<div class=\"inner-right-padding inner-left-padding\">\n<h2 class=\"bo link-title\">Degerhamns Buss &amp; Taxi<\/h2>\n<p>Adress: Svin\u00f6v\u00e4gen 50, 39236 Kalmar<br \/>\nTelefon:<br \/>\nMobil: 070-249 14 75, 070-249 14 77<br \/>\nMail:<br \/>\nHemsida:<\/p>\n<\/div>\n<\/div>\n<\/div>\n<\/div>\n<\/div>\n<div class=\"row artiklar taxi\">\n<div class=\"span6 outside-link article-thumb-hover operator\">\n<div class=\"row\">\n<div class=\"span2\">\n<div class=\"inner\"><img decoding=\"async\" class=\"size-full img-polaroid\" title=\"Taxi\" src=\"https:\/\/visitoland.com\/wp-content\/uploads\/2013\/04\/taxi.jpg\" alt=\"Taxi\" \/><\/div>\n<\/div>\n<div class=\"span4\">\n<div class=\"inner-right-padding inner-left-padding\">\n<h2 class=\"bo link-title\">Hybridtaxi i Borgholm<\/h2>\n<p>Adress: \u00d6stra Kyrkogatan 29 387 32 Borgholm<br \/>\nTelefon: 0485-10001<br \/>\nMobil:<br \/>\nMail:<br \/>\nHemsida:<\/p>\n<\/div>\n<\/div>\n<\/div>\n<\/div>\n<\/div>\n<div class=\"row artiklar taxi\">\n<div class=\"span6 outside-link article-thumb-hover operator\">\n<div class=\"row\">\n<div class=\"span2\">\n<div class=\"inner\"><img decoding=\"async\" class=\"size-full img-polaroid\" title=\"Taxi\" src=\"https:\/\/visitoland.com\/wp-content\/uploads\/2013\/04\/Lottorps-taxi-pres.jpg\" alt=\"Taxi\" \/><\/div>\n<\/div>\n<div class=\"span4\">\n<div class=\"inner-right-padding inner-left-padding\">\n<h2 class=\"bo link-title\">L\u00f6ttorps Taxi<\/h2>\n<p>Adress: Idrottsv\u00e4gen 20, 387 72 L\u00f6ttorp<br \/>\nTelefon: 0485-20589<br \/>\nMobil:<br \/>\nMail: info@lottorpstaxi.se<br \/>\nHemsida: <a title=\"https:\/\/www.lottorpstaxi.se\/\" href=\"https:\/\/www.lottorpstaxi.se\/\" target=\"_blank\" rel=\"noopener\">https:\/\/www.lottorpstaxi.se<\/a><\/p>\n<\/div>\n<\/div>\n<\/div>\n<\/div>\n<\/div>\n<div class=\"row artiklar taxi\">\n<div class=\"span6 outside-link article-thumb-hover operator\">\n<div class=\"row\">\n<div class=\"span2\">\n<div class=\"inner\"><img decoding=\"async\" class=\"size-full img-polaroid\" title=\"Taxi\" src=\"https:\/\/visitoland.com\/wp-content\/uploads\/2013\/04\/taxi.jpg\" alt=\"Taxi\" \/><\/div>\n<\/div>\n<div class=\"span4\">\n<div class=\"inner-right-padding inner-left-padding\">\n<h2 class=\"bo link-title\">M\u00f6rbyl\u00e5nga Taxi<\/h2>\n<p>Adress: Skansgatan8 38062 M\u00f6rbyl\u00e5nga<br \/>\nTelefon: 0485-401 50<br \/>\nFax: 0485-411 85<br \/>\nMobil:<br \/>\nMail:<br \/>\nHemsida:<\/p>\n<\/div>\n<\/div>\n<\/div>\n<\/div>\n<\/div>\n<div class=\"row artiklar taxi\">\n<div class=\"span6 outside-link article-thumb-hover operator\">\n<div class=\"row\">\n<div class=\"span2\">\n<div class=\"inner\"><img decoding=\"async\" class=\"size-full img-polaroid\" title=\"Taxi\" src=\"https:\/\/visitoland.com\/wp-content\/uploads\/2013\/04\/taxi-salen.png\" alt=\"Taxi\" \/><\/div>\n<\/div>\n<div class=\"span4\">\n<div class=\"inner-right-padding inner-left-padding\">\n<h2 class=\"bo link-title\">Taxi S\u00e4len<\/h2>\n<p>Adress:<br \/>\nTelefon: 0485-22080<br \/>\nMobil:<br \/>\nMail:<br \/>\nHemsida: <a title=\"https:\/\/www.taxisalen.se\/oland.php\" href=\"https:\/\/www.taxisalen.se\/oland.php\" target=\"_blank\" rel=\"noopener\">https:\/\/www.taxisalen.se\/oland.php<\/a><\/p>\n<\/div>\n<\/div>\n<\/div>\n<\/div>\n<\/div>\n<div class=\"row artiklar taxi\">\n<div class=\"span6 outside-link article-thumb-hover operator\">\n<div class=\"row\">\n<div class=\"span2\">\n<div class=\"inner\"><img decoding=\"async\" class=\"size-full img-polaroid\" title=\"Taxi\" src=\"https:\/\/visitoland.com\/wp-content\/uploads\/2013\/04\/taxi.jpg\" alt=\"Taxi\" \/><\/div>\n<\/div>\n<div class=\"span4\">\n<div class=\"inner-right-padding inner-left-padding\">\n<h2 class=\"bo link-title\">TM-Taxi<\/h2>\n<p>Adress: Emmas v\u00e4g 1, 38634 F\u00c4RJESTADEN<br \/>\nTelefon:<br \/>\nMobil: 070-455 44 66<br \/>\nMail:<br \/>\nHemsida:<\/p>\n<\/div>\n<\/div>\n<\/div>\n<\/div>\n<\/div>\n<div class=\"row artiklar taxi\">\n<div class=\"span6 outside-link article-thumb-hover operator\">\n<div class=\"row\">\n<div class=\"span2\">\n<div class=\"inner\"><img decoding=\"async\" class=\"size-full img-polaroid\" title=\"Taxi\" src=\"https:\/\/visitoland.com\/wp-content\/uploads\/2013\/04\/taxi.jpg\" alt=\"Taxi\" \/><\/div>\n<\/div>\n<div class=\"span4\">\n<div class=\"inner-right-padding inner-left-padding\">\n<h2 class=\"bo link-title\">Vincent Johansson Buss &amp; Taxi<\/h2>\n<p>Adress: Stora R\u00f6rsv\u00e4gen 36, 386 95 F\u00e4rjestaden<br \/>\nTelefon: 0485-56 50 27<br \/>\nMobil:<br \/>\nMail:<br \/>\nHemsida:<\/p>\n<\/div>\n<\/div>\n<\/div>\n<\/div>\n<\/div>\n<div class=\"row artiklar taxi\">\n<div class=\"span6 outside-link article-thumb-hover operator\">\n<div class=\"row\">\n<div class=\"span2\">\n<div class=\"inner\"><img decoding=\"async\" class=\"size-full img-polaroid\" title=\"Taxi\" src=\"https:\/\/visitoland.com\/wp-content\/uploads\/2013\/04\/taxi.jpg\" alt=\"Taxi\" \/><\/div>\n<\/div>\n<div class=\"span4\">\n<div class=\"inner-right-padding inner-left-padding\">\n<h2 class=\"bo link-title\">\u00d6lands Taxitj\u00e4nst<\/h2>\n<p>Adress: Lindebov. 8, 386 95 F\u00c4RJESTADEN<br \/>\nTelefon: 0485-565756<br \/>\nMobil:<br \/>\nMail:<br \/>\nHemsida:<\/p>\n<\/div>\n<\/div>\n<\/div>\n<\/div>\n<\/div>\n<div class=\"row artiklar biluthyrning kalmar\">\n<div class=\"span6 outside-link article-thumb-hover operator\">\n<div class=\"row\">\n<div class=\"span2\">\n<div class=\"inner\"><img decoding=\"async\" class=\"size-full img-polaroid\" title=\"Biluthyrning\" src=\"https:\/\/visitoland.com\/wp-content\/uploads\/2013\/04\/hertz.png\" alt=\"Biluthyrning\" \/><\/div>\n<\/div>\n<div class=\"span4\">\n<div class=\"inner-right-padding inner-left-padding\">\n<h2 class=\"bo link-title\">Hertz Biluthyrning Kalmar<\/h2>\n<p>Info: Kort- och l\u00e5ngtidsuthyrning av personbilar, minibussar och sk\u00e5pbilar.<br \/>\nAdress: Norra V\u00e4gen 79,<br \/>\nTelefon: 0480-944 20.<br \/>\nFax: 0480-944 99<br \/>\nMail:<br \/>\nHemsida:<a title=\"https:\/\/www.hertz.se\/rentacar\/hyrbil\/kalmar\/norra-vagen\" href=\"https:\/\/www.hertz.se\/rentacar\/hyrbil\/kalmar\/norra-vagen\" target=\"_blank\" rel=\"noopener\">https:\/\/www.hertz.se\/rentacar\/hyrbil\/kalmar\/norra-vagen<\/a><\/p>\n<\/div>\n<\/div>\n<\/div>\n<\/div>\n<\/div>\n<div class=\"row artiklar biluthyrning kalmar\">\n<div class=\"span6 outside-link article-thumb-hover operator\">\n<div class=\"row\">\n<div class=\"span2\">\n<div class=\"inner\"><img decoding=\"async\" class=\"size-full img-polaroid\" title=\"Biluthyrning\" src=\"https:\/\/visitoland.com\/wp-content\/uploads\/2013\/04\/hertz.png\" alt=\"Biluthyrning\" \/><\/div>\n<\/div>\n<div class=\"span4\">\n<div class=\"inner-right-padding inner-left-padding\">\n<h2 class=\"bo link-title\">Hertz Biluthyrning Kalmar Flygplats<\/h2>\n<p>Info: Kort- och l\u00e5ngtidsuthyrning av personbilar, minibussar och sk\u00e5pbilar.<br \/>\nAdress: Kalmar Flygplats<br \/>\nTelefon: 0480 &#8211; 944 20<br \/>\nFax: 0480-944 99<br \/>\nMail:<br \/>\nHemsida: <a title=\"https:\/\/www.hertz.se\/rentacar\/hyrbil\/kalmar\/kalmar-flygplats\" href=\"https:\/\/www.hertz.se\/rentacar\/hyrbil\/kalmar\/kalmar-flygplats\" target=\"_blank\" rel=\"noopener\">https:\/\/www.hertz.se\/rentacar\/hyrbil\/kalmar\/kalmar-flygplats<\/a><\/p>\n<\/div>\n<\/div>\n<\/div>\n<\/div>\n<\/div>\n<div class=\"row artiklar biluthyrning\">\n<div class=\"span6 outside-link article-thumb-hover operator\">\n<div class=\"row\">\n<div class=\"span2\">\n<div class=\"inner\"><img decoding=\"async\" class=\"size-full img-polaroid\" title=\"Biluthyrning\" src=\"https:\/\/visitoland.com\/wp-content\/uploads\/2013\/04\/hertz.png\" alt=\"Biluthyrning\" \/><\/div>\n<\/div>\n<div class=\"span4\">\n<div class=\"inner-right-padding inner-left-padding\">\n<h2 class=\"bo link-title\">Hertz Biluthyrning Borgholm<\/h2>\n<p>Info: Kort- och l\u00e5ngtidsuthyrning av personbilar, minibussar och sk\u00e5pbilar.<br \/>\nAdress: Storgatan 41, 38734 Borgholm<br \/>\nTelefon: 0485-871 00, 077-211213<br \/>\nFax:<br \/>\nMail:<br \/>\nHemsida: <a title=\"https:\/\/www.hertz.se\/rentacar\/hyrbil\/borgholm\/storgatan\" href=\"https:\/\/www.hertz.se\/rentacar\/hyrbil\/borgholm\/storgatan\" target=\"_blank\" rel=\"noopener\">https:\/\/www.hertz.se\/rentacar\/hyrbil\/borgholm\/storgatan<\/a><\/p>\n<\/div>\n<\/div>\n<\/div>\n<\/div>\n<\/div>\n<div class=\"row artiklar biluthyrning\">\n<div class=\"span6 outside-link article-thumb-hover operator\">\n<div class=\"row\">\n<div class=\"span2\">\n<div class=\"inner\"><img decoding=\"async\" class=\"size-full img-polaroid\" title=\"Biluthyrning\" src=\"https:\/\/visitoland.com\/wp-content\/uploads\/2013\/04\/Tvattcenter.png\" alt=\"Biluthyrning\" \/><\/div>\n<\/div>\n<div class=\"span4\">\n<div class=\"inner-right-padding inner-left-padding\">\n<h2 class=\"bo link-title\">Tv\u00e4ttcenter Mabi Hyrbilar<\/h2>\n<p>Info: Uthyrning av personbilar, minibussar, sk\u00e5pbilar<br \/>\nAdress: Brof\u00e4stet \u00d6land 1, 386 31 F\u00e4rjestad<br \/>\nTelefon: 0485-21521<br \/>\nFax:<br \/>\nMail: oland@mabi.se<br \/>\nHemsida: <a title=\"https:\/\/www.tvattcenter.com\/\" href=\"https:\/\/www.tvattcenter.com\/\" target=\"_blank\" rel=\"noopener\">https:\/\/www.tvattcenter.com\/<\/a><\/p>\n<\/div>\n<\/div>\n<\/div>\n<\/div>\n<\/div>\n<div class=\"row artiklar biluthyrning\">\n<div class=\"span6 outside-link article-thumb-hover operator\">\n<div class=\"row\">\n<div class=\"span2\">\n<div class=\"inner\"><img decoding=\"async\" class=\"size-full img-polaroid\" title=\"Biluthyrning\" src=\"https:\/\/visitoland.com\/wp-content\/uploads\/2013\/04\/OKQ8.png\" alt=\"Biluthyrning\" \/><\/div>\n<\/div>\n<div class=\"span4\">\n<div class=\"inner-right-padding inner-left-padding\">\n<h2 class=\"bo link-title\">OK\/Q8 Borgholm<\/h2>\n<p>Info: Uthyrning av bilar och sl\u00e4pvagnar<br \/>\nAdress: Storgatan 77, 38734 Borgholm<br \/>\nTelefon: 0485-10060<br \/>\nFax: 0485-130 97<br \/>\nMail: info@okq8.oland.com<br \/>\nHemsida: <a title=\"https:\/\/www.okq8.oland.com\/\" href=\"https:\/\/www.okq8.oland.com\/\" target=\"_blank\" rel=\"noopener\">https:\/\/www.okq8.oland.com<\/a><\/p>\n<\/div>\n<\/div>\n<\/div>\n<\/div>\n<\/div>\n<div class=\"row artiklar biluthyrning\">\n<div class=\"span6 outside-link article-thumb-hover operator\">\n<div class=\"row\">\n<div class=\"span2\">\n<div class=\"inner\"><img decoding=\"async\" class=\"size-full img-polaroid\" title=\"Biluthyrning\" src=\"https:\/\/visitoland.com\/wp-content\/uploads\/2013\/04\/biluthyrning.png\" alt=\"Biluthyrning\" \/><\/div>\n<\/div>\n<div class=\"span4\">\n<div class=\"inner-right-padding inner-left-padding\">\n<h2 class=\"bo link-title\">Happy Cars<\/h2>\n<p>Info: Uthyrning och f\u00f6rs\u00e4ljning av bilar, husvagnar, sl\u00e4pvagnar med m\u00f6jlighet till utk\u00f6rning.<br \/>\nAdress: F\u00f6ra V\u00e4stra 8, 38791 Borgholm<br \/>\nTelefon: 0485-74102<br \/>\nMail:<br \/>\nHemsida: <a title=\"https:\/\/www.happycars.se\/\" href=\"https:\/\/www.happycars.se\/\" target=\"_blank\" rel=\"noopener\">https:\/\/www.happycars.se<\/a><\/p>\n<\/div>\n<\/div>\n<\/div>\n<\/div>\n<\/div>\n<\/div>\n<div class=\"span2\">\n<div class=\"inner-right-padding\"><ul class=\"nav nav-pills nav-stacked\">\r\n<li class=\"page_item page-item-1979\"><a href=\"https:\/\/visitoland.com\/en\/travel\/bus-train-flight\/\">Bus, Train &#038; Flight<\/a><\/li>\n<li class=\"page_item page-item-1983\"><a href=\"https:\/\/visitoland.com\/en\/travel\/ferry\/\">Ferry<\/a><\/li>\n<li class=\"page_item page-item-1958\"><a href=\"https:\/\/visitoland.com\/en\/travel\/guest-habor\/\">Guest Habor<\/a><\/li>\n<li class=\"page_item page-item-2800\"><a href=\"https:\/\/visitoland.com\/en\/travel\/taxi-car-rental\/\">Taxi &#038; Car rental<\/a><\/li>\n<\/ul><\/div>\n<\/div>\n<\/div>\n","protected":false},"excerpt":{"rendered":"<p>Hela \u00d6land Norra \u00d6land S\u00f6dra \u00d6land Mellersta \u00d6land Kalmar Taxi Biluthyrning Anna-Lenas Taxi Adress: H\u00f6gsrums Bygata 7, 387 92 Borgholm Telefon: 0485-56 55 10 Mobil: Mail: annalenas.taxi@gmail.com Hemsida: https:\/\/www.taxi-oland.se\/ Borgholms Taxi Adress: Per Lindstr\u00f6ms v. 11 387 35 Borgholm Telefon: 0485-10475 Mobil: Mail: Hemsida: &nbsp; Cee Enn\u2019s Taxi Adress: Sl\u00f6jdare v.3 38790 K\u00f6pingsvik Telefon: 048572615&nbsp; &nbsp;<a href=\"https:\/\/visitoland.com\/en\/travel\/taxi-car-rental\/\">&#8230;Continue Reading<\/a><\/p>\n","protected":false},"author":2,"featured_media":9699,"parent":221,"menu_order":0,"comment_status":"open","ping_status":"open","template":"","meta":{"footnotes":""},"class_list":["post-2800","page","type-page","status-publish","has-post-thumbnail","hentry"],"aioseo_notices":[],"_links":{"self":[{"href":"https:\/\/visitoland.com\/en\/wp-json\/wp\/v2\/pages\/2800","targetHints":{"allow":["GET"]}}],"collection":[{"href":"https:\/\/visitoland.com\/en\/wp-json\/wp\/v2\/pages"}],"about":[{"href":"https:\/\/visitoland.com\/en\/wp-json\/wp\/v2\/types\/page"}],"author":[{"embeddable":true,"href":"https:\/\/visitoland.com\/en\/wp-json\/wp\/v2\/users\/2"}],"replies":[{"embeddable":true,"href":"https:\/\/visitoland.com\/en\/wp-json\/wp\/v2\/comments?post=2800"}],"version-history":[{"count":1,"href":"https:\/\/visitoland.com\/en\/wp-json\/wp\/v2\/pages\/2800\/revisions"}],"predecessor-version":[{"id":46180,"href":"https:\/\/visitoland.com\/en\/wp-json\/wp\/v2\/pages\/2800\/revisions\/46180"}],"up":[{"embeddable":true,"href":"https:\/\/visitoland.com\/en\/wp-json\/wp\/v2\/pages\/221"}],"wp:featuredmedia":[{"embeddable":true,"href":"https:\/\/visitoland.com\/en\/wp-json\/wp\/v2\/media\/9699"}],"wp:attachment":[{"href":"https:\/\/visitoland.com\/en\/wp-json\/wp\/v2\/media?parent=2800"}],"curies":[{"name":"wp","href":"https:\/\/api.w.org\/{rel}","templated":true}]}}