{"id":2840,"date":"2013-03-10T20:43:52","date_gmt":"2013-03-10T19:43:52","guid":{"rendered":"https:\/\/visitoland.com\/?page_id=2840"},"modified":"2015-01-31T16:16:06","modified_gmt":"2015-01-31T15:16:06","slug":"conference-on-oland","status":"publish","type":"page","link":"https:\/\/visitoland.com\/en\/conference-on-oland\/","title":{"rendered":"Conference On \u00d6land"},"content":{"rendered":"<div class=\"wpb-content-wrapper\"><p>[vc_row][vc_column width=&#8221;1\/2&#8243;][vc_column_text]<a href=\"https:\/\/visitoland.com\/en\/konferera-pa-oland\/conference\/\" rel=\"attachment wp-att-3074\"><img loading=\"lazy\" decoding=\"async\" class=\"alignnone size-full wp-image-3074\" src=\"https:\/\/visitoland.com\/wp-content\/uploads\/2013\/03\/Conference.jpg\" alt=\"Conference\" width=\"480\" height=\"681\" srcset=\"https:\/\/visitoland.com\/wp-content\/uploads\/2013\/03\/Conference.jpg 480w, https:\/\/visitoland.com\/wp-content\/uploads\/2013\/03\/Conference-105x150.jpg 105w, https:\/\/visitoland.com\/wp-content\/uploads\/2013\/03\/Conference-211x300.jpg 211w, https:\/\/visitoland.com\/wp-content\/uploads\/2013\/03\/Conference-84x120.jpg 84w, https:\/\/visitoland.com\/wp-content\/uploads\/2013\/03\/Conference-126x180.jpg 126w, https:\/\/visitoland.com\/wp-content\/uploads\/2013\/03\/Conference-188x268.jpg 188w\" sizes=\"auto, (max-width: 480px) 100vw, 480px\" \/><\/a><br \/>\n[\/vc_column_text][\/vc_column][vc_column width=&#8221;1\/2&#8243;][vc_column_text]<\/p>\n<h2>\u00d6land &#8211; The Activity Island, the foundation for a successful conference.<\/h2>\n<p>&nbsp;<\/p>\n<p>On \u00d6land, you will find adventures, the good food and the inspiration. Whatever season, \u00d6land always offers something unique and special. Here you will find the environment that lays the foundation for a successful conference, with content from the large pantry of \u00d6land.<\/p>\n<p>Here, companies and associations can organise the perfect conference, whatever the need.<\/p>\n<p>Conference facilities are available from large with sittings for 300 people down to hermit conference for just one person. Nothing is impossible on \u00d6land.<\/p>\n<p>Conference facilities and accommodation are available from hostels to large luxury Hotels, and consistently for all facilities, regardless of price, is the high quality and the unique surroundings that \u00d6land can offer.[\/vc_column_text][\/vc_column][\/vc_row][vc_row][vc_column width=&#8221;1\/2&#8243;][vc_column_text]<br \/>\nMix the program with learning and inspiration of a different kind as well. On \u00d6land, you can fly, visit wineries with wine tasting, take a guided tour of the great \u201cAlvar\u201d with its unique fauna and nature, or maybe a trip to Ottenbys Bird Observatory to learn about our migratory birds and perhaps participate in ringing too.<\/p>\n<p>In one sentence, we can arrange everything for your conference here on \u00d6land.<br \/>\n[\/vc_column_text][\/vc_column][vc_column width=&#8221;1\/2&#8243;][vc_column_text]<a href=\"https:\/\/visitoland.com\/en\/konferera-pa-oland\/jagangelo\/\" rel=\"attachment wp-att-3069\"><img loading=\"lazy\" decoding=\"async\" class=\"alignnone size-full wp-image-3069\" src=\"https:\/\/visitoland.com\/wp-content\/uploads\/2013\/03\/jagangelo.jpg\" alt=\"angelo\" width=\"460\" height=\"307\" srcset=\"https:\/\/visitoland.com\/wp-content\/uploads\/2013\/03\/jagangelo.jpg 460w, https:\/\/visitoland.com\/wp-content\/uploads\/2013\/03\/jagangelo-150x100.jpg 150w, https:\/\/visitoland.com\/wp-content\/uploads\/2013\/03\/jagangelo-300x200.jpg 300w, https:\/\/visitoland.com\/wp-content\/uploads\/2013\/03\/jagangelo-160x106.jpg 160w, https:\/\/visitoland.com\/wp-content\/uploads\/2013\/03\/jagangelo-260x173.jpg 260w, https:\/\/visitoland.com\/wp-content\/uploads\/2013\/03\/jagangelo-360x240.jpg 360w\" sizes=\"auto, (max-width: 460px) 100vw, 460px\" \/><\/a>[\/vc_column_text][\/vc_column][\/vc_row][vc_row][vc_column][vc_column_text]Let us organise your next conference on \u00d6land. We arrange the program from arriving at Kalmar-Oland Airport, the Central railway station or by your own cars. We take care of all the logistics from traveling, to the implementation and completion. Together with you, we will review your needs and ensures that they are met to 100% and actually more than that.<\/p>\n<p>[\/vc_column_text][\/vc_column][\/vc_row][vc_row][vc_column width=&#8221;1\/2&#8243;][vc_column_text]<img loading=\"lazy\" decoding=\"async\" class=\"alignnone size-full wp-image-7597\" src=\"https:\/\/visitoland.com\/wp-content\/uploads\/2013\/03\/karleksnastet.jpg\" alt=\"k\u00e4rleksn\u00e4stet B\u00f6da Sand\" width=\"424\" height=\"286\" srcset=\"https:\/\/visitoland.com\/wp-content\/uploads\/2013\/03\/karleksnastet.jpg 424w, https:\/\/visitoland.com\/wp-content\/uploads\/2013\/03\/karleksnastet-150x101.jpg 150w, https:\/\/visitoland.com\/wp-content\/uploads\/2013\/03\/karleksnastet-300x202.jpg 300w, https:\/\/visitoland.com\/wp-content\/uploads\/2013\/03\/karleksnastet-160x107.jpg 160w, https:\/\/visitoland.com\/wp-content\/uploads\/2013\/03\/karleksnastet-260x175.jpg 260w, https:\/\/visitoland.com\/wp-content\/uploads\/2013\/03\/karleksnastet-360x242.jpg 360w\" sizes=\"auto, (max-width: 424px) 100vw, 424px\" \/><\/p>\n<p>[\/vc_column_text][\/vc_column][vc_column width=&#8221;1\/2&#8243;][vc_column_text]<br \/>\n<strong>PS;<\/strong><\/p>\n<p>When it comes to the hermit conference, which is just for one person, this to develop your own thoughts, but it is a fact that in all conferences, so happens, that you sometimes meet someone else, but don\u2019t worry about that, if it should happen, we will just move you to the <a href=\"https:\/\/www.bodasand.se\/modules\/camping\/List.aspx?Size=1&amp;Type=4&amp;menu=95\" target=\"_blank\">K\u00e4rleksn\u00e4stet<\/a> (the Love nest) at B\u00f6da Sand, with your own cottage in seclusion, sandy beach right outside and a hammock.[\/vc_column_text][\/vc_column][\/vc_row][vc_row][vc_column][vc_column_text]<strong>Please contact us to find out more about what we can offer you, this through our own resources and partners here on \u00d6land.<\/strong><\/p>\n<p>&nbsp;<\/p>\n<p><strong>Mail: <span class=\"labelShorten\">konferens@visitoland.com <\/span><\/strong><\/p>\n<p>&nbsp;<\/p>\n<p>[\/vc_column_text][\/vc_column][\/vc_row]<\/p>\n<\/div>","protected":false},"excerpt":{"rendered":"<p>[vc_row][vc_column width=&#8221;1\/2&#8243;][vc_column_text] [\/vc_column_text][\/vc_column][vc_column width=&#8221;1\/2&#8243;][vc_column_text] \u00d6land &#8211; The Activity Island, the foundation for a successful conference. &nbsp; On \u00d6land, you will find adventures, the good food and the inspiration. Whatever season, \u00d6land always offers something unique and special. Here you will find the environment that lays the foundation for a successful conference, with content from the&nbsp; &nbsp;<a href=\"https:\/\/visitoland.com\/en\/conference-on-oland\/\">&#8230;Continue Reading<\/a><\/p>\n","protected":false},"author":2,"featured_media":2844,"parent":0,"menu_order":0,"comment_status":"open","ping_status":"closed","template":"","meta":{"footnotes":""},"class_list":["post-2840","page","type-page","status-publish","has-post-thumbnail","hentry"],"aioseo_notices":[],"_links":{"self":[{"href":"https:\/\/visitoland.com\/en\/wp-json\/wp\/v2\/pages\/2840","targetHints":{"allow":["GET"]}}],"collection":[{"href":"https:\/\/visitoland.com\/en\/wp-json\/wp\/v2\/pages"}],"about":[{"href":"https:\/\/visitoland.com\/en\/wp-json\/wp\/v2\/types\/page"}],"author":[{"embeddable":true,"href":"https:\/\/visitoland.com\/en\/wp-json\/wp\/v2\/users\/2"}],"replies":[{"embeddable":true,"href":"https:\/\/visitoland.com\/en\/wp-json\/wp\/v2\/comments?post=2840"}],"version-history":[{"count":0,"href":"https:\/\/visitoland.com\/en\/wp-json\/wp\/v2\/pages\/2840\/revisions"}],"wp:featuredmedia":[{"embeddable":true,"href":"https:\/\/visitoland.com\/en\/wp-json\/wp\/v2\/media\/2844"}],"wp:attachment":[{"href":"https:\/\/visitoland.com\/en\/wp-json\/wp\/v2\/media?parent=2840"}],"curies":[{"name":"wp","href":"https:\/\/api.w.org\/{rel}","templated":true}]}}