{"id":35282,"date":"2015-01-20T11:34:49","date_gmt":"2015-01-20T10:34:49","guid":{"rendered":"https:\/\/visitoland.com\/?page_id=35282"},"modified":"2015-04-12T16:40:02","modified_gmt":"2015-04-12T14:40:02","slug":"ancient-remains","status":"publish","type":"page","link":"https:\/\/visitoland.com\/en\/do\/ancient-remains\/","title":{"rendered":"Ancient remains"},"content":{"rendered":"<div class=\"accordion\" id=\"accordion2\">\r\n<div class=\"accordion-group\">\r\n<div class=\"accordion-heading\"><a class=\"accordion-toggle\" href=\"#collapseOne\" data-toggle=\"collapse\" data-parent=\"#accordion2\">\r\nDo Menu\r\n<\/a><\/div>\r\n<div class=\"accordion-body collapse\" id=\"collapseOne\">\r\n<div class=\"accordion-inner\">\r\n<ul class=\"nav nav-pills nav-stacked\">\r\n<li class=\"page_item page-item-35282\"><a href=\"https:\/\/visitoland.com\/en\/do\/ancient-remains\/\">Ancient remains<\/a><\/li>\n<li class=\"page_item page-item-2789\"><a href=\"https:\/\/visitoland.com\/en\/do\/archaeology-history\/\">Archaeology &#038; history<\/a><\/li>\n<li class=\"page_item page-item-2783\"><a href=\"https:\/\/visitoland.com\/en\/do\/artists\/\">Artists<\/a><\/li>\n<li class=\"page_item page-item-2794\"><a href=\"https:\/\/visitoland.com\/en\/do\/beaches-on-oland\/\">Bath, Spa &#038; Fitness<\/a><\/li>\n<li class=\"page_item page-item-2759\"><a href=\"https:\/\/visitoland.com\/en\/do\/bicycling-on-oland\/\">Bicycling on \u00d6land<\/a><\/li>\n<li class=\"page_item page-item-35266\"><a href=\"https:\/\/visitoland.com\/en\/do\/churches\/\">Churches<\/a><\/li>\n<li class=\"page_item page-item-2767\"><a href=\"https:\/\/visitoland.com\/en\/do\/courses-workshops\/\">Courses &#038; Workshops<\/a><\/li>\n<li class=\"page_item page-item-35275\"><a href=\"https:\/\/visitoland.com\/en\/do\/forts-and-castles\/\">Fortresses and Castles<\/a><\/li>\n<li class=\"page_item page-item-2763\"><a href=\"https:\/\/visitoland.com\/en\/do\/galleries\/\">Galleries<\/a><\/li>\n<li class=\"page_item page-item-690\"><a href=\"https:\/\/visitoland.com\/en\/do\/made-on-oland\/\">Made on \u00d6land<\/a><\/li>\n<li class=\"page_item page-item-2771\"><a href=\"https:\/\/visitoland.com\/en\/do\/museums\/\">Museums<\/a><\/li>\n<li class=\"page_item page-item-2775\"><a href=\"https:\/\/visitoland.com\/en\/do\/music-festivals\/\">Music &#038; festivals<\/a><\/li>\n<li class=\"page_item page-item-2777\"><a href=\"https:\/\/visitoland.com\/en\/do\/naturereserves\/\">Naturereserves<\/a><\/li>\n<li class=\"page_item page-item-35286\"><a href=\"https:\/\/visitoland.com\/en\/do\/shipwrecks\/\">Shipwrecks<\/a><\/li>\n<li class=\"page_item page-item-2781\"><a href=\"https:\/\/visitoland.com\/en\/do\/sightseeing-tours\/\">Sightseeing &#038; Tours<\/a><\/li>\n<li class=\"page_item page-item-2786\"><a href=\"https:\/\/visitoland.com\/en\/do\/sports-interests\/\">Sports &#038; Interests<\/a><\/li>\n<\/ul>\r\n<\/div>\r\n<\/div>\r\n<\/div>\r\n<\/div>\n\r\n\r\n\r\n<div class=\"row\">\r\n  <div class=\"span8\">\r\n    <div class=\"inner\">\r\n        <div id=\"options\">\r\n            <div class=\"option-set\" class=\"option-set\" data-group=\"lage\">\r\n                    <input type=\"checkbox\" value=\"\" id=\"lage-all\" class=\"all\" checked \/><label for=\"lage-all\">Whole \u00d6land<\/label>\r\n                <input type=\"checkbox\" value=\".nothern-oland\" id=\"nothern-oland\" \/><label for=\"nothern-oland\">Northern \u00d6land<\/label>\r\n                <input type=\"checkbox\" value=\".southern-oland\" id=\"southern-oland\" \/><label for=\"southern-oland\">Southern \u00d6land<\/label>\r\n                <input type=\"checkbox\" value=\".central-oland\" id=\"central-oland\" \/><label for=\"central-oland\">Central \u00d6land<\/label>\r\n                <input type=\"checkbox\" value=\".kalmar\" id=\"kalmar\" \/><label for=\"kalmar\">Kalmar<\/label>\r\n            <\/div>\r\n            \r\n            <div class=\"option-set\" data-group=\"typ\">\r\n                <input type=\"checkbox\" value=\"\" id=\"typ-all\" class=\"all\" checked \/><label for=\"typ-all\">Allt<\/label>\r\n                <input type=\"checkbox\" value=\".disability-friendly\" id=\"disability-friendly\" \/><label for=\"disability-friendly\">Disability friendly<\/label>\r\n            <\/div>\r\n        <\/div>\r\n    <\/div>\r\n  <\/div>\r\n<\/div>\n<div id=\"wpv-view-layout-37274\" class=\"js-wpv-view-layout js-wpv-layout-responsive js-wpv-view-layout-37274\" data-viewnumber=\"37274\" data-pagination=\"{&quot;id&quot;:37274,&quot;query&quot;:&quot;normal&quot;,&quot;type&quot;:&quot;disabled&quot;,&quot;effect&quot;:&quot;fade&quot;,&quot;duration&quot;:&quot;500&quot;,&quot;speed&quot;:5,&quot;pause_on_hover&quot;:&quot;disabled&quot;,&quot;stop_rollover&quot;:&quot;false&quot;,&quot;cache_pages&quot;:&quot;enabled&quot;,&quot;preload_images&quot;:&quot;enabled&quot;,&quot;preload_pages&quot;:&quot;enabled&quot;,&quot;preload_reach&quot;:&quot;1&quot;,&quot;spinner&quot;:&quot;builtin&quot;,&quot;spinner_image&quot;:&quot;https:\/\/visitoland.com\/koko173Jambo29\/wp-content\/plugins\/wp-views\/embedded\/res\/img\/ajax-loader.gif&quot;,&quot;callback_next&quot;:&quot;&quot;,&quot;manage_history&quot;:&quot;enabled&quot;,&quot;has_controls_in_form&quot;:&quot;disabled&quot;,&quot;infinite_tolerance&quot;:&quot;0&quot;,&quot;max_pages&quot;:0,&quot;page&quot;:1,&quot;base_permalink&quot;:&quot;\/en\/wp-json\/wp\/v2\/pages\/35282?wpv_view_count=37274&amp;wpv_paged=WPV_PAGE_NUM&quot;,&quot;loop&quot;:{&quot;type&quot;:&quot;&quot;,&quot;name&quot;:&quot;&quot;,&quot;data&quot;:[],&quot;id&quot;:0}}\" data-permalink=\"\/en\/wp-json\/wp\/v2\/pages\/35282?wpv_view_count=37274\">\n\n<div class=\"row\">\n\t\n\t<div id=\"containerGoraEng\" class=\"span5\">\n    \t\n    \t\t<div class=\"map_element row operators-list-item box archaeology-en history-en southern-oland\">\n              <input type=\"hidden\" value=\"56.3890346\" class=\"marker_long\" \/>\n              <input type=\"hidden\" value=\"16.4349752\" class=\"marker_lat\" \/>\n              <div class=\"span2\">\n                <div class=\"inner\">\n                  <div class=\"thumbnail\">\n                    <img loading=\"lazy\" decoding=\"async\" width=\"220\" height=\"147\" src=\"https:\/\/visitoland.com\/wp-content\/uploads\/2014\/12\/gettlinge-gravfalt-presentation.jpg\" class=\"attachment-full size-full wp-post-image\" alt=\"gettlinge-gravf\u00e4lt-\u00d6land\" srcset=\"https:\/\/visitoland.com\/wp-content\/uploads\/2014\/12\/gettlinge-gravfalt-presentation.jpg 220w, https:\/\/visitoland.com\/wp-content\/uploads\/2014\/12\/gettlinge-gravfalt-presentation-150x100.jpg 150w, https:\/\/visitoland.com\/wp-content\/uploads\/2014\/12\/gettlinge-gravfalt-presentation-160x106.jpg 160w\" sizes=\"auto, (max-width: 220px) 100vw, 220px\" \/>\n                  <\/div>\n                <\/div>\n              <\/div>\n              <div class=\"span3\">\n                <div class=\"inner\">\n                  <h2 class=\"bo link-title marker_title\"><a href=\"https:\/\/visitoland.com\/en\/gora-pa-oland\/gettlinge-gravfalt\/\">Gettlinge Gravf\u00e4lt<\/a><\/h2>\n                  <p>Gettlinge gravf\u00e4lt \u00e4r ett av de st\u00f6rsta gravf\u00e4lten p\u00e5 \u00d6land, med en l\u00e4ngd av n\u00e4stan tv\u00e5 kilometer. Det \u00e4r bel\u00e4get l\u00e4ngs \u00f6ns v\u00e4stra v\u00e4g mellan byarna G\u00e5rdstorp, Gettlinge och Klinta.<\/p>\n<br \/>\n                  Location: Southern \u00d6land\r\n\n                <\/div>\n              <\/div>  \n    \t\t<\/div>\n          <hr\/>\n    \t\n\t<\/div>\n\t\n\t<div class=\"span3 karta\">\n        <div class=\"inner\">\n          \t<div id=\"map\" style=\"width: 400px; height:650px;\"><\/div>\n        <\/div>\n    <\/div>\n    \n<\/div>\n\n<div class=\"row\">\n  <div class=\"span8\">\n    <div class=\"inner\">\n        \n        <\/div>\n    <\/div>\n  <\/div>\n<\/div>\n\r\n\n","protected":false},"excerpt":{"rendered":"Do Menu Ancient remains Archaeology &#038; history Artists Bath, Spa &#038; Fitness Bicycling on \u00d6land Churches Courses &#038; Workshops Fortresses and Castles Galleries Made on \u00d6land Museums Music &#038; festivals Naturereserves Shipwrecks Sightseeing &#038; Tours Sports &#038; Interests Whole \u00d6land Northern \u00d6land Southern \u00d6land Central \u00d6land Kalmar Allt Disability friendly Gettlinge Gravf\u00e4lt Gettlinge gravf\u00e4lt \u00e4r&nbsp; &nbsp;<a href=\"https:\/\/visitoland.com\/en\/do\/ancient-remains\/\">...Continue Reading<\/a>","protected":false},"author":2,"featured_media":14824,"parent":205,"menu_order":0,"comment_status":"open","ping_status":"closed","template":"","meta":{"footnotes":""},"class_list":["post-35282","page","type-page","status-publish","has-post-thumbnail","hentry"],"aioseo_notices":[],"_links":{"self":[{"href":"https:\/\/visitoland.com\/en\/wp-json\/wp\/v2\/pages\/35282","targetHints":{"allow":["GET"]}}],"collection":[{"href":"https:\/\/visitoland.com\/en\/wp-json\/wp\/v2\/pages"}],"about":[{"href":"https:\/\/visitoland.com\/en\/wp-json\/wp\/v2\/types\/page"}],"author":[{"embeddable":true,"href":"https:\/\/visitoland.com\/en\/wp-json\/wp\/v2\/users\/2"}],"replies":[{"embeddable":true,"href":"https:\/\/visitoland.com\/en\/wp-json\/wp\/v2\/comments?post=35282"}],"version-history":[{"count":0,"href":"https:\/\/visitoland.com\/en\/wp-json\/wp\/v2\/pages\/35282\/revisions"}],"up":[{"embeddable":true,"href":"https:\/\/visitoland.com\/en\/wp-json\/wp\/v2\/pages\/205"}],"wp:featuredmedia":[{"embeddable":true,"href":"https:\/\/visitoland.com\/en\/wp-json\/wp\/v2\/media\/14824"}],"wp:attachment":[{"href":"https:\/\/visitoland.com\/en\/wp-json\/wp\/v2\/media?parent=35282"}],"curies":[{"name":"wp","href":"https:\/\/api.w.org\/{rel}","templated":true}]}}