{"id":37112,"date":"2015-03-29T17:54:46","date_gmt":"2015-03-29T15:54:46","guid":{"rendered":"https:\/\/visitoland.com\/?page_id=37112"},"modified":"2016-07-14T20:36:17","modified_gmt":"2016-07-14T18:36:17","slug":"oland-bird-watchers-paradise","status":"publish","type":"page","link":"https:\/\/visitoland.com\/en\/oland-bird-watchers-paradise\/","title":{"rendered":"\u00d6land, birders paradise!"},"content":{"rendered":"<div class=\"wpb-content-wrapper\"><p>[vc_row][vc_column][vc_column_text]<\/p>\n<h2 style=\"text-align: center;\">\u00d6land \u2013 a place where birds are migrating all year<\/h2>\n<p>[\/vc_column_text][\/vc_column][\/vc_row][vc_row][vc_column width=&#8221;1\/2&#8243;][vc_column_text]For all visitors to and residents of \u00d6land with an interest in the magical world of migratory birds \u2013 The Great Migration \u2013 there is always a headland or a beach, and once there the sea or a channel to gaze out over.<\/p>\n<p>Discover northern \u00d6land\u2019s deciduous and coniferous forests interspersed with pasturelands. And on the southern third of the island there is an expansive and somewhat enigmatic \u201cinland sea\u201d \u2013 the Stora Alvaret![\/vc_column_text][\/vc_column][vc_column width=&#8221;1\/2&#8243;][vc_column_text]<a href=\"https:\/\/visitoland.com\/wp-content\/uploads\/2015\/03\/tranor-annika-lund1.jpg\" data-rel=\"lightbox-image-0\" data-rl_title=\"Tranor-Annika-Lund \u00d6land\" data-rl_caption=\"\" title=\"Tranor-Annika-Lund \u00d6land\"><img loading=\"lazy\" decoding=\"async\" class=\"aligncenter wp-image-37087 size-full\" src=\"https:\/\/visitoland.com\/wp-content\/uploads\/2015\/03\/tranor-annika-lund1.jpg\" alt=\"Tranor-Annika-Lund \u00d6land\" width=\"850\" height=\"495\" srcset=\"https:\/\/visitoland.com\/wp-content\/uploads\/2015\/03\/tranor-annika-lund1.jpg 850w, https:\/\/visitoland.com\/wp-content\/uploads\/2015\/03\/tranor-annika-lund1-150x87.jpg 150w, https:\/\/visitoland.com\/wp-content\/uploads\/2015\/03\/tranor-annika-lund1-300x174.jpg 300w, https:\/\/visitoland.com\/wp-content\/uploads\/2015\/03\/tranor-annika-lund1-160x93.jpg 160w, https:\/\/visitoland.com\/wp-content\/uploads\/2015\/03\/tranor-annika-lund1-260x151.jpg 260w, https:\/\/visitoland.com\/wp-content\/uploads\/2015\/03\/tranor-annika-lund1-360x209.jpg 360w\" sizes=\"auto, (max-width: 850px) 100vw, 850px\" \/><\/a> Common Crane, Photo Annika Lund[\/vc_column_text][\/vc_column][\/vc_row][vc_row][vc_column width=&#8221;1\/2&#8243;][vc_column_text]<a href=\"https:\/\/visitoland.com\/wp-content\/uploads\/2015\/03\/Ljungpipare-Hans-Olsson-11.jpg\" data-rel=\"lightbox-image-1\" data-rl_title=\"Ljungpipare-Hans-Olsson \u00d6land\" data-rl_caption=\"\" title=\"Ljungpipare-Hans-Olsson \u00d6land\"><img loading=\"lazy\" decoding=\"async\" class=\"aligncenter wp-image-37083 size-full\" src=\"https:\/\/visitoland.com\/wp-content\/uploads\/2015\/03\/Ljungpipare-Hans-Olsson-11.jpg\" alt=\"Ljungpipare-Hans-Olsson \u00d6land\" width=\"758\" height=\"360\" srcset=\"https:\/\/visitoland.com\/wp-content\/uploads\/2015\/03\/Ljungpipare-Hans-Olsson-11.jpg 758w, https:\/\/visitoland.com\/wp-content\/uploads\/2015\/03\/Ljungpipare-Hans-Olsson-11-150x71.jpg 150w, https:\/\/visitoland.com\/wp-content\/uploads\/2015\/03\/Ljungpipare-Hans-Olsson-11-300x142.jpg 300w, https:\/\/visitoland.com\/wp-content\/uploads\/2015\/03\/Ljungpipare-Hans-Olsson-11-160x75.jpg 160w, https:\/\/visitoland.com\/wp-content\/uploads\/2015\/03\/Ljungpipare-Hans-Olsson-11-260x123.jpg 260w, https:\/\/visitoland.com\/wp-content\/uploads\/2015\/03\/Ljungpipare-Hans-Olsson-11-360x170.jpg 360w\" sizes=\"auto, (max-width: 758px) 100vw, 758px\" \/><\/a> European Golden Plover, Photo Hans Olsson[\/vc_column_text][\/vc_column][vc_column width=&#8221;1\/2&#8243;][vc_column_text]Tens of millions of birds travel past, through and over all of this \u2026 throughout the year!<\/p>\n<p>It is said that islands have an island effect on birds, a kind of magnetism. And of course this is true. For most birds, vast stretches of water are a negative thing. Birds cannot rest out there on the open seas, but \u201cknow\u201d that they will soon reach an island where they can rest and feed.<\/p>\n<p>\u00d6land is a long, natural marker for birds migrating in a north-south course and at the same time the long coast catches flocks of birds flying from east to west or vice-versa.[\/vc_column_text][\/vc_column][\/vc_row][vc_row][vc_column][vc_column_text]Traditionally, most activity relating to birds occurs during their autumn and spring migrations, but on \u00d6land it is evident that birds are on the move for the Earth\u2019s entire revolution around the sun \u2013 i.e. throughout the year!<\/p>\n<p>There is always a day, a place and a moment for people who are interested in this boundless world of birds.[\/vc_column_text][\/vc_column][\/vc_row][vc_row][vc_column width=&#8221;1\/2&#8243;][vc_column_text]<a href=\"https:\/\/visitoland.com\/wp-content\/uploads\/2015\/03\/Fiskmas-Hans-Olsson1.jpg\" data-rel=\"lightbox-image-2\" data-rl_title=\"Fiskm\u00e5s-Hans-Olsson \u00d6land\" data-rl_caption=\"\" title=\"Fiskm\u00e5s-Hans-Olsson \u00d6land\"><img loading=\"lazy\" decoding=\"async\" class=\"aligncenter wp-image-37019 size-full\" src=\"https:\/\/visitoland.com\/wp-content\/uploads\/2015\/03\/Fiskmas-Hans-Olsson1.jpg\" alt=\"Fiskm\u00e5s-Hans-Olsson \u00d6land\" width=\"650\" height=\"360\" srcset=\"https:\/\/visitoland.com\/wp-content\/uploads\/2015\/03\/Fiskmas-Hans-Olsson1.jpg 650w, https:\/\/visitoland.com\/wp-content\/uploads\/2015\/03\/Fiskmas-Hans-Olsson1-150x83.jpg 150w, https:\/\/visitoland.com\/wp-content\/uploads\/2015\/03\/Fiskmas-Hans-Olsson1-300x166.jpg 300w, https:\/\/visitoland.com\/wp-content\/uploads\/2015\/03\/Fiskmas-Hans-Olsson1-160x88.jpg 160w, https:\/\/visitoland.com\/wp-content\/uploads\/2015\/03\/Fiskmas-Hans-Olsson1-260x144.jpg 260w, https:\/\/visitoland.com\/wp-content\/uploads\/2015\/03\/Fiskmas-Hans-Olsson1-360x199.jpg 360w\" sizes=\"auto, (max-width: 650px) 100vw, 650px\" \/><\/a> Common Gull, Photo Hans Olsson[\/vc_column_text][\/vc_column][vc_column width=&#8221;1\/2&#8243;][vc_column_text]<a href=\"https:\/\/visitoland.com\/wp-content\/uploads\/2015\/03\/Skrattmas-Hans-Olsson-1.jpg\" data-rel=\"lightbox-image-3\" data-rl_title=\"Skrattm\u00e5s-Hans-Olsson-\u00d6land\" data-rl_caption=\"\" title=\"Skrattm\u00e5s-Hans-Olsson-\u00d6land\"><img loading=\"lazy\" decoding=\"async\" class=\"aligncenter wp-image-37093 size-full\" src=\"https:\/\/visitoland.com\/wp-content\/uploads\/2015\/03\/Skrattmas-Hans-Olsson-1.jpg\" alt=\"Skrattm\u00e5s-Hans-Olsson-\u00d6land\" width=\"850\" height=\"471\" srcset=\"https:\/\/visitoland.com\/wp-content\/uploads\/2015\/03\/Skrattmas-Hans-Olsson-1.jpg 850w, https:\/\/visitoland.com\/wp-content\/uploads\/2015\/03\/Skrattmas-Hans-Olsson-1-150x83.jpg 150w, https:\/\/visitoland.com\/wp-content\/uploads\/2015\/03\/Skrattmas-Hans-Olsson-1-300x166.jpg 300w, https:\/\/visitoland.com\/wp-content\/uploads\/2015\/03\/Skrattmas-Hans-Olsson-1-160x88.jpg 160w, https:\/\/visitoland.com\/wp-content\/uploads\/2015\/03\/Skrattmas-Hans-Olsson-1-260x144.jpg 260w, https:\/\/visitoland.com\/wp-content\/uploads\/2015\/03\/Skrattmas-Hans-Olsson-1-360x199.jpg 360w\" sizes=\"auto, (max-width: 850px) 100vw, 850px\" \/><\/a> Black-headed Gull, Photo Hans Olsson[\/vc_column_text][\/vc_column][\/vc_row][vc_row][vc_column][vc_column_text]On a day in February you can see thousands of Common Gulls and Herring Gulls travelling in a south westerly direction past \u00d6land. The ice has started becoming fixed in the Gulf of Finland and the surrounding waters by then. As the edge of the ice slowly moves southwards, the seagulls head towards the southern Baltic Sea and Danish waters.<\/p>\n<p>At the same time\u2026 and this is spectacular\u2026 there is milder air out over the Atlantic and the first good low pressure system over the British Isles will bring the first birds of spring. These are sometimes referred to as weather migrants, and include Greylag Geese, Common Shelducks, Northern Lapwings or Peewits, Golden Plovers, Eurasian Skylarks and Starlings.[\/vc_column_text][\/vc_column][\/vc_row][vc_row][vc_column width=&#8221;1\/2&#8243;][vc_column_text]<a href=\"https:\/\/visitoland.com\/wp-content\/uploads\/2015\/03\/Gragas-Hans-Olsson-11.jpg\" data-rel=\"lightbox-image-4\" data-rl_title=\"Gr\u00e5g\u00e5s-Hans-Olsson-\u00d6land\" data-rl_caption=\"\" title=\"Gr\u00e5g\u00e5s-Hans-Olsson-\u00d6land\"><img loading=\"lazy\" decoding=\"async\" class=\"aligncenter wp-image-37079 size-full\" src=\"https:\/\/visitoland.com\/wp-content\/uploads\/2015\/03\/Gragas-Hans-Olsson-11.jpg\" alt=\"Gr\u00e5g\u00e5s-Hans-Olsson-\u00d6land\" width=\"850\" height=\"524\" srcset=\"https:\/\/visitoland.com\/wp-content\/uploads\/2015\/03\/Gragas-Hans-Olsson-11.jpg 850w, https:\/\/visitoland.com\/wp-content\/uploads\/2015\/03\/Gragas-Hans-Olsson-11-150x92.jpg 150w, https:\/\/visitoland.com\/wp-content\/uploads\/2015\/03\/Gragas-Hans-Olsson-11-300x184.jpg 300w, https:\/\/visitoland.com\/wp-content\/uploads\/2015\/03\/Gragas-Hans-Olsson-11-160x98.jpg 160w, https:\/\/visitoland.com\/wp-content\/uploads\/2015\/03\/Gragas-Hans-Olsson-11-260x160.jpg 260w, https:\/\/visitoland.com\/wp-content\/uploads\/2015\/03\/Gragas-Hans-Olsson-11-360x221.jpg 360w\" sizes=\"auto, (max-width: 850px) 100vw, 850px\" \/><\/a> Greylag Goose, Photo Hans Olsson[\/vc_column_text][\/vc_column][vc_column width=&#8221;1\/2&#8243;][vc_column_text]<a href=\"https:\/\/visitoland.com\/wp-content\/uploads\/2015\/03\/Tofsvipa-Hans-Olsson-1.jpg\" data-rel=\"lightbox-image-5\" data-rl_title=\"Tofsvipa-Hans-Olsson-\u00d6land\" data-rl_caption=\"\" title=\"Tofsvipa-Hans-Olsson-\u00d6land\"><img loading=\"lazy\" decoding=\"async\" class=\"aligncenter wp-image-37035 size-full\" src=\"https:\/\/visitoland.com\/wp-content\/uploads\/2015\/03\/Tofsvipa-Hans-Olsson-1.jpg\" alt=\"Tofsvipa-Hans-Olsson-\u00d6land\" width=\"850\" height=\"524\" srcset=\"https:\/\/visitoland.com\/wp-content\/uploads\/2015\/03\/Tofsvipa-Hans-Olsson-1.jpg 850w, https:\/\/visitoland.com\/wp-content\/uploads\/2015\/03\/Tofsvipa-Hans-Olsson-1-150x92.jpg 150w, https:\/\/visitoland.com\/wp-content\/uploads\/2015\/03\/Tofsvipa-Hans-Olsson-1-300x184.jpg 300w, https:\/\/visitoland.com\/wp-content\/uploads\/2015\/03\/Tofsvipa-Hans-Olsson-1-160x98.jpg 160w, https:\/\/visitoland.com\/wp-content\/uploads\/2015\/03\/Tofsvipa-Hans-Olsson-1-260x160.jpg 260w, https:\/\/visitoland.com\/wp-content\/uploads\/2015\/03\/Tofsvipa-Hans-Olsson-1-360x221.jpg 360w\" sizes=\"auto, (max-width: 850px) 100vw, 850px\" \/><\/a> Northern Lapwing, Photo Hans Olsson[\/vc_column_text][\/vc_column][\/vc_row][vc_row][vc_column][vc_column_text]Much further south than the low pressure systems, down on the African continent, the migratory birds\u2019 internal clocks count down to a departure date. Regardless of the weather in northern Europe, the Alvar terrain\u2019s Northern Wheatears and the White Wagtails of the fishing ports will soon start their journey north. These are two examples of migrants arriving on nearly the same date every spring and are perhaps the species of bird that we humans most appreciate.<\/p>\n<p>These faithful fellow creatures create a sense of security within us\u2026 and the feeling when the wagtail is back again, twittering from the roof of the fishing cabin on a spring morning, is, of course, euphoric.[\/vc_column_text][\/vc_column][\/vc_row][vc_row][vc_column width=&#8221;1\/2&#8243;][vc_column_text]<a href=\"https:\/\/visitoland.com\/wp-content\/uploads\/2015\/03\/Sadesarla-Hans-Olsson.jpg\" data-rel=\"lightbox-image-6\" data-rl_title=\"S\u00e4des\u00e4rla-Hans-Olsson \u00d6land\" data-rl_caption=\"\" title=\"S\u00e4des\u00e4rla-Hans-Olsson \u00d6land\"><img loading=\"lazy\" decoding=\"async\" class=\"aligncenter wp-image-37057 size-full\" src=\"https:\/\/visitoland.com\/wp-content\/uploads\/2015\/03\/Sadesarla-Hans-Olsson.jpg\" alt=\"S\u00e4des\u00e4rla-Hans-Olsson \u00d6land\" width=\"850\" height=\"511\" srcset=\"https:\/\/visitoland.com\/wp-content\/uploads\/2015\/03\/Sadesarla-Hans-Olsson.jpg 850w, https:\/\/visitoland.com\/wp-content\/uploads\/2015\/03\/Sadesarla-Hans-Olsson-150x90.jpg 150w, https:\/\/visitoland.com\/wp-content\/uploads\/2015\/03\/Sadesarla-Hans-Olsson-300x180.jpg 300w, https:\/\/visitoland.com\/wp-content\/uploads\/2015\/03\/Sadesarla-Hans-Olsson-160x96.jpg 160w, https:\/\/visitoland.com\/wp-content\/uploads\/2015\/03\/Sadesarla-Hans-Olsson-260x156.jpg 260w, https:\/\/visitoland.com\/wp-content\/uploads\/2015\/03\/Sadesarla-Hans-Olsson-360x216.jpg 360w\" sizes=\"auto, (max-width: 850px) 100vw, 850px\" \/><\/a> White Wagtail, Photo Hans Olsson[\/vc_column_text][\/vc_column][vc_column width=&#8221;1\/2&#8243;][vc_column_text]<a href=\"https:\/\/visitoland.com\/wp-content\/uploads\/2015\/03\/Stenskvatta-Hans-Olsson-1.jpg\" data-rel=\"lightbox-image-7\" data-rl_title=\"Stenskv\u00e4tta-Hans-Olsson-\u00d6land\" data-rl_caption=\"\" title=\"Stenskv\u00e4tta-Hans-Olsson-\u00d6land\"><img loading=\"lazy\" decoding=\"async\" class=\"aligncenter wp-image-37060 size-full\" src=\"https:\/\/visitoland.com\/wp-content\/uploads\/2015\/03\/Stenskvatta-Hans-Olsson-1.jpg\" alt=\"Stenskv\u00e4tta-Hans-Olsson-\u00d6land\" width=\"850\" height=\"511\" srcset=\"https:\/\/visitoland.com\/wp-content\/uploads\/2015\/03\/Stenskvatta-Hans-Olsson-1.jpg 850w, https:\/\/visitoland.com\/wp-content\/uploads\/2015\/03\/Stenskvatta-Hans-Olsson-1-150x90.jpg 150w, https:\/\/visitoland.com\/wp-content\/uploads\/2015\/03\/Stenskvatta-Hans-Olsson-1-300x180.jpg 300w, https:\/\/visitoland.com\/wp-content\/uploads\/2015\/03\/Stenskvatta-Hans-Olsson-1-160x96.jpg 160w, https:\/\/visitoland.com\/wp-content\/uploads\/2015\/03\/Stenskvatta-Hans-Olsson-1-260x156.jpg 260w, https:\/\/visitoland.com\/wp-content\/uploads\/2015\/03\/Stenskvatta-Hans-Olsson-1-360x216.jpg 360w\" sizes=\"auto, (max-width: 850px) 100vw, 850px\" \/><\/a> Northern Wheatear, Photo Hans Olsson[\/vc_column_text][\/vc_column][\/vc_row][vc_row][vc_column width=&#8221;1\/2&#8243;][vc_column_text]When the final returners reach \u00d6land and Sweden at the start of June, including the Common Rosefinch and the Greenish Warbler, you can already hear the mating calls of the autumn migrants, the Spotted Redshank and the Green Sandpiper, as well as the Eurasian Curlew. These are the females, who have completed their part of the breeding and are now on their way to their winter habitat. Their respective partners remain to ensure that the chicks are fledglings by July. Then the males also fly south while the new generation migrates in August\/September.<\/p>\n<p>Imagine that! This magical migration sets off at three completely different departure times\u2026 but they fly along the same routes and arrive at the same wintering area![\/vc_column_text][\/vc_column][vc_column width=&#8221;1\/2&#8243;][vc_column_text]<a href=\"https:\/\/visitoland.com\/wp-content\/uploads\/2015\/03\/Svartsnappa-Hans-Olsson.jpg\" data-rel=\"lightbox-image-8\" data-rl_title=\"Svartsn\u00e4ppa-Hans-Olsson \u00d6land\" data-rl_caption=\"\" title=\"Svartsn\u00e4ppa-Hans-Olsson \u00d6land\"><img loading=\"lazy\" decoding=\"async\" class=\"aligncenter wp-image-37064 size-full\" src=\"https:\/\/visitoland.com\/wp-content\/uploads\/2015\/03\/Svartsnappa-Hans-Olsson.jpg\" alt=\"Svartsn\u00e4ppa-Hans-Olsson \u00d6land\" width=\"850\" height=\"527\" srcset=\"https:\/\/visitoland.com\/wp-content\/uploads\/2015\/03\/Svartsnappa-Hans-Olsson.jpg 850w, https:\/\/visitoland.com\/wp-content\/uploads\/2015\/03\/Svartsnappa-Hans-Olsson-150x93.jpg 150w, https:\/\/visitoland.com\/wp-content\/uploads\/2015\/03\/Svartsnappa-Hans-Olsson-300x186.jpg 300w, https:\/\/visitoland.com\/wp-content\/uploads\/2015\/03\/Svartsnappa-Hans-Olsson-160x99.jpg 160w, https:\/\/visitoland.com\/wp-content\/uploads\/2015\/03\/Svartsnappa-Hans-Olsson-260x161.jpg 260w, https:\/\/visitoland.com\/wp-content\/uploads\/2015\/03\/Svartsnappa-Hans-Olsson-360x223.jpg 360w\" sizes=\"auto, (max-width: 850px) 100vw, 850px\" \/><\/a> Spotted Redshank, Photo Hans Olsson[\/vc_column_text][\/vc_column][\/vc_row][vc_row][vc_column width=&#8221;2\/3&#8243;][vc_column_text]<a href=\"https:\/\/visitoland.com\/wp-content\/uploads\/2015\/03\/Storspov-Hans-Olsson-1.jpg\" data-rel=\"lightbox-image-9\" data-rl_title=\"Storspov-Hans-Olsson-\u00d6land\" data-rl_caption=\"\" title=\"Storspov-Hans-Olsson-\u00d6land\"><img loading=\"lazy\" decoding=\"async\" class=\"aligncenter wp-image-37075 size-full\" src=\"https:\/\/visitoland.com\/wp-content\/uploads\/2015\/03\/Storspov-Hans-Olsson-1.jpg\" alt=\"Storspov-Hans-Olsson-\u00d6land\" width=\"850\" height=\"330\" srcset=\"https:\/\/visitoland.com\/wp-content\/uploads\/2015\/03\/Storspov-Hans-Olsson-1.jpg 850w, https:\/\/visitoland.com\/wp-content\/uploads\/2015\/03\/Storspov-Hans-Olsson-1-150x58.jpg 150w, https:\/\/visitoland.com\/wp-content\/uploads\/2015\/03\/Storspov-Hans-Olsson-1-300x116.jpg 300w, https:\/\/visitoland.com\/wp-content\/uploads\/2015\/03\/Storspov-Hans-Olsson-1-160x62.jpg 160w, https:\/\/visitoland.com\/wp-content\/uploads\/2015\/03\/Storspov-Hans-Olsson-1-260x100.jpg 260w, https:\/\/visitoland.com\/wp-content\/uploads\/2015\/03\/Storspov-Hans-Olsson-1-360x139.jpg 360w\" sizes=\"auto, (max-width: 850px) 100vw, 850px\" \/><\/a> Eurasian Curlew, Photo Hans Olsson[\/vc_column_text][\/vc_column][vc_column width=&#8221;1\/3&#8243;][vc_column_text]So the avian autumn is something totally different to what we call autumn. It is an almost elusive feeling, and, at the same time, a very palpable experience.<\/p>\n<p>\u00d6land has an avian autumn that lasts for over six months![\/vc_column_text][\/vc_column][\/vc_row][vc_row][vc_column width=&#8221;1\/2&#8243;][vc_column_text]Shortly after New Year, the first gales sweep in from the east with accompanying spates of intensive snow showers \u2013 which meteorologists now call \u201csnow cannons\u201d. Thousands of Little Gulls may leave the Baltic Sea at that time, having until then lived a pelagic life out there on the water, far from land. These, our smallest gull, ride above the stormy sea\u2019s hissing breakers, tern-like, elegant and personifying the literary gull Jonathan Livingstone Seagull.<\/p>\n<p>The \u00d6land winter has arrived on the island, but the birds continue to migrate\u2026 and every day a new bird year begins on \u00d6land![\/vc_column_text][\/vc_column][vc_column width=&#8221;1\/2&#8243;][vc_column_text]<a href=\"https:\/\/visitoland.com\/wp-content\/uploads\/2015\/03\/Gratrut-Hans-Olsson1.jpg\" data-rel=\"lightbox-image-10\" data-rl_title=\"Gr\u00e5trut-Hans-Olsson \u00d6land\" data-rl_caption=\"\" title=\"Gr\u00e5trut-Hans-Olsson \u00d6land\"><img loading=\"lazy\" decoding=\"async\" class=\"aligncenter wp-image-37022 size-full\" src=\"https:\/\/visitoland.com\/wp-content\/uploads\/2015\/03\/Gratrut-Hans-Olsson1.jpg\" alt=\"Gr\u00e5trut-Hans-Olsson \u00d6land\" width=\"650\" height=\"366\" srcset=\"https:\/\/visitoland.com\/wp-content\/uploads\/2015\/03\/Gratrut-Hans-Olsson1.jpg 650w, https:\/\/visitoland.com\/wp-content\/uploads\/2015\/03\/Gratrut-Hans-Olsson1-150x84.jpg 150w, https:\/\/visitoland.com\/wp-content\/uploads\/2015\/03\/Gratrut-Hans-Olsson1-300x168.jpg 300w, https:\/\/visitoland.com\/wp-content\/uploads\/2015\/03\/Gratrut-Hans-Olsson1-160x90.jpg 160w, https:\/\/visitoland.com\/wp-content\/uploads\/2015\/03\/Gratrut-Hans-Olsson1-260x146.jpg 260w, https:\/\/visitoland.com\/wp-content\/uploads\/2015\/03\/Gratrut-Hans-Olsson1-360x202.jpg 360w\" sizes=\"auto, (max-width: 650px) 100vw, 650px\" \/><\/a> European Herring Gull , Photo Hans Olsson[\/vc_column_text][\/vc_column][\/vc_row][vc_row][vc_column width=&#8221;1\/2&#8243;][vc_column_text]<a href=\"https:\/\/visitoland.com\/wp-content\/uploads\/2015\/03\/gass-och-skadare.jpg\" data-rel=\"lightbox-image-11\" data-rl_title=\"G\u00e4ss-och-sk\u00e5dare Tommie Skoog \u00d6land\" data-rl_caption=\"\" title=\"G\u00e4ss-och-sk\u00e5dare Tommie Skoog \u00d6land\"><img loading=\"lazy\" decoding=\"async\" class=\"aligncenter wp-image-37097 size-full\" src=\"https:\/\/visitoland.com\/wp-content\/uploads\/2015\/03\/gass-och-skadare.jpg\" alt=\"G\u00e4ss-och-sk\u00e5dare Tommie Skoog \u00d6land\" width=\"850\" height=\"587\" srcset=\"https:\/\/visitoland.com\/wp-content\/uploads\/2015\/03\/gass-och-skadare.jpg 850w, https:\/\/visitoland.com\/wp-content\/uploads\/2015\/03\/gass-och-skadare-150x103.jpg 150w, https:\/\/visitoland.com\/wp-content\/uploads\/2015\/03\/gass-och-skadare-300x207.jpg 300w, https:\/\/visitoland.com\/wp-content\/uploads\/2015\/03\/gass-och-skadare-160x110.jpg 160w, https:\/\/visitoland.com\/wp-content\/uploads\/2015\/03\/gass-och-skadare-260x180.jpg 260w, https:\/\/visitoland.com\/wp-content\/uploads\/2015\/03\/gass-och-skadare-360x248.jpg 360w\" sizes=\"auto, (max-width: 850px) 100vw, 850px\" \/><\/a> Geese &amp; Birders, Photo Tommie Skoog[\/vc_column_text][\/vc_column][vc_column width=&#8221;1\/2&#8243;][vc_column_text]Visitolands Guest Reporter: <strong>G\u00f6ran Andersson<\/strong><\/p>\n<p>Ottenby Bird Observatory, \u00d6land: <a href=\"https:\/\/www.sofnet.org\/ottenbyfagelstation\/start\/\" target=\"_blank\">www.ottenby.se<\/a><\/p>\n<p>Photographers: Hans Olsson, Annika Lund och Tommie Skoog<\/p>\n<p>Blog: <a href=\"https:\/\/naturgenomkikare.blogspot.se\/\" target=\"_blank\">Photographer Hans Olsson<\/a> , in Swedish only, but beautiful pictures<\/p>\n<p><a href=\"https:\/\/visitoland.com\/en\/birding\/\">Direct to the area birding on Visitoland.com<\/a>[\/vc_column_text][\/vc_column][\/vc_row]<\/p>\n<\/div>","protected":false},"excerpt":{"rendered":"<p>[vc_row][vc_column][vc_column_text] \u00d6land \u2013 a place where birds are migrating all year [\/vc_column_text][\/vc_column][\/vc_row][vc_row][vc_column width=&#8221;1\/2&#8243;][vc_column_text]For all visitors to and residents of \u00d6land with an interest in the magical world of migratory birds \u2013 The Great Migration \u2013 there is always a headland or a beach, and once there the sea or a channel to gaze out over.&nbsp; &nbsp;<a href=\"https:\/\/visitoland.com\/en\/oland-bird-watchers-paradise\/\">&#8230;Continue Reading<\/a><\/p>\n","protected":false},"author":2,"featured_media":37109,"parent":0,"menu_order":0,"comment_status":"open","ping_status":"open","template":"","meta":{"footnotes":""},"class_list":["post-37112","page","type-page","status-publish","has-post-thumbnail","hentry"],"aioseo_notices":[],"_links":{"self":[{"href":"https:\/\/visitoland.com\/en\/wp-json\/wp\/v2\/pages\/37112","targetHints":{"allow":["GET"]}}],"collection":[{"href":"https:\/\/visitoland.com\/en\/wp-json\/wp\/v2\/pages"}],"about":[{"href":"https:\/\/visitoland.com\/en\/wp-json\/wp\/v2\/types\/page"}],"author":[{"embeddable":true,"href":"https:\/\/visitoland.com\/en\/wp-json\/wp\/v2\/users\/2"}],"replies":[{"embeddable":true,"href":"https:\/\/visitoland.com\/en\/wp-json\/wp\/v2\/comments?post=37112"}],"version-history":[{"count":0,"href":"https:\/\/visitoland.com\/en\/wp-json\/wp\/v2\/pages\/37112\/revisions"}],"wp:featuredmedia":[{"embeddable":true,"href":"https:\/\/visitoland.com\/en\/wp-json\/wp\/v2\/media\/37109"}],"wp:attachment":[{"href":"https:\/\/visitoland.com\/en\/wp-json\/wp\/v2\/media?parent=37112"}],"curies":[{"name":"wp","href":"https:\/\/api.w.org\/{rel}","templated":true}]}}