{"id":38501,"date":"2015-08-16T19:57:10","date_gmt":"2015-08-16T17:57:10","guid":{"rendered":"https:\/\/visitoland.com\/en\/?page_id=38501"},"modified":"2015-08-17T11:14:11","modified_gmt":"2015-08-17T09:14:11","slug":"oeland-the-island-of-the-tastes","status":"publish","type":"page","link":"https:\/\/visitoland.com\/en\/oeland-the-island-of-the-tastes\/","title":{"rendered":"\u00d6land, the Island of the Tastes!"},"content":{"rendered":"<div class=\"wpb-content-wrapper\"><p>[vc_row][vc_column width=&#8221;1\/1&#8243;][vc_column_text]<\/p>\n<h2 style=\"text-align: center;\">The Gould of \u00d6land<\/h2>\n<p>[\/vc_column_text][\/vc_column][\/vc_row][vc_row][vc_column width=&#8221;1\/1&#8243;][vc_column_text]\u00d6land has plenty for everyone! Oland is really the Island of the Sun, the taste and the senses.<br \/>\nWe will cover this in different articles from now on, touching the areas of the Sun, the Taste and the Senses as we see them. Hope you will enjoy and appreciate \u00d6land by this as much as we do. So letusstart withOlandas the Island of the taste and a bit of the Gold of \u00d6land.<\/p>\n<p>At the moment the gold is growing around the Island, the gold that will be ready and delivered to the Harvest Festival, and we are talking about the pumpkin of course.<\/p>\n<p>But what many do not know, is that in addition to the finished pumpkin, gold is produced right now and by that we mean the pumpkin flower a wonderful delicacy that we&#8217;ll show how to take care of.[\/vc_column_text][\/vc_column][\/vc_row][vc_row][vc_column width=&#8221;1\/2&#8243;][vc_column_text]<img loading=\"lazy\" decoding=\"async\" class=\"aligncenter size-full wp-image-38426\" src=\"https:\/\/visitoland.com\/wp-content\/uploads\/2015\/08\/01-Pumpan.jpg\" alt=\"Pumpa \u00d6land\" width=\"640\" height=\"427\" srcset=\"https:\/\/visitoland.com\/wp-content\/uploads\/2015\/08\/01-Pumpan.jpg 640w, https:\/\/visitoland.com\/wp-content\/uploads\/2015\/08\/01-Pumpan-150x100.jpg 150w, https:\/\/visitoland.com\/wp-content\/uploads\/2015\/08\/01-Pumpan-300x200.jpg 300w, https:\/\/visitoland.com\/wp-content\/uploads\/2015\/08\/01-Pumpan-160x107.jpg 160w, https:\/\/visitoland.com\/wp-content\/uploads\/2015\/08\/01-Pumpan-260x173.jpg 260w, https:\/\/visitoland.com\/wp-content\/uploads\/2015\/08\/01-Pumpan-360x240.jpg 360w\" sizes=\"auto, (max-width: 640px) 100vw, 640px\" \/><\/p>\n<p>Pumpan[\/vc_column_text][\/vc_column][vc_column width=&#8221;1\/2&#8243;][vc_column_text]<img loading=\"lazy\" decoding=\"async\" class=\"aligncenter size-full wp-image-38429\" src=\"https:\/\/visitoland.com\/wp-content\/uploads\/2015\/08\/02-Blomman-o-bi.jpg\" alt=\"Pumpablomma \u00d6land\" width=\"1024\" height=\"683\" srcset=\"https:\/\/visitoland.com\/wp-content\/uploads\/2015\/08\/02-Blomman-o-bi.jpg 1024w, https:\/\/visitoland.com\/wp-content\/uploads\/2015\/08\/02-Blomman-o-bi-150x100.jpg 150w, https:\/\/visitoland.com\/wp-content\/uploads\/2015\/08\/02-Blomman-o-bi-300x200.jpg 300w, https:\/\/visitoland.com\/wp-content\/uploads\/2015\/08\/02-Blomman-o-bi-160x107.jpg 160w, https:\/\/visitoland.com\/wp-content\/uploads\/2015\/08\/02-Blomman-o-bi-260x173.jpg 260w, https:\/\/visitoland.com\/wp-content\/uploads\/2015\/08\/02-Blomman-o-bi-360x240.jpg 360w\" sizes=\"auto, (max-width: 1024px) 100vw, 1024px\" \/><\/p>\n<p>Pumpablomman[\/vc_column_text][\/vc_column][\/vc_row][vc_row][vc_column width=&#8221;1\/1&#8243;][vc_column_text]<\/p>\n<p style=\"text-align: center;\"><strong>But before we do that, we want to highlight a couple of important rules when picking pumpkin flowers.<\/strong><\/p>\n<ol>\n<li>It is only male flowers that you can picked for cooking, and you must not take male flowers in one concentrated area, spread it out and pick some here and some there, so it does not destroy the pollination work that the bees perform. Female flowers are those who become pumpkins later, so this is the farmers money, so let them be.<\/li>\n<li>You must ALWAYS talk to the farmer who owns the land and cultivation for permission to pick the flowers, and when doing that you should also show him that you can distinguish between male and female flowers, so that he understands that you will not ruin his future income.<\/li>\n<\/ol>\n<p>How to distinguish the male and female flowers from each other will we tell and show you at the end of this articel.<\/p>\n<p>So to the delicacy that we have around us right now.[\/vc_column_text][\/vc_column][\/vc_row][vc_row][vc_column width=&#8221;1\/1&#8243;][vc_column_text]<\/p>\n<h3 style=\"text-align: center;\">Fried Pumpkin Flowers.<\/h3>\n<p style=\"text-align: center;\">This we need for about 4 people, but it&#8217;s so good, so for us it\u2019s just for two J<\/p>\n<p style=\"text-align: center;\">150 g flour<\/p>\n<p style=\"text-align: center;\">salt and pepper<\/p>\n<p style=\"text-align: center;\">1 pinch nutmeg<\/p>\n<p style=\"text-align: center;\">2 tablespoons olive oil<\/p>\n<p style=\"text-align: center;\">2 eggs<\/p>\n<p style=\"text-align: center;\">6 tablespoons white wine<\/p>\n<p style=\"text-align: center;\">6 tablespoons water<\/p>\n<p style=\"text-align: center;\">16 pumpkin flowers<\/p>\n<p>[\/vc_column_text][\/vc_column][\/vc_row][vc_row][vc_column width=&#8221;1\/4&#8243;][vc_column_text]1. Mix togetherthe flour, salt, pepper, nutmeg, oil and egg yolksin a bowl.NOTE: the eggwhitewill yousavein anothersmall bowlfor later.[\/vc_column_text][\/vc_column][vc_column width=&#8221;1\/4&#8243;][vc_column_text]<img loading=\"lazy\" decoding=\"async\" class=\"aligncenter size-full wp-image-38434\" src=\"https:\/\/visitoland.com\/wp-content\/uploads\/2015\/08\/03-Smeten.jpg\" alt=\"B\u00f6rjan p\u00e5 smeten, friterade pumpablommor \u00d6land\" width=\"1024\" height=\"768\" srcset=\"https:\/\/visitoland.com\/wp-content\/uploads\/2015\/08\/03-Smeten.jpg 1024w, https:\/\/visitoland.com\/wp-content\/uploads\/2015\/08\/03-Smeten-150x113.jpg 150w, https:\/\/visitoland.com\/wp-content\/uploads\/2015\/08\/03-Smeten-300x225.jpg 300w, https:\/\/visitoland.com\/wp-content\/uploads\/2015\/08\/03-Smeten-160x120.jpg 160w, https:\/\/visitoland.com\/wp-content\/uploads\/2015\/08\/03-Smeten-240x180.jpg 240w, https:\/\/visitoland.com\/wp-content\/uploads\/2015\/08\/03-Smeten-357x268.jpg 357w\" sizes=\"auto, (max-width: 1024px) 100vw, 1024px\" \/>[\/vc_column_text][\/vc_column][vc_column width=&#8221;1\/4&#8243;][vc_column_text]2. Pour in the water in the bowl and start to stir it with a fork or whisk, I prefer to work with a fork, but it&#8217;s a little personal how to do.[\/vc_column_text][\/vc_column][vc_column width=&#8221;1\/4&#8243;][vc_column_text]<img loading=\"lazy\" decoding=\"async\" class=\"aligncenter size-full wp-image-38437\" src=\"https:\/\/visitoland.com\/wp-content\/uploads\/2015\/08\/04-vatten-i.jpg\" alt=\"Friterade Pumpablommor \u00d6land\" width=\"1024\" height=\"768\" srcset=\"https:\/\/visitoland.com\/wp-content\/uploads\/2015\/08\/04-vatten-i.jpg 1024w, https:\/\/visitoland.com\/wp-content\/uploads\/2015\/08\/04-vatten-i-150x113.jpg 150w, https:\/\/visitoland.com\/wp-content\/uploads\/2015\/08\/04-vatten-i-300x225.jpg 300w, https:\/\/visitoland.com\/wp-content\/uploads\/2015\/08\/04-vatten-i-160x120.jpg 160w, https:\/\/visitoland.com\/wp-content\/uploads\/2015\/08\/04-vatten-i-240x180.jpg 240w, https:\/\/visitoland.com\/wp-content\/uploads\/2015\/08\/04-vatten-i-357x268.jpg 357w\" sizes=\"auto, (max-width: 1024px) 100vw, 1024px\" \/>[\/vc_column_text][\/vc_column][\/vc_row][vc_row][vc_column width=&#8221;1\/4&#8243;][vc_column_text]3. Add the wine when you stir the batter.[\/vc_column_text][\/vc_column][vc_column width=&#8221;1\/4&#8243;][vc_column_text]<img loading=\"lazy\" decoding=\"async\" class=\"aligncenter size-full wp-image-38441\" src=\"https:\/\/visitoland.com\/wp-content\/uploads\/2015\/08\/05-i-med-vinet.jpg\" alt=\"Recept Friterade Pumpablommor \u00d6land\" width=\"1024\" height=\"768\" srcset=\"https:\/\/visitoland.com\/wp-content\/uploads\/2015\/08\/05-i-med-vinet.jpg 1024w, https:\/\/visitoland.com\/wp-content\/uploads\/2015\/08\/05-i-med-vinet-150x113.jpg 150w, https:\/\/visitoland.com\/wp-content\/uploads\/2015\/08\/05-i-med-vinet-300x225.jpg 300w, https:\/\/visitoland.com\/wp-content\/uploads\/2015\/08\/05-i-med-vinet-160x120.jpg 160w, https:\/\/visitoland.com\/wp-content\/uploads\/2015\/08\/05-i-med-vinet-240x180.jpg 240w, https:\/\/visitoland.com\/wp-content\/uploads\/2015\/08\/05-i-med-vinet-357x268.jpg 357w\" sizes=\"auto, (max-width: 1024px) 100vw, 1024px\" \/>[\/vc_column_text][\/vc_column][vc_column width=&#8221;1\/2&#8243;][vc_column_text]It may require more fluid than what is in the recipe, add some gradually until the batter gets a light and creamy texture. When the batter is smooth and even, set it aside to rest for about 30<\/p>\n<p>In the meantime, we&#8217;ll take care of the flowers and prepare them. It\u2019s also time to put the cooking oil on the stove so that it comes up at the right temperature until we need it.[\/vc_column_text][\/vc_column][\/vc_row][vc_row][vc_column width=&#8221;1\/4&#8243;][vc_column_text]<img loading=\"lazy\" decoding=\"async\" class=\"aligncenter size-full wp-image-38445\" src=\"https:\/\/visitoland.com\/wp-content\/uploads\/2015\/08\/06-Blommorna.jpg\" alt=\"Recept friterade pumpablommor \u00d6land\" width=\"1024\" height=\"768\" srcset=\"https:\/\/visitoland.com\/wp-content\/uploads\/2015\/08\/06-Blommorna.jpg 1024w, https:\/\/visitoland.com\/wp-content\/uploads\/2015\/08\/06-Blommorna-150x113.jpg 150w, https:\/\/visitoland.com\/wp-content\/uploads\/2015\/08\/06-Blommorna-300x225.jpg 300w, https:\/\/visitoland.com\/wp-content\/uploads\/2015\/08\/06-Blommorna-160x120.jpg 160w, https:\/\/visitoland.com\/wp-content\/uploads\/2015\/08\/06-Blommorna-240x180.jpg 240w, https:\/\/visitoland.com\/wp-content\/uploads\/2015\/08\/06-Blommorna-357x268.jpg 357w\" sizes=\"auto, (max-width: 1024px) 100vw, 1024px\" \/>[\/vc_column_text][\/vc_column][vc_column width=&#8221;1\/2&#8243;][vc_column_text]4. Free the flowers from the stems and green leaves and put them aside for time being.[\/vc_column_text][\/vc_column][vc_column width=&#8221;1\/4&#8243;][vc_column_text]<img loading=\"lazy\" decoding=\"async\" class=\"aligncenter size-full wp-image-38448\" src=\"https:\/\/visitoland.com\/wp-content\/uploads\/2015\/08\/07-g-C3-B6r-blomma-klar.jpg\" alt=\"Befria blommorna fr\u00e5n stj\u00e4lkar, gr\u00f6na blad och st\u00e5ndarna.\" width=\"1024\" height=\"768\" srcset=\"https:\/\/visitoland.com\/wp-content\/uploads\/2015\/08\/07-g-C3-B6r-blomma-klar.jpg 1024w, https:\/\/visitoland.com\/wp-content\/uploads\/2015\/08\/07-g-C3-B6r-blomma-klar-150x113.jpg 150w, https:\/\/visitoland.com\/wp-content\/uploads\/2015\/08\/07-g-C3-B6r-blomma-klar-300x225.jpg 300w, https:\/\/visitoland.com\/wp-content\/uploads\/2015\/08\/07-g-C3-B6r-blomma-klar-160x120.jpg 160w, https:\/\/visitoland.com\/wp-content\/uploads\/2015\/08\/07-g-C3-B6r-blomma-klar-240x180.jpg 240w, https:\/\/visitoland.com\/wp-content\/uploads\/2015\/08\/07-g-C3-B6r-blomma-klar-357x268.jpg 357w\" sizes=\"auto, (max-width: 1024px) 100vw, 1024px\" \/>[\/vc_column_text][\/vc_column][\/vc_row][vc_row][vc_column width=&#8221;1\/4&#8243;][vc_column_text]<img loading=\"lazy\" decoding=\"async\" class=\"aligncenter size-full wp-image-38451\" src=\"https:\/\/visitoland.com\/wp-content\/uploads\/2015\/08\/08-vispa-vitan.jpg\" alt=\"Recept friterade pumpablommor \u00d6land\" width=\"1024\" height=\"768\" srcset=\"https:\/\/visitoland.com\/wp-content\/uploads\/2015\/08\/08-vispa-vitan.jpg 1024w, https:\/\/visitoland.com\/wp-content\/uploads\/2015\/08\/08-vispa-vitan-150x113.jpg 150w, https:\/\/visitoland.com\/wp-content\/uploads\/2015\/08\/08-vispa-vitan-300x225.jpg 300w, https:\/\/visitoland.com\/wp-content\/uploads\/2015\/08\/08-vispa-vitan-160x120.jpg 160w, https:\/\/visitoland.com\/wp-content\/uploads\/2015\/08\/08-vispa-vitan-240x180.jpg 240w, https:\/\/visitoland.com\/wp-content\/uploads\/2015\/08\/08-vispa-vitan-357x268.jpg 357w\" sizes=\"auto, (max-width: 1024px) 100vw, 1024px\" \/>[\/vc_column_text][\/vc_column][vc_column width=&#8221;1\/2&#8243;][vc_column_text]5. Now it&#8217;s time to take care of the egg whites that we have from the two eggs, whisk the whites stiff, it must remain in the bowl whenyou turn it upside down.[\/vc_column_text][\/vc_column][vc_column width=&#8221;1\/4&#8243;][vc_column_text]<img loading=\"lazy\" decoding=\"async\" class=\"aligncenter size-full wp-image-38459\" src=\"https:\/\/visitoland.com\/wp-content\/uploads\/2015\/08\/vitaprovet-2t.jpg\" alt=\"Recept friterade pumpablommor \u00d6land\" width=\"638\" height=\"466\" srcset=\"https:\/\/visitoland.com\/wp-content\/uploads\/2015\/08\/vitaprovet-2t.jpg 638w, https:\/\/visitoland.com\/wp-content\/uploads\/2015\/08\/vitaprovet-2t-150x110.jpg 150w, https:\/\/visitoland.com\/wp-content\/uploads\/2015\/08\/vitaprovet-2t-300x219.jpg 300w, https:\/\/visitoland.com\/wp-content\/uploads\/2015\/08\/vitaprovet-2t-160x117.jpg 160w, https:\/\/visitoland.com\/wp-content\/uploads\/2015\/08\/vitaprovet-2t-246x180.jpg 246w, https:\/\/visitoland.com\/wp-content\/uploads\/2015\/08\/vitaprovet-2t-360x263.jpg 360w\" sizes=\"auto, (max-width: 638px) 100vw, 638px\" \/>[\/vc_column_text][\/vc_column][\/vc_row][vc_row][vc_column width=&#8221;1\/4&#8243;][vc_column_text]<img loading=\"lazy\" decoding=\"async\" class=\"aligncenter size-full wp-image-38463\" src=\"https:\/\/visitoland.com\/wp-content\/uploads\/2015\/08\/vitan-i.jpg\" alt=\"Recept friterade pumpablommor \u00d6land\" width=\"638\" height=\"489\" srcset=\"https:\/\/visitoland.com\/wp-content\/uploads\/2015\/08\/vitan-i.jpg 638w, https:\/\/visitoland.com\/wp-content\/uploads\/2015\/08\/vitan-i-150x115.jpg 150w, https:\/\/visitoland.com\/wp-content\/uploads\/2015\/08\/vitan-i-300x230.jpg 300w, https:\/\/visitoland.com\/wp-content\/uploads\/2015\/08\/vitan-i-157x120.jpg 157w, https:\/\/visitoland.com\/wp-content\/uploads\/2015\/08\/vitan-i-235x180.jpg 235w, https:\/\/visitoland.com\/wp-content\/uploads\/2015\/08\/vitan-i-350x268.jpg 350w\" sizes=\"auto, (max-width: 638px) 100vw, 638px\" \/>[\/vc_column_text][\/vc_column][vc_column width=&#8221;1\/2&#8243;][vc_column_text]6. Now turn the whipped whites into the batter, and stir gently so you get it porous and smooth.<\/p>\n<p>7. Now it&#8217;s time to dip the flowers in the batter, push them down in the batter, so many there is room for.[\/vc_column_text][\/vc_column][vc_column width=&#8221;1\/4&#8243;][vc_column_text]<img loading=\"lazy\" decoding=\"async\" class=\"aligncenter size-full wp-image-38466\" src=\"https:\/\/visitoland.com\/wp-content\/uploads\/2015\/08\/11-i-smeten.jpg\" alt=\"Recept friterade pumpablommor \u00d6land\" width=\"1024\" height=\"768\" srcset=\"https:\/\/visitoland.com\/wp-content\/uploads\/2015\/08\/11-i-smeten.jpg 1024w, https:\/\/visitoland.com\/wp-content\/uploads\/2015\/08\/11-i-smeten-150x113.jpg 150w, https:\/\/visitoland.com\/wp-content\/uploads\/2015\/08\/11-i-smeten-300x225.jpg 300w, https:\/\/visitoland.com\/wp-content\/uploads\/2015\/08\/11-i-smeten-160x120.jpg 160w, https:\/\/visitoland.com\/wp-content\/uploads\/2015\/08\/11-i-smeten-240x180.jpg 240w, https:\/\/visitoland.com\/wp-content\/uploads\/2015\/08\/11-i-smeten-357x268.jpg 357w\" sizes=\"auto, (max-width: 1024px) 100vw, 1024px\" \/>[\/vc_column_text][\/vc_column][\/vc_row][vc_row][vc_column width=&#8221;1\/1&#8243;][vc_column_text]Ensure that the cooking oil is up to the right temperature, do that with a small piece of white bread, placed it in the pot, when it will start bubbling around the piece of bread, and it will turn brown, then the oil is up to the correct temperature.[\/vc_column_text][\/vc_column][\/vc_row][vc_row][vc_column width=&#8221;1\/4&#8243;][vc_column_text]8. Now take the bowl with the flowers and add them in the oil one by one until it is filled, have a skimmer on hand to turn the flowers with sot hey get golden browno n both sides.[\/vc_column_text][\/vc_column][vc_column width=&#8221;1\/4&#8243;][vc_column_text]<img loading=\"lazy\" decoding=\"async\" class=\"aligncenter size-full wp-image-38470\" src=\"https:\/\/visitoland.com\/wp-content\/uploads\/2015\/08\/12-I-frityren.jpg\" alt=\"Recept friterade pumpablommor \u00d6land\" width=\"1024\" height=\"768\" srcset=\"https:\/\/visitoland.com\/wp-content\/uploads\/2015\/08\/12-I-frityren.jpg 1024w, https:\/\/visitoland.com\/wp-content\/uploads\/2015\/08\/12-I-frityren-150x113.jpg 150w, https:\/\/visitoland.com\/wp-content\/uploads\/2015\/08\/12-I-frityren-300x225.jpg 300w, https:\/\/visitoland.com\/wp-content\/uploads\/2015\/08\/12-I-frityren-160x120.jpg 160w, https:\/\/visitoland.com\/wp-content\/uploads\/2015\/08\/12-I-frityren-240x180.jpg 240w, https:\/\/visitoland.com\/wp-content\/uploads\/2015\/08\/12-I-frityren-357x268.jpg 357w\" sizes=\"auto, (max-width: 1024px) 100vw, 1024px\" \/>[\/vc_column_text][\/vc_column][vc_column width=&#8221;1\/4&#8243;][vc_column_text]9. When the color is golden brown,take them up with the skimmer, let the flowers drain to the pot a little and place them on a serving platter with paper or napkins underneath, so that additional oil is taken up.[\/vc_column_text][\/vc_column][vc_column width=&#8221;1\/4&#8243;][vc_column_text]<img loading=\"lazy\" decoding=\"async\" class=\"aligncenter size-full wp-image-38473\" src=\"https:\/\/visitoland.com\/wp-content\/uploads\/2015\/08\/klara-med-slev.jpg\" alt=\"Recept friterade pumpablommor \u00d6land\" width=\"638\" height=\"463\" srcset=\"https:\/\/visitoland.com\/wp-content\/uploads\/2015\/08\/klara-med-slev.jpg 638w, https:\/\/visitoland.com\/wp-content\/uploads\/2015\/08\/klara-med-slev-150x109.jpg 150w, https:\/\/visitoland.com\/wp-content\/uploads\/2015\/08\/klara-med-slev-300x218.jpg 300w, https:\/\/visitoland.com\/wp-content\/uploads\/2015\/08\/klara-med-slev-160x116.jpg 160w, https:\/\/visitoland.com\/wp-content\/uploads\/2015\/08\/klara-med-slev-248x180.jpg 248w, https:\/\/visitoland.com\/wp-content\/uploads\/2015\/08\/klara-med-slev-360x261.jpg 360w\" sizes=\"auto, (max-width: 638px) 100vw, 638px\" \/>[\/vc_column_text][\/vc_column][\/vc_row][vc_row][vc_column width=&#8221;1\/2&#8243;][vc_column_text]Now to this delicacy of \u00d6land, it\u2019s perfect as an appetizer, or as a small snack to the entrance drink.<\/p>\n<p>You can of course use other flowers too, such as zucchini flowers, and sage leaves are good to fry like this also.<\/p>\n<p>&nbsp;<\/p>\n<p><strong>Below a little bit about how you distinguish between male and female flowers, it\u2019s essential to know.<\/strong>[\/vc_column_text][\/vc_column][vc_column width=&#8221;1\/2&#8243;][vc_column_text]<img loading=\"lazy\" decoding=\"async\" class=\"aligncenter size-full wp-image-38476\" src=\"https:\/\/visitoland.com\/wp-content\/uploads\/2015\/08\/smaklig-spis.jpg\" alt=\"Recept friterade pumpablommor \u00d6land\" width=\"1024\" height=\"599\" srcset=\"https:\/\/visitoland.com\/wp-content\/uploads\/2015\/08\/smaklig-spis.jpg 1024w, https:\/\/visitoland.com\/wp-content\/uploads\/2015\/08\/smaklig-spis-150x88.jpg 150w, https:\/\/visitoland.com\/wp-content\/uploads\/2015\/08\/smaklig-spis-300x175.jpg 300w, https:\/\/visitoland.com\/wp-content\/uploads\/2015\/08\/smaklig-spis-160x94.jpg 160w, https:\/\/visitoland.com\/wp-content\/uploads\/2015\/08\/smaklig-spis-260x152.jpg 260w, https:\/\/visitoland.com\/wp-content\/uploads\/2015\/08\/smaklig-spis-360x211.jpg 360w\" sizes=\"auto, (max-width: 1024px) 100vw, 1024px\" \/>[\/vc_column_text][\/vc_column][\/vc_row][vc_row][vc_column width=&#8221;1\/1&#8243;][vc_column_text]<\/p>\n<h3 style=\"text-align: center;\">Male and Female flowers<\/h3>\n<p>[\/vc_column_text][\/vc_column][\/vc_row][vc_row][vc_column width=&#8221;1\/2&#8243;][vc_column_text]Here is some info on how you differ Male and Female flowers, and as we said earlier, it is important to be able to do it so that all the gold can be to be taken care of.<\/p>\n<p>Male flower left, and Female flower to the right.[\/vc_column_text][\/vc_column][vc_column width=&#8221;1\/2&#8243;][vc_column_text]<img loading=\"lazy\" decoding=\"async\" class=\"aligncenter size-full wp-image-38481\" src=\"https:\/\/visitoland.com\/wp-content\/uploads\/2015\/08\/Hane-och-Hona-Blomma.jpg\" alt=\"Pumpablommor \u00d6land\" width=\"805\" height=\"644\" srcset=\"https:\/\/visitoland.com\/wp-content\/uploads\/2015\/08\/Hane-och-Hona-Blomma.jpg 805w, https:\/\/visitoland.com\/wp-content\/uploads\/2015\/08\/Hane-och-Hona-Blomma-150x120.jpg 150w, https:\/\/visitoland.com\/wp-content\/uploads\/2015\/08\/Hane-och-Hona-Blomma-300x240.jpg 300w, https:\/\/visitoland.com\/wp-content\/uploads\/2015\/08\/Hane-och-Hona-Blomma-225x180.jpg 225w, https:\/\/visitoland.com\/wp-content\/uploads\/2015\/08\/Hane-och-Hona-Blomma-335x268.jpg 335w\" sizes=\"auto, (max-width: 805px) 100vw, 805px\" \/>[\/vc_column_text][\/vc_column][\/vc_row][vc_row][vc_column width=&#8221;1\/4&#8243;][vc_column_text]<img loading=\"lazy\" decoding=\"async\" class=\"aligncenter size-full wp-image-38484\" src=\"https:\/\/visitoland.com\/wp-content\/uploads\/2015\/08\/Honblomma.jpg\" alt=\"Pumpablommor \u00d6land\" width=\"1024\" height=\"693\" srcset=\"https:\/\/visitoland.com\/wp-content\/uploads\/2015\/08\/Honblomma.jpg 1024w, https:\/\/visitoland.com\/wp-content\/uploads\/2015\/08\/Honblomma-150x102.jpg 150w, https:\/\/visitoland.com\/wp-content\/uploads\/2015\/08\/Honblomma-300x203.jpg 300w, https:\/\/visitoland.com\/wp-content\/uploads\/2015\/08\/Honblomma-160x108.jpg 160w, https:\/\/visitoland.com\/wp-content\/uploads\/2015\/08\/Honblomma-260x176.jpg 260w, https:\/\/visitoland.com\/wp-content\/uploads\/2015\/08\/Honblomma-360x244.jpg 360w\" sizes=\"auto, (max-width: 1024px) 100vw, 1024px\" \/>[\/vc_column_text][\/vc_column][vc_column width=&#8221;1\/4&#8243;][vc_column_text]A female flower, note the fruit bulkhead below the flower, about a day old flower. Female flower is also growing considerably shorter from the stem, in a horizontal direction.[\/vc_column_text][\/vc_column][vc_column width=&#8221;1\/4&#8243;][vc_column_text]<img loading=\"lazy\" decoding=\"async\" class=\"aligncenter size-full wp-image-38487\" src=\"https:\/\/visitoland.com\/wp-content\/uploads\/2015\/08\/Hanblomma.jpg\" alt=\"Pumpablommor \u00d6land\" width=\"1024\" height=\"693\" srcset=\"https:\/\/visitoland.com\/wp-content\/uploads\/2015\/08\/Hanblomma.jpg 1024w, https:\/\/visitoland.com\/wp-content\/uploads\/2015\/08\/Hanblomma-150x102.jpg 150w, https:\/\/visitoland.com\/wp-content\/uploads\/2015\/08\/Hanblomma-300x203.jpg 300w, https:\/\/visitoland.com\/wp-content\/uploads\/2015\/08\/Hanblomma-160x108.jpg 160w, https:\/\/visitoland.com\/wp-content\/uploads\/2015\/08\/Hanblomma-260x176.jpg 260w, https:\/\/visitoland.com\/wp-content\/uploads\/2015\/08\/Hanblomma-360x244.jpg 360w\" sizes=\"auto, (max-width: 1024px) 100vw, 1024px\" \/>[\/vc_column_text][\/vc_column][vc_column width=&#8221;1\/4&#8243;][vc_column_text]The male flower grows upwards, and has no fruit bulkhead under the flower.[\/vc_column_text][\/vc_column][\/vc_row][vc_row][vc_column width=&#8221;1\/1&#8243;][vc_column_text]Finally, once again, never pick pumpkin flowers on the fields without first asking the farmer for permission! Remember that it is his profession and income and respect it<\/p>\n<h3>\u00d6land, the Island of the Sun, the Tastes and the Senses!<\/h3>\n<p>[\/vc_column_text][\/vc_column][\/vc_row]<\/p>\n<\/div>","protected":false},"excerpt":{"rendered":"<p>[vc_row][vc_column width=&#8221;1\/1&#8243;][vc_column_text] The Gould of \u00d6land [\/vc_column_text][\/vc_column][\/vc_row][vc_row][vc_column width=&#8221;1\/1&#8243;][vc_column_text]\u00d6land has plenty for everyone! Oland is really the Island of the Sun, the taste and the senses. We will cover this in different articles from now on, touching the areas of the Sun, the Taste and the Senses as we see them. Hope you will enjoy and&nbsp; &nbsp;<a href=\"https:\/\/visitoland.com\/en\/oeland-the-island-of-the-tastes\/\">&#8230;Continue Reading<\/a><\/p>\n","protected":false},"author":2,"featured_media":38492,"parent":0,"menu_order":0,"comment_status":"open","ping_status":"open","template":"","meta":{"footnotes":""},"class_list":["post-38501","page","type-page","status-publish","has-post-thumbnail","hentry"],"aioseo_notices":[],"_links":{"self":[{"href":"https:\/\/visitoland.com\/en\/wp-json\/wp\/v2\/pages\/38501","targetHints":{"allow":["GET"]}}],"collection":[{"href":"https:\/\/visitoland.com\/en\/wp-json\/wp\/v2\/pages"}],"about":[{"href":"https:\/\/visitoland.com\/en\/wp-json\/wp\/v2\/types\/page"}],"author":[{"embeddable":true,"href":"https:\/\/visitoland.com\/en\/wp-json\/wp\/v2\/users\/2"}],"replies":[{"embeddable":true,"href":"https:\/\/visitoland.com\/en\/wp-json\/wp\/v2\/comments?post=38501"}],"version-history":[{"count":0,"href":"https:\/\/visitoland.com\/en\/wp-json\/wp\/v2\/pages\/38501\/revisions"}],"wp:featuredmedia":[{"embeddable":true,"href":"https:\/\/visitoland.com\/en\/wp-json\/wp\/v2\/media\/38492"}],"wp:attachment":[{"href":"https:\/\/visitoland.com\/en\/wp-json\/wp\/v2\/media?parent=38501"}],"curies":[{"name":"wp","href":"https:\/\/api.w.org\/{rel}","templated":true}]}}