{"id":38680,"date":"2015-12-15T14:36:34","date_gmt":"2015-12-15T13:36:34","guid":{"rendered":"https:\/\/visitoland.com\/en\/?page_id=38680"},"modified":"2015-12-15T15:01:15","modified_gmt":"2015-12-15T14:01:15","slug":"follow-inga-lindstroem-to-oeland","status":"publish","type":"page","link":"https:\/\/visitoland.com\/en\/follow-inga-lindstroem-to-oeland\/","title":{"rendered":"Follow Inga Lindstr\u00f6m to \u00d6land!"},"content":{"rendered":"<div class=\"wpb-content-wrapper\"><p>[vc_row][vc_column][vc_column_text]<\/p>\n<h3 style=\"text-align: center;\">\u00d6land has a lot to offer!<\/h3>\n<p>[\/vc_column_text][\/vc_column][\/vc_row][vc_row][vc_column width=&#8221;1\/3&#8243;][vc_column_text]This has the German film company Bavaria discovered when they chose \u00d6land as the setting for their Inga Lindstr\u00f6m programs. These TV programs are well-known for its wonderful landscapes, and have previously been recorded further up in the country. But as I said, now they have moved the recordings to \u00d6land.[\/vc_column_text][\/vc_column][vc_column width=&#8221;1\/3&#8243;][vc_column_text]<\/p>\n<h6><img loading=\"lazy\" decoding=\"async\" class=\"aligncenter size-full wp-image-38617\" src=\"https:\/\/visitoland.com\/wp-content\/uploads\/2015\/12\/Inga-Lindstrom-pa-stranden.jpg\" alt=\"Inga-Lindstr\u00f6m-p\u00e5-stranden \u00d6land Bavaria film\" width=\"1024\" height=\"684\" srcset=\"https:\/\/visitoland.com\/wp-content\/uploads\/2015\/12\/Inga-Lindstrom-pa-stranden.jpg 1024w, https:\/\/visitoland.com\/wp-content\/uploads\/2015\/12\/Inga-Lindstrom-pa-stranden-150x100.jpg 150w, https:\/\/visitoland.com\/wp-content\/uploads\/2015\/12\/Inga-Lindstrom-pa-stranden-300x200.jpg 300w, https:\/\/visitoland.com\/wp-content\/uploads\/2015\/12\/Inga-Lindstrom-pa-stranden-160x107.jpg 160w, https:\/\/visitoland.com\/wp-content\/uploads\/2015\/12\/Inga-Lindstrom-pa-stranden-260x174.jpg 260w, https:\/\/visitoland.com\/wp-content\/uploads\/2015\/12\/Inga-Lindstrom-pa-stranden-360x240.jpg 360w\" sizes=\"auto, (max-width: 1024px) 100vw, 1024px\" \/>\u00a9 ZDF\/Bavaria Fernsehproduktion\/Marco Meenen<\/h6>\n<p>[\/vc_column_text][\/vc_column][vc_column width=&#8221;1\/3&#8243;][vc_column_text]<\/p>\n<h6><img loading=\"lazy\" decoding=\"async\" class=\"aligncenter size-full wp-image-38623\" src=\"https:\/\/visitoland.com\/wp-content\/uploads\/2015\/12\/Inga-Lindstrom-Cykel-pa-vag.jpg\" alt=\"Inga-Lindstr\u00f6m-Cykel-p\u00e5-v\u00e4g \u00d6land Bavaria film\" width=\"1024\" height=\"684\" srcset=\"https:\/\/visitoland.com\/wp-content\/uploads\/2015\/12\/Inga-Lindstrom-Cykel-pa-vag.jpg 1024w, https:\/\/visitoland.com\/wp-content\/uploads\/2015\/12\/Inga-Lindstrom-Cykel-pa-vag-150x100.jpg 150w, https:\/\/visitoland.com\/wp-content\/uploads\/2015\/12\/Inga-Lindstrom-Cykel-pa-vag-300x200.jpg 300w, https:\/\/visitoland.com\/wp-content\/uploads\/2015\/12\/Inga-Lindstrom-Cykel-pa-vag-160x107.jpg 160w, https:\/\/visitoland.com\/wp-content\/uploads\/2015\/12\/Inga-Lindstrom-Cykel-pa-vag-260x174.jpg 260w, https:\/\/visitoland.com\/wp-content\/uploads\/2015\/12\/Inga-Lindstrom-Cykel-pa-vag-360x240.jpg 360w\" sizes=\"auto, (max-width: 1024px) 100vw, 1024px\" \/>\u00a9 ZDF\/Bavaria Fernsehproduktion\/Marco Meenen<\/h6>\n<p>[\/vc_column_text][\/vc_column][\/vc_row][vc_row][vc_column][vc_column_text]And with \u00d6land as the set there is no need to embellish, \u00d6land&#8217;s just as beautiful as it is reflected in the section: &#8220;Sterne \u00fcber \u00d6land&#8221; (Stars over \u00d6land) broadcast on German television a while ago.[\/vc_column_text][\/vc_column][\/vc_row][vc_row][vc_column width=&#8221;1\/3&#8243;][vc_column_text]<\/p>\n<h6><img loading=\"lazy\" decoding=\"async\" class=\"aligncenter size-full wp-image-38627\" src=\"https:\/\/visitoland.com\/wp-content\/uploads\/2015\/12\/Inga-Lindstrom-inpelning-pa-stranden.jpg\" alt=\"Inga-Lindstr\u00f6m-inpelning-p\u00e5-stranden \u00d6land Bavaria film\" width=\"1024\" height=\"684\" srcset=\"https:\/\/visitoland.com\/wp-content\/uploads\/2015\/12\/Inga-Lindstrom-inpelning-pa-stranden.jpg 1024w, https:\/\/visitoland.com\/wp-content\/uploads\/2015\/12\/Inga-Lindstrom-inpelning-pa-stranden-150x100.jpg 150w, https:\/\/visitoland.com\/wp-content\/uploads\/2015\/12\/Inga-Lindstrom-inpelning-pa-stranden-300x200.jpg 300w, https:\/\/visitoland.com\/wp-content\/uploads\/2015\/12\/Inga-Lindstrom-inpelning-pa-stranden-160x107.jpg 160w, https:\/\/visitoland.com\/wp-content\/uploads\/2015\/12\/Inga-Lindstrom-inpelning-pa-stranden-260x174.jpg 260w, https:\/\/visitoland.com\/wp-content\/uploads\/2015\/12\/Inga-Lindstrom-inpelning-pa-stranden-360x240.jpg 360w\" sizes=\"auto, (max-width: 1024px) 100vw, 1024px\" \/>\u00a9 ZDF\/Bavaria Fernsehproduktion\/Marco Meenen<\/h6>\n<p>[\/vc_column_text][\/vc_column][vc_column width=&#8221;1\/3&#8243;][vc_column_text]<\/p>\n<h6><img loading=\"lazy\" decoding=\"async\" class=\"aligncenter size-full wp-image-38630\" src=\"https:\/\/visitoland.com\/wp-content\/uploads\/2015\/12\/Inga-Lindstrom-raukar-och-havet.jpg\" alt=\"Inga-Lindstr\u00f6m-raukar-och-havet \u00d6land Bavaria film\" width=\"1024\" height=\"684\" srcset=\"https:\/\/visitoland.com\/wp-content\/uploads\/2015\/12\/Inga-Lindstrom-raukar-och-havet.jpg 1024w, https:\/\/visitoland.com\/wp-content\/uploads\/2015\/12\/Inga-Lindstrom-raukar-och-havet-150x100.jpg 150w, https:\/\/visitoland.com\/wp-content\/uploads\/2015\/12\/Inga-Lindstrom-raukar-och-havet-300x200.jpg 300w, https:\/\/visitoland.com\/wp-content\/uploads\/2015\/12\/Inga-Lindstrom-raukar-och-havet-160x107.jpg 160w, https:\/\/visitoland.com\/wp-content\/uploads\/2015\/12\/Inga-Lindstrom-raukar-och-havet-260x174.jpg 260w, https:\/\/visitoland.com\/wp-content\/uploads\/2015\/12\/Inga-Lindstrom-raukar-och-havet-360x240.jpg 360w\" sizes=\"auto, (max-width: 1024px) 100vw, 1024px\" \/>\u00a9 ZDF\/Bavaria Fernsehproduktion\/Marco Meenen<\/h6>\n<p>[\/vc_column_text][\/vc_column][vc_column width=&#8221;1\/3&#8243;][vc_column_text]The section that was filmed on the \u00d6land in the spring of 2015 called &#8220;Leg Dich nicht mit Lilli an&#8221; (Don\u2019t start to mess with Lilli) can you see on the German television station ZDF on December 27<sup>th<\/sup> 2015.<\/p>\n<p><em><a href=\"https:\/\/www.tvinfo.de\/fernsehprogramm\/318615610-inga-lindstroem-leg-dich-nicht-mit-lilli-an\" target=\"_blank\">https:\/\/www.tvinfo.de\/fernsehprogramm\/318615610-inga-lindstroem-leg-dich-nicht-mit-lilli-an<\/a><\/em>[\/vc_column_text][\/vc_column][\/vc_row][vc_row][vc_column][vc_column_text]But the beautiful and unique landscape of \u00d6land is not the only reason to travel here!<\/p>\n<p>Here you can experience the history, dive, play golf, ride a bike or why not spend the day with a book at the beach. The Culture with museums, numerous galleries (yes, Oland is the artists&#8217; island too) and music events. The accommodations are many, from luxurious to more simple, and everything in between, here is always\u00a0 a place for everyone.<\/p>\n<p>Then there is the food, grown and refined on \u00d6land, well worth is own chapter and evolves constantly, taste and enjoy the food at one of \u00d6land&#8217;s many restaurants and cafes.[\/vc_column_text][\/vc_column][\/vc_row][vc_row][vc_column width=&#8221;1\/4&#8243;][vc_column_text]<img loading=\"lazy\" decoding=\"async\" class=\"aligncenter size-full wp-image-38650\" src=\"https:\/\/visitoland.com\/wp-content\/uploads\/2015\/12\/Inga-Lindstrom-gass-och-skadare.jpg\" alt=\"Inga-Lindstr\u00f6m-g\u00e4ss-och-sk\u00e5dare \u00d6land Bavaria Film\" width=\"1024\" height=\"683\" srcset=\"https:\/\/visitoland.com\/wp-content\/uploads\/2015\/12\/Inga-Lindstrom-gass-och-skadare.jpg 1024w, https:\/\/visitoland.com\/wp-content\/uploads\/2015\/12\/Inga-Lindstrom-gass-och-skadare-150x100.jpg 150w, https:\/\/visitoland.com\/wp-content\/uploads\/2015\/12\/Inga-Lindstrom-gass-och-skadare-300x200.jpg 300w, https:\/\/visitoland.com\/wp-content\/uploads\/2015\/12\/Inga-Lindstrom-gass-och-skadare-160x107.jpg 160w, https:\/\/visitoland.com\/wp-content\/uploads\/2015\/12\/Inga-Lindstrom-gass-och-skadare-260x173.jpg 260w, https:\/\/visitoland.com\/wp-content\/uploads\/2015\/12\/Inga-Lindstrom-gass-och-skadare-360x240.jpg 360w\" sizes=\"auto, (max-width: 1024px) 100vw, 1024px\" \/>[\/vc_column_text][\/vc_column][vc_column width=&#8221;1\/4&#8243;][vc_column_text]<img loading=\"lazy\" decoding=\"async\" class=\"aligncenter size-full wp-image-38644\" src=\"https:\/\/visitoland.com\/wp-content\/uploads\/2015\/12\/Inga-Lindstrom-bjarby-brygga.jpg\" alt=\"Inga-Lindstr\u00f6m-bj\u00e4rby-brygga \u00d6land Bavaria film\" width=\"1024\" height=\"683\" srcset=\"https:\/\/visitoland.com\/wp-content\/uploads\/2015\/12\/Inga-Lindstrom-bjarby-brygga.jpg 1024w, https:\/\/visitoland.com\/wp-content\/uploads\/2015\/12\/Inga-Lindstrom-bjarby-brygga-150x100.jpg 150w, https:\/\/visitoland.com\/wp-content\/uploads\/2015\/12\/Inga-Lindstrom-bjarby-brygga-300x200.jpg 300w, https:\/\/visitoland.com\/wp-content\/uploads\/2015\/12\/Inga-Lindstrom-bjarby-brygga-160x107.jpg 160w, https:\/\/visitoland.com\/wp-content\/uploads\/2015\/12\/Inga-Lindstrom-bjarby-brygga-260x173.jpg 260w, https:\/\/visitoland.com\/wp-content\/uploads\/2015\/12\/Inga-Lindstrom-bjarby-brygga-360x240.jpg 360w\" sizes=\"auto, (max-width: 1024px) 100vw, 1024px\" \/>[\/vc_column_text][\/vc_column][vc_column width=&#8221;1\/4&#8243;][vc_column_text]<img loading=\"lazy\" decoding=\"async\" class=\"aligncenter size-full wp-image-38647\" src=\"https:\/\/visitoland.com\/wp-content\/uploads\/2015\/12\/Inga-Lindstrom-cyklister.jpg\" alt=\"Inga-Lindstr\u00f6m-cyklister \u00d6land Bavaria film\" width=\"1024\" height=\"683\" srcset=\"https:\/\/visitoland.com\/wp-content\/uploads\/2015\/12\/Inga-Lindstrom-cyklister.jpg 1024w, https:\/\/visitoland.com\/wp-content\/uploads\/2015\/12\/Inga-Lindstrom-cyklister-150x100.jpg 150w, https:\/\/visitoland.com\/wp-content\/uploads\/2015\/12\/Inga-Lindstrom-cyklister-300x200.jpg 300w, https:\/\/visitoland.com\/wp-content\/uploads\/2015\/12\/Inga-Lindstrom-cyklister-160x107.jpg 160w, https:\/\/visitoland.com\/wp-content\/uploads\/2015\/12\/Inga-Lindstrom-cyklister-260x173.jpg 260w, https:\/\/visitoland.com\/wp-content\/uploads\/2015\/12\/Inga-Lindstrom-cyklister-360x240.jpg 360w\" sizes=\"auto, (max-width: 1024px) 100vw, 1024px\" \/>[\/vc_column_text][\/vc_column][vc_column width=&#8221;1\/4&#8243;][vc_column_text]<img loading=\"lazy\" decoding=\"async\" class=\"aligncenter size-full wp-image-38653\" src=\"https:\/\/visitoland.com\/wp-content\/uploads\/2015\/12\/Inga-Lindstrom-dykare.jpg\" alt=\"Inga-Lindstr\u00f6m-dykare \u00d6land Bavaria film\" width=\"1024\" height=\"683\" srcset=\"https:\/\/visitoland.com\/wp-content\/uploads\/2015\/12\/Inga-Lindstrom-dykare.jpg 1024w, https:\/\/visitoland.com\/wp-content\/uploads\/2015\/12\/Inga-Lindstrom-dykare-150x100.jpg 150w, https:\/\/visitoland.com\/wp-content\/uploads\/2015\/12\/Inga-Lindstrom-dykare-300x200.jpg 300w, https:\/\/visitoland.com\/wp-content\/uploads\/2015\/12\/Inga-Lindstrom-dykare-160x107.jpg 160w, https:\/\/visitoland.com\/wp-content\/uploads\/2015\/12\/Inga-Lindstrom-dykare-260x173.jpg 260w, https:\/\/visitoland.com\/wp-content\/uploads\/2015\/12\/Inga-Lindstrom-dykare-360x240.jpg 360w\" sizes=\"auto, (max-width: 1024px) 100vw, 1024px\" \/>[\/vc_column_text][\/vc_column][\/vc_row][vc_row][vc_column][vc_column_text]Do you have questions about \u00d6land or like to know where a specific scene in the Inga Lindst\u00f6m programs was recorded, feel free to get in touch with us at <a href=\"mailto:info@visitoland.com\">info@visitoland.com<\/a><\/p>\n<p>&nbsp;<\/p>\n<p><strong>Check out our site and dream away to \u00d6land!<\/strong><\/p>\n<p>&nbsp;<\/p>\n<p><strong>Welcome!<\/strong><\/p>\n<p><strong><br \/>\n<\/strong>[\/vc_column_text][\/vc_column][\/vc_row][vc_row][vc_column width=&#8221;1\/4&#8243;][vc_column_text]<img loading=\"lazy\" decoding=\"async\" class=\"aligncenter size-full wp-image-38667\" src=\"https:\/\/visitoland.com\/wp-content\/uploads\/2015\/12\/Inga-Lindstrom-Staket-vid-havet.jpg\" alt=\"Inga-Lindstr\u00f6m-Staket-vid-havet \u00d6land\" width=\"1024\" height=\"768\" srcset=\"https:\/\/visitoland.com\/wp-content\/uploads\/2015\/12\/Inga-Lindstrom-Staket-vid-havet.jpg 1024w, https:\/\/visitoland.com\/wp-content\/uploads\/2015\/12\/Inga-Lindstrom-Staket-vid-havet-150x113.jpg 150w, https:\/\/visitoland.com\/wp-content\/uploads\/2015\/12\/Inga-Lindstrom-Staket-vid-havet-300x225.jpg 300w, https:\/\/visitoland.com\/wp-content\/uploads\/2015\/12\/Inga-Lindstrom-Staket-vid-havet-160x120.jpg 160w, https:\/\/visitoland.com\/wp-content\/uploads\/2015\/12\/Inga-Lindstrom-Staket-vid-havet-240x180.jpg 240w, https:\/\/visitoland.com\/wp-content\/uploads\/2015\/12\/Inga-Lindstrom-Staket-vid-havet-357x268.jpg 357w\" sizes=\"auto, (max-width: 1024px) 100vw, 1024px\" \/>[\/vc_column_text][\/vc_column][vc_column width=&#8221;1\/4&#8243;][vc_column_text]<img loading=\"lazy\" decoding=\"async\" class=\"aligncenter size-full wp-image-38670\" src=\"https:\/\/visitoland.com\/wp-content\/uploads\/2015\/12\/Inga-Lindstrom-Kvarn.jpg\" alt=\"Inga-Lindstr\u00f6m-Kvarn \u00d6land\" width=\"1024\" height=\"768\" srcset=\"https:\/\/visitoland.com\/wp-content\/uploads\/2015\/12\/Inga-Lindstrom-Kvarn.jpg 1024w, https:\/\/visitoland.com\/wp-content\/uploads\/2015\/12\/Inga-Lindstrom-Kvarn-150x113.jpg 150w, https:\/\/visitoland.com\/wp-content\/uploads\/2015\/12\/Inga-Lindstrom-Kvarn-300x225.jpg 300w, https:\/\/visitoland.com\/wp-content\/uploads\/2015\/12\/Inga-Lindstrom-Kvarn-160x120.jpg 160w, https:\/\/visitoland.com\/wp-content\/uploads\/2015\/12\/Inga-Lindstrom-Kvarn-240x180.jpg 240w, https:\/\/visitoland.com\/wp-content\/uploads\/2015\/12\/Inga-Lindstrom-Kvarn-357x268.jpg 357w\" sizes=\"auto, (max-width: 1024px) 100vw, 1024px\" \/>[\/vc_column_text][\/vc_column][vc_column width=&#8221;1\/4&#8243;][vc_column_text]<img loading=\"lazy\" decoding=\"async\" class=\"aligncenter size-full wp-image-38659\" src=\"https:\/\/visitoland.com\/wp-content\/uploads\/2015\/12\/Inga-Lindstrom-Aleklinta.jpg\" alt=\"Inga-Lindstr\u00f6m-Aleklinta \u00d6land Bavaria film\" width=\"1024\" height=\"683\" srcset=\"https:\/\/visitoland.com\/wp-content\/uploads\/2015\/12\/Inga-Lindstrom-Aleklinta.jpg 1024w, https:\/\/visitoland.com\/wp-content\/uploads\/2015\/12\/Inga-Lindstrom-Aleklinta-150x100.jpg 150w, https:\/\/visitoland.com\/wp-content\/uploads\/2015\/12\/Inga-Lindstrom-Aleklinta-300x200.jpg 300w, https:\/\/visitoland.com\/wp-content\/uploads\/2015\/12\/Inga-Lindstrom-Aleklinta-160x107.jpg 160w, https:\/\/visitoland.com\/wp-content\/uploads\/2015\/12\/Inga-Lindstrom-Aleklinta-260x173.jpg 260w, https:\/\/visitoland.com\/wp-content\/uploads\/2015\/12\/Inga-Lindstrom-Aleklinta-360x240.jpg 360w\" sizes=\"auto, (max-width: 1024px) 100vw, 1024px\" \/>[\/vc_column_text][\/vc_column][vc_column width=&#8221;1\/4&#8243;][vc_column_text]<img loading=\"lazy\" decoding=\"async\" class=\"aligncenter size-full wp-image-38673\" src=\"https:\/\/visitoland.com\/wp-content\/uploads\/2015\/12\/Inga-Lindstrom-solnedgang.jpg\" alt=\"Inga-Lindstr\u00f6m-solnedg\u00e5ng \u00d6land\" width=\"1024\" height=\"588\" srcset=\"https:\/\/visitoland.com\/wp-content\/uploads\/2015\/12\/Inga-Lindstrom-solnedgang.jpg 1024w, https:\/\/visitoland.com\/wp-content\/uploads\/2015\/12\/Inga-Lindstrom-solnedgang-150x86.jpg 150w, https:\/\/visitoland.com\/wp-content\/uploads\/2015\/12\/Inga-Lindstrom-solnedgang-300x172.jpg 300w, https:\/\/visitoland.com\/wp-content\/uploads\/2015\/12\/Inga-Lindstrom-solnedgang-160x92.jpg 160w, https:\/\/visitoland.com\/wp-content\/uploads\/2015\/12\/Inga-Lindstrom-solnedgang-260x149.jpg 260w, https:\/\/visitoland.com\/wp-content\/uploads\/2015\/12\/Inga-Lindstrom-solnedgang-360x207.jpg 360w\" sizes=\"auto, (max-width: 1024px) 100vw, 1024px\" \/>[\/vc_column_text][\/vc_column][\/vc_row]<\/p>\n<\/div>","protected":false},"excerpt":{"rendered":"<p>[vc_row][vc_column][vc_column_text] \u00d6land has a lot to offer! [\/vc_column_text][\/vc_column][\/vc_row][vc_row][vc_column width=&#8221;1\/3&#8243;][vc_column_text]This has the German film company Bavaria discovered when they chose \u00d6land as the setting for their Inga Lindstr\u00f6m programs. These TV programs are well-known for its wonderful landscapes, and have previously been recorded further up in the country. But as I said, now they have moved&nbsp; &nbsp;<a href=\"https:\/\/visitoland.com\/en\/follow-inga-lindstroem-to-oeland\/\">&#8230;Continue Reading<\/a><\/p>\n","protected":false},"author":2,"featured_media":38685,"parent":0,"menu_order":0,"comment_status":"closed","ping_status":"closed","template":"","meta":{"footnotes":""},"class_list":["post-38680","page","type-page","status-publish","has-post-thumbnail","hentry"],"aioseo_notices":[],"_links":{"self":[{"href":"https:\/\/visitoland.com\/en\/wp-json\/wp\/v2\/pages\/38680","targetHints":{"allow":["GET"]}}],"collection":[{"href":"https:\/\/visitoland.com\/en\/wp-json\/wp\/v2\/pages"}],"about":[{"href":"https:\/\/visitoland.com\/en\/wp-json\/wp\/v2\/types\/page"}],"author":[{"embeddable":true,"href":"https:\/\/visitoland.com\/en\/wp-json\/wp\/v2\/users\/2"}],"replies":[{"embeddable":true,"href":"https:\/\/visitoland.com\/en\/wp-json\/wp\/v2\/comments?post=38680"}],"version-history":[{"count":0,"href":"https:\/\/visitoland.com\/en\/wp-json\/wp\/v2\/pages\/38680\/revisions"}],"wp:featuredmedia":[{"embeddable":true,"href":"https:\/\/visitoland.com\/en\/wp-json\/wp\/v2\/media\/38685"}],"wp:attachment":[{"href":"https:\/\/visitoland.com\/en\/wp-json\/wp\/v2\/media?parent=38680"}],"curies":[{"name":"wp","href":"https:\/\/api.w.org\/{rel}","templated":true}]}}