{"id":39299,"date":"2016-05-01T08:05:14","date_gmt":"2016-05-01T06:05:14","guid":{"rendered":"https:\/\/visitoland.com\/en\/?page_id=39299"},"modified":"2016-05-04T11:44:03","modified_gmt":"2016-05-04T09:44:03","slug":"birds-in-january","status":"publish","type":"page","link":"https:\/\/visitoland.com\/en\/birding\/month-by-month\/birds-in-january\/","title":{"rendered":"January"},"content":{"rendered":"<div class=\"wpb-content-wrapper\"><p>[vc_row][vc_column][vc_column_text]<\/p>\n<h2 style=\"text-align: center;\">Birds in January<\/h2>\n<p>Already on New Year&#8217;s day, some early morning birders gathers on \u00d6land, many of them keeping annual lists of all the bird species they have seen and are thus out hunting the years first observations too the book. For this reason, it is reported surprisingly much in January, despite the fact that the month is usually relatively poor on bird species.[\/vc_column_text][\/vc_column][\/vc_row][vc_row][vc_column width=&#8221;2\/3&#8243;][vc_column_text]The numbers of species varies greatly over the years, and the composition of species present and the numbers of individuals are highly affected by how the previous year\u2019s breeding season has been and how early the winter and snow arrives. Some years there are plenty of thrushes, Bohemian Waxwings, Eurasian Siskin\u2019s and Common Redpoll, while other years they are totally absent. During winters with little snow, are the birds scattered over the island and therefore difficult to detect. A snowy year, they gather in places where they can find food, like on the coast or on the windswept places where bare ground appear.[\/vc_column_text][\/vc_column][vc_column width=&#8221;1\/3&#8243;][vc_column_text]<a href=\"https:\/\/visitoland.com\/wp-content\/uploads\/2016\/04\/skaggmes-1-ll.jpg\" data-rel=\"lightbox-image-0\" data-rl_title=\"Sk\u00e4ggmes Lars Lundmark F\u00e5glar \u00d6land\" data-rl_caption=\"\" title=\"Sk\u00e4ggmes Lars Lundmark F\u00e5glar \u00d6land\"><img loading=\"lazy\" decoding=\"async\" class=\"aligncenter wp-image-39177 size-full\" src=\"https:\/\/visitoland.com\/wp-content\/uploads\/2016\/04\/skaggmes-1-ll.jpg\" alt=\"sk\u00e4ggmes Lars Lundmark F\u00e5glar \u00d6land\" width=\"800\" height=\"706\" srcset=\"https:\/\/visitoland.com\/wp-content\/uploads\/2016\/04\/skaggmes-1-ll.jpg 800w, https:\/\/visitoland.com\/wp-content\/uploads\/2016\/04\/skaggmes-1-ll-150x132.jpg 150w, https:\/\/visitoland.com\/wp-content\/uploads\/2016\/04\/skaggmes-1-ll-300x265.jpg 300w, https:\/\/visitoland.com\/wp-content\/uploads\/2016\/04\/skaggmes-1-ll-136x120.jpg 136w, https:\/\/visitoland.com\/wp-content\/uploads\/2016\/04\/skaggmes-1-ll-204x180.jpg 204w, https:\/\/visitoland.com\/wp-content\/uploads\/2016\/04\/skaggmes-1-ll-304x268.jpg 304w\" sizes=\"auto, (max-width: 800px) 100vw, 800px\" \/><\/a>Bearded Tit, \u00a9 Lars Lundmark[\/vc_column_text][\/vc_column][\/vc_row][vc_row][vc_column width=&#8221;1\/3&#8243;][vc_column_text]<a href=\"https:\/\/visitoland.com\/wp-content\/uploads\/2016\/04\/berglarka-1-ll.jpg\" data-rel=\"lightbox-image-1\" data-rl_title=\"Bergl\u00e4rka Lars Lundmark F\u00e5glar \u00d6land\" data-rl_caption=\"\" title=\"Bergl\u00e4rka Lars Lundmark F\u00e5glar \u00d6land\"><img loading=\"lazy\" decoding=\"async\" class=\"aligncenter wp-image-39182 size-full\" src=\"https:\/\/visitoland.com\/wp-content\/uploads\/2016\/04\/berglarka-1-ll.jpg\" alt=\"bergl\u00e4rka Lars Lundmark F\u00e5glar \u00d6land\" width=\"800\" height=\"550\" srcset=\"https:\/\/visitoland.com\/wp-content\/uploads\/2016\/04\/berglarka-1-ll.jpg 800w, https:\/\/visitoland.com\/wp-content\/uploads\/2016\/04\/berglarka-1-ll-150x103.jpg 150w, https:\/\/visitoland.com\/wp-content\/uploads\/2016\/04\/berglarka-1-ll-300x206.jpg 300w, https:\/\/visitoland.com\/wp-content\/uploads\/2016\/04\/berglarka-1-ll-160x110.jpg 160w, https:\/\/visitoland.com\/wp-content\/uploads\/2016\/04\/berglarka-1-ll-260x180.jpg 260w, https:\/\/visitoland.com\/wp-content\/uploads\/2016\/04\/berglarka-1-ll-360x248.jpg 360w\" sizes=\"auto, (max-width: 800px) 100vw, 800px\" \/><\/a>Horned Lark, \u00a9 Lars Lundmark[\/vc_column_text][\/vc_column][vc_column width=&#8221;2\/3&#8243;][vc_column_text]At dunghills gathers Sparrows and Finches and around running waters you find Eurasian Woodcocks and Common Snipes. Windswept and sparsely vegetated sandbanks attract passerines as snow bunting and Horned Lark, and last year stamens of goosefoot and burdocks provide Siskins, European Goldfinches and Twite nutritious seeds. Fermenting seaweed banks are attractive because they are often free of snow and offer food to the Pipits and Waders. On water flooded rocks at the beaches can sometimes Purple Sandpipers be found.[\/vc_column_text][\/vc_column][\/vc_row][vc_row][vc_column][vc_column_text]At open shallow waters along the coast it may pay to look through over-wintering and flocks of Ducks. These are usually dominated by species like Mallards, Common Mergansers, Tufted Duck and Common Goldeneye, but often it is possible to find both Smew as Common Pochard and Greater Scaup. Further out is often Long-tailed Ducks and an occasional Loon. Just to cross the \u00d6land Bridge can be an experience this time of year. Around the holes in the ice gathers White-tailed Eagles that have a set table among Ducks and Swans.[\/vc_column_text][\/vc_column][\/vc_row][vc_row][vc_column width=&#8221;2\/3&#8243;][vc_column_text]Some years the snow and cold can drive down usually more northern species to \u00d6land. Bohemian Waxwings appear in varying numbers, significantly more rarely Pine Grosbeak. Sometimes encountered in winter are our smallest falcon, the Merlin, and even more rarely the biggest of them all, the Gyrfalcon. Birds of prey like Rough-legged Buzzard, Golden Eagles and Hen Harriers are now seen regularly.<\/p>\n<p>January is also the bird feeding tables month number one. It is now that even novice birders can make findings of rarer species or unusual find of generally not over-wintering birds.[\/vc_column_text][\/vc_column][vc_column width=&#8221;1\/3&#8243;][vc_column_text]<a href=\"https:\/\/visitoland.com\/wp-content\/uploads\/2016\/04\/fjallvrak-eketorp-ll.jpg\" data-rel=\"lightbox-image-2\" data-rl_title=\"Fj\u00e4llvr\u00e5k Lars Lundmark F\u00e5glar \u00d6land\" data-rl_caption=\"\" title=\"Fj\u00e4llvr\u00e5k Lars Lundmark F\u00e5glar \u00d6land\"><img loading=\"lazy\" decoding=\"async\" class=\"aligncenter wp-image-39186 size-full\" src=\"https:\/\/visitoland.com\/wp-content\/uploads\/2016\/04\/fjallvrak-eketorp-ll.jpg\" alt=\"fj\u00e4llvr\u00e5k Lars Lundmark F\u00e5glar \u00d6land\" width=\"800\" height=\"599\" srcset=\"https:\/\/visitoland.com\/wp-content\/uploads\/2016\/04\/fjallvrak-eketorp-ll.jpg 800w, https:\/\/visitoland.com\/wp-content\/uploads\/2016\/04\/fjallvrak-eketorp-ll-150x112.jpg 150w, https:\/\/visitoland.com\/wp-content\/uploads\/2016\/04\/fjallvrak-eketorp-ll-300x225.jpg 300w, https:\/\/visitoland.com\/wp-content\/uploads\/2016\/04\/fjallvrak-eketorp-ll-160x120.jpg 160w, https:\/\/visitoland.com\/wp-content\/uploads\/2016\/04\/fjallvrak-eketorp-ll-240x180.jpg 240w, https:\/\/visitoland.com\/wp-content\/uploads\/2016\/04\/fjallvrak-eketorp-ll-358x268.jpg 358w\" sizes=\"auto, (max-width: 800px) 100vw, 800px\" \/><\/a>Rough-legged Buzzard, \u00a9 Lars Lundmark[\/vc_column_text][\/vc_column][\/vc_row][vc_row][vc_column][vc_column_text]<\/p>\n<h3 style=\"text-align: center;\">Birds to scout for in January and February.<\/h3>\n<p>Steller&#8217;s Eider, Loon, Water Rail, Jack Snipe, Black-legged Kittiwake, Glaucous Gull, Snowy Owl, Woodlark, Great Grey Shrike, Eurasian Rock Pipit, Bearded Reedling, Eurasian Blackcap, Eurasian Wren, Arctic Redpoll and Lapland Longspur.[\/vc_column_text][\/vc_column][\/vc_row][vc_row][vc_column width=&#8221;1\/4&#8243;][vc_column_text]<a href=\"https:\/\/visitoland.com\/wp-content\/uploads\/2016\/04\/gardsmyg-1-ll.jpg\" data-rel=\"lightbox-image-3\" data-rl_title=\"G\u00e4rdsmyg Lars Lundmark F\u00e5glar \u00d6land\" data-rl_caption=\"\" title=\"G\u00e4rdsmyg Lars Lundmark F\u00e5glar \u00d6land\"><img loading=\"lazy\" decoding=\"async\" class=\"aligncenter wp-image-39200 size-full\" src=\"https:\/\/visitoland.com\/wp-content\/uploads\/2016\/04\/gardsmyg-1-ll.jpg\" alt=\"g\u00e4rdsmyg Lars Lundmark F\u00e5glar \u00d6land\" width=\"800\" height=\"616\" srcset=\"https:\/\/visitoland.com\/wp-content\/uploads\/2016\/04\/gardsmyg-1-ll.jpg 800w, https:\/\/visitoland.com\/wp-content\/uploads\/2016\/04\/gardsmyg-1-ll-150x116.jpg 150w, https:\/\/visitoland.com\/wp-content\/uploads\/2016\/04\/gardsmyg-1-ll-300x231.jpg 300w, https:\/\/visitoland.com\/wp-content\/uploads\/2016\/04\/gardsmyg-1-ll-156x120.jpg 156w, https:\/\/visitoland.com\/wp-content\/uploads\/2016\/04\/gardsmyg-1-ll-234x180.jpg 234w, https:\/\/visitoland.com\/wp-content\/uploads\/2016\/04\/gardsmyg-1-ll-348x268.jpg 348w\" sizes=\"auto, (max-width: 800px) 100vw, 800px\" \/><\/a>Wren, \u00a9 Lars Lundmark[\/vc_column_text][\/vc_column][vc_column width=&#8221;1\/4&#8243;][vc_column_text]<a href=\"https:\/\/visitoland.com\/wp-content\/uploads\/2016\/04\/jaktfalk-of.jpg\" data-rel=\"lightbox-image-4\" data-rl_title=\"Jaktfalk Ottenby F\u00e5gelstation F\u00e5glar \u00d6land\" data-rl_caption=\"\" title=\"Jaktfalk Ottenby F\u00e5gelstation F\u00e5glar \u00d6land\"><img loading=\"lazy\" decoding=\"async\" class=\"aligncenter wp-image-39208 size-full\" src=\"https:\/\/visitoland.com\/wp-content\/uploads\/2016\/04\/jaktfalk-of.jpg\" alt=\"jaktfalk Ottenby F\u00e5gelstation F\u00e5glar \u00d6land\" width=\"800\" height=\"533\" srcset=\"https:\/\/visitoland.com\/wp-content\/uploads\/2016\/04\/jaktfalk-of.jpg 800w, https:\/\/visitoland.com\/wp-content\/uploads\/2016\/04\/jaktfalk-of-150x100.jpg 150w, https:\/\/visitoland.com\/wp-content\/uploads\/2016\/04\/jaktfalk-of-300x200.jpg 300w, https:\/\/visitoland.com\/wp-content\/uploads\/2016\/04\/jaktfalk-of-160x107.jpg 160w, https:\/\/visitoland.com\/wp-content\/uploads\/2016\/04\/jaktfalk-of-260x173.jpg 260w, https:\/\/visitoland.com\/wp-content\/uploads\/2016\/04\/jaktfalk-of-360x240.jpg 360w\" sizes=\"auto, (max-width: 800px) 100vw, 800px\" \/><\/a>Gyrfalcon, \u00a9 Ottenby F\u00e5gelstation[\/vc_column_text][\/vc_column][vc_column width=&#8221;1\/4&#8243;][vc_column_text]<a href=\"https:\/\/visitoland.com\/wp-content\/uploads\/2016\/04\/lappsparv-ll.jpg\" data-rel=\"lightbox-image-5\" data-rl_title=\"Lappsparv Lars Lundmark F\u00e5glar \u00d6land\" data-rl_caption=\"\" title=\"Lappsparv Lars Lundmark F\u00e5glar \u00d6land\"><img loading=\"lazy\" decoding=\"async\" class=\"aligncenter wp-image-39197 size-full\" src=\"https:\/\/visitoland.com\/wp-content\/uploads\/2016\/04\/lappsparv-ll.jpg\" alt=\"lappsparv Lars Lundmark F\u00e5glar \u00d6land\" width=\"800\" height=\"550\" srcset=\"https:\/\/visitoland.com\/wp-content\/uploads\/2016\/04\/lappsparv-ll.jpg 800w, https:\/\/visitoland.com\/wp-content\/uploads\/2016\/04\/lappsparv-ll-150x103.jpg 150w, https:\/\/visitoland.com\/wp-content\/uploads\/2016\/04\/lappsparv-ll-300x206.jpg 300w, https:\/\/visitoland.com\/wp-content\/uploads\/2016\/04\/lappsparv-ll-160x110.jpg 160w, https:\/\/visitoland.com\/wp-content\/uploads\/2016\/04\/lappsparv-ll-260x180.jpg 260w, https:\/\/visitoland.com\/wp-content\/uploads\/2016\/04\/lappsparv-ll-360x248.jpg 360w\" sizes=\"auto, (max-width: 800px) 100vw, 800px\" \/><\/a>Lapland Bunting, \u00a9 Lars Lundmark[\/vc_column_text][\/vc_column][vc_column width=&#8221;1\/4&#8243;][vc_column_text]<a href=\"https:\/\/visitoland.com\/wp-content\/uploads\/2016\/04\/vattenrall-1-ll.jpg\" data-rel=\"lightbox-image-6\" data-rl_title=\"Vattenrall Lars Lundmark F\u00e5glar \u00d6land\" data-rl_caption=\"\" title=\"Vattenrall Lars Lundmark F\u00e5glar \u00d6land\"><img loading=\"lazy\" decoding=\"async\" class=\"aligncenter wp-image-39191 size-full\" src=\"https:\/\/visitoland.com\/wp-content\/uploads\/2016\/04\/vattenrall-1-ll.jpg\" alt=\"vattenrall Lars Lundmark F\u00e5glar \u00d6land\" width=\"800\" height=\"550\" srcset=\"https:\/\/visitoland.com\/wp-content\/uploads\/2016\/04\/vattenrall-1-ll.jpg 800w, https:\/\/visitoland.com\/wp-content\/uploads\/2016\/04\/vattenrall-1-ll-150x103.jpg 150w, https:\/\/visitoland.com\/wp-content\/uploads\/2016\/04\/vattenrall-1-ll-300x206.jpg 300w, https:\/\/visitoland.com\/wp-content\/uploads\/2016\/04\/vattenrall-1-ll-160x110.jpg 160w, https:\/\/visitoland.com\/wp-content\/uploads\/2016\/04\/vattenrall-1-ll-260x180.jpg 260w, https:\/\/visitoland.com\/wp-content\/uploads\/2016\/04\/vattenrall-1-ll-360x248.jpg 360w\" sizes=\"auto, (max-width: 800px) 100vw, 800px\" \/><\/a>Water Rail, \u00a9 Lars Lundmark[\/vc_column_text][\/vc_column][\/vc_row][vc_row][vc_column width=&#8221;1\/6&#8243;][vc_column_text]<img loading=\"lazy\" decoding=\"async\" class=\"aligncenter size-full wp-image-39339\" src=\"https:\/\/visitoland.com\/wp-content\/uploads\/2016\/04\/olands-faglar-OOF.jpg\" alt=\"olands-faglar-OOF\" width=\"275\" height=\"400\" srcset=\"https:\/\/visitoland.com\/wp-content\/uploads\/2016\/04\/olands-faglar-OOF.jpg 275w, https:\/\/visitoland.com\/wp-content\/uploads\/2016\/04\/olands-faglar-OOF-103x150.jpg 103w, https:\/\/visitoland.com\/wp-content\/uploads\/2016\/04\/olands-faglar-OOF-206x300.jpg 206w, https:\/\/visitoland.com\/wp-content\/uploads\/2016\/04\/olands-faglar-OOF-83x120.jpg 83w, https:\/\/visitoland.com\/wp-content\/uploads\/2016\/04\/olands-faglar-OOF-124x180.jpg 124w, https:\/\/visitoland.com\/wp-content\/uploads\/2016\/04\/olands-faglar-OOF-184x268.jpg 184w\" sizes=\"auto, (max-width: 275px) 100vw, 275px\" \/>[\/vc_column_text][\/vc_column][vc_column width=&#8221;5\/6&#8243;][vc_column_text]<strong>Source<\/strong>: \u00d6lands F\u00e5glar \u00a9 <a href=\"https:\/\/www.oof.nu\/\" target=\"_blank\">\u00d6lands Ornitologiska F\u00f6rening \u00d6OF<\/a> (authors this chapter: Pav Johnsson, Anders Waldenstr\u00f6m)<\/p>\n<p><strong>Translation<\/strong>: Visitoland.com<\/p>\n<p><strong>Pictures<\/strong>: see each picture<\/p>\n<p><strong>The book<\/strong>: \u00d6lands F\u00e5glar, 496 pages (only in Swedish), can be ordered at <a href=\"https:\/\/www.naturbokhandeln.se\/sv\/articles\/2.101.5628\/olands-faglar-red-johnsson\" target=\"_blank\">Naturbokhandeln<\/a><br \/>\n<strong>ISBN<\/strong>: 9789188124555[\/vc_column_text][\/vc_column][\/vc_row]<\/p>\n<\/div>","protected":false},"excerpt":{"rendered":"<p>[vc_row][vc_column][vc_column_text] Birds in January Already on New Year&#8217;s day, some early morning birders gathers on \u00d6land, many of them keeping annual lists of all the bird species they have seen and are thus out hunting the years first observations too the book. For this reason, it is reported surprisingly much in January, despite the fact&nbsp; &nbsp;<a href=\"https:\/\/visitoland.com\/en\/birding\/month-by-month\/birds-in-january\/\">&#8230;Continue Reading<\/a><\/p>\n","protected":false},"author":2,"featured_media":39206,"parent":39416,"menu_order":1,"comment_status":"closed","ping_status":"closed","template":"","meta":{"footnotes":""},"class_list":["post-39299","page","type-page","status-publish","has-post-thumbnail","hentry"],"aioseo_notices":[],"_links":{"self":[{"href":"https:\/\/visitoland.com\/en\/wp-json\/wp\/v2\/pages\/39299","targetHints":{"allow":["GET"]}}],"collection":[{"href":"https:\/\/visitoland.com\/en\/wp-json\/wp\/v2\/pages"}],"about":[{"href":"https:\/\/visitoland.com\/en\/wp-json\/wp\/v2\/types\/page"}],"author":[{"embeddable":true,"href":"https:\/\/visitoland.com\/en\/wp-json\/wp\/v2\/users\/2"}],"replies":[{"embeddable":true,"href":"https:\/\/visitoland.com\/en\/wp-json\/wp\/v2\/comments?post=39299"}],"version-history":[{"count":0,"href":"https:\/\/visitoland.com\/en\/wp-json\/wp\/v2\/pages\/39299\/revisions"}],"up":[{"embeddable":true,"href":"https:\/\/visitoland.com\/en\/wp-json\/wp\/v2\/pages\/39416"}],"wp:featuredmedia":[{"embeddable":true,"href":"https:\/\/visitoland.com\/en\/wp-json\/wp\/v2\/media\/39206"}],"wp:attachment":[{"href":"https:\/\/visitoland.com\/en\/wp-json\/wp\/v2\/media?parent=39299"}],"curies":[{"name":"wp","href":"https:\/\/api.w.org\/{rel}","templated":true}]}}