{"id":39307,"date":"2016-05-01T10:49:47","date_gmt":"2016-05-01T08:49:47","guid":{"rendered":"https:\/\/visitoland.com\/en\/?page_id=39307"},"modified":"2016-05-04T11:40:27","modified_gmt":"2016-05-04T09:40:27","slug":"birds-in-february","status":"publish","type":"page","link":"https:\/\/visitoland.com\/en\/birding\/month-by-month\/birds-in-february\/","title":{"rendered":"February"},"content":{"rendered":"<div class=\"wpb-content-wrapper\"><p>[vc_row][vc_column][vc_column_text]<\/p>\n<h2 style=\"text-align: center;\"><strong>Birds in February<br \/>\n<\/strong><\/h2>\n<p>This month can either be considered as the last of the winter or the first of the spring, depending on the weather. During a low snow winter can fine weather and southerly winds bring the first Greylaged Geese, Common Shelducks, Eurasian Skylarks and Northern Lapwings already in the middle of the month. Most often, however, the spring will wait a bit. February is, after all, statistically the coldest month of the year.<\/p>\n<p>The composition of the species is broadly similar to that in January, but the number of bird individuals is fewer because some have not survived, while others have moved further south.[\/vc_column_text][\/vc_column][\/vc_row][vc_row][vc_column width=&#8221;2\/3&#8243;][vc_column_text]Towards the end of February, the first Tits feel the sun&#8217;s return and start singing so gently. This time of year it can be worthwhile to visit the farmland of M\u00f6rbyl\u00e5nga valley or north of K\u00f6pingsvik, where often mixed flocks of geese can be found, with Bean Goose, single Greater White-fronted Goose and sometime even Pink-footed Goose can be found. Or why not look for White-throated Dippers in running waters, or look through the Gull flocks in the ports? Iceland Gull and the Little Auk are among the more rare species seen during this month.[\/vc_column_text][\/vc_column][vc_column width=&#8221;1\/3&#8243;][vc_column_text]<a href=\"https:\/\/visitoland.com\/wp-content\/uploads\/2016\/04\/spetsbergsgas-ll.jpg\" data-rel=\"lightbox-image-0\" data-rl_title=\"Spetsbergsg\u00e5s Lars Lundmark F\u00e5glar \u00d6land\" data-rl_caption=\"\" title=\"Spetsbergsg\u00e5s Lars Lundmark F\u00e5glar \u00d6land\"><img loading=\"lazy\" decoding=\"async\" class=\"aligncenter wp-image-39213 size-full\" src=\"https:\/\/visitoland.com\/wp-content\/uploads\/2016\/04\/spetsbergsgas-ll.jpg\" alt=\"spetsbergsg\u00e5s Lars Lundmark F\u00e5glar \u00d6land\" width=\"800\" height=\"550\" srcset=\"https:\/\/visitoland.com\/wp-content\/uploads\/2016\/04\/spetsbergsgas-ll.jpg 800w, https:\/\/visitoland.com\/wp-content\/uploads\/2016\/04\/spetsbergsgas-ll-150x103.jpg 150w, https:\/\/visitoland.com\/wp-content\/uploads\/2016\/04\/spetsbergsgas-ll-300x206.jpg 300w, https:\/\/visitoland.com\/wp-content\/uploads\/2016\/04\/spetsbergsgas-ll-160x110.jpg 160w, https:\/\/visitoland.com\/wp-content\/uploads\/2016\/04\/spetsbergsgas-ll-260x180.jpg 260w, https:\/\/visitoland.com\/wp-content\/uploads\/2016\/04\/spetsbergsgas-ll-360x248.jpg 360w\" sizes=\"auto, (max-width: 800px) 100vw, 800px\" \/><\/a>Pink-footed Goose, \u00a9 Lars Lundmark[\/vc_column_text][\/vc_column][\/vc_row][vc_row][vc_column][vc_column_text]If it\u2019s too cold and spring is delayed, then you can always put together nesting boxes for the coming breeding season and maybe clear out the once that are already established.[\/vc_column_text][\/vc_column][\/vc_row][vc_row][vc_column][vc_column_text]<\/p>\n<h3 style=\"text-align: center;\">Birds to scout for in January and February.<\/h3>\n<p>Steller&#8217;s Eider, Loon, Water Rail, Jack Snipe, Black-legged Kittiwake, Glaucous Gull, Snowy Owl, Woodlark, Great Grey Shrike, Eurasian Rock Pipit, Bearded Reedling, Eurasian Blackcap, Eurasian Wren, Arctic Redpoll and Lapland Longspur.[\/vc_column_text][\/vc_column][\/vc_row][vc_row][vc_column width=&#8221;1\/4&#8243;][vc_column_text]<a href=\"https:\/\/visitoland.com\/wp-content\/uploads\/2016\/04\/svarthatta-ll.jpg\" data-rel=\"lightbox-image-1\" data-rl_title=\"Svarth\u00e4tta Lars Lundmark F\u00e5glar \u00d6land\" data-rl_caption=\"\" title=\"Svarth\u00e4tta Lars Lundmark F\u00e5glar \u00d6land\"><img loading=\"lazy\" decoding=\"async\" class=\"aligncenter wp-image-39216 size-full\" src=\"https:\/\/visitoland.com\/wp-content\/uploads\/2016\/04\/svarthatta-ll.jpg\" alt=\"svarth\u00e4tta Lars Lundmark F\u00e5glar \u00d6land\" width=\"800\" height=\"588\" srcset=\"https:\/\/visitoland.com\/wp-content\/uploads\/2016\/04\/svarthatta-ll.jpg 800w, https:\/\/visitoland.com\/wp-content\/uploads\/2016\/04\/svarthatta-ll-150x110.jpg 150w, https:\/\/visitoland.com\/wp-content\/uploads\/2016\/04\/svarthatta-ll-300x221.jpg 300w, https:\/\/visitoland.com\/wp-content\/uploads\/2016\/04\/svarthatta-ll-160x118.jpg 160w, https:\/\/visitoland.com\/wp-content\/uploads\/2016\/04\/svarthatta-ll-245x180.jpg 245w, https:\/\/visitoland.com\/wp-content\/uploads\/2016\/04\/svarthatta-ll-360x265.jpg 360w\" sizes=\"auto, (max-width: 800px) 100vw, 800px\" \/><\/a>Blackcap, \u00a9 Lars Lundmark[\/vc_column_text][\/vc_column][vc_column width=&#8221;1\/4&#8243;][vc_column_text]<a href=\"https:\/\/visitoland.com\/wp-content\/uploads\/2016\/04\/Tofsvipa-Hans-Olsson-5.jpg\" data-rel=\"lightbox-image-2\" data-rl_title=\"Tofsvipa Hans Olsson F\u00e5glar \u00d6land\" data-rl_caption=\"\" title=\"Tofsvipa Hans Olsson F\u00e5glar \u00d6land\"><img loading=\"lazy\" decoding=\"async\" class=\"aligncenter wp-image-39247 size-full\" src=\"https:\/\/visitoland.com\/wp-content\/uploads\/2016\/04\/Tofsvipa-Hans-Olsson-5.jpg\" alt=\"Tofsvipa Hans Olsson F\u00e5glar \u00d6land\" width=\"2767\" height=\"1705\" srcset=\"https:\/\/visitoland.com\/wp-content\/uploads\/2016\/04\/Tofsvipa-Hans-Olsson-5.jpg 2767w, https:\/\/visitoland.com\/wp-content\/uploads\/2016\/04\/Tofsvipa-Hans-Olsson-5-150x92.jpg 150w, https:\/\/visitoland.com\/wp-content\/uploads\/2016\/04\/Tofsvipa-Hans-Olsson-5-300x185.jpg 300w, https:\/\/visitoland.com\/wp-content\/uploads\/2016\/04\/Tofsvipa-Hans-Olsson-5-1024x631.jpg 1024w, https:\/\/visitoland.com\/wp-content\/uploads\/2016\/04\/Tofsvipa-Hans-Olsson-5-160x99.jpg 160w, https:\/\/visitoland.com\/wp-content\/uploads\/2016\/04\/Tofsvipa-Hans-Olsson-5-260x160.jpg 260w, https:\/\/visitoland.com\/wp-content\/uploads\/2016\/04\/Tofsvipa-Hans-Olsson-5-360x222.jpg 360w\" sizes=\"auto, (max-width: 2767px) 100vw, 2767px\" \/><\/a>Northern Lapwing, \u00a9 Hans Olsson[\/vc_column_text][\/vc_column][vc_column width=&#8221;1\/4&#8243;][vc_column_text]<a href=\"https:\/\/visitoland.com\/wp-content\/uploads\/2016\/04\/sanglarka-1-ottenby-ll.jpg\" data-rel=\"lightbox-image-3\" data-rl_title=\"S\u00e5ngl\u00e4rka Lars Lundmark F\u00e5glar \u00d6land\" data-rl_caption=\"\" title=\"S\u00e5ngl\u00e4rka Lars Lundmark F\u00e5glar \u00d6land\"><img loading=\"lazy\" decoding=\"async\" class=\"aligncenter wp-image-39223 size-full\" src=\"https:\/\/visitoland.com\/wp-content\/uploads\/2016\/04\/sanglarka-1-ottenby-ll.jpg\" alt=\"s\u00e5ngl\u00e4rka Lars Lundmark F\u00e5glar \u00d6land\" width=\"800\" height=\"568\" srcset=\"https:\/\/visitoland.com\/wp-content\/uploads\/2016\/04\/sanglarka-1-ottenby-ll.jpg 800w, https:\/\/visitoland.com\/wp-content\/uploads\/2016\/04\/sanglarka-1-ottenby-ll-150x107.jpg 150w, https:\/\/visitoland.com\/wp-content\/uploads\/2016\/04\/sanglarka-1-ottenby-ll-300x213.jpg 300w, https:\/\/visitoland.com\/wp-content\/uploads\/2016\/04\/sanglarka-1-ottenby-ll-160x114.jpg 160w, https:\/\/visitoland.com\/wp-content\/uploads\/2016\/04\/sanglarka-1-ottenby-ll-254x180.jpg 254w, https:\/\/visitoland.com\/wp-content\/uploads\/2016\/04\/sanglarka-1-ottenby-ll-360x256.jpg 360w\" sizes=\"auto, (max-width: 800px) 100vw, 800px\" \/><\/a>Eurasian Skylark, \u00a9 Lars Lundmark[\/vc_column_text][\/vc_column][vc_column width=&#8221;1\/4&#8243;][vc_column_text]<a href=\"https:\/\/visitoland.com\/wp-content\/uploads\/2016\/04\/varfagel-4-ll.jpg\" data-rel=\"lightbox-image-4\" data-rl_title=\"Varf\u00e5gel Lars Lundmark F\u00e5glar \u00d6land\" data-rl_caption=\"\" title=\"Varf\u00e5gel Lars Lundmark F\u00e5glar \u00d6land\"><img loading=\"lazy\" decoding=\"async\" class=\"aligncenter wp-image-39227 size-full\" src=\"https:\/\/visitoland.com\/wp-content\/uploads\/2016\/04\/varfagel-4-ll.jpg\" alt=\"varf\u00e5gel Lars Lundmark F\u00e5glar \u00d6land\" width=\"800\" height=\"550\" srcset=\"https:\/\/visitoland.com\/wp-content\/uploads\/2016\/04\/varfagel-4-ll.jpg 800w, https:\/\/visitoland.com\/wp-content\/uploads\/2016\/04\/varfagel-4-ll-150x103.jpg 150w, https:\/\/visitoland.com\/wp-content\/uploads\/2016\/04\/varfagel-4-ll-300x206.jpg 300w, https:\/\/visitoland.com\/wp-content\/uploads\/2016\/04\/varfagel-4-ll-160x110.jpg 160w, https:\/\/visitoland.com\/wp-content\/uploads\/2016\/04\/varfagel-4-ll-260x180.jpg 260w, https:\/\/visitoland.com\/wp-content\/uploads\/2016\/04\/varfagel-4-ll-360x248.jpg 360w\" sizes=\"auto, (max-width: 800px) 100vw, 800px\" \/><\/a>Great Grey Shrike, \u00a9 Lars Lundmark[\/vc_column_text][\/vc_column][\/vc_row][vc_row][vc_column width=&#8221;1\/4&#8243;][vc_column_text]<a href=\"https:\/\/visitoland.com\/wp-content\/uploads\/2016\/04\/alkekung-ll.jpg\" data-rel=\"lightbox-image-5\" data-rl_title=\"Alkekung Lars Lundmark F\u00e5glar \u00d6land\" data-rl_caption=\"\" title=\"Alkekung Lars Lundmark F\u00e5glar \u00d6land\"><img loading=\"lazy\" decoding=\"async\" class=\"aligncenter wp-image-39231 size-full\" src=\"https:\/\/visitoland.com\/wp-content\/uploads\/2016\/04\/alkekung-ll.jpg\" alt=\"alkekung Lars Lundmark F\u00e5glar \u00d6land\" width=\"800\" height=\"550\" srcset=\"https:\/\/visitoland.com\/wp-content\/uploads\/2016\/04\/alkekung-ll.jpg 800w, https:\/\/visitoland.com\/wp-content\/uploads\/2016\/04\/alkekung-ll-150x103.jpg 150w, https:\/\/visitoland.com\/wp-content\/uploads\/2016\/04\/alkekung-ll-300x206.jpg 300w, https:\/\/visitoland.com\/wp-content\/uploads\/2016\/04\/alkekung-ll-160x110.jpg 160w, https:\/\/visitoland.com\/wp-content\/uploads\/2016\/04\/alkekung-ll-260x180.jpg 260w, https:\/\/visitoland.com\/wp-content\/uploads\/2016\/04\/alkekung-ll-360x248.jpg 360w\" sizes=\"auto, (max-width: 800px) 100vw, 800px\" \/><\/a>Little Auk, \u00a9 Lars Lundmark[\/vc_column_text][\/vc_column][vc_column width=&#8221;1\/4&#8243;][vc_column_text]<a href=\"https:\/\/visitoland.com\/wp-content\/uploads\/2016\/04\/gravand-ottenby-ll.jpg\" data-rel=\"lightbox-image-6\" data-rl_title=\"Gravand Lars Lundmark F\u00e5glar \u00d6land\" data-rl_caption=\"\" title=\"Gravand Lars Lundmark F\u00e5glar \u00d6land\"><img loading=\"lazy\" decoding=\"async\" class=\"aligncenter wp-image-39234 size-full\" src=\"https:\/\/visitoland.com\/wp-content\/uploads\/2016\/04\/gravand-ottenby-ll.jpg\" alt=\"alkekung Lars Lundmark F\u00e5glar \u00d6land\" width=\"800\" height=\"550\" srcset=\"https:\/\/visitoland.com\/wp-content\/uploads\/2016\/04\/gravand-ottenby-ll.jpg 800w, https:\/\/visitoland.com\/wp-content\/uploads\/2016\/04\/gravand-ottenby-ll-150x103.jpg 150w, https:\/\/visitoland.com\/wp-content\/uploads\/2016\/04\/gravand-ottenby-ll-300x206.jpg 300w, https:\/\/visitoland.com\/wp-content\/uploads\/2016\/04\/gravand-ottenby-ll-160x110.jpg 160w, https:\/\/visitoland.com\/wp-content\/uploads\/2016\/04\/gravand-ottenby-ll-260x180.jpg 260w, https:\/\/visitoland.com\/wp-content\/uploads\/2016\/04\/gravand-ottenby-ll-360x248.jpg 360w\" sizes=\"auto, (max-width: 800px) 100vw, 800px\" \/><\/a>Common Shelduck, \u00a9 Lars Lundmark[\/vc_column_text][\/vc_column][vc_column width=&#8221;1\/4&#8243;][vc_column_text]<a href=\"https:\/\/visitoland.com\/wp-content\/uploads\/2016\/04\/stromstare-3-ll.jpg\" data-rel=\"lightbox-image-7\" data-rl_title=\"Str\u00f6mstare Lars Lundmark F\u00e5glar \u00d6land\" data-rl_caption=\"\" title=\"Str\u00f6mstare Lars Lundmark F\u00e5glar \u00d6land\"><img loading=\"lazy\" decoding=\"async\" class=\"aligncenter wp-image-39237 size-full\" src=\"https:\/\/visitoland.com\/wp-content\/uploads\/2016\/04\/stromstare-3-ll.jpg\" alt=\"str\u00f6mstare Lars Lundmark F\u00e5glar \u00d6land\" width=\"800\" height=\"631\" srcset=\"https:\/\/visitoland.com\/wp-content\/uploads\/2016\/04\/stromstare-3-ll.jpg 800w, https:\/\/visitoland.com\/wp-content\/uploads\/2016\/04\/stromstare-3-ll-150x118.jpg 150w, https:\/\/visitoland.com\/wp-content\/uploads\/2016\/04\/stromstare-3-ll-300x237.jpg 300w, https:\/\/visitoland.com\/wp-content\/uploads\/2016\/04\/stromstare-3-ll-152x120.jpg 152w, https:\/\/visitoland.com\/wp-content\/uploads\/2016\/04\/stromstare-3-ll-228x180.jpg 228w, https:\/\/visitoland.com\/wp-content\/uploads\/2016\/04\/stromstare-3-ll-340x268.jpg 340w\" sizes=\"auto, (max-width: 800px) 100vw, 800px\" \/><\/a>White-throated Dipper, \u00a9 Lars Lundmark[\/vc_column_text][\/vc_column][vc_column width=&#8221;1\/4&#8243;][vc_column_text]<a href=\"https:\/\/visitoland.com\/wp-content\/uploads\/2016\/04\/vitvingadtrut-2-ll.jpg\" data-rel=\"lightbox-image-8\" data-rl_title=\"Vitvingadtrut Lars Lundmark F\u00e5glar \u00d6land\" data-rl_caption=\"\" title=\"Vitvingadtrut Lars Lundmark F\u00e5glar \u00d6land\"><img loading=\"lazy\" decoding=\"async\" class=\"aligncenter wp-image-39240 size-full\" src=\"https:\/\/visitoland.com\/wp-content\/uploads\/2016\/04\/vitvingadtrut-2-ll.jpg\" alt=\"vitvingadtrut Lars Lundmark F\u00e5glar \u00d6land\" width=\"800\" height=\"614\" srcset=\"https:\/\/visitoland.com\/wp-content\/uploads\/2016\/04\/vitvingadtrut-2-ll.jpg 800w, https:\/\/visitoland.com\/wp-content\/uploads\/2016\/04\/vitvingadtrut-2-ll-150x115.jpg 150w, https:\/\/visitoland.com\/wp-content\/uploads\/2016\/04\/vitvingadtrut-2-ll-300x230.jpg 300w, https:\/\/visitoland.com\/wp-content\/uploads\/2016\/04\/vitvingadtrut-2-ll-156x120.jpg 156w, https:\/\/visitoland.com\/wp-content\/uploads\/2016\/04\/vitvingadtrut-2-ll-235x180.jpg 235w, https:\/\/visitoland.com\/wp-content\/uploads\/2016\/04\/vitvingadtrut-2-ll-349x268.jpg 349w\" sizes=\"auto, (max-width: 800px) 100vw, 800px\" \/><\/a>Iceland Gull, \u00a9 Lars Lundmark[\/vc_column_text][\/vc_column][\/vc_row][vc_row][vc_column width=&#8221;1\/6&#8243;][vc_column_text]<img loading=\"lazy\" decoding=\"async\" class=\"aligncenter size-full wp-image-39339\" src=\"https:\/\/visitoland.com\/wp-content\/uploads\/2016\/04\/olands-faglar-OOF.jpg\" alt=\"olands-faglar-OOF\" width=\"275\" height=\"400\" srcset=\"https:\/\/visitoland.com\/wp-content\/uploads\/2016\/04\/olands-faglar-OOF.jpg 275w, https:\/\/visitoland.com\/wp-content\/uploads\/2016\/04\/olands-faglar-OOF-103x150.jpg 103w, https:\/\/visitoland.com\/wp-content\/uploads\/2016\/04\/olands-faglar-OOF-206x300.jpg 206w, https:\/\/visitoland.com\/wp-content\/uploads\/2016\/04\/olands-faglar-OOF-83x120.jpg 83w, https:\/\/visitoland.com\/wp-content\/uploads\/2016\/04\/olands-faglar-OOF-124x180.jpg 124w, https:\/\/visitoland.com\/wp-content\/uploads\/2016\/04\/olands-faglar-OOF-184x268.jpg 184w\" sizes=\"auto, (max-width: 275px) 100vw, 275px\" \/>[\/vc_column_text][\/vc_column][vc_column width=&#8221;5\/6&#8243;][vc_column_text]<strong>Source<\/strong>: \u00d6lands F\u00e5glar \u00a9 <a href=\"https:\/\/www.oof.nu\/\" target=\"_blank\">\u00d6lands Ornitologiska F\u00f6rening \u00d6OF<\/a> \u00d6OF (authors this chapter: Pav Johnsson, Anders Waldenstr\u00f6m)<\/p>\n<p><strong>Translation<\/strong>: Visitoland.com<\/p>\n<p><strong>Pictures<\/strong>: see each picture<\/p>\n<p><strong>The book<\/strong>: \u00d6lands F\u00e5glar, 496 pages (only in Swedish), can be ordered at <a href=\"https:\/\/www.naturbokhandeln.se\/sv\/articles\/2.101.5628\/olands-faglar-red-johnsson\" target=\"_blank\">Naturbokhandeln<\/a><br \/>\n<strong>ISBN<\/strong>: 9789188124555[\/vc_column_text][\/vc_column][\/vc_row]<\/p>\n<\/div>","protected":false},"excerpt":{"rendered":"<p>[vc_row][vc_column][vc_column_text] Birds in February This month can either be considered as the last of the winter or the first of the spring, depending on the weather. During a low snow winter can fine weather and southerly winds bring the first Greylaged Geese, Common Shelducks, Eurasian Skylarks and Northern Lapwings already in the middle of the&nbsp; &nbsp;<a href=\"https:\/\/visitoland.com\/en\/birding\/month-by-month\/birds-in-february\/\">&#8230;Continue Reading<\/a><\/p>\n","protected":false},"author":2,"featured_media":39245,"parent":39416,"menu_order":2,"comment_status":"closed","ping_status":"closed","template":"","meta":{"footnotes":""},"class_list":["post-39307","page","type-page","status-publish","has-post-thumbnail","hentry"],"aioseo_notices":[],"_links":{"self":[{"href":"https:\/\/visitoland.com\/en\/wp-json\/wp\/v2\/pages\/39307","targetHints":{"allow":["GET"]}}],"collection":[{"href":"https:\/\/visitoland.com\/en\/wp-json\/wp\/v2\/pages"}],"about":[{"href":"https:\/\/visitoland.com\/en\/wp-json\/wp\/v2\/types\/page"}],"author":[{"embeddable":true,"href":"https:\/\/visitoland.com\/en\/wp-json\/wp\/v2\/users\/2"}],"replies":[{"embeddable":true,"href":"https:\/\/visitoland.com\/en\/wp-json\/wp\/v2\/comments?post=39307"}],"version-history":[{"count":0,"href":"https:\/\/visitoland.com\/en\/wp-json\/wp\/v2\/pages\/39307\/revisions"}],"up":[{"embeddable":true,"href":"https:\/\/visitoland.com\/en\/wp-json\/wp\/v2\/pages\/39416"}],"wp:featuredmedia":[{"embeddable":true,"href":"https:\/\/visitoland.com\/en\/wp-json\/wp\/v2\/media\/39245"}],"wp:attachment":[{"href":"https:\/\/visitoland.com\/en\/wp-json\/wp\/v2\/media?parent=39307"}],"curies":[{"name":"wp","href":"https:\/\/api.w.org\/{rel}","templated":true}]}}