{"id":39357,"date":"2016-05-03T13:06:20","date_gmt":"2016-05-03T11:06:20","guid":{"rendered":"https:\/\/visitoland.com\/en\/?page_id=39357"},"modified":"2016-05-04T11:36:46","modified_gmt":"2016-05-04T09:36:46","slug":"birds-in-march","status":"publish","type":"page","link":"https:\/\/visitoland.com\/en\/birding\/month-by-month\/birds-in-march\/","title":{"rendered":"March"},"content":{"rendered":"<div class=\"wpb-content-wrapper\"><p>[vc_row][vc_column][vc_column_text]<\/p>\n<h2 style=\"text-align: center;\">Birds in March<\/h2>\n<p>Now the short distant migrating spring birds begins to arrive, they mainly winters on the continent. The time of their arrival is mainly determined by the weather. Besides the expected species in our close environment as Starlings and Common Chaffinches many coastal bound birds returns remarkably early. As soon as the ice and snow loosens its grip will Common Ringed Plovers, Eurasian Oystercatchers, and Dabbling Ducks as Northern Pintail, Eurasian Widgeon and Eurasian Teal gather in shallow bays. The first Common Cranes and Eurasian Curlews show up, and if the Kalmar Strait is ice free the Eider migration begins in the latter part of the month.[\/vc_column_text][\/vc_column][\/vc_row][vc_row][vc_column width=&#8221;1\/4&#8243;][vc_column_text]<a href=\"https:\/\/visitoland.com\/wp-content\/uploads\/2016\/04\/storrestrandpipare-vasterstad-ll.jpg\" data-rel=\"lightbox-image-0\" data-rl_title=\"St\u00f6rrestrandpipare Lars Lundmark F\u00e5glars \u00d6land\" data-rl_caption=\"\" title=\"St\u00f6rrestrandpipare Lars Lundmark F\u00e5glars \u00d6land\"><img loading=\"lazy\" decoding=\"async\" class=\"aligncenter wp-image-39262 size-full\" src=\"https:\/\/visitoland.com\/wp-content\/uploads\/2016\/04\/storrestrandpipare-vasterstad-ll.jpg\" alt=\"st\u00f6rrestrandpipare Lars Lundmark F\u00e5glars \u00d6land\" width=\"800\" height=\"626\" srcset=\"https:\/\/visitoland.com\/wp-content\/uploads\/2016\/04\/storrestrandpipare-vasterstad-ll.jpg 800w, https:\/\/visitoland.com\/wp-content\/uploads\/2016\/04\/storrestrandpipare-vasterstad-ll-150x117.jpg 150w, https:\/\/visitoland.com\/wp-content\/uploads\/2016\/04\/storrestrandpipare-vasterstad-ll-300x235.jpg 300w, https:\/\/visitoland.com\/wp-content\/uploads\/2016\/04\/storrestrandpipare-vasterstad-ll-153x120.jpg 153w, https:\/\/visitoland.com\/wp-content\/uploads\/2016\/04\/storrestrandpipare-vasterstad-ll-230x180.jpg 230w, https:\/\/visitoland.com\/wp-content\/uploads\/2016\/04\/storrestrandpipare-vasterstad-ll-342x268.jpg 342w\" sizes=\"auto, (max-width: 800px) 100vw, 800px\" \/><\/a>Ringed Plover, \u00a9 Lars Lundmark[\/vc_column_text][\/vc_column][vc_column width=&#8221;1\/4&#8243;][vc_column_text]<a href=\"https:\/\/visitoland.com\/wp-content\/uploads\/2016\/04\/strandskata-ll.jpg\" data-rel=\"lightbox-image-1\" data-rl_title=\"Strandskata Lars Lundmark F\u00e5glar \u00d6land\" data-rl_caption=\"\" title=\"Strandskata Lars Lundmark F\u00e5glar \u00d6land\"><img loading=\"lazy\" decoding=\"async\" class=\"aligncenter wp-image-39265 size-full\" src=\"https:\/\/visitoland.com\/wp-content\/uploads\/2016\/04\/strandskata-ll.jpg\" alt=\"strandskata Lars Lundmark F\u00e5glar \u00d6land\" width=\"800\" height=\"600\" srcset=\"https:\/\/visitoland.com\/wp-content\/uploads\/2016\/04\/strandskata-ll.jpg 800w, https:\/\/visitoland.com\/wp-content\/uploads\/2016\/04\/strandskata-ll-150x113.jpg 150w, https:\/\/visitoland.com\/wp-content\/uploads\/2016\/04\/strandskata-ll-300x225.jpg 300w, https:\/\/visitoland.com\/wp-content\/uploads\/2016\/04\/strandskata-ll-160x120.jpg 160w, https:\/\/visitoland.com\/wp-content\/uploads\/2016\/04\/strandskata-ll-240x180.jpg 240w, https:\/\/visitoland.com\/wp-content\/uploads\/2016\/04\/strandskata-ll-357x268.jpg 357w\" sizes=\"auto, (max-width: 800px) 100vw, 800px\" \/><\/a>Oystercatcher, \u00a9 Lars Lundmark[\/vc_column_text][\/vc_column][vc_column width=&#8221;1\/4&#8243;][vc_column_text]<a href=\"https:\/\/visitoland.com\/wp-content\/uploads\/2016\/04\/kricka-2-ll.jpg\" data-rel=\"lightbox-image-2\" data-rl_title=\"Kricka Lars Lundmark F\u00e5glars \u00d6land\" data-rl_caption=\"\" title=\"Kricka Lars Lundmark F\u00e5glars \u00d6land\"><img loading=\"lazy\" decoding=\"async\" class=\"aligncenter wp-image-39268 size-full\" src=\"https:\/\/visitoland.com\/wp-content\/uploads\/2016\/04\/kricka-2-ll.jpg\" alt=\"kricka Lars Lundmark F\u00e5glars \u00d6land\" width=\"800\" height=\"610\" srcset=\"https:\/\/visitoland.com\/wp-content\/uploads\/2016\/04\/kricka-2-ll.jpg 800w, https:\/\/visitoland.com\/wp-content\/uploads\/2016\/04\/kricka-2-ll-150x114.jpg 150w, https:\/\/visitoland.com\/wp-content\/uploads\/2016\/04\/kricka-2-ll-300x229.jpg 300w, https:\/\/visitoland.com\/wp-content\/uploads\/2016\/04\/kricka-2-ll-157x120.jpg 157w, https:\/\/visitoland.com\/wp-content\/uploads\/2016\/04\/kricka-2-ll-236x180.jpg 236w, https:\/\/visitoland.com\/wp-content\/uploads\/2016\/04\/kricka-2-ll-351x268.jpg 351w\" sizes=\"auto, (max-width: 800px) 100vw, 800px\" \/><\/a>Teal, \u00a9 Lars Lundmark[\/vc_column_text][\/vc_column][vc_column width=&#8221;1\/4&#8243;][vc_column_text]<a href=\"https:\/\/visitoland.com\/wp-content\/uploads\/2016\/04\/praktejder-1-ll.jpg\" data-rel=\"lightbox-image-3\" data-rl_title=\"Praktejder Lars Lundmark f\u00e5glar \u00d6land\" data-rl_caption=\"\" title=\"Praktejder Lars Lundmark f\u00e5glar \u00d6land\"><img loading=\"lazy\" decoding=\"async\" class=\"aligncenter wp-image-39271 size-full\" src=\"https:\/\/visitoland.com\/wp-content\/uploads\/2016\/04\/praktejder-1-ll.jpg\" alt=\"praktejder Lars Lundmark f\u00e5glar \u00d6land\" width=\"800\" height=\"550\" srcset=\"https:\/\/visitoland.com\/wp-content\/uploads\/2016\/04\/praktejder-1-ll.jpg 800w, https:\/\/visitoland.com\/wp-content\/uploads\/2016\/04\/praktejder-1-ll-150x103.jpg 150w, https:\/\/visitoland.com\/wp-content\/uploads\/2016\/04\/praktejder-1-ll-300x206.jpg 300w, https:\/\/visitoland.com\/wp-content\/uploads\/2016\/04\/praktejder-1-ll-160x110.jpg 160w, https:\/\/visitoland.com\/wp-content\/uploads\/2016\/04\/praktejder-1-ll-260x180.jpg 260w, https:\/\/visitoland.com\/wp-content\/uploads\/2016\/04\/praktejder-1-ll-360x248.jpg 360w\" sizes=\"auto, (max-width: 800px) 100vw, 800px\" \/><\/a>King Eider, \u00a9 Lars Lundmark[\/vc_column_text][\/vc_column][\/vc_row][vc_row][vc_column width=&#8221;1\/3&#8243;][vc_column_text]<a href=\"https:\/\/visitoland.com\/wp-content\/uploads\/2016\/04\/forsarla-3-ll.jpg\" data-rel=\"lightbox-image-4\" data-rl_title=\"Fors\u00e4rla Lars Lundmark F\u00e5glar \u00d6land\" data-rl_caption=\"\" title=\"Fors\u00e4rla Lars Lundmark F\u00e5glar \u00d6land\"><img loading=\"lazy\" decoding=\"async\" class=\"aligncenter wp-image-39291 size-full\" src=\"https:\/\/visitoland.com\/wp-content\/uploads\/2016\/04\/forsarla-3-ll.jpg\" alt=\"fors\u00e4rla Lars Lundmark F\u00e5glar \u00d6land\" width=\"800\" height=\"662\" srcset=\"https:\/\/visitoland.com\/wp-content\/uploads\/2016\/04\/forsarla-3-ll.jpg 800w, https:\/\/visitoland.com\/wp-content\/uploads\/2016\/04\/forsarla-3-ll-150x124.jpg 150w, https:\/\/visitoland.com\/wp-content\/uploads\/2016\/04\/forsarla-3-ll-300x248.jpg 300w, https:\/\/visitoland.com\/wp-content\/uploads\/2016\/04\/forsarla-3-ll-145x120.jpg 145w, https:\/\/visitoland.com\/wp-content\/uploads\/2016\/04\/forsarla-3-ll-218x180.jpg 218w, https:\/\/visitoland.com\/wp-content\/uploads\/2016\/04\/forsarla-3-ll-324x268.jpg 324w\" sizes=\"auto, (max-width: 800px) 100vw, 800px\" \/><\/a>Grey Wagtail, \u00a9 Lars Lundmark[\/vc_column_text][\/vc_column][vc_column width=&#8221;2\/3&#8243;][vc_column_text]In particular, at the coast, it happens that single Eurasian Rock Pipits and the occasional Gray Wagtail passes this time of year. None of the species are nesting on \u00d6land, but they are among the early migratory birds.[\/vc_column_text][\/vc_column][\/vc_row][vc_row][vc_column width=&#8221;2\/3&#8243;][vc_column_text]Now the forests and gardens begin to fill with European Robins and Song Thrushes. Eurasian Woodcocks flies low over the forest at dusk, and when it darkens the Owls takes over the scene. On \u00d6land is the Tawny Owl the most frequent, but from the scattered pine groves can even newly arrived Long-eared Owls low-keyed hooting be heard.[\/vc_column_text][\/vc_column][vc_column width=&#8221;1\/3&#8243;][vc_column_text]<a href=\"https:\/\/visitoland.com\/wp-content\/uploads\/2016\/04\/Hornuggla-of.jpg\" data-rel=\"lightbox-image-5\" data-rl_title=\"Hornuggla Ottenby F\u00e5gelstation F\u00e5glar \u00d6land\" data-rl_caption=\"\" title=\"Hornuggla Ottenby F\u00e5gelstation F\u00e5glar \u00d6land\"><img loading=\"lazy\" decoding=\"async\" class=\"aligncenter wp-image-39254 size-full\" src=\"https:\/\/visitoland.com\/wp-content\/uploads\/2016\/04\/Hornuggla-of.jpg\" alt=\"Hornuggla Ottenby F\u00e5gelstation F\u00e5glar \u00d6land\" width=\"1080\" height=\"743\" srcset=\"https:\/\/visitoland.com\/wp-content\/uploads\/2016\/04\/Hornuggla-of.jpg 1080w, https:\/\/visitoland.com\/wp-content\/uploads\/2016\/04\/Hornuggla-of-150x103.jpg 150w, https:\/\/visitoland.com\/wp-content\/uploads\/2016\/04\/Hornuggla-of-300x206.jpg 300w, https:\/\/visitoland.com\/wp-content\/uploads\/2016\/04\/Hornuggla-of-1024x704.jpg 1024w, https:\/\/visitoland.com\/wp-content\/uploads\/2016\/04\/Hornuggla-of-160x110.jpg 160w, https:\/\/visitoland.com\/wp-content\/uploads\/2016\/04\/Hornuggla-of-260x180.jpg 260w, https:\/\/visitoland.com\/wp-content\/uploads\/2016\/04\/Hornuggla-of-360x248.jpg 360w\" sizes=\"auto, (max-width: 1080px) 100vw, 1080px\" \/><\/a>Long-eared Owl , \u00a9 Ottenby F\u00e5gelstation[\/vc_column_text][\/vc_column][\/vc_row][vc_row][vc_column][vc_column_text]In the latter part of the month, the first long-distance migrants usually appear, such as White Wagtail, Western Marsh-harrier, Lesser Black-backed Gull and the Osprey.[\/vc_column_text][\/vc_column][\/vc_row][vc_row][vc_column][vc_column_text]<\/p>\n<h3 style=\"text-align: center;\">Birds to scout for in March.<\/h3>\n<p>King Eider, Sandwich Tern, Caspian Tern, Black Redstart, European Stonechat, Mistle Thrush and Chiffchaff.[\/vc_column_text][\/vc_column][\/vc_row][vc_row][vc_column width=&#8221;1\/4&#8243;][vc_column_text]<a href=\"https:\/\/visitoland.com\/wp-content\/uploads\/2016\/04\/brunkarrhok-1-risinge-ll.jpg\" data-rel=\"lightbox-image-6\" data-rl_title=\"Brunk\u00e4rrh\u00f6k Lars Lundmark F\u00e5glar \u00d6land\" data-rl_caption=\"\" title=\"Brunk\u00e4rrh\u00f6k Lars Lundmark F\u00e5glar \u00d6land\"><img loading=\"lazy\" decoding=\"async\" class=\"aligncenter wp-image-39275 size-full\" src=\"https:\/\/visitoland.com\/wp-content\/uploads\/2016\/04\/brunkarrhok-1-risinge-ll.jpg\" alt=\"brunk\u00e4rrh\u00f6k Lars Lundmark F\u00e5glar \u00d6land\" width=\"800\" height=\"605\" srcset=\"https:\/\/visitoland.com\/wp-content\/uploads\/2016\/04\/brunkarrhok-1-risinge-ll.jpg 800w, https:\/\/visitoland.com\/wp-content\/uploads\/2016\/04\/brunkarrhok-1-risinge-ll-150x113.jpg 150w, https:\/\/visitoland.com\/wp-content\/uploads\/2016\/04\/brunkarrhok-1-risinge-ll-300x227.jpg 300w, https:\/\/visitoland.com\/wp-content\/uploads\/2016\/04\/brunkarrhok-1-risinge-ll-160x120.jpg 160w, https:\/\/visitoland.com\/wp-content\/uploads\/2016\/04\/brunkarrhok-1-risinge-ll-238x180.jpg 238w, https:\/\/visitoland.com\/wp-content\/uploads\/2016\/04\/brunkarrhok-1-risinge-ll-354x268.jpg 354w\" sizes=\"auto, (max-width: 800px) 100vw, 800px\" \/><\/a>Western Marsh Harrier, \u00a9 Lars Lundmark[\/vc_column_text][\/vc_column][vc_column width=&#8221;1\/4&#8243;][vc_column_text]<a href=\"https:\/\/visitoland.com\/wp-content\/uploads\/2016\/04\/kentsktarna-ll.jpg\" data-rel=\"lightbox-image-7\" data-rl_title=\"Kentsk T\u00e4rna Lars Lundmark F\u00e5glar \u00d6land\" data-rl_caption=\"\" title=\"Kentsk T\u00e4rna Lars Lundmark F\u00e5glar \u00d6land\"><img loading=\"lazy\" decoding=\"async\" class=\"aligncenter wp-image-39281 size-full\" src=\"https:\/\/visitoland.com\/wp-content\/uploads\/2016\/04\/kentsktarna-ll.jpg\" alt=\"kentsk T\u00e4rna Lars Lundmark F\u00e5glar \u00d6land\" width=\"800\" height=\"632\" srcset=\"https:\/\/visitoland.com\/wp-content\/uploads\/2016\/04\/kentsktarna-ll.jpg 800w, https:\/\/visitoland.com\/wp-content\/uploads\/2016\/04\/kentsktarna-ll-150x119.jpg 150w, https:\/\/visitoland.com\/wp-content\/uploads\/2016\/04\/kentsktarna-ll-300x237.jpg 300w, https:\/\/visitoland.com\/wp-content\/uploads\/2016\/04\/kentsktarna-ll-152x120.jpg 152w, https:\/\/visitoland.com\/wp-content\/uploads\/2016\/04\/kentsktarna-ll-228x180.jpg 228w, https:\/\/visitoland.com\/wp-content\/uploads\/2016\/04\/kentsktarna-ll-339x268.jpg 339w\" sizes=\"auto, (max-width: 800px) 100vw, 800px\" \/><\/a>Sandwich Tern, \u00a9 Lars Lundmark[\/vc_column_text][\/vc_column][vc_column width=&#8221;1\/4&#8243;][vc_column_text]<a href=\"https:\/\/visitoland.com\/wp-content\/uploads\/2016\/04\/svartrodstjart-1-ll.jpg\" data-rel=\"lightbox-image-8\" data-rl_title=\"Svartr\u00f6dstj\u00e4rt Lars Lundmark F\u00e5glar \u00d6land\" data-rl_caption=\"\" title=\"Svartr\u00f6dstj\u00e4rt Lars Lundmark F\u00e5glar \u00d6land\"><img loading=\"lazy\" decoding=\"async\" class=\"aligncenter wp-image-39284 size-full\" src=\"https:\/\/visitoland.com\/wp-content\/uploads\/2016\/04\/svartrodstjart-1-ll.jpg\" alt=\"svartr\u00f6dstj\u00e4rt Lars Lundmark F\u00e5glar \u00d6land\" width=\"800\" height=\"550\" srcset=\"https:\/\/visitoland.com\/wp-content\/uploads\/2016\/04\/svartrodstjart-1-ll.jpg 800w, https:\/\/visitoland.com\/wp-content\/uploads\/2016\/04\/svartrodstjart-1-ll-150x103.jpg 150w, https:\/\/visitoland.com\/wp-content\/uploads\/2016\/04\/svartrodstjart-1-ll-300x206.jpg 300w, https:\/\/visitoland.com\/wp-content\/uploads\/2016\/04\/svartrodstjart-1-ll-160x110.jpg 160w, https:\/\/visitoland.com\/wp-content\/uploads\/2016\/04\/svartrodstjart-1-ll-260x180.jpg 260w, https:\/\/visitoland.com\/wp-content\/uploads\/2016\/04\/svartrodstjart-1-ll-360x248.jpg 360w\" sizes=\"auto, (max-width: 800px) 100vw, 800px\" \/><\/a>Black Redstart, \u00a9 Lars Lundmark[\/vc_column_text][\/vc_column][vc_column width=&#8221;1\/4&#8243;][vc_column_text]<a href=\"https:\/\/visitoland.com\/wp-content\/uploads\/2016\/04\/fiskgjuse-ll.jpg\" data-rel=\"lightbox-image-9\" data-rl_title=\"Fiskgjuse Lars Lundmark F\u00e5glar \u00d6land\" data-rl_caption=\"\" title=\"Fiskgjuse Lars Lundmark F\u00e5glar \u00d6land\"><img loading=\"lazy\" decoding=\"async\" class=\"aligncenter wp-image-39278 size-full\" src=\"https:\/\/visitoland.com\/wp-content\/uploads\/2016\/04\/fiskgjuse-ll.jpg\" alt=\"fiskgjuse Lars Lundmark F\u00e5glar \u00d6land\" width=\"800\" height=\"580\" srcset=\"https:\/\/visitoland.com\/wp-content\/uploads\/2016\/04\/fiskgjuse-ll.jpg 800w, https:\/\/visitoland.com\/wp-content\/uploads\/2016\/04\/fiskgjuse-ll-150x109.jpg 150w, https:\/\/visitoland.com\/wp-content\/uploads\/2016\/04\/fiskgjuse-ll-300x218.jpg 300w, https:\/\/visitoland.com\/wp-content\/uploads\/2016\/04\/fiskgjuse-ll-160x116.jpg 160w, https:\/\/visitoland.com\/wp-content\/uploads\/2016\/04\/fiskgjuse-ll-248x180.jpg 248w, https:\/\/visitoland.com\/wp-content\/uploads\/2016\/04\/fiskgjuse-ll-360x261.jpg 360w\" sizes=\"auto, (max-width: 800px) 100vw, 800px\" \/><\/a>Osprey, \u00a9 Lars Lundmark[\/vc_column_text][\/vc_column][\/vc_row][vc_row][vc_column width=&#8221;1\/6&#8243;][vc_column_text]<img loading=\"lazy\" decoding=\"async\" class=\"aligncenter size-full wp-image-39338\" src=\"https:\/\/visitoland.com\/wp-content\/uploads\/2016\/04\/olands-faglar-OOF.jpg\" alt=\"\u00d6lands-f\u00e5glar-\u00d6OF \u00d6land\" width=\"275\" height=\"400\" srcset=\"https:\/\/visitoland.com\/wp-content\/uploads\/2016\/04\/olands-faglar-OOF.jpg 275w, https:\/\/visitoland.com\/wp-content\/uploads\/2016\/04\/olands-faglar-OOF-103x150.jpg 103w, https:\/\/visitoland.com\/wp-content\/uploads\/2016\/04\/olands-faglar-OOF-206x300.jpg 206w, https:\/\/visitoland.com\/wp-content\/uploads\/2016\/04\/olands-faglar-OOF-83x120.jpg 83w, https:\/\/visitoland.com\/wp-content\/uploads\/2016\/04\/olands-faglar-OOF-124x180.jpg 124w, https:\/\/visitoland.com\/wp-content\/uploads\/2016\/04\/olands-faglar-OOF-184x268.jpg 184w\" sizes=\"auto, (max-width: 275px) 100vw, 275px\" \/>[\/vc_column_text][\/vc_column][vc_column width=&#8221;5\/6&#8243;][vc_column_text]<strong>Source<\/strong>: \u00d6lands F\u00e5glar \u00a9 <a href=\"https:\/\/www.oof.nu\/\" target=\"_blank\">\u00d6lands Ornitologiska F\u00f6rening \u00d6OF<\/a> \u00d6OF (authors this chapter: Pav Johnsson, Anders Waldenstr\u00f6m)<\/p>\n<p><strong>Translation<\/strong>: Visitoland.com<\/p>\n<p><strong>Pictures<\/strong>: see each picture<\/p>\n<p><strong>The book<\/strong>: \u00d6lands F\u00e5glar, 496 pages (only in Swedish), can be ordered at <a href=\"https:\/\/www.naturbokhandeln.se\/sv\/articles\/2.101.5628\/olands-faglar-red-johnsson\" target=\"_blank\">Naturbokhandeln<\/a><br \/>\n<strong>ISBN<\/strong>: 9789188124555[\/vc_column_text][\/vc_column][\/vc_row]<\/p>\n<\/div>","protected":false},"excerpt":{"rendered":"<p>[vc_row][vc_column][vc_column_text] Birds in March Now the short distant migrating spring birds begins to arrive, they mainly winters on the continent. The time of their arrival is mainly determined by the weather. Besides the expected species in our close environment as Starlings and Common Chaffinches many coastal bound birds returns remarkably early. As soon as the&nbsp; &nbsp;<a href=\"https:\/\/visitoland.com\/en\/birding\/month-by-month\/birds-in-march\/\">&#8230;Continue Reading<\/a><\/p>\n","protected":false},"author":2,"featured_media":39258,"parent":39416,"menu_order":3,"comment_status":"closed","ping_status":"closed","template":"","meta":{"footnotes":""},"class_list":["post-39357","page","type-page","status-publish","has-post-thumbnail","hentry"],"aioseo_notices":[],"_links":{"self":[{"href":"https:\/\/visitoland.com\/en\/wp-json\/wp\/v2\/pages\/39357","targetHints":{"allow":["GET"]}}],"collection":[{"href":"https:\/\/visitoland.com\/en\/wp-json\/wp\/v2\/pages"}],"about":[{"href":"https:\/\/visitoland.com\/en\/wp-json\/wp\/v2\/types\/page"}],"author":[{"embeddable":true,"href":"https:\/\/visitoland.com\/en\/wp-json\/wp\/v2\/users\/2"}],"replies":[{"embeddable":true,"href":"https:\/\/visitoland.com\/en\/wp-json\/wp\/v2\/comments?post=39357"}],"version-history":[{"count":0,"href":"https:\/\/visitoland.com\/en\/wp-json\/wp\/v2\/pages\/39357\/revisions"}],"up":[{"embeddable":true,"href":"https:\/\/visitoland.com\/en\/wp-json\/wp\/v2\/pages\/39416"}],"wp:featuredmedia":[{"embeddable":true,"href":"https:\/\/visitoland.com\/en\/wp-json\/wp\/v2\/media\/39258"}],"wp:attachment":[{"href":"https:\/\/visitoland.com\/en\/wp-json\/wp\/v2\/media?parent=39357"}],"curies":[{"name":"wp","href":"https:\/\/api.w.org\/{rel}","templated":true}]}}