{"id":39486,"date":"2016-05-03T19:26:00","date_gmt":"2016-05-03T17:26:00","guid":{"rendered":"https:\/\/visitoland.com\/en\/?page_id=39486"},"modified":"2016-05-04T11:33:06","modified_gmt":"2016-05-04T09:33:06","slug":"birds-in-april","status":"publish","type":"page","link":"https:\/\/visitoland.com\/en\/birding\/month-by-month\/birds-in-april\/","title":{"rendered":"April"},"content":{"rendered":"<div class=\"wpb-content-wrapper\"><p>[vc_row][vc_column width=&#8221;1\/3&#8243;][vc_column_text]<\/p>\n<p>&nbsp;<\/p>\n<p>&nbsp;<\/p>\n<p><a href=\"https:\/\/visitoland.com\/wp-content\/uploads\/2016\/05\/Stenskvatta-Hans-Olsson.jpg\" data-rel=\"lightbox-image-0\" data-rl_title=\"Stenskv\u00e4tta,-Hans-Olsson F\u00e5glar \u00d6land\" data-rl_caption=\"\" title=\"Stenskv\u00e4tta,-Hans-Olsson F\u00e5glar \u00d6land\"><img loading=\"lazy\" decoding=\"async\" class=\"aligncenter wp-image-39378 size-full\" src=\"https:\/\/visitoland.com\/wp-content\/uploads\/2016\/05\/Stenskvatta-Hans-Olsson.jpg\" alt=\"Stenskv\u00e4tta,-Hans-Olsson F\u00e5glar \u00d6land\" width=\"800\" height=\"564\" srcset=\"https:\/\/visitoland.com\/wp-content\/uploads\/2016\/05\/Stenskvatta-Hans-Olsson.jpg 800w, https:\/\/visitoland.com\/wp-content\/uploads\/2016\/05\/Stenskvatta-Hans-Olsson-150x106.jpg 150w, https:\/\/visitoland.com\/wp-content\/uploads\/2016\/05\/Stenskvatta-Hans-Olsson-300x212.jpg 300w, https:\/\/visitoland.com\/wp-content\/uploads\/2016\/05\/Stenskvatta-Hans-Olsson-160x113.jpg 160w, https:\/\/visitoland.com\/wp-content\/uploads\/2016\/05\/Stenskvatta-Hans-Olsson-255x180.jpg 255w, https:\/\/visitoland.com\/wp-content\/uploads\/2016\/05\/Stenskvatta-Hans-Olsson-360x254.jpg 360w\" sizes=\"auto, (max-width: 800px) 100vw, 800px\" \/><\/a>Northern Wheatear, \u00a9 Hans Olsson[\/vc_column_text][\/vc_column][vc_column width=&#8221;2\/3&#8243;][vc_column_text]<\/p>\n<h2 style=\"text-align: center;\">Birds in April<\/h2>\n<p>April is an exciting and eventful month in the bird world. It begins often with winter-like conditions and often ends with the summer hot days. Everything seems to be happening during this period. This is also reflected among the birds. While the last of the wintering birds, as the Great Grey Shrike and the Snow Bunting, leaves southern Sweden, several long distance tropic migrants arrives. The Northern Wheatear is usually the first one after the White Wagtail, and then follows a long series of small birds such as the Tree Pipit, Western Yellow Wagtail, and towards the end of the month, Swallows, Flycatchers, Eurasian Wryneck and the first Old World Warblers, with Sweden&#8217;s most common bird, the Willow Warbler, in the lead.[\/vc_column_text][\/vc_column][\/vc_row][vc_row][vc_column][vc_column_text]April is a month when one would have to be on all of \u00d6land bird locations simultaneously. But depending on the weather, you can select different strategies in the birding. With southerly winds and fair to partly cloudy weather, is birding of migratory birds at the coast to recommend. From dawn and a few hours ahead the migration is usually the best. Toward the day the migration slows down to sometimes reach a smaller peak again during late afternoon and evening. At midday, it pays instead to search in the coastal groves and juniper shrubs grounds for new coming small birds, or search for, for the season expected, rarities as Hoopoe, Ring Ouzel, European Stonechat and the Common Firecrest.[\/vc_column_text][\/vc_column][\/vc_row][vc_row][vc_column width=&#8221;2\/3&#8243;][vc_column_text]<\/p>\n<p>Most small bird species migrates during the night, and towards dawn they prefer to seek to the earliest protected environment they can find, which at \u00d6land often becomes an isolated tree grove on the coast. This becomes even more evident during foggy and misty mornings, which then can show impressive &#8220;fallout&#8221; of small birds in the bushes. April is also the month when all of \u00d6land\u2019s wetlands fills with Dabbling Ducks, Grebes, Waders and Crakes, and to the costal meadows have now Pied Avocets, Black-tailed Godwits and Dunlins returned.[\/vc_column_text][\/vc_column][vc_column width=&#8221;1\/3&#8243;][vc_column_text]<a href=\"https:\/\/visitoland.com\/wp-content\/uploads\/2016\/05\/harfagel-ll.jpg\" data-rel=\"lightbox-image-1\" data-rl_title=\"H\u00e4rf\u00e5gel, Lars Lundmark F\u00e5glar \u00d6land\" data-rl_caption=\"\" title=\"H\u00e4rf\u00e5gel, Lars Lundmark F\u00e5glar \u00d6land\"><img loading=\"lazy\" decoding=\"async\" class=\"aligncenter wp-image-39384 size-full\" src=\"https:\/\/visitoland.com\/wp-content\/uploads\/2016\/05\/harfagel-ll.jpg\" alt=\"H\u00e4rf\u00e5gel, Lars Lundmark F\u00e5glar \u00d6land\" width=\"800\" height=\"623\" srcset=\"https:\/\/visitoland.com\/wp-content\/uploads\/2016\/05\/harfagel-ll.jpg 800w, https:\/\/visitoland.com\/wp-content\/uploads\/2016\/05\/harfagel-ll-150x117.jpg 150w, https:\/\/visitoland.com\/wp-content\/uploads\/2016\/05\/harfagel-ll-300x234.jpg 300w, https:\/\/visitoland.com\/wp-content\/uploads\/2016\/05\/harfagel-ll-154x120.jpg 154w, https:\/\/visitoland.com\/wp-content\/uploads\/2016\/05\/harfagel-ll-231x180.jpg 231w, https:\/\/visitoland.com\/wp-content\/uploads\/2016\/05\/harfagel-ll-344x268.jpg 344w\" sizes=\"auto, (max-width: 800px) 100vw, 800px\" \/><\/a>Hoopoe, \u00a9 Lars Lundmark[\/vc_column_text][\/vc_column][\/vc_row][vc_row][vc_column][vc_column_text]<\/p>\n<h3 style=\"text-align: center;\">Birds to scout for in April<\/h3>\n<p>Tundra Swan, Great Egret, Ruff, Whimbrel, Parasitic Jaeger, Mediterranean Gull, Common Tern, Short-eared Owl, Common Redstart, Eurasian Penduline Tit and Common Linnet.[\/vc_column_text][\/vc_column][\/vc_row][vc_row][vc_column width=&#8221;1\/4&#8243;][vc_column_text]<a href=\"https:\/\/visitoland.com\/wp-content\/uploads\/2016\/05\/hampling-ll.jpg\" data-rel=\"lightbox-image-2\" data-rl_title=\"H\u00e4mpling , Lars Lundmark F\u00e5glar \u00d6land\" data-rl_caption=\"\" title=\"H\u00e4mpling , Lars Lundmark F\u00e5glar \u00d6land\"><img loading=\"lazy\" decoding=\"async\" class=\"aligncenter wp-image-39400 size-full\" src=\"https:\/\/visitoland.com\/wp-content\/uploads\/2016\/05\/hampling-ll.jpg\" alt=\"H\u00e4mpling , Lars Lundmark F\u00e5glar \u00d6land\" width=\"800\" height=\"647\" srcset=\"https:\/\/visitoland.com\/wp-content\/uploads\/2016\/05\/hampling-ll.jpg 800w, https:\/\/visitoland.com\/wp-content\/uploads\/2016\/05\/hampling-ll-150x121.jpg 150w, https:\/\/visitoland.com\/wp-content\/uploads\/2016\/05\/hampling-ll-300x243.jpg 300w, https:\/\/visitoland.com\/wp-content\/uploads\/2016\/05\/hampling-ll-148x120.jpg 148w, https:\/\/visitoland.com\/wp-content\/uploads\/2016\/05\/hampling-ll-223x180.jpg 223w, https:\/\/visitoland.com\/wp-content\/uploads\/2016\/05\/hampling-ll-331x268.jpg 331w\" sizes=\"auto, (max-width: 800px) 100vw, 800px\" \/><\/a>Common Linnet, \u00a9 Lars Lundmark[\/vc_column_text][\/vc_column][vc_column width=&#8221;1\/4&#8243;][vc_column_text]<a href=\"https:\/\/visitoland.com\/wp-content\/uploads\/2016\/05\/agretthager-beijershamn-ll.jpg\" data-rel=\"lightbox-image-3\" data-rl_title=\"\u00c4gretth\u00e4ger, Lars Lundmark F\u00e5glar \u00d6land\" data-rl_caption=\"\" title=\"\u00c4gretth\u00e4ger, Lars Lundmark F\u00e5glar \u00d6land\"><img loading=\"lazy\" decoding=\"async\" class=\"aligncenter wp-image-39391 size-full\" src=\"https:\/\/visitoland.com\/wp-content\/uploads\/2016\/05\/agretthager-beijershamn-ll.jpg\" alt=\"\u00c4gretth\u00e4ger, Lars Lundmark F\u00e5glar \u00d6land\" width=\"800\" height=\"550\" srcset=\"https:\/\/visitoland.com\/wp-content\/uploads\/2016\/05\/agretthager-beijershamn-ll.jpg 800w, https:\/\/visitoland.com\/wp-content\/uploads\/2016\/05\/agretthager-beijershamn-ll-150x103.jpg 150w, https:\/\/visitoland.com\/wp-content\/uploads\/2016\/05\/agretthager-beijershamn-ll-300x206.jpg 300w, https:\/\/visitoland.com\/wp-content\/uploads\/2016\/05\/agretthager-beijershamn-ll-160x110.jpg 160w, https:\/\/visitoland.com\/wp-content\/uploads\/2016\/05\/agretthager-beijershamn-ll-260x180.jpg 260w, https:\/\/visitoland.com\/wp-content\/uploads\/2016\/05\/agretthager-beijershamn-ll-360x248.jpg 360w\" sizes=\"auto, (max-width: 800px) 100vw, 800px\" \/><\/a>Great White Egret , \u00a9 Lars Lundmark[\/vc_column_text][\/vc_column][vc_column width=&#8221;1\/4&#8243;][vc_column_text]<a href=\"https:\/\/visitoland.com\/wp-content\/uploads\/2016\/05\/brushane-2-ottenby-ll.jpg\" data-rel=\"lightbox-image-4\" data-rl_title=\"Brushane, Lars Lundmark F\u00e5glar \u00d6land\" data-rl_caption=\"\" title=\"Brushane, Lars Lundmark F\u00e5glar \u00d6land\"><img loading=\"lazy\" decoding=\"async\" class=\"aligncenter wp-image-39394 size-full\" src=\"https:\/\/visitoland.com\/wp-content\/uploads\/2016\/05\/brushane-2-ottenby-ll.jpg\" alt=\"Brushane, Lars Lundmark F\u00e5glar \u00d6land\" width=\"800\" height=\"591\" srcset=\"https:\/\/visitoland.com\/wp-content\/uploads\/2016\/05\/brushane-2-ottenby-ll.jpg 800w, https:\/\/visitoland.com\/wp-content\/uploads\/2016\/05\/brushane-2-ottenby-ll-150x111.jpg 150w, https:\/\/visitoland.com\/wp-content\/uploads\/2016\/05\/brushane-2-ottenby-ll-300x222.jpg 300w, https:\/\/visitoland.com\/wp-content\/uploads\/2016\/05\/brushane-2-ottenby-ll-160x118.jpg 160w, https:\/\/visitoland.com\/wp-content\/uploads\/2016\/05\/brushane-2-ottenby-ll-244x180.jpg 244w, https:\/\/visitoland.com\/wp-content\/uploads\/2016\/05\/brushane-2-ottenby-ll-360x266.jpg 360w\" sizes=\"auto, (max-width: 800px) 100vw, 800px\" \/><\/a>Ruff, \u00a9 Lars Lundmark[\/vc_column_text][\/vc_column][vc_column width=&#8221;1\/4&#8243;][vc_column_text]<a href=\"https:\/\/visitoland.com\/wp-content\/uploads\/2016\/05\/fisktarna-2-ll.jpg\" data-rel=\"lightbox-image-5\" data-rl_title=\"Fiskt\u00e4rna, Lars Lundmark F\u00e5glar \u00d6land\" data-rl_caption=\"\" title=\"Fiskt\u00e4rna, Lars Lundmark F\u00e5glar \u00d6land\"><img loading=\"lazy\" decoding=\"async\" class=\"aligncenter wp-image-39397 size-full\" src=\"https:\/\/visitoland.com\/wp-content\/uploads\/2016\/05\/fisktarna-2-ll.jpg\" alt=\"Fiskt\u00e4rna, Lars Lundmark F\u00e5glar \u00d6land\" width=\"800\" height=\"550\" srcset=\"https:\/\/visitoland.com\/wp-content\/uploads\/2016\/05\/fisktarna-2-ll.jpg 800w, https:\/\/visitoland.com\/wp-content\/uploads\/2016\/05\/fisktarna-2-ll-150x103.jpg 150w, https:\/\/visitoland.com\/wp-content\/uploads\/2016\/05\/fisktarna-2-ll-300x206.jpg 300w, https:\/\/visitoland.com\/wp-content\/uploads\/2016\/05\/fisktarna-2-ll-160x110.jpg 160w, https:\/\/visitoland.com\/wp-content\/uploads\/2016\/05\/fisktarna-2-ll-260x180.jpg 260w, https:\/\/visitoland.com\/wp-content\/uploads\/2016\/05\/fisktarna-2-ll-360x248.jpg 360w\" sizes=\"auto, (max-width: 800px) 100vw, 800px\" \/><\/a>Common Tern, \u00a9 Lars Lundmark[\/vc_column_text][\/vc_column][\/vc_row][vc_row][vc_column width=&#8221;1\/4&#8243;][vc_column_text]<a href=\"https:\/\/visitoland.com\/wp-content\/uploads\/2016\/05\/svarthuvadmas-ll.jpg\" data-rel=\"lightbox-image-6\" data-rl_title=\"Svarthuvad m\u00e5s, Lars Lundmark F\u00e5glar \u00d6land\" data-rl_caption=\"\" title=\"Svarthuvad m\u00e5s, Lars Lundmark F\u00e5glar \u00d6land\"><img loading=\"lazy\" decoding=\"async\" class=\"aligncenter wp-image-39412 size-full\" src=\"https:\/\/visitoland.com\/wp-content\/uploads\/2016\/05\/svarthuvadmas-ll.jpg\" alt=\"Svarthuvad m\u00e5s, Lars Lundmark F\u00e5glar \u00d6land\" width=\"800\" height=\"550\" srcset=\"https:\/\/visitoland.com\/wp-content\/uploads\/2016\/05\/svarthuvadmas-ll.jpg 800w, https:\/\/visitoland.com\/wp-content\/uploads\/2016\/05\/svarthuvadmas-ll-150x103.jpg 150w, https:\/\/visitoland.com\/wp-content\/uploads\/2016\/05\/svarthuvadmas-ll-300x206.jpg 300w, https:\/\/visitoland.com\/wp-content\/uploads\/2016\/05\/svarthuvadmas-ll-160x110.jpg 160w, https:\/\/visitoland.com\/wp-content\/uploads\/2016\/05\/svarthuvadmas-ll-260x180.jpg 260w, https:\/\/visitoland.com\/wp-content\/uploads\/2016\/05\/svarthuvadmas-ll-360x248.jpg 360w\" sizes=\"auto, (max-width: 800px) 100vw, 800px\" \/><\/a>Mediterranean Gull, \u00a9 Lars Lundmark[\/vc_column_text][\/vc_column][vc_column width=&#8221;1\/4&#8243;][vc_column_text]<a href=\"https:\/\/visitoland.com\/wp-content\/uploads\/2016\/05\/pungmes-albrunna-ll.jpg\" data-rel=\"lightbox-image-7\" data-rl_title=\"Pungmes, Lars Lundmark F\u00e5glar \u00d6land\" data-rl_caption=\"\" title=\"Pungmes, Lars Lundmark F\u00e5glar \u00d6land\"><img loading=\"lazy\" decoding=\"async\" class=\"aligncenter wp-image-39406 size-full\" src=\"https:\/\/visitoland.com\/wp-content\/uploads\/2016\/05\/pungmes-albrunna-ll.jpg\" alt=\"Pungmes, Lars Lundmark F\u00e5glar \u00d6land\" width=\"800\" height=\"550\" srcset=\"https:\/\/visitoland.com\/wp-content\/uploads\/2016\/05\/pungmes-albrunna-ll.jpg 800w, https:\/\/visitoland.com\/wp-content\/uploads\/2016\/05\/pungmes-albrunna-ll-150x103.jpg 150w, https:\/\/visitoland.com\/wp-content\/uploads\/2016\/05\/pungmes-albrunna-ll-300x206.jpg 300w, https:\/\/visitoland.com\/wp-content\/uploads\/2016\/05\/pungmes-albrunna-ll-160x110.jpg 160w, https:\/\/visitoland.com\/wp-content\/uploads\/2016\/05\/pungmes-albrunna-ll-260x180.jpg 260w, https:\/\/visitoland.com\/wp-content\/uploads\/2016\/05\/pungmes-albrunna-ll-360x248.jpg 360w\" sizes=\"auto, (max-width: 800px) 100vw, 800px\" \/><\/a>Eurasian Penduline Tit, \u00a9 Lars Lundmark[\/vc_column_text][\/vc_column][vc_column width=&#8221;1\/4&#8243;][vc_column_text]<a href=\"https:\/\/visitoland.com\/wp-content\/uploads\/2016\/05\/smaspov-ottenby-ll.jpg\" data-rel=\"lightbox-image-8\" data-rl_title=\"Sm\u00e5spov, Lars Lundmark F\u00e5glar \u00d6land\" data-rl_caption=\"\" title=\"Sm\u00e5spov, Lars Lundmark F\u00e5glar \u00d6land\"><img loading=\"lazy\" decoding=\"async\" class=\"aligncenter wp-image-39409 size-full\" src=\"https:\/\/visitoland.com\/wp-content\/uploads\/2016\/05\/smaspov-ottenby-ll.jpg\" alt=\"Sm\u00e5spov, Lars Lundmark F\u00e5glar \u00d6land\" width=\"800\" height=\"577\" srcset=\"https:\/\/visitoland.com\/wp-content\/uploads\/2016\/05\/smaspov-ottenby-ll.jpg 800w, https:\/\/visitoland.com\/wp-content\/uploads\/2016\/05\/smaspov-ottenby-ll-150x108.jpg 150w, https:\/\/visitoland.com\/wp-content\/uploads\/2016\/05\/smaspov-ottenby-ll-300x216.jpg 300w, https:\/\/visitoland.com\/wp-content\/uploads\/2016\/05\/smaspov-ottenby-ll-160x115.jpg 160w, https:\/\/visitoland.com\/wp-content\/uploads\/2016\/05\/smaspov-ottenby-ll-250x180.jpg 250w, https:\/\/visitoland.com\/wp-content\/uploads\/2016\/05\/smaspov-ottenby-ll-360x260.jpg 360w\" sizes=\"auto, (max-width: 800px) 100vw, 800px\" \/><\/a>Whimbrel, \u00a9 Lars Lundmark[\/vc_column_text][\/vc_column][vc_column width=&#8221;1\/4&#8243;][vc_column_text]<a href=\"https:\/\/visitoland.com\/wp-content\/uploads\/2016\/05\/jorduggla-mt-mars.jpg\" data-rel=\"lightbox-image-9\" data-rl_title=\"Jorduggla, Markus Tallroth F\u00e5glar \u00d6land\" data-rl_caption=\"\" title=\"Jorduggla, Markus Tallroth F\u00e5glar \u00d6land\"><img loading=\"lazy\" decoding=\"async\" class=\"aligncenter wp-image-39403 size-full\" src=\"https:\/\/visitoland.com\/wp-content\/uploads\/2016\/05\/jorduggla-mt-mars.jpg\" alt=\"Jorduggla, Markus Tallroth F\u00e5glar \u00d6land\" width=\"1000\" height=\"611\" srcset=\"https:\/\/visitoland.com\/wp-content\/uploads\/2016\/05\/jorduggla-mt-mars.jpg 1000w, https:\/\/visitoland.com\/wp-content\/uploads\/2016\/05\/jorduggla-mt-mars-150x92.jpg 150w, https:\/\/visitoland.com\/wp-content\/uploads\/2016\/05\/jorduggla-mt-mars-300x183.jpg 300w, https:\/\/visitoland.com\/wp-content\/uploads\/2016\/05\/jorduggla-mt-mars-160x98.jpg 160w, https:\/\/visitoland.com\/wp-content\/uploads\/2016\/05\/jorduggla-mt-mars-260x159.jpg 260w, https:\/\/visitoland.com\/wp-content\/uploads\/2016\/05\/jorduggla-mt-mars-360x220.jpg 360w\" sizes=\"auto, (max-width: 1000px) 100vw, 1000px\" \/><\/a>Short-eared Owl, \u00a9 Markus Tallroth[\/vc_column_text][\/vc_column][\/vc_row][vc_row][vc_column width=&#8221;1\/6&#8243;][vc_column_text]<img loading=\"lazy\" decoding=\"async\" class=\"aligncenter size-full wp-image-39338\" src=\"https:\/\/visitoland.com\/wp-content\/uploads\/2016\/04\/olands-faglar-OOF.jpg\" alt=\"\u00d6lands-f\u00e5glar-\u00d6OF \u00d6land\" width=\"275\" height=\"400\" srcset=\"https:\/\/visitoland.com\/wp-content\/uploads\/2016\/04\/olands-faglar-OOF.jpg 275w, https:\/\/visitoland.com\/wp-content\/uploads\/2016\/04\/olands-faglar-OOF-103x150.jpg 103w, https:\/\/visitoland.com\/wp-content\/uploads\/2016\/04\/olands-faglar-OOF-206x300.jpg 206w, https:\/\/visitoland.com\/wp-content\/uploads\/2016\/04\/olands-faglar-OOF-83x120.jpg 83w, https:\/\/visitoland.com\/wp-content\/uploads\/2016\/04\/olands-faglar-OOF-124x180.jpg 124w, https:\/\/visitoland.com\/wp-content\/uploads\/2016\/04\/olands-faglar-OOF-184x268.jpg 184w\" sizes=\"auto, (max-width: 275px) 100vw, 275px\" \/>[\/vc_column_text][\/vc_column][vc_column width=&#8221;5\/6&#8243;][vc_column_text]<strong>Source<\/strong>: \u00d6lands F\u00e5glar \u00a9 <a href=\"https:\/\/www.oof.nu\/\" target=\"_blank\">\u00d6lands Ornitologiska F\u00f6rening \u00d6OF<\/a> \u00d6OF (authors this chapter: Pav Johnsson, Anders Waldenstr\u00f6m)<\/p>\n<p><strong>Translation<\/strong>: Visitoland.com<\/p>\n<p><strong>Pictures<\/strong>: see each picture<\/p>\n<p><strong>The book<\/strong>: \u00d6lands F\u00e5glar, 496 pages (only in Swedish), can be ordered at <a href=\"https:\/\/www.naturbokhandeln.se\/sv\/articles\/2.101.5628\/olands-faglar-red-johnsson\" target=\"_blank\">Naturbokhandeln<\/a><br \/>\n<strong>ISBN<\/strong>: 9789188124555[\/vc_column_text][\/vc_column][\/vc_row]<\/p>\n<\/div>","protected":false},"excerpt":{"rendered":"<p>[vc_row][vc_column width=&#8221;1\/3&#8243;][vc_column_text] &nbsp; &nbsp; Northern Wheatear, \u00a9 Hans Olsson[\/vc_column_text][\/vc_column][vc_column width=&#8221;2\/3&#8243;][vc_column_text] Birds in April April is an exciting and eventful month in the bird world. It begins often with winter-like conditions and often ends with the summer hot days. Everything seems to be happening during this period. This is also reflected among the birds. While the&nbsp; &nbsp;<a href=\"https:\/\/visitoland.com\/en\/birding\/month-by-month\/birds-in-april\/\">&#8230;Continue Reading<\/a><\/p>\n","protected":false},"author":2,"featured_media":39369,"parent":39416,"menu_order":4,"comment_status":"closed","ping_status":"closed","template":"","meta":{"footnotes":""},"class_list":["post-39486","page","type-page","status-publish","has-post-thumbnail","hentry"],"aioseo_notices":[],"_links":{"self":[{"href":"https:\/\/visitoland.com\/en\/wp-json\/wp\/v2\/pages\/39486","targetHints":{"allow":["GET"]}}],"collection":[{"href":"https:\/\/visitoland.com\/en\/wp-json\/wp\/v2\/pages"}],"about":[{"href":"https:\/\/visitoland.com\/en\/wp-json\/wp\/v2\/types\/page"}],"author":[{"embeddable":true,"href":"https:\/\/visitoland.com\/en\/wp-json\/wp\/v2\/users\/2"}],"replies":[{"embeddable":true,"href":"https:\/\/visitoland.com\/en\/wp-json\/wp\/v2\/comments?post=39486"}],"version-history":[{"count":0,"href":"https:\/\/visitoland.com\/en\/wp-json\/wp\/v2\/pages\/39486\/revisions"}],"up":[{"embeddable":true,"href":"https:\/\/visitoland.com\/en\/wp-json\/wp\/v2\/pages\/39416"}],"wp:featuredmedia":[{"embeddable":true,"href":"https:\/\/visitoland.com\/en\/wp-json\/wp\/v2\/media\/39369"}],"wp:attachment":[{"href":"https:\/\/visitoland.com\/en\/wp-json\/wp\/v2\/media?parent=39486"}],"curies":[{"name":"wp","href":"https:\/\/api.w.org\/{rel}","templated":true}]}}