{"id":39555,"date":"2016-05-04T14:13:33","date_gmt":"2016-05-04T12:13:33","guid":{"rendered":"https:\/\/visitoland.com\/en\/?page_id=39555"},"modified":"2016-05-04T14:25:31","modified_gmt":"2016-05-04T12:25:31","slug":"may","status":"publish","type":"page","link":"https:\/\/visitoland.com\/en\/birding\/month-by-month\/may\/","title":{"rendered":"May"},"content":{"rendered":"<div class=\"wpb-content-wrapper\"><p>[vc_row][vc_column][vc_column_text]<\/p>\n<h2 style=\"text-align: center;\">Birds in May<\/h2>\n<p>May is the month of the year with the highest number of bird species seen on \u00d6land, and it is also the tropical migratory birds, tourist birders and rarities month above others. Just the chance to see something extraordinary is perhaps the main reason that many thousands of birders visit the island this time of year. The expected is to see the unexpected, and therefore, week no 21 and 22 in the middle and the end of May, is sacred to many birders.[\/vc_column_text][\/vc_column][\/vc_row][vc_row][vc_column width=&#8221;2\/3&#8243;][vc_column_text]That from the dawn monitor \u00d6land&#8217;s northern or southern point in May is exciting, almost anything in bird way can appear. Loons, Auks, Brent Geese and Terns migrate past and are sometimes joined by Pomarine Skua, Loons and Pallid Harrier and Red-footed Falcon. In the short grazed grasslands near \u00d6lands north and south point, it happens that an Ortolan Bunting, Red-throated Pipit, Citrine Wagtail or even Greater Short-toed Lark is blending in among Western Yellow Wagtails, and in the air space above can at any time an European Bee-eater, Red-rumped Swallow or an Red-footed Falcon pass.[\/vc_column_text][\/vc_column][vc_column width=&#8221;1\/3&#8243;][vc_column_text]<a href=\"https:\/\/visitoland.com\/wp-content\/uploads\/2016\/05\/biatare-11-stenasa-ll.jpg\" data-rel=\"lightbox-image-0\" data-rl_title=\"Bi\u00e4tare, Lars Lundmark F\u00e5glar \u00d6land\" data-rl_caption=\"\" title=\"Bi\u00e4tare, Lars Lundmark F\u00e5glar \u00d6land\"><img loading=\"lazy\" decoding=\"async\" class=\"aligncenter wp-image-39429 size-full\" src=\"https:\/\/visitoland.com\/wp-content\/uploads\/2016\/05\/biatare-11-stenasa-ll.jpg\" alt=\"Bi\u00e4tare, Lars Lundmark F\u00e5glar \u00d6land\" width=\"800\" height=\"550\" srcset=\"https:\/\/visitoland.com\/wp-content\/uploads\/2016\/05\/biatare-11-stenasa-ll.jpg 800w, https:\/\/visitoland.com\/wp-content\/uploads\/2016\/05\/biatare-11-stenasa-ll-150x103.jpg 150w, https:\/\/visitoland.com\/wp-content\/uploads\/2016\/05\/biatare-11-stenasa-ll-300x206.jpg 300w, https:\/\/visitoland.com\/wp-content\/uploads\/2016\/05\/biatare-11-stenasa-ll-160x110.jpg 160w, https:\/\/visitoland.com\/wp-content\/uploads\/2016\/05\/biatare-11-stenasa-ll-260x180.jpg 260w, https:\/\/visitoland.com\/wp-content\/uploads\/2016\/05\/biatare-11-stenasa-ll-360x248.jpg 360w\" sizes=\"auto, (max-width: 800px) 100vw, 800px\" \/><\/a>Bee-eater, \u00a9 Lars Lundmark[\/vc_column_text][\/vc_column][\/vc_row][vc_row][vc_column width=&#8221;1\/3&#8243;][vc_column_text]<a href=\"https:\/\/visitoland.com\/wp-content\/uploads\/2016\/05\/aftonfalk-ll.jpg\" data-rel=\"lightbox-image-1\" data-rl_title=\"Aftonfalk, Lars Lundmark F\u00e5glar \u00d6land\" data-rl_caption=\"\" title=\"Aftonfalk, Lars Lundmark F\u00e5glar \u00d6land\"><img loading=\"lazy\" decoding=\"async\" class=\"aligncenter wp-image-39426 size-full\" src=\"https:\/\/visitoland.com\/wp-content\/uploads\/2016\/05\/aftonfalk-ll.jpg\" alt=\"Aftonfalk, Lars Lundmark F\u00e5glar \u00d6land\" width=\"800\" height=\"647\" srcset=\"https:\/\/visitoland.com\/wp-content\/uploads\/2016\/05\/aftonfalk-ll.jpg 800w, https:\/\/visitoland.com\/wp-content\/uploads\/2016\/05\/aftonfalk-ll-150x121.jpg 150w, https:\/\/visitoland.com\/wp-content\/uploads\/2016\/05\/aftonfalk-ll-300x243.jpg 300w, https:\/\/visitoland.com\/wp-content\/uploads\/2016\/05\/aftonfalk-ll-148x120.jpg 148w, https:\/\/visitoland.com\/wp-content\/uploads\/2016\/05\/aftonfalk-ll-223x180.jpg 223w, https:\/\/visitoland.com\/wp-content\/uploads\/2016\/05\/aftonfalk-ll-331x268.jpg 331w\" sizes=\"auto, (max-width: 800px) 100vw, 800px\" \/><\/a>Red-footed Falcon, \u00a9 Lars Lundmark[\/vc_column_text][\/vc_column][vc_column width=&#8221;2\/3&#8243;][vc_column_text]Now also a large numbers of small birds arrive to the island. The very first of those who wintered down in Africa have already arrived, but in the first half of May, the really big numbers arrives. Not only the birds that stay on the island, but also those passing through on their way north. Our common small bird the Willow Warbler, therefore, exhibits two distinct migration peaks in Ottenby Bird Observatory ringing materials: a peak of those that stays and nest on \u00d6land and a peak at the end of those that will go further north.[\/vc_column_text][\/vc_column][\/vc_row][vc_row][vc_column width=&#8221;2\/3&#8243;][vc_column_text]This time of year it is an incomparable experience to walk in one of \u00d6land&#8217;s all groves. The sound backdrop is deafening. The choir of Common Chaffinch, Willow Warbler, Song Thrush and Tree Pipit mixed up with the Eurasian Blackcap, Garden Warbler, Wood Warbler and Icterine Warblers, and it can also be seasoned with the Collared Flycatcher and, more rarely, with the Red-breasted Flycatcher.<\/p>\n<p>A series of \u00d6land Specialties also shows up in May. Newly arrived Montagu&#8217;s Harrier is wobbling over the Alvar and Nightingales are playing in the grove. Last of all, some of \u00d6land&#8217;s most characteristic birds arrives, like the Black Tern, Corncrake, Barred Warbler and the Eurasian Golden Oriole.[\/vc_column_text][\/vc_column][vc_column width=&#8221;1\/3&#8243;][vc_column_text]<a href=\"https:\/\/visitoland.com\/wp-content\/uploads\/2016\/05\/blahake-1-ll.jpg\" data-rel=\"lightbox-image-2\" data-rl_title=\"Bl\u00e5hake, Lars Lundberg F\u00e5glar \u00d6land\" data-rl_caption=\"\" title=\"Bl\u00e5hake, Lars Lundberg F\u00e5glar \u00d6land\"><img loading=\"lazy\" decoding=\"async\" class=\"aligncenter wp-image-39432 size-full\" src=\"https:\/\/visitoland.com\/wp-content\/uploads\/2016\/05\/blahake-1-ll.jpg\" alt=\"Bl\u00e5hake, Lars Lundberg F\u00e5glar \u00d6land\" width=\"600\" height=\"450\" srcset=\"https:\/\/visitoland.com\/wp-content\/uploads\/2016\/05\/blahake-1-ll.jpg 600w, https:\/\/visitoland.com\/wp-content\/uploads\/2016\/05\/blahake-1-ll-150x113.jpg 150w, https:\/\/visitoland.com\/wp-content\/uploads\/2016\/05\/blahake-1-ll-300x225.jpg 300w, https:\/\/visitoland.com\/wp-content\/uploads\/2016\/05\/blahake-1-ll-160x120.jpg 160w, https:\/\/visitoland.com\/wp-content\/uploads\/2016\/05\/blahake-1-ll-240x180.jpg 240w, https:\/\/visitoland.com\/wp-content\/uploads\/2016\/05\/blahake-1-ll-357x268.jpg 357w\" sizes=\"auto, (max-width: 600px) 100vw, 600px\" \/><\/a>Bluethroat, \u00a9 Lars Lundmark[\/vc_column_text][\/vc_column][\/vc_row][vc_row][vc_column][vc_column_text]In the world of birds, almost everything can happen in May, and a week of birding at the end of the month can provide over 150 bird species for the one that gives a little extra in the hunt for species![\/vc_column_text][\/vc_column][\/vc_row][vc_row][vc_column][vc_column_text]<\/p>\n<h3 style=\"text-align: center;\">Birds to scout for in May.<\/h3>\n<p>Black Stork, Eurasian Dotterel, Great Snipe, European Turtle Dove, Bluethroat, Common Grasshopper Warbler, River Warbler, Greenish Warbler, European Serin and Corn Bunting.[\/vc_column_text][\/vc_column][\/vc_row][vc_row][vc_column width=&#8221;1\/4&#8243;][vc_column_text]<a href=\"https:\/\/visitoland.com\/wp-content\/uploads\/2016\/05\/gulhampling-ll.jpg\" data-rel=\"lightbox-image-3\" data-rl_title=\"Gulh\u00e4mpling, Lars Lundmark F\u00e5glar \u00d6land\" data-rl_caption=\"\" title=\"Gulh\u00e4mpling, Lars Lundmark F\u00e5glar \u00d6land\"><img loading=\"lazy\" decoding=\"async\" class=\"aligncenter wp-image-39442 size-full\" src=\"https:\/\/visitoland.com\/wp-content\/uploads\/2016\/05\/gulhampling-ll.jpg\" alt=\"Gulh\u00e4mpling, Lars Lundmark F\u00e5glar \u00d6land\" width=\"800\" height=\"630\" srcset=\"https:\/\/visitoland.com\/wp-content\/uploads\/2016\/05\/gulhampling-ll.jpg 800w, https:\/\/visitoland.com\/wp-content\/uploads\/2016\/05\/gulhampling-ll-150x118.jpg 150w, https:\/\/visitoland.com\/wp-content\/uploads\/2016\/05\/gulhampling-ll-300x236.jpg 300w, https:\/\/visitoland.com\/wp-content\/uploads\/2016\/05\/gulhampling-ll-152x120.jpg 152w, https:\/\/visitoland.com\/wp-content\/uploads\/2016\/05\/gulhampling-ll-229x180.jpg 229w, https:\/\/visitoland.com\/wp-content\/uploads\/2016\/05\/gulhampling-ll-340x268.jpg 340w\" sizes=\"auto, (max-width: 800px) 100vw, 800px\" \/><\/a>Serin, \u00a9 Lars Lundmark[\/vc_column_text][\/vc_column][vc_column width=&#8221;1\/4&#8243;][vc_column_text]<a href=\"https:\/\/visitoland.com\/wp-content\/uploads\/2016\/05\/mindreflugsnappare-ll.jpg\" data-rel=\"lightbox-image-4\" data-rl_title=\"Mindre flugsnappare, Lars Lundmark F\u00e5glar \u00d6land\" data-rl_caption=\"\" title=\"Mindre flugsnappare, Lars Lundmark F\u00e5glar \u00d6land\"><img loading=\"lazy\" decoding=\"async\" class=\"aligncenter wp-image-39445 size-full\" src=\"https:\/\/visitoland.com\/wp-content\/uploads\/2016\/05\/mindreflugsnappare-ll.jpg\" alt=\"Mindre flugsnappare, Lars Lundmark F\u00e5glar \u00d6land\" width=\"800\" height=\"550\" srcset=\"https:\/\/visitoland.com\/wp-content\/uploads\/2016\/05\/mindreflugsnappare-ll.jpg 800w, https:\/\/visitoland.com\/wp-content\/uploads\/2016\/05\/mindreflugsnappare-ll-150x103.jpg 150w, https:\/\/visitoland.com\/wp-content\/uploads\/2016\/05\/mindreflugsnappare-ll-300x206.jpg 300w, https:\/\/visitoland.com\/wp-content\/uploads\/2016\/05\/mindreflugsnappare-ll-160x110.jpg 160w, https:\/\/visitoland.com\/wp-content\/uploads\/2016\/05\/mindreflugsnappare-ll-260x180.jpg 260w, https:\/\/visitoland.com\/wp-content\/uploads\/2016\/05\/mindreflugsnappare-ll-360x248.jpg 360w\" sizes=\"auto, (max-width: 800px) 100vw, 800px\" \/><\/a>Red-breasted Flycatcher, \u00a9 Lars Lundmark[\/vc_column_text][\/vc_column][vc_column width=&#8221;1\/4&#8243;][vc_column_text]<a href=\"https:\/\/visitoland.com\/wp-content\/uploads\/2016\/05\/dubbelbeckasin-ll.jpg\" data-rel=\"lightbox-image-5\" data-rl_title=\"Dubbelbeckasin, Lars Lundmark F\u00e5glar \u00d6land\" data-rl_caption=\"\" title=\"Dubbelbeckasin, Lars Lundmark F\u00e5glar \u00d6land\"><img loading=\"lazy\" decoding=\"async\" class=\"aligncenter wp-image-39439 size-full\" src=\"https:\/\/visitoland.com\/wp-content\/uploads\/2016\/05\/dubbelbeckasin-ll.jpg\" alt=\"Dubbelbeckasin, Lars Lundmark F\u00e5glar \u00d6land\" width=\"800\" height=\"591\" srcset=\"https:\/\/visitoland.com\/wp-content\/uploads\/2016\/05\/dubbelbeckasin-ll.jpg 800w, https:\/\/visitoland.com\/wp-content\/uploads\/2016\/05\/dubbelbeckasin-ll-150x111.jpg 150w, https:\/\/visitoland.com\/wp-content\/uploads\/2016\/05\/dubbelbeckasin-ll-300x222.jpg 300w, https:\/\/visitoland.com\/wp-content\/uploads\/2016\/05\/dubbelbeckasin-ll-160x118.jpg 160w, https:\/\/visitoland.com\/wp-content\/uploads\/2016\/05\/dubbelbeckasin-ll-244x180.jpg 244w, https:\/\/visitoland.com\/wp-content\/uploads\/2016\/05\/dubbelbeckasin-ll-360x266.jpg 360w\" sizes=\"auto, (max-width: 800px) 100vw, 800px\" \/><\/a>Great Snipe, \u00a9 Lars Lundmark[\/vc_column_text][\/vc_column][vc_column width=&#8221;1\/4&#8243;][vc_column_text]<a href=\"https:\/\/visitoland.com\/wp-content\/uploads\/2016\/05\/svartstork-2-ll.jpg\" data-rel=\"lightbox-image-6\" data-rl_title=\"Svartstork, Lars Lundmark F\u00e5glar \u00d6land\" data-rl_caption=\"\" title=\"Svartstork, Lars Lundmark F\u00e5glar \u00d6land\"><img loading=\"lazy\" decoding=\"async\" class=\"aligncenter wp-image-39436 size-full\" src=\"https:\/\/visitoland.com\/wp-content\/uploads\/2016\/05\/svartstork-2-ll.jpg\" alt=\"Svartstork, Lars Lundmark F\u00e5glar \u00d6land\" width=\"800\" height=\"550\" srcset=\"https:\/\/visitoland.com\/wp-content\/uploads\/2016\/05\/svartstork-2-ll.jpg 800w, https:\/\/visitoland.com\/wp-content\/uploads\/2016\/05\/svartstork-2-ll-150x103.jpg 150w, https:\/\/visitoland.com\/wp-content\/uploads\/2016\/05\/svartstork-2-ll-300x206.jpg 300w, https:\/\/visitoland.com\/wp-content\/uploads\/2016\/05\/svartstork-2-ll-160x110.jpg 160w, https:\/\/visitoland.com\/wp-content\/uploads\/2016\/05\/svartstork-2-ll-260x180.jpg 260w, https:\/\/visitoland.com\/wp-content\/uploads\/2016\/05\/svartstork-2-ll-360x248.jpg 360w\" sizes=\"auto, (max-width: 800px) 100vw, 800px\" \/><\/a>Black Stork, \u00a9 Lars Lundmark[\/vc_column_text][\/vc_column][\/vc_row][vc_row][vc_column width=&#8221;1\/6&#8243;][vc_column_text]<img loading=\"lazy\" decoding=\"async\" class=\"aligncenter size-full wp-image-39338\" src=\"https:\/\/visitoland.com\/wp-content\/uploads\/2016\/04\/olands-faglar-OOF.jpg\" alt=\"\u00d6lands-f\u00e5glar-\u00d6OF \u00d6land\" width=\"275\" height=\"400\" srcset=\"https:\/\/visitoland.com\/wp-content\/uploads\/2016\/04\/olands-faglar-OOF.jpg 275w, https:\/\/visitoland.com\/wp-content\/uploads\/2016\/04\/olands-faglar-OOF-103x150.jpg 103w, https:\/\/visitoland.com\/wp-content\/uploads\/2016\/04\/olands-faglar-OOF-206x300.jpg 206w, https:\/\/visitoland.com\/wp-content\/uploads\/2016\/04\/olands-faglar-OOF-83x120.jpg 83w, https:\/\/visitoland.com\/wp-content\/uploads\/2016\/04\/olands-faglar-OOF-124x180.jpg 124w, https:\/\/visitoland.com\/wp-content\/uploads\/2016\/04\/olands-faglar-OOF-184x268.jpg 184w\" sizes=\"auto, (max-width: 275px) 100vw, 275px\" \/>[\/vc_column_text][\/vc_column][vc_column width=&#8221;5\/6&#8243;][vc_column_text]<strong>Source<\/strong>: \u00d6lands F\u00e5glar \u00a9 <a href=\"https:\/\/www.oof.nu\/\" target=\"_blank\">\u00d6lands Ornitologiska F\u00f6rening \u00d6OF<\/a> \u00d6OF (authors this chapter: Pav Johnsson, Anders Waldenstr\u00f6m)<\/p>\n<p><strong>Translation<\/strong>: Visitoland.com<\/p>\n<p><strong>Pictures<\/strong>: see each picture<\/p>\n<p><strong>The book<\/strong>: \u00d6lands F\u00e5glar, 496 pages (only in Swedish), can be ordered at <a href=\"https:\/\/www.naturbokhandeln.se\/sv\/articles\/2.101.5628\/olands-faglar-red-johnsson\" target=\"_blank\">Naturbokhandeln<\/a><br \/>\n<strong>ISBN<\/strong>: 9789188124555[\/vc_column_text][\/vc_column][\/vc_row]<\/p>\n<\/div>","protected":false},"excerpt":{"rendered":"<p>[vc_row][vc_column][vc_column_text] Birds in May May is the month of the year with the highest number of bird species seen on \u00d6land, and it is also the tropical migratory birds, tourist birders and rarities month above others. Just the chance to see something extraordinary is perhaps the main reason that many thousands of birders visit the&nbsp; &nbsp;<a href=\"https:\/\/visitoland.com\/en\/birding\/month-by-month\/may\/\">&#8230;Continue Reading<\/a><\/p>\n","protected":false},"author":2,"featured_media":39423,"parent":39416,"menu_order":5,"comment_status":"closed","ping_status":"closed","template":"","meta":{"footnotes":""},"class_list":["post-39555","page","type-page","status-publish","has-post-thumbnail","hentry"],"aioseo_notices":[],"_links":{"self":[{"href":"https:\/\/visitoland.com\/en\/wp-json\/wp\/v2\/pages\/39555","targetHints":{"allow":["GET"]}}],"collection":[{"href":"https:\/\/visitoland.com\/en\/wp-json\/wp\/v2\/pages"}],"about":[{"href":"https:\/\/visitoland.com\/en\/wp-json\/wp\/v2\/types\/page"}],"author":[{"embeddable":true,"href":"https:\/\/visitoland.com\/en\/wp-json\/wp\/v2\/users\/2"}],"replies":[{"embeddable":true,"href":"https:\/\/visitoland.com\/en\/wp-json\/wp\/v2\/comments?post=39555"}],"version-history":[{"count":0,"href":"https:\/\/visitoland.com\/en\/wp-json\/wp\/v2\/pages\/39555\/revisions"}],"up":[{"embeddable":true,"href":"https:\/\/visitoland.com\/en\/wp-json\/wp\/v2\/pages\/39416"}],"wp:featuredmedia":[{"embeddable":true,"href":"https:\/\/visitoland.com\/en\/wp-json\/wp\/v2\/media\/39423"}],"wp:attachment":[{"href":"https:\/\/visitoland.com\/en\/wp-json\/wp\/v2\/media?parent=39555"}],"curies":[{"name":"wp","href":"https:\/\/api.w.org\/{rel}","templated":true}]}}