{"id":39561,"date":"2016-05-04T15:20:38","date_gmt":"2016-05-04T13:20:38","guid":{"rendered":"https:\/\/visitoland.com\/en\/?page_id=39561"},"modified":"2016-05-04T15:20:38","modified_gmt":"2016-05-04T13:20:38","slug":"june","status":"publish","type":"page","link":"https:\/\/visitoland.com\/en\/birding\/month-by-month\/june\/","title":{"rendered":"June"},"content":{"rendered":"<div class=\"wpb-content-wrapper\"><p>[vc_row][vc_column width=&#8221;2\/3&#8243;][vc_column_text]<\/p>\n<h2 style=\"text-align: center;\">Birds in June<\/h2>\n<p>What many do not know is that the bird\u2019s migration to, or past, \u00d6land continues well into June and that this month is the best for some bird species which have their main distribution in the south or southeast of Sweden. It is now that the chance to see or hear the Eurasian Golden Oriole is the greatest, when the males gladly sing all day long. Other from the south coming guests as Common Quail, Greenish Warbler, River Warbler and Blyth&#8217;s Reed Warbler can now also be found. The latter two are mainly night singing. A remarkable number of even more rare bird species also tend to emerge now, making June the third best rarity month.[\/vc_column_text][\/vc_column][vc_column width=&#8221;1\/3&#8243;][vc_column_text]<\/p>\n<p><a href=\"https:\/\/visitoland.com\/wp-content\/uploads\/2016\/05\/busksangare-11-ottenby-ll.jpg\" data-rel=\"lightbox-image-0\" data-rl_title=\"Busks\u00e5ngare, Lars Lundmark F\u00e5glar \u00d6land\" data-rl_caption=\"\" title=\"Busks\u00e5ngare, Lars Lundmark F\u00e5glar \u00d6land\"><img loading=\"lazy\" decoding=\"async\" class=\"aligncenter wp-image-39455 size-full\" src=\"https:\/\/visitoland.com\/wp-content\/uploads\/2016\/05\/busksangare-11-ottenby-ll.jpg\" alt=\"Busks\u00e5ngare, Lars Lundmark F\u00e5glar \u00d6land\" width=\"800\" height=\"552\" srcset=\"https:\/\/visitoland.com\/wp-content\/uploads\/2016\/05\/busksangare-11-ottenby-ll.jpg 800w, https:\/\/visitoland.com\/wp-content\/uploads\/2016\/05\/busksangare-11-ottenby-ll-150x104.jpg 150w, https:\/\/visitoland.com\/wp-content\/uploads\/2016\/05\/busksangare-11-ottenby-ll-300x207.jpg 300w, https:\/\/visitoland.com\/wp-content\/uploads\/2016\/05\/busksangare-11-ottenby-ll-160x110.jpg 160w, https:\/\/visitoland.com\/wp-content\/uploads\/2016\/05\/busksangare-11-ottenby-ll-260x180.jpg 260w, https:\/\/visitoland.com\/wp-content\/uploads\/2016\/05\/busksangare-11-ottenby-ll-360x248.jpg 360w\" sizes=\"auto, (max-width: 800px) 100vw, 800px\" \/><\/a>Blyth&#8217;s Reed Warbler, \u00a9 Lars Lundmark[\/vc_column_text][\/vc_column][\/vc_row][vc_row][vc_column width=&#8221;1\/3&#8243;][vc_column_text]<a href=\"https:\/\/visitoland.com\/wp-content\/uploads\/2016\/05\/mindrekorsnabb-ll.jpg\" data-rel=\"lightbox-image-1\" data-rl_title=\"Mindre korsn\u00e4bb, Lars Lundmark F\u00e5glar \u00d6land\" data-rl_caption=\"\" title=\"Mindre korsn\u00e4bb, Lars Lundmark F\u00e5glar \u00d6land\"><img loading=\"lazy\" decoding=\"async\" class=\"aligncenter wp-image-39459 size-full\" src=\"https:\/\/visitoland.com\/wp-content\/uploads\/2016\/05\/mindrekorsnabb-ll.jpg\" alt=\"Mindre korsn\u00e4bb, Lars Lundmark F\u00e5glar \u00d6land\" width=\"800\" height=\"550\" srcset=\"https:\/\/visitoland.com\/wp-content\/uploads\/2016\/05\/mindrekorsnabb-ll.jpg 800w, https:\/\/visitoland.com\/wp-content\/uploads\/2016\/05\/mindrekorsnabb-ll-150x103.jpg 150w, https:\/\/visitoland.com\/wp-content\/uploads\/2016\/05\/mindrekorsnabb-ll-300x206.jpg 300w, https:\/\/visitoland.com\/wp-content\/uploads\/2016\/05\/mindrekorsnabb-ll-160x110.jpg 160w, https:\/\/visitoland.com\/wp-content\/uploads\/2016\/05\/mindrekorsnabb-ll-260x180.jpg 260w, https:\/\/visitoland.com\/wp-content\/uploads\/2016\/05\/mindrekorsnabb-ll-360x248.jpg 360w\" sizes=\"auto, (max-width: 800px) 100vw, 800px\" \/><\/a>Red Crossbill, \u00a9 Lars Lundmark[\/vc_column_text][\/vc_column][vc_column width=&#8221;2\/3&#8243;][vc_column_text]At the same time as the last spring birds are passing \u00d6land to continue north, the first southbound migrating wader\u2019s starts to leave the country, mainly of the species where only one parent takes care of the young birds. The Green Sandpiper is usually the first returning migratory bird, followed closely by the Eurasian Curlew. Other birds that carry out their nesting\u2019s early, such as Crossbills and Starlings, are often seen migrating in June. The latter young birds gather in large flocks and at a leisurely pace moves south. Thus, autumn sensing before Midsummer![\/vc_column_text][\/vc_column][\/vc_row][vc_row][vc_column width=&#8221;2\/3&#8243;][vc_column_text]June is a confused time. Many birds, such as ducks and some waders, have begun to moult off their beautiful breeding costumes and looks far from always like those depicted in bird books. Toward midsummer has much of the territorial birdsong silenced and been replaced with warning and begging sounds. Most birds are busy feeding the young birds, and not fully developed young bird costumes and yellow mouths confuses. At night can the fledgelings from Tawny Owls and Long-eared Owls be heard calling from the woods. Dabbling Ducks males begin to moult to darker costumes &#8211; more discreet, more female looking that they grow in the summer while the wings flight feathers are replaced, and for a time they lose or have impaired ability to fly.[\/vc_column_text][\/vc_column][vc_column width=&#8221;1\/3&#8243;][vc_column_text]<a href=\"https:\/\/visitoland.com\/wp-content\/uploads\/2016\/05\/skogssnappa-1-ll.jpg\" data-rel=\"lightbox-image-2\" data-rl_title=\"Skogssn\u00e4ppa, Lars Lundmark F\u00e5glar \u00d6land\" data-rl_caption=\"\" title=\"Skogssn\u00e4ppa, Lars Lundmark F\u00e5glar \u00d6land\"><img loading=\"lazy\" decoding=\"async\" class=\"aligncenter wp-image-39462 size-full\" src=\"https:\/\/visitoland.com\/wp-content\/uploads\/2016\/05\/skogssnappa-1-ll.jpg\" alt=\"Skogssn\u00e4ppa, Lars Lundmark F\u00e5glar \u00d6land\" width=\"800\" height=\"618\" srcset=\"https:\/\/visitoland.com\/wp-content\/uploads\/2016\/05\/skogssnappa-1-ll.jpg 800w, https:\/\/visitoland.com\/wp-content\/uploads\/2016\/05\/skogssnappa-1-ll-150x116.jpg 150w, https:\/\/visitoland.com\/wp-content\/uploads\/2016\/05\/skogssnappa-1-ll-300x232.jpg 300w, https:\/\/visitoland.com\/wp-content\/uploads\/2016\/05\/skogssnappa-1-ll-155x120.jpg 155w, https:\/\/visitoland.com\/wp-content\/uploads\/2016\/05\/skogssnappa-1-ll-233x180.jpg 233w, https:\/\/visitoland.com\/wp-content\/uploads\/2016\/05\/skogssnappa-1-ll-347x268.jpg 347w\" sizes=\"auto, (max-width: 800px) 100vw, 800px\" \/><\/a>Green Sandpiper, \u00a9 Lars Lundmark[\/vc_column_text][\/vc_column][\/vc_row][vc_row][vc_column][vc_column_text]<\/p>\n<h3 style=\"text-align: center;\">Birds to scout for in June and July.<\/h3>\n<p>Corncrake, Black Stork, White Stork, Red-footed Falcon, European Nightjar, European Bee-eater and Lesser Grey Shrike.[\/vc_column_text][\/vc_column][\/vc_row][vc_row][vc_column width=&#8221;1\/4&#8243;][vc_column_text]<a href=\"https:\/\/visitoland.com\/wp-content\/uploads\/2016\/05\/vitstork-ll.jpg\" data-rel=\"lightbox-image-3\" data-rl_title=\"Vitstork, Lars Lundmark F\u00e5glar \u00d6land\" data-rl_caption=\"\" title=\"Vitstork, Lars Lundmark F\u00e5glar \u00d6land\"><img loading=\"lazy\" decoding=\"async\" class=\"aligncenter wp-image-39465 size-full\" src=\"https:\/\/visitoland.com\/wp-content\/uploads\/2016\/05\/vitstork-ll.jpg\" alt=\"Vitstork, Lars Lundmark F\u00e5glar \u00d6land\" width=\"800\" height=\"618\" srcset=\"https:\/\/visitoland.com\/wp-content\/uploads\/2016\/05\/vitstork-ll.jpg 800w, https:\/\/visitoland.com\/wp-content\/uploads\/2016\/05\/vitstork-ll-150x116.jpg 150w, https:\/\/visitoland.com\/wp-content\/uploads\/2016\/05\/vitstork-ll-300x232.jpg 300w, https:\/\/visitoland.com\/wp-content\/uploads\/2016\/05\/vitstork-ll-155x120.jpg 155w, https:\/\/visitoland.com\/wp-content\/uploads\/2016\/05\/vitstork-ll-233x180.jpg 233w, https:\/\/visitoland.com\/wp-content\/uploads\/2016\/05\/vitstork-ll-347x268.jpg 347w\" sizes=\"auto, (max-width: 800px) 100vw, 800px\" \/><\/a>White Stork, \u00a9 Lars Lundmark[\/vc_column_text][\/vc_column][vc_column width=&#8221;1\/4&#8243;][vc_column_text]<a href=\"https:\/\/visitoland.com\/wp-content\/uploads\/2016\/05\/biatare-2-stenasa-ll.jpg\" data-rel=\"lightbox-image-4\" data-rl_title=\"Bi\u00e4tare, Lars Lundmark F\u00e5glar \u00d6land\" data-rl_caption=\"\" title=\"Bi\u00e4tare, Lars Lundmark F\u00e5glar \u00d6land\"><img loading=\"lazy\" decoding=\"async\" class=\"aligncenter wp-image-39474 size-full\" src=\"https:\/\/visitoland.com\/wp-content\/uploads\/2016\/05\/biatare-2-stenasa-ll.jpg\" alt=\"Bi\u00e4tare, Lars Lundmark F\u00e5glar \u00d6land\" width=\"800\" height=\"550\" srcset=\"https:\/\/visitoland.com\/wp-content\/uploads\/2016\/05\/biatare-2-stenasa-ll.jpg 800w, https:\/\/visitoland.com\/wp-content\/uploads\/2016\/05\/biatare-2-stenasa-ll-150x103.jpg 150w, https:\/\/visitoland.com\/wp-content\/uploads\/2016\/05\/biatare-2-stenasa-ll-300x206.jpg 300w, https:\/\/visitoland.com\/wp-content\/uploads\/2016\/05\/biatare-2-stenasa-ll-160x110.jpg 160w, https:\/\/visitoland.com\/wp-content\/uploads\/2016\/05\/biatare-2-stenasa-ll-260x180.jpg 260w, https:\/\/visitoland.com\/wp-content\/uploads\/2016\/05\/biatare-2-stenasa-ll-360x248.jpg 360w\" sizes=\"auto, (max-width: 800px) 100vw, 800px\" \/><\/a>Bee-eater, \u00a9 Lars Lundmark[\/vc_column_text][\/vc_column][vc_column width=&#8221;1\/4&#8243;][vc_column_text]<a href=\"https:\/\/visitoland.com\/wp-content\/uploads\/2016\/05\/nattskarra-ottenby-ll.jpg\" data-rel=\"lightbox-image-5\" data-rl_title=\"Nattsk\u00e4rra, Lars Lundmark F\u00e5glar \u00d6land\" data-rl_caption=\"\" title=\"Nattsk\u00e4rra, Lars Lundmark F\u00e5glar \u00d6land\"><img loading=\"lazy\" decoding=\"async\" class=\"aligncenter wp-image-39471 size-full\" src=\"https:\/\/visitoland.com\/wp-content\/uploads\/2016\/05\/nattskarra-ottenby-ll.jpg\" alt=\"Nattsk\u00e4rra, Lars Lundmark F\u00e5glar \u00d6land\" width=\"600\" height=\"450\" srcset=\"https:\/\/visitoland.com\/wp-content\/uploads\/2016\/05\/nattskarra-ottenby-ll.jpg 600w, https:\/\/visitoland.com\/wp-content\/uploads\/2016\/05\/nattskarra-ottenby-ll-150x113.jpg 150w, https:\/\/visitoland.com\/wp-content\/uploads\/2016\/05\/nattskarra-ottenby-ll-300x225.jpg 300w, https:\/\/visitoland.com\/wp-content\/uploads\/2016\/05\/nattskarra-ottenby-ll-160x120.jpg 160w, https:\/\/visitoland.com\/wp-content\/uploads\/2016\/05\/nattskarra-ottenby-ll-240x180.jpg 240w, https:\/\/visitoland.com\/wp-content\/uploads\/2016\/05\/nattskarra-ottenby-ll-357x268.jpg 357w\" sizes=\"auto, (max-width: 600px) 100vw, 600px\" \/><\/a>Nightjar, \u00a9 Lars Lundmark[\/vc_column_text][\/vc_column][vc_column width=&#8221;1\/4&#8243;][vc_column_text]<a href=\"https:\/\/visitoland.com\/wp-content\/uploads\/2016\/05\/svartpannadtornskata-1-ll.jpg\" data-rel=\"lightbox-image-6\" data-rl_title=\"Svartpannad T\u00f6rnskata, Lars Lundmark F\u00e5glar \u00d6land\" data-rl_caption=\"\" title=\"Svartpannad T\u00f6rnskata, Lars Lundmark F\u00e5glar \u00d6land\"><img loading=\"lazy\" decoding=\"async\" class=\"aligncenter wp-image-39468 size-full\" src=\"https:\/\/visitoland.com\/wp-content\/uploads\/2016\/05\/svartpannadtornskata-1-ll.jpg\" alt=\"Svartpannad T\u00f6rnskata, Lars Lundmark F\u00e5glar \u00d6land\" width=\"800\" height=\"550\" srcset=\"https:\/\/visitoland.com\/wp-content\/uploads\/2016\/05\/svartpannadtornskata-1-ll.jpg 800w, https:\/\/visitoland.com\/wp-content\/uploads\/2016\/05\/svartpannadtornskata-1-ll-150x103.jpg 150w, https:\/\/visitoland.com\/wp-content\/uploads\/2016\/05\/svartpannadtornskata-1-ll-300x206.jpg 300w, https:\/\/visitoland.com\/wp-content\/uploads\/2016\/05\/svartpannadtornskata-1-ll-160x110.jpg 160w, https:\/\/visitoland.com\/wp-content\/uploads\/2016\/05\/svartpannadtornskata-1-ll-260x180.jpg 260w, https:\/\/visitoland.com\/wp-content\/uploads\/2016\/05\/svartpannadtornskata-1-ll-360x248.jpg 360w\" sizes=\"auto, (max-width: 800px) 100vw, 800px\" \/><\/a>Lesser Grey Shrike, \u00a9 Lars Lundmark[\/vc_column_text][\/vc_column][\/vc_row][vc_row][vc_column width=&#8221;1\/6&#8243;][vc_column_text]<img loading=\"lazy\" decoding=\"async\" class=\"aligncenter size-full wp-image-39338\" src=\"https:\/\/visitoland.com\/wp-content\/uploads\/2016\/04\/olands-faglar-OOF.jpg\" alt=\"\u00d6lands-f\u00e5glar-\u00d6OF \u00d6land\" width=\"275\" height=\"400\" srcset=\"https:\/\/visitoland.com\/wp-content\/uploads\/2016\/04\/olands-faglar-OOF.jpg 275w, https:\/\/visitoland.com\/wp-content\/uploads\/2016\/04\/olands-faglar-OOF-103x150.jpg 103w, https:\/\/visitoland.com\/wp-content\/uploads\/2016\/04\/olands-faglar-OOF-206x300.jpg 206w, https:\/\/visitoland.com\/wp-content\/uploads\/2016\/04\/olands-faglar-OOF-83x120.jpg 83w, https:\/\/visitoland.com\/wp-content\/uploads\/2016\/04\/olands-faglar-OOF-124x180.jpg 124w, https:\/\/visitoland.com\/wp-content\/uploads\/2016\/04\/olands-faglar-OOF-184x268.jpg 184w\" sizes=\"auto, (max-width: 275px) 100vw, 275px\" \/>[\/vc_column_text][\/vc_column][vc_column width=&#8221;5\/6&#8243;][vc_column_text]<strong>Source<\/strong>: \u00d6lands F\u00e5glar \u00a9 <a href=\"https:\/\/www.oof.nu\/\" target=\"_blank\">\u00d6lands Ornitologiska F\u00f6rening \u00d6OF<\/a> \u00d6OF (authors this chapter: Pav Johnsson, Anders Waldenstr\u00f6m)<\/p>\n<p><strong>Translation<\/strong>: Visitoland.com<\/p>\n<p><strong>Pictures<\/strong>: see each picture<\/p>\n<p><strong>The book<\/strong>: \u00d6lands F\u00e5glar, 496 pages (only in Swedish), can be ordered at <a href=\"https:\/\/www.naturbokhandeln.se\/sv\/articles\/2.101.5628\/olands-faglar-red-johnsson\" target=\"_blank\">Naturbokhandeln<\/a><br \/>\n<strong>ISBN<\/strong>: 9789188124555[\/vc_column_text][\/vc_column][\/vc_row]<\/p>\n<\/div>","protected":false},"excerpt":{"rendered":"<p>[vc_row][vc_column width=&#8221;2\/3&#8243;][vc_column_text] Birds in June What many do not know is that the bird\u2019s migration to, or past, \u00d6land continues well into June and that this month is the best for some bird species which have their main distribution in the south or southeast of Sweden. It is now that the chance to see or&nbsp; &nbsp;<a href=\"https:\/\/visitoland.com\/en\/birding\/month-by-month\/june\/\">&#8230;Continue Reading<\/a><\/p>\n","protected":false},"author":2,"featured_media":39479,"parent":39416,"menu_order":6,"comment_status":"closed","ping_status":"closed","template":"","meta":{"footnotes":""},"class_list":["post-39561","page","type-page","status-publish","has-post-thumbnail","hentry"],"aioseo_notices":[],"_links":{"self":[{"href":"https:\/\/visitoland.com\/en\/wp-json\/wp\/v2\/pages\/39561","targetHints":{"allow":["GET"]}}],"collection":[{"href":"https:\/\/visitoland.com\/en\/wp-json\/wp\/v2\/pages"}],"about":[{"href":"https:\/\/visitoland.com\/en\/wp-json\/wp\/v2\/types\/page"}],"author":[{"embeddable":true,"href":"https:\/\/visitoland.com\/en\/wp-json\/wp\/v2\/users\/2"}],"replies":[{"embeddable":true,"href":"https:\/\/visitoland.com\/en\/wp-json\/wp\/v2\/comments?post=39561"}],"version-history":[{"count":0,"href":"https:\/\/visitoland.com\/en\/wp-json\/wp\/v2\/pages\/39561\/revisions"}],"up":[{"embeddable":true,"href":"https:\/\/visitoland.com\/en\/wp-json\/wp\/v2\/pages\/39416"}],"wp:featuredmedia":[{"embeddable":true,"href":"https:\/\/visitoland.com\/en\/wp-json\/wp\/v2\/media\/39479"}],"wp:attachment":[{"href":"https:\/\/visitoland.com\/en\/wp-json\/wp\/v2\/media?parent=39561"}],"curies":[{"name":"wp","href":"https:\/\/api.w.org\/{rel}","templated":true}]}}