{"id":39592,"date":"2016-05-04T20:15:21","date_gmt":"2016-05-04T18:15:21","guid":{"rendered":"https:\/\/visitoland.com\/en\/?page_id=39592"},"modified":"2016-05-04T20:34:09","modified_gmt":"2016-05-04T18:34:09","slug":"july","status":"publish","type":"page","link":"https:\/\/visitoland.com\/en\/birding\/month-by-month\/july\/","title":{"rendered":"July"},"content":{"rendered":"<div class=\"wpb-content-wrapper\"><p>[vc_row][vc_column width=&#8221;2\/3&#8243;][vc_column_text]<\/p>\n<h2 style=\"text-align: center;\">Birds in July<\/h2>\n<p>The summer month of July can mean more than just swimming and sunbathing. It is also a surprisingly good bird month on \u00d6land. The warm shallow sandy beaches attract many species of waders, sometimes even really rare species, and a whole day at the beach may result in about ten wader species that are resting or flying by.[\/vc_column_text][\/vc_column][vc_column width=&#8221;1\/3&#8243;][vc_column_text]<a href=\"https:\/\/visitoland.com\/wp-content\/uploads\/2016\/05\/spovsnappa-vasterstad-ll.jpg\" data-rel=\"lightbox-image-0\" data-rl_title=\"Spovsn\u00e4ppa, Lars Lundmark F\u00e5glar \u00d6land\" data-rl_caption=\"\" title=\"Spovsn\u00e4ppa, Lars Lundmark F\u00e5glar \u00d6land\"><img loading=\"lazy\" decoding=\"async\" class=\"aligncenter wp-image-39566 size-full\" src=\"https:\/\/visitoland.com\/wp-content\/uploads\/2016\/05\/spovsnappa-vasterstad-ll.jpg\" alt=\"Spovsn\u00e4ppa, Lars Lundmark F\u00e5glar \u00d6land\" width=\"500\" height=\"400\" srcset=\"https:\/\/visitoland.com\/wp-content\/uploads\/2016\/05\/spovsnappa-vasterstad-ll.jpg 500w, https:\/\/visitoland.com\/wp-content\/uploads\/2016\/05\/spovsnappa-vasterstad-ll-150x120.jpg 150w, https:\/\/visitoland.com\/wp-content\/uploads\/2016\/05\/spovsnappa-vasterstad-ll-300x240.jpg 300w, https:\/\/visitoland.com\/wp-content\/uploads\/2016\/05\/spovsnappa-vasterstad-ll-225x180.jpg 225w, https:\/\/visitoland.com\/wp-content\/uploads\/2016\/05\/spovsnappa-vasterstad-ll-335x268.jpg 335w\" sizes=\"auto, (max-width: 500px) 100vw, 500px\" \/><\/a> Curlew Sandpiper, \u00a9 Lars Lundmark[\/vc_column_text][\/vc_column][\/vc_row][vc_row][vc_column width=&#8221;1\/3&#8243;][vc_column_text]<a href=\"https:\/\/visitoland.com\/wp-content\/uploads\/2016\/05\/ormorn-1-ll.jpg\" data-rel=\"lightbox-image-1\" data-rl_title=\"Orm\u00f6rn, Lars Lundmark F\u00e5glar \u00d6land\" data-rl_caption=\"\" title=\"Orm\u00f6rn, Lars Lundmark F\u00e5glar \u00d6land\"><img loading=\"lazy\" decoding=\"async\" class=\"aligncenter wp-image-39572 size-full\" src=\"https:\/\/visitoland.com\/wp-content\/uploads\/2016\/05\/ormorn-1-ll.jpg\" alt=\"Orm\u00f6rn, Lars Lundmark F\u00e5glar \u00d6land\" width=\"800\" height=\"550\" srcset=\"https:\/\/visitoland.com\/wp-content\/uploads\/2016\/05\/ormorn-1-ll.jpg 800w, https:\/\/visitoland.com\/wp-content\/uploads\/2016\/05\/ormorn-1-ll-150x103.jpg 150w, https:\/\/visitoland.com\/wp-content\/uploads\/2016\/05\/ormorn-1-ll-300x206.jpg 300w, https:\/\/visitoland.com\/wp-content\/uploads\/2016\/05\/ormorn-1-ll-160x110.jpg 160w, https:\/\/visitoland.com\/wp-content\/uploads\/2016\/05\/ormorn-1-ll-260x180.jpg 260w, https:\/\/visitoland.com\/wp-content\/uploads\/2016\/05\/ormorn-1-ll-360x248.jpg 360w\" sizes=\"auto, (max-width: 800px) 100vw, 800px\" \/><\/a>Short-toed Snake Eagle, \u00a9 Lars Lundmark[\/vc_column_text][\/vc_column][vc_column width=&#8221;2\/3&#8243;][vc_column_text]<\/p>\n<p>The birds of prey that have left or completed their breeding now start to appear on the island.\u00a0 \u201cStora Alvarets\u201d sun-baked limestone flat rocks attract some year\u2019s rare eagles and other guests from southern and eastern Europe.[\/vc_column_text][\/vc_column][\/vc_row][vc_row][vc_column][vc_column_text]<\/p>\n<h3 style=\"text-align: center;\">Birds to scout for in June and July.<\/h3>\n<p>Corncrake, Black Stork, White Stork, Red-footed Falcon, European Nightjar, European Bee-eater and Lesser Grey Shrike.[\/vc_column_text][\/vc_column][\/vc_row][vc_row][vc_column width=&#8221;1\/4&#8243;][vc_column_text]<a href=\"https:\/\/visitoland.com\/wp-content\/uploads\/2016\/05\/kohager-1-ll.jpg\" data-rel=\"lightbox-image-2\" data-rl_title=\"Koh\u00e4ger, Lars Lundmark F\u00e5glar \u00d6land\" data-rl_caption=\"\" title=\"Koh\u00e4ger, Lars Lundmark F\u00e5glar \u00d6land\"><img loading=\"lazy\" decoding=\"async\" class=\"aligncenter wp-image-39577 size-full\" src=\"https:\/\/visitoland.com\/wp-content\/uploads\/2016\/05\/kohager-1-ll.jpg\" alt=\"Koh\u00e4ger, Lars Lundmark F\u00e5glar \u00d6land\" width=\"800\" height=\"690\" srcset=\"https:\/\/visitoland.com\/wp-content\/uploads\/2016\/05\/kohager-1-ll.jpg 800w, https:\/\/visitoland.com\/wp-content\/uploads\/2016\/05\/kohager-1-ll-150x129.jpg 150w, https:\/\/visitoland.com\/wp-content\/uploads\/2016\/05\/kohager-1-ll-300x259.jpg 300w, https:\/\/visitoland.com\/wp-content\/uploads\/2016\/05\/kohager-1-ll-139x120.jpg 139w, https:\/\/visitoland.com\/wp-content\/uploads\/2016\/05\/kohager-1-ll-209x180.jpg 209w, https:\/\/visitoland.com\/wp-content\/uploads\/2016\/05\/kohager-1-ll-311x268.jpg 311w\" sizes=\"auto, (max-width: 800px) 100vw, 800px\" \/><\/a>Cattle Egret, \u00a9 Lars Lundmark[\/vc_column_text][\/vc_column][vc_column width=&#8221;1\/4&#8243;][vc_column_text]<a href=\"https:\/\/visitoland.com\/wp-content\/uploads\/2016\/05\/rodglada-2-kastlosa-ll.jpg\" data-rel=\"lightbox-image-3\" data-rl_title=\"R\u00f6d Glada, Lars Lundmark F\u00e5glar \u00d6land\" data-rl_caption=\"\" title=\"R\u00f6d Glada, Lars Lundmark F\u00e5glar \u00d6land\"><img loading=\"lazy\" decoding=\"async\" class=\"aligncenter wp-image-39580 size-full\" src=\"https:\/\/visitoland.com\/wp-content\/uploads\/2016\/05\/rodglada-2-kastlosa-ll.jpg\" alt=\"R\u00f6dglada, Lars Lundmark F\u00e5glar \u00d6land\" width=\"800\" height=\"550\" srcset=\"https:\/\/visitoland.com\/wp-content\/uploads\/2016\/05\/rodglada-2-kastlosa-ll.jpg 800w, https:\/\/visitoland.com\/wp-content\/uploads\/2016\/05\/rodglada-2-kastlosa-ll-150x103.jpg 150w, https:\/\/visitoland.com\/wp-content\/uploads\/2016\/05\/rodglada-2-kastlosa-ll-300x206.jpg 300w, https:\/\/visitoland.com\/wp-content\/uploads\/2016\/05\/rodglada-2-kastlosa-ll-160x110.jpg 160w, https:\/\/visitoland.com\/wp-content\/uploads\/2016\/05\/rodglada-2-kastlosa-ll-260x180.jpg 260w, https:\/\/visitoland.com\/wp-content\/uploads\/2016\/05\/rodglada-2-kastlosa-ll-360x248.jpg 360w\" sizes=\"auto, (max-width: 800px) 100vw, 800px\" \/><\/a>Red Kite, \u00a9 Lars Lundmark[\/vc_column_text][\/vc_column][vc_column width=&#8221;1\/4&#8243;][vc_column_text]<a href=\"https:\/\/visitoland.com\/wp-content\/uploads\/2016\/05\/karrsnappa-1-kapelludden-ll.jpg\" data-rel=\"lightbox-image-4\" data-rl_title=\"K\u00e4rrsn\u00e4ppa, Lars Lundmark F\u00e5glar \u00d6land\" data-rl_caption=\"\" title=\"K\u00e4rrsn\u00e4ppa, Lars Lundmark F\u00e5glar \u00d6land\"><img loading=\"lazy\" decoding=\"async\" class=\"aligncenter wp-image-39583 size-full\" src=\"https:\/\/visitoland.com\/wp-content\/uploads\/2016\/05\/karrsnappa-1-kapelludden-ll.jpg\" alt=\"K\u00e4rrsn\u00e4ppa, Lars Lundmark F\u00e5glar \u00d6land\" width=\"800\" height=\"550\" srcset=\"https:\/\/visitoland.com\/wp-content\/uploads\/2016\/05\/karrsnappa-1-kapelludden-ll.jpg 800w, https:\/\/visitoland.com\/wp-content\/uploads\/2016\/05\/karrsnappa-1-kapelludden-ll-150x103.jpg 150w, https:\/\/visitoland.com\/wp-content\/uploads\/2016\/05\/karrsnappa-1-kapelludden-ll-300x206.jpg 300w, https:\/\/visitoland.com\/wp-content\/uploads\/2016\/05\/karrsnappa-1-kapelludden-ll-160x110.jpg 160w, https:\/\/visitoland.com\/wp-content\/uploads\/2016\/05\/karrsnappa-1-kapelludden-ll-260x180.jpg 260w, https:\/\/visitoland.com\/wp-content\/uploads\/2016\/05\/karrsnappa-1-kapelludden-ll-360x248.jpg 360w\" sizes=\"auto, (max-width: 800px) 100vw, 800px\" \/><\/a>Dunlin, \u00a9 Lars Lundberg[\/vc_column_text][\/vc_column][vc_column width=&#8221;1\/4&#8243;][vc_column_text]<a href=\"https:\/\/visitoland.com\/wp-content\/uploads\/2016\/05\/vitstork-1-ll.jpg\" data-rel=\"lightbox-image-5\" data-rl_title=\"Vit Stork, Lars Lundmark F\u00e5glar \u00d6land\" data-rl_caption=\"\" title=\"Vit Stork, Lars Lundmark F\u00e5glar \u00d6land\"><img loading=\"lazy\" decoding=\"async\" class=\"aligncenter wp-image-39587 size-full\" src=\"https:\/\/visitoland.com\/wp-content\/uploads\/2016\/05\/vitstork-1-ll.jpg\" alt=\"Vit Stork, Lars Lundmark F\u00e5glar \u00d6land\" width=\"800\" height=\"698\" srcset=\"https:\/\/visitoland.com\/wp-content\/uploads\/2016\/05\/vitstork-1-ll.jpg 800w, https:\/\/visitoland.com\/wp-content\/uploads\/2016\/05\/vitstork-1-ll-150x131.jpg 150w, https:\/\/visitoland.com\/wp-content\/uploads\/2016\/05\/vitstork-1-ll-300x262.jpg 300w, https:\/\/visitoland.com\/wp-content\/uploads\/2016\/05\/vitstork-1-ll-138x120.jpg 138w, https:\/\/visitoland.com\/wp-content\/uploads\/2016\/05\/vitstork-1-ll-206x180.jpg 206w, https:\/\/visitoland.com\/wp-content\/uploads\/2016\/05\/vitstork-1-ll-307x268.jpg 307w\" sizes=\"auto, (max-width: 800px) 100vw, 800px\" \/><\/a>White Stork, \u00a9 Lars Lundmark[\/vc_column_text][\/vc_column][\/vc_row][vc_row][vc_column width=&#8221;1\/6&#8243;][vc_column_text]<img loading=\"lazy\" decoding=\"async\" class=\"aligncenter size-full wp-image-39338\" src=\"https:\/\/visitoland.com\/wp-content\/uploads\/2016\/04\/olands-faglar-OOF.jpg\" alt=\"\u00d6lands-f\u00e5glar-\u00d6OF \u00d6land\" width=\"275\" height=\"400\" srcset=\"https:\/\/visitoland.com\/wp-content\/uploads\/2016\/04\/olands-faglar-OOF.jpg 275w, https:\/\/visitoland.com\/wp-content\/uploads\/2016\/04\/olands-faglar-OOF-103x150.jpg 103w, https:\/\/visitoland.com\/wp-content\/uploads\/2016\/04\/olands-faglar-OOF-206x300.jpg 206w, https:\/\/visitoland.com\/wp-content\/uploads\/2016\/04\/olands-faglar-OOF-83x120.jpg 83w, https:\/\/visitoland.com\/wp-content\/uploads\/2016\/04\/olands-faglar-OOF-124x180.jpg 124w, https:\/\/visitoland.com\/wp-content\/uploads\/2016\/04\/olands-faglar-OOF-184x268.jpg 184w\" sizes=\"auto, (max-width: 275px) 100vw, 275px\" \/>[\/vc_column_text][\/vc_column][vc_column width=&#8221;5\/6&#8243;][vc_column_text]<strong>Source<\/strong>: \u00d6lands F\u00e5glar \u00a9 <a href=\"https:\/\/www.oof.nu\/\" target=\"_blank\">\u00d6lands Ornitologiska F\u00f6rening \u00d6OF<\/a> \u00d6OF (authors this chapter: Pav Johnsson, Anders Waldenstr\u00f6m)<\/p>\n<p><strong>Translation<\/strong>: Visitoland.com<\/p>\n<p><strong>Pictures<\/strong>: see each picture<\/p>\n<p><strong>The book<\/strong>: \u00d6lands F\u00e5glar, 496 pages (only in Swedish), can be ordered at <a href=\"https:\/\/www.naturbokhandeln.se\/sv\/articles\/2.101.5628\/olands-faglar-red-johnsson\" target=\"_blank\">Naturbokhandeln<\/a><br \/>\n<strong>ISBN<\/strong>: 9789188124555[\/vc_column_text][\/vc_column][\/vc_row]<\/p>\n<\/div>","protected":false},"excerpt":{"rendered":"<p>[vc_row][vc_column width=&#8221;2\/3&#8243;][vc_column_text] Birds in July The summer month of July can mean more than just swimming and sunbathing. It is also a surprisingly good bird month on \u00d6land. The warm shallow sandy beaches attract many species of waders, sometimes even really rare species, and a whole day at the beach may result in about ten&nbsp; &nbsp;<a href=\"https:\/\/visitoland.com\/en\/birding\/month-by-month\/july\/\">&#8230;Continue Reading<\/a><\/p>\n","protected":false},"author":2,"featured_media":39502,"parent":39416,"menu_order":7,"comment_status":"closed","ping_status":"closed","template":"","meta":{"footnotes":""},"class_list":["post-39592","page","type-page","status-publish","has-post-thumbnail","hentry"],"aioseo_notices":[],"_links":{"self":[{"href":"https:\/\/visitoland.com\/en\/wp-json\/wp\/v2\/pages\/39592","targetHints":{"allow":["GET"]}}],"collection":[{"href":"https:\/\/visitoland.com\/en\/wp-json\/wp\/v2\/pages"}],"about":[{"href":"https:\/\/visitoland.com\/en\/wp-json\/wp\/v2\/types\/page"}],"author":[{"embeddable":true,"href":"https:\/\/visitoland.com\/en\/wp-json\/wp\/v2\/users\/2"}],"replies":[{"embeddable":true,"href":"https:\/\/visitoland.com\/en\/wp-json\/wp\/v2\/comments?post=39592"}],"version-history":[{"count":0,"href":"https:\/\/visitoland.com\/en\/wp-json\/wp\/v2\/pages\/39592\/revisions"}],"up":[{"embeddable":true,"href":"https:\/\/visitoland.com\/en\/wp-json\/wp\/v2\/pages\/39416"}],"wp:featuredmedia":[{"embeddable":true,"href":"https:\/\/visitoland.com\/en\/wp-json\/wp\/v2\/media\/39502"}],"wp:attachment":[{"href":"https:\/\/visitoland.com\/en\/wp-json\/wp\/v2\/media?parent=39592"}],"curies":[{"name":"wp","href":"https:\/\/api.w.org\/{rel}","templated":true}]}}