{"id":39623,"date":"2016-05-05T11:00:11","date_gmt":"2016-05-05T09:00:11","guid":{"rendered":"https:\/\/visitoland.com\/en\/?page_id=39623"},"modified":"2016-05-05T11:00:11","modified_gmt":"2016-05-05T09:00:11","slug":"august","status":"publish","type":"page","link":"https:\/\/visitoland.com\/en\/birding\/month-by-month\/august\/","title":{"rendered":"August"},"content":{"rendered":"<div class=\"wpb-content-wrapper\"><p>[vc_row][vc_column width=&#8221;2\/3&#8243;][vc_column_text]<\/p>\n<h2 style=\"text-align: center;\">Birds in August<\/h2>\n<p>Although many waders and some Old World Warblers have already left the country, August is the month when autumn starts in earnest in the world of birds. Many small birds are now leaving the island, but then they move at night, this migration passes a bit unnoticed. During the day, one can notice that migration time is on its way, as sometimes large flocks of Western Yellow Wagtails is seen foraging on the meadows and the Tree Pipits calling sound often heard over the heads of us. Large flocks of Barn Swallows are also gathered in the reeds around the wetlands in the evenings.[\/vc_column_text][\/vc_column][vc_column width=&#8221;1\/3&#8243;][vc_column_text]<a href=\"https:\/\/visitoland.com\/wp-content\/uploads\/2016\/05\/gularla-11-ll.jpg\" data-rel=\"lightbox-image-0\" data-rl_title=\"Gul\u00e4rla, Lars Lundmark F\u00e5glar \u00d6land\" data-rl_caption=\"\" title=\"Gul\u00e4rla, Lars Lundmark F\u00e5glar \u00d6land\"><img loading=\"lazy\" decoding=\"async\" class=\"aligncenter wp-image-39605 size-full\" src=\"https:\/\/visitoland.com\/wp-content\/uploads\/2016\/05\/gularla-11-ll.jpg\" alt=\"Gul\u00e4rla, Lars Lundmark F\u00e5glar \u00d6land\" width=\"800\" height=\"550\" srcset=\"https:\/\/visitoland.com\/wp-content\/uploads\/2016\/05\/gularla-11-ll.jpg 800w, https:\/\/visitoland.com\/wp-content\/uploads\/2016\/05\/gularla-11-ll-150x103.jpg 150w, https:\/\/visitoland.com\/wp-content\/uploads\/2016\/05\/gularla-11-ll-300x206.jpg 300w, https:\/\/visitoland.com\/wp-content\/uploads\/2016\/05\/gularla-11-ll-160x110.jpg 160w, https:\/\/visitoland.com\/wp-content\/uploads\/2016\/05\/gularla-11-ll-260x180.jpg 260w, https:\/\/visitoland.com\/wp-content\/uploads\/2016\/05\/gularla-11-ll-360x248.jpg 360w\" sizes=\"auto, (max-width: 800px) 100vw, 800px\" \/><\/a>Western Yellow Wagtail, \u00a9 Lars Lundmark[\/vc_column_text][\/vc_column][\/vc_row][vc_row][vc_column width=&#8221;1\/3&#8243;][vc_column_text]<a href=\"https:\/\/visitoland.com\/wp-content\/uploads\/2016\/05\/roskarl-seby-ll.jpg\" data-rel=\"lightbox-image-1\" data-rl_title=\"Roskarl, Lars Lundmark F\u00e5glars \u00d6land\" data-rl_caption=\"\" title=\"Roskarl, Lars Lundmark F\u00e5glars \u00d6land\"><img loading=\"lazy\" decoding=\"async\" class=\"aligncenter wp-image-39602 size-full\" src=\"https:\/\/visitoland.com\/wp-content\/uploads\/2016\/05\/roskarl-seby-ll.jpg\" alt=\"Roskarl, Lars Lundmark F\u00e5glars \u00d6land\" width=\"800\" height=\"593\" srcset=\"https:\/\/visitoland.com\/wp-content\/uploads\/2016\/05\/roskarl-seby-ll.jpg 800w, https:\/\/visitoland.com\/wp-content\/uploads\/2016\/05\/roskarl-seby-ll-150x111.jpg 150w, https:\/\/visitoland.com\/wp-content\/uploads\/2016\/05\/roskarl-seby-ll-300x222.jpg 300w, https:\/\/visitoland.com\/wp-content\/uploads\/2016\/05\/roskarl-seby-ll-160x120.jpg 160w, https:\/\/visitoland.com\/wp-content\/uploads\/2016\/05\/roskarl-seby-ll-243x180.jpg 243w, https:\/\/visitoland.com\/wp-content\/uploads\/2016\/05\/roskarl-seby-ll-360x268.jpg 360w\" sizes=\"auto, (max-width: 800px) 100vw, 800px\" \/><\/a>Ruddy Turnstone, \u00a9 Lars Lundmark[\/vc_column_text][\/vc_column][vc_column width=&#8221;2\/3&#8243;][vc_column_text]<\/p>\n<p>Now the Arctic Waders young birds arrives on their way south, abandoned by their hurrying parents, but with the map programmed into their genes. Young bird\u2019s costumes often differ substantially from the older birds, which can create problems for the identification. It is important to know how the common species looks, as some extremely rare waders also can pop up this time of year.[\/vc_column_text][\/vc_column][\/vc_row][vc_row][vc_column][vc_column_text]Along the coast the waders gets company of the first seabirds on their way south. Not the least noticeable is the migration of, not easy identifiable, young and old Terns that now begin their long journey toward wintering areas in the southern hemisphere.[\/vc_column_text][\/vc_column][\/vc_row][vc_row][vc_column][vc_column_text]<\/p>\n<h3 style=\"text-align: center;\">Birds to scout for in August.<\/h3>\n<p>Little Ringed Plover, Parasitic Jaeger, Black Tern, Sedge Warbler and Crossbills.[\/vc_column_text][\/vc_column][\/vc_row][vc_row][vc_column width=&#8221;1\/4&#8243;][vc_column_text]<a href=\"https:\/\/visitoland.com\/wp-content\/uploads\/2016\/05\/mindrestrandpipare-ll.jpg\" data-rel=\"lightbox-image-2\" data-rl_title=\"Mindre Strandpipare, Lars Lundmark F\u00e5glar \u00d6land\" data-rl_caption=\"\" title=\"Mindre Strandpipare, Lars Lundmark F\u00e5glar \u00d6land\"><img loading=\"lazy\" decoding=\"async\" class=\"aligncenter wp-image-39608 size-full\" src=\"https:\/\/visitoland.com\/wp-content\/uploads\/2016\/05\/mindrestrandpipare-ll.jpg\" alt=\"Mindre Strandpipare, Lars Lundmark F\u00e5glar \u00d6land\" width=\"800\" height=\"586\" srcset=\"https:\/\/visitoland.com\/wp-content\/uploads\/2016\/05\/mindrestrandpipare-ll.jpg 800w, https:\/\/visitoland.com\/wp-content\/uploads\/2016\/05\/mindrestrandpipare-ll-150x110.jpg 150w, https:\/\/visitoland.com\/wp-content\/uploads\/2016\/05\/mindrestrandpipare-ll-300x220.jpg 300w, https:\/\/visitoland.com\/wp-content\/uploads\/2016\/05\/mindrestrandpipare-ll-160x117.jpg 160w, https:\/\/visitoland.com\/wp-content\/uploads\/2016\/05\/mindrestrandpipare-ll-246x180.jpg 246w, https:\/\/visitoland.com\/wp-content\/uploads\/2016\/05\/mindrestrandpipare-ll-360x264.jpg 360w\" sizes=\"auto, (max-width: 800px) 100vw, 800px\" \/><\/a>Little Ringed Plover, \u00a9 Lars Lundmark[\/vc_column_text][\/vc_column][vc_column width=&#8221;1\/4&#8243;][vc_column_text]<a href=\"https:\/\/visitoland.com\/wp-content\/uploads\/2016\/05\/mindrekorsnabb-1-ll.jpg\" data-rel=\"lightbox-image-3\" data-rl_title=\"Mindre Korsn\u00e4bb, Lars Lundmark F\u00e5glar \u00d6land\" data-rl_caption=\"\" title=\"Mindre Korsn\u00e4bb, Lars Lundmark F\u00e5glar \u00d6land\"><img loading=\"lazy\" decoding=\"async\" class=\"aligncenter wp-image-39611 size-full\" src=\"https:\/\/visitoland.com\/wp-content\/uploads\/2016\/05\/mindrekorsnabb-1-ll.jpg\" alt=\"Mindre Korsn\u00e4bb, Lars Lundmark F\u00e5glar \u00d6land\" width=\"800\" height=\"550\" srcset=\"https:\/\/visitoland.com\/wp-content\/uploads\/2016\/05\/mindrekorsnabb-1-ll.jpg 800w, https:\/\/visitoland.com\/wp-content\/uploads\/2016\/05\/mindrekorsnabb-1-ll-150x103.jpg 150w, https:\/\/visitoland.com\/wp-content\/uploads\/2016\/05\/mindrekorsnabb-1-ll-300x206.jpg 300w, https:\/\/visitoland.com\/wp-content\/uploads\/2016\/05\/mindrekorsnabb-1-ll-160x110.jpg 160w, https:\/\/visitoland.com\/wp-content\/uploads\/2016\/05\/mindrekorsnabb-1-ll-260x180.jpg 260w, https:\/\/visitoland.com\/wp-content\/uploads\/2016\/05\/mindrekorsnabb-1-ll-360x248.jpg 360w\" sizes=\"auto, (max-width: 800px) 100vw, 800px\" \/><\/a>Red Crossbill, \u00a9 Lars Lundmark[\/vc_column_text][\/vc_column][vc_column width=&#8221;1\/4&#8243;][vc_column_text]<a href=\"https:\/\/visitoland.com\/wp-content\/uploads\/2016\/05\/svarttarna-1-vasterstad-ll.jpg\" data-rel=\"lightbox-image-4\" data-rl_title=\"Svartt\u00e4rna, Lars Lundmark F\u00e5glar \u00d6land\" data-rl_caption=\"\" title=\"Svartt\u00e4rna, Lars Lundmark F\u00e5glar \u00d6land\"><img loading=\"lazy\" decoding=\"async\" class=\"aligncenter wp-image-39614 size-full\" src=\"https:\/\/visitoland.com\/wp-content\/uploads\/2016\/05\/svarttarna-1-vasterstad-ll.jpg\" alt=\"Svartt\u00e4rna, Lars Lundmark F\u00e5glar \u00d6land\" width=\"800\" height=\"642\" srcset=\"https:\/\/visitoland.com\/wp-content\/uploads\/2016\/05\/svarttarna-1-vasterstad-ll.jpg 800w, https:\/\/visitoland.com\/wp-content\/uploads\/2016\/05\/svarttarna-1-vasterstad-ll-150x120.jpg 150w, https:\/\/visitoland.com\/wp-content\/uploads\/2016\/05\/svarttarna-1-vasterstad-ll-300x241.jpg 300w, https:\/\/visitoland.com\/wp-content\/uploads\/2016\/05\/svarttarna-1-vasterstad-ll-224x180.jpg 224w, https:\/\/visitoland.com\/wp-content\/uploads\/2016\/05\/svarttarna-1-vasterstad-ll-334x268.jpg 334w\" sizes=\"auto, (max-width: 800px) 100vw, 800px\" \/><\/a>Black Tern, \u00a9 Lars Lundmark[\/vc_column_text][\/vc_column][vc_column width=&#8221;1\/4&#8243;][vc_column_text]<a href=\"https:\/\/visitoland.com\/wp-content\/uploads\/2016\/05\/savsangare-ll.jpg\" data-rel=\"lightbox-image-5\" data-rl_title=\"S\u00e4vs\u00e5ngare, Lars Lundmark F\u00e5glar \u00d6land\" data-rl_caption=\"\" title=\"S\u00e4vs\u00e5ngare, Lars Lundmark F\u00e5glar \u00d6land\"><img loading=\"lazy\" decoding=\"async\" class=\"aligncenter wp-image-39617 size-full\" src=\"https:\/\/visitoland.com\/wp-content\/uploads\/2016\/05\/savsangare-ll.jpg\" alt=\"S\u00e4vs\u00e5ngare, Lars Lundmark F\u00e5glar \u00d6land\" width=\"800\" height=\"550\" srcset=\"https:\/\/visitoland.com\/wp-content\/uploads\/2016\/05\/savsangare-ll.jpg 800w, https:\/\/visitoland.com\/wp-content\/uploads\/2016\/05\/savsangare-ll-150x103.jpg 150w, https:\/\/visitoland.com\/wp-content\/uploads\/2016\/05\/savsangare-ll-300x206.jpg 300w, https:\/\/visitoland.com\/wp-content\/uploads\/2016\/05\/savsangare-ll-160x110.jpg 160w, https:\/\/visitoland.com\/wp-content\/uploads\/2016\/05\/savsangare-ll-260x180.jpg 260w, https:\/\/visitoland.com\/wp-content\/uploads\/2016\/05\/savsangare-ll-360x248.jpg 360w\" sizes=\"auto, (max-width: 800px) 100vw, 800px\" \/><\/a>Sedge Warbler, \u00a9 Lars Lundmark[\/vc_column_text][\/vc_column][\/vc_row][vc_row][vc_column width=&#8221;1\/6&#8243;][vc_column_text]<img loading=\"lazy\" decoding=\"async\" class=\"aligncenter size-full wp-image-39338\" src=\"https:\/\/visitoland.com\/wp-content\/uploads\/2016\/04\/olands-faglar-OOF.jpg\" alt=\"\u00d6lands-f\u00e5glar-\u00d6OF \u00d6land\" width=\"275\" height=\"400\" srcset=\"https:\/\/visitoland.com\/wp-content\/uploads\/2016\/04\/olands-faglar-OOF.jpg 275w, https:\/\/visitoland.com\/wp-content\/uploads\/2016\/04\/olands-faglar-OOF-103x150.jpg 103w, https:\/\/visitoland.com\/wp-content\/uploads\/2016\/04\/olands-faglar-OOF-206x300.jpg 206w, https:\/\/visitoland.com\/wp-content\/uploads\/2016\/04\/olands-faglar-OOF-83x120.jpg 83w, https:\/\/visitoland.com\/wp-content\/uploads\/2016\/04\/olands-faglar-OOF-124x180.jpg 124w, https:\/\/visitoland.com\/wp-content\/uploads\/2016\/04\/olands-faglar-OOF-184x268.jpg 184w\" sizes=\"auto, (max-width: 275px) 100vw, 275px\" \/>[\/vc_column_text][\/vc_column][vc_column width=&#8221;5\/6&#8243;][vc_column_text]<strong>Source<\/strong>: \u00d6lands F\u00e5glar \u00a9 <a href=\"https:\/\/www.oof.nu\/\" target=\"_blank\">\u00d6lands Ornitologiska F\u00f6rening \u00d6OF<\/a> (authors this chapter: Pav Johnsson, Anders Waldenstr\u00f6m)<\/p>\n<p><strong>Translation<\/strong>: Visitoland.com<\/p>\n<p><strong>Pictures<\/strong>: see each picture<\/p>\n<p><strong>The book<\/strong>: \u00d6lands F\u00e5glar, 496 pages (only in Swedish), can be ordered at <a href=\"https:\/\/www.naturbokhandeln.se\/sv\/articles\/2.101.5628\/olands-faglar-red-johnsson\" target=\"_blank\">Naturbokhandeln<\/a><br \/>\n<strong>ISBN<\/strong>: 9789188124555[\/vc_column_text][\/vc_column][\/vc_row]<\/p>\n<\/div>","protected":false},"excerpt":{"rendered":"<p>[vc_row][vc_column width=&#8221;2\/3&#8243;][vc_column_text] Birds in August Although many waders and some Old World Warblers have already left the country, August is the month when autumn starts in earnest in the world of birds. Many small birds are now leaving the island, but then they move at night, this migration passes a bit unnoticed. During the day,&nbsp; &nbsp;<a href=\"https:\/\/visitoland.com\/en\/birding\/month-by-month\/august\/\">&#8230;Continue Reading<\/a><\/p>\n","protected":false},"author":2,"featured_media":39507,"parent":39416,"menu_order":8,"comment_status":"closed","ping_status":"closed","template":"","meta":{"footnotes":""},"class_list":["post-39623","page","type-page","status-publish","has-post-thumbnail","hentry"],"aioseo_notices":[],"_links":{"self":[{"href":"https:\/\/visitoland.com\/en\/wp-json\/wp\/v2\/pages\/39623","targetHints":{"allow":["GET"]}}],"collection":[{"href":"https:\/\/visitoland.com\/en\/wp-json\/wp\/v2\/pages"}],"about":[{"href":"https:\/\/visitoland.com\/en\/wp-json\/wp\/v2\/types\/page"}],"author":[{"embeddable":true,"href":"https:\/\/visitoland.com\/en\/wp-json\/wp\/v2\/users\/2"}],"replies":[{"embeddable":true,"href":"https:\/\/visitoland.com\/en\/wp-json\/wp\/v2\/comments?post=39623"}],"version-history":[{"count":0,"href":"https:\/\/visitoland.com\/en\/wp-json\/wp\/v2\/pages\/39623\/revisions"}],"up":[{"embeddable":true,"href":"https:\/\/visitoland.com\/en\/wp-json\/wp\/v2\/pages\/39416"}],"wp:featuredmedia":[{"embeddable":true,"href":"https:\/\/visitoland.com\/en\/wp-json\/wp\/v2\/media\/39507"}],"wp:attachment":[{"href":"https:\/\/visitoland.com\/en\/wp-json\/wp\/v2\/media?parent=39623"}],"curies":[{"name":"wp","href":"https:\/\/api.w.org\/{rel}","templated":true}]}}