{"id":39649,"date":"2016-05-06T09:54:48","date_gmt":"2016-05-06T07:54:48","guid":{"rendered":"https:\/\/visitoland.com\/en\/?page_id=39649"},"modified":"2016-05-06T10:05:08","modified_gmt":"2016-05-06T08:05:08","slug":"september","status":"publish","type":"page","link":"https:\/\/visitoland.com\/en\/birding\/month-by-month\/september\/","title":{"rendered":"September"},"content":{"rendered":"<div class=\"wpb-content-wrapper\"><p>[vc_row][vc_column width=&#8221;2\/3&#8243;][vc_column_text]<\/p>\n<h2 style=\"text-align: center;\">Birds in September<\/h2>\n<p>In September, it&#8217;s time to look for resting Passerines in the fields and along the beaches. Seaweed fertilized beach stretches with goosefoots and short grazed coastal meadows are usually particularly interesting environments this time of year. Bluethroat, Red-throated Pipit and Lapland Longspur are less common, but at the same time expected species that usually can be found. In the fields, flocks of Doves, European Golden Plovers, Northern Lapwings, Geese and Common Cranes can be seen.[\/vc_column_text][\/vc_column][vc_column width=&#8221;1\/3&#8243;][vc_column_text]<\/p>\n<p><a href=\"https:\/\/visitoland.com\/wp-content\/uploads\/2016\/05\/lappsparv-1-ll.jpg\" data-rel=\"lightbox-image-0\" data-rl_title=\"Lappsparv, Lars Lundmark F\u00e5glar \u00d6land\" data-rl_caption=\"\" title=\"Lappsparv, Lars Lundmark F\u00e5glar \u00d6land\"><img loading=\"lazy\" decoding=\"async\" class=\"aligncenter wp-image-39628 size-full\" src=\"https:\/\/visitoland.com\/wp-content\/uploads\/2016\/05\/lappsparv-1-ll.jpg\" alt=\"Lappsparv, Lars Lundmark F\u00e5glar \u00d6land\" width=\"800\" height=\"550\" srcset=\"https:\/\/visitoland.com\/wp-content\/uploads\/2016\/05\/lappsparv-1-ll.jpg 800w, https:\/\/visitoland.com\/wp-content\/uploads\/2016\/05\/lappsparv-1-ll-150x103.jpg 150w, https:\/\/visitoland.com\/wp-content\/uploads\/2016\/05\/lappsparv-1-ll-300x206.jpg 300w, https:\/\/visitoland.com\/wp-content\/uploads\/2016\/05\/lappsparv-1-ll-160x110.jpg 160w, https:\/\/visitoland.com\/wp-content\/uploads\/2016\/05\/lappsparv-1-ll-260x180.jpg 260w, https:\/\/visitoland.com\/wp-content\/uploads\/2016\/05\/lappsparv-1-ll-360x248.jpg 360w\" sizes=\"auto, (max-width: 800px) 100vw, 800px\" \/><\/a>Lapland Bunting, \u00a9 Lars Lundmark[\/vc_column_text][\/vc_column][\/vc_row][vc_row][vc_column][vc_column_text]In September are also many birds of prey on their way south. Really good migration days with fine weather can three-digit numbers of Buzzards and Eurasian Sparrowhawks appear in the company of many other birds of prey. The month is probably the years best to see the Hen Harrier, Peregrine Falcon and Merlin.[\/vc_column_text][\/vc_column][\/vc_row][vc_row][vc_column width=&#8221;1\/3&#8243;][vc_column_text]<a href=\"https:\/\/visitoland.com\/wp-content\/uploads\/2016\/05\/ejder-33-ll.jpg\" data-rel=\"lightbox-image-1\" data-rl_title=\"Ejder, Lars Lundmark F\u00e5glar \u00d6land\" data-rl_caption=\"\" title=\"Ejder, Lars Lundmark F\u00e5glar \u00d6land\"><img loading=\"lazy\" decoding=\"async\" class=\"aligncenter wp-image-39631 size-full\" src=\"https:\/\/visitoland.com\/wp-content\/uploads\/2016\/05\/ejder-33-ll.jpg\" alt=\"Ejder, Lars Lundmark F\u00e5glar \u00d6land\" width=\"800\" height=\"530\" srcset=\"https:\/\/visitoland.com\/wp-content\/uploads\/2016\/05\/ejder-33-ll.jpg 800w, https:\/\/visitoland.com\/wp-content\/uploads\/2016\/05\/ejder-33-ll-150x99.jpg 150w, https:\/\/visitoland.com\/wp-content\/uploads\/2016\/05\/ejder-33-ll-300x199.jpg 300w, https:\/\/visitoland.com\/wp-content\/uploads\/2016\/05\/ejder-33-ll-160x106.jpg 160w, https:\/\/visitoland.com\/wp-content\/uploads\/2016\/05\/ejder-33-ll-260x172.jpg 260w, https:\/\/visitoland.com\/wp-content\/uploads\/2016\/05\/ejder-33-ll-360x239.jpg 360w\" sizes=\"auto, (max-width: 800px) 100vw, 800px\" \/><\/a>Common Eider, \u00a9 Lars Lundmark[\/vc_column_text][\/vc_column][vc_column width=&#8221;2\/3&#8243;][vc_column_text]Seabird migration is also extensive with Common Eider as the most numerous among the seaducks. And among geese is it primarily the Brent Goose that puts its mark on the month. A really good day, can tens of thousands be seen flying south and also rest at Ottenby. Large amounts of Greylag Geese are still here, and the first Barnacle Geese begin to migrate now. September is the best month for Skuas, although Parasitic Jaeger can pass during August, there is now the chance to also see the Long-tailed Jaeger. There are still a lot of waders left, but now largely only the young birds.[\/vc_column_text][\/vc_column][\/vc_row][vc_row][vc_column][vc_column_text]Despite the fact that September is one of the best months for birding on \u00d6land, has it not the same attractiveness to birders as October. Unfortunately, we have to say, since both species richness as well as the number of individuals for a great number of species is higher now.[\/vc_column_text][\/vc_column][\/vc_row][vc_row][vc_column][vc_column_text]<\/p>\n<h3 style=\"text-align: center;\">Birds to scout for in September.<\/h3>\n<p>Spotted Crake, Common Crane, Eurasian Dotterel, Sanderling, Caspian Gull, Yellow-legged Gull, Eurasian Rock Pipit, Grey Wagtail, Sedge Warbler, Yellow-browed Warbler, Spotted Nutcracker and Rustic Bunting.[\/vc_column_text][\/vc_column][\/vc_row][vc_row][vc_column width=&#8221;1\/4&#8243;][vc_column_text]<a href=\"https:\/\/visitoland.com\/wp-content\/uploads\/2016\/05\/medelhavstrut-ll.jpg\" data-rel=\"lightbox-image-2\" data-rl_title=\"Medelhavstrut, Lars Lundmark F\u00e5glar \u00d6land\" data-rl_caption=\"\" title=\"Medelhavstrut, Lars Lundmark F\u00e5glar \u00d6land\"><img loading=\"lazy\" decoding=\"async\" class=\"aligncenter wp-image-39634 size-full\" src=\"https:\/\/visitoland.com\/wp-content\/uploads\/2016\/05\/medelhavstrut-ll.jpg\" alt=\"Medelhavstrut, Lars Lundmark F\u00e5glar \u00d6land\" width=\"800\" height=\"631\" srcset=\"https:\/\/visitoland.com\/wp-content\/uploads\/2016\/05\/medelhavstrut-ll.jpg 800w, https:\/\/visitoland.com\/wp-content\/uploads\/2016\/05\/medelhavstrut-ll-150x118.jpg 150w, https:\/\/visitoland.com\/wp-content\/uploads\/2016\/05\/medelhavstrut-ll-300x237.jpg 300w, https:\/\/visitoland.com\/wp-content\/uploads\/2016\/05\/medelhavstrut-ll-152x120.jpg 152w, https:\/\/visitoland.com\/wp-content\/uploads\/2016\/05\/medelhavstrut-ll-228x180.jpg 228w, https:\/\/visitoland.com\/wp-content\/uploads\/2016\/05\/medelhavstrut-ll-340x268.jpg 340w\" sizes=\"auto, (max-width: 800px) 100vw, 800px\" \/><\/a>Yellow-legged Gull, \u00a9 Lars Lundmark[\/vc_column_text][\/vc_column][vc_column width=&#8221;1\/4&#8243;][vc_column_text]<a href=\"https:\/\/visitoland.com\/wp-content\/uploads\/2016\/05\/sandlopare-ottenby-ll.jpg\" data-rel=\"lightbox-image-3\" data-rl_title=\"Sandl\u00f6pare, Lars Lundmark F\u00e5glar \u00d6land\" data-rl_caption=\"\" title=\"Sandl\u00f6pare, Lars Lundmark F\u00e5glar \u00d6land\"><img loading=\"lazy\" decoding=\"async\" class=\"aligncenter wp-image-39637 size-full\" src=\"https:\/\/visitoland.com\/wp-content\/uploads\/2016\/05\/sandlopare-ottenby-ll.jpg\" alt=\"Sandl\u00f6pare, Lars Lundmark F\u00e5glar \u00d6land\" width=\"800\" height=\"550\" srcset=\"https:\/\/visitoland.com\/wp-content\/uploads\/2016\/05\/sandlopare-ottenby-ll.jpg 800w, https:\/\/visitoland.com\/wp-content\/uploads\/2016\/05\/sandlopare-ottenby-ll-150x103.jpg 150w, https:\/\/visitoland.com\/wp-content\/uploads\/2016\/05\/sandlopare-ottenby-ll-300x206.jpg 300w, https:\/\/visitoland.com\/wp-content\/uploads\/2016\/05\/sandlopare-ottenby-ll-160x110.jpg 160w, https:\/\/visitoland.com\/wp-content\/uploads\/2016\/05\/sandlopare-ottenby-ll-260x180.jpg 260w, https:\/\/visitoland.com\/wp-content\/uploads\/2016\/05\/sandlopare-ottenby-ll-360x248.jpg 360w\" sizes=\"auto, (max-width: 800px) 100vw, 800px\" \/><\/a>Sanderling, \u00a9 Lars Lundmark[\/vc_column_text][\/vc_column][vc_column width=&#8221;1\/4&#8243;][vc_column_text]<a href=\"https:\/\/visitoland.com\/wp-content\/uploads\/2016\/05\/blakarrhok-ll.jpg\" data-rel=\"lightbox-image-4\" data-rl_title=\"Bl\u00e5 K\u00e4rrh\u00f6k, Lars Lundmark F\u00e5glar \u00d6land\" data-rl_caption=\"\" title=\"Bl\u00e5 K\u00e4rrh\u00f6k, Lars Lundmark F\u00e5glar \u00d6land\"><img loading=\"lazy\" decoding=\"async\" class=\"aligncenter wp-image-39640 size-full\" src=\"https:\/\/visitoland.com\/wp-content\/uploads\/2016\/05\/blakarrhok-ll.jpg\" alt=\"Bl\u00e5 K\u00e4rrh\u00f6k, Lars Lundmark F\u00e5glar \u00d6land\" width=\"800\" height=\"550\" srcset=\"https:\/\/visitoland.com\/wp-content\/uploads\/2016\/05\/blakarrhok-ll.jpg 800w, https:\/\/visitoland.com\/wp-content\/uploads\/2016\/05\/blakarrhok-ll-150x103.jpg 150w, https:\/\/visitoland.com\/wp-content\/uploads\/2016\/05\/blakarrhok-ll-300x206.jpg 300w, https:\/\/visitoland.com\/wp-content\/uploads\/2016\/05\/blakarrhok-ll-160x110.jpg 160w, https:\/\/visitoland.com\/wp-content\/uploads\/2016\/05\/blakarrhok-ll-260x180.jpg 260w, https:\/\/visitoland.com\/wp-content\/uploads\/2016\/05\/blakarrhok-ll-360x248.jpg 360w\" sizes=\"auto, (max-width: 800px) 100vw, 800px\" \/><\/a>Hen Harrier, \u00a9 Lars Lundmark[\/vc_column_text][\/vc_column][vc_column width=&#8221;1\/4&#8243;][vc_column_text]<a href=\"https:\/\/visitoland.com\/wp-content\/uploads\/2016\/05\/forsarla-2-ll.jpg\" data-rel=\"lightbox-image-5\" data-rl_title=\"Fors\u00e4rla, Lars Lundmark F\u00e5glar \u00d6land\" data-rl_caption=\"\" title=\"Fors\u00e4rla, Lars Lundmark F\u00e5glar \u00d6land\"><img loading=\"lazy\" decoding=\"async\" class=\"aligncenter wp-image-39643 size-full\" src=\"https:\/\/visitoland.com\/wp-content\/uploads\/2016\/05\/forsarla-2-ll.jpg\" alt=\"Fors\u00e4rla, Lars Lundmark F\u00e5glar \u00d6land\" width=\"800\" height=\"594\" srcset=\"https:\/\/visitoland.com\/wp-content\/uploads\/2016\/05\/forsarla-2-ll.jpg 800w, https:\/\/visitoland.com\/wp-content\/uploads\/2016\/05\/forsarla-2-ll-150x111.jpg 150w, https:\/\/visitoland.com\/wp-content\/uploads\/2016\/05\/forsarla-2-ll-300x223.jpg 300w, https:\/\/visitoland.com\/wp-content\/uploads\/2016\/05\/forsarla-2-ll-160x120.jpg 160w, https:\/\/visitoland.com\/wp-content\/uploads\/2016\/05\/forsarla-2-ll-242x180.jpg 242w, https:\/\/visitoland.com\/wp-content\/uploads\/2016\/05\/forsarla-2-ll-360x268.jpg 360w\" sizes=\"auto, (max-width: 800px) 100vw, 800px\" \/><\/a>Grey Wagtail, \u00a9 Lars Lundmark[\/vc_column_text][\/vc_column][\/vc_row][vc_row][vc_column width=&#8221;1\/6&#8243;][vc_column_text]<img loading=\"lazy\" decoding=\"async\" class=\"aligncenter size-full wp-image-39338\" src=\"https:\/\/visitoland.com\/wp-content\/uploads\/2016\/04\/olands-faglar-OOF.jpg\" alt=\"\u00d6lands-f\u00e5glar-\u00d6OF \u00d6land\" width=\"275\" height=\"400\" srcset=\"https:\/\/visitoland.com\/wp-content\/uploads\/2016\/04\/olands-faglar-OOF.jpg 275w, https:\/\/visitoland.com\/wp-content\/uploads\/2016\/04\/olands-faglar-OOF-103x150.jpg 103w, https:\/\/visitoland.com\/wp-content\/uploads\/2016\/04\/olands-faglar-OOF-206x300.jpg 206w, https:\/\/visitoland.com\/wp-content\/uploads\/2016\/04\/olands-faglar-OOF-83x120.jpg 83w, https:\/\/visitoland.com\/wp-content\/uploads\/2016\/04\/olands-faglar-OOF-124x180.jpg 124w, https:\/\/visitoland.com\/wp-content\/uploads\/2016\/04\/olands-faglar-OOF-184x268.jpg 184w\" sizes=\"auto, (max-width: 275px) 100vw, 275px\" \/>[\/vc_column_text][\/vc_column][vc_column width=&#8221;5\/6&#8243;][vc_column_text]<strong>Source<\/strong>: \u00d6lands F\u00e5glar \u00a9 <a href=\"https:\/\/www.oof.nu\/\" target=\"_blank\">\u00d6lands Ornitologiska F\u00f6rening \u00d6OF<\/a> \u00a0(authors this chapter: Pav Johnsson, Anders Waldenstr\u00f6m)<\/p>\n<p><strong>Translation<\/strong>: Visitoland.com<\/p>\n<p><strong>Pictures<\/strong>: see each picture<\/p>\n<p><strong>The book<\/strong>: \u00d6lands F\u00e5glar, 496 pages (only in Swedish), can be ordered at <a href=\"https:\/\/www.naturbokhandeln.se\/sv\/articles\/2.101.5628\/olands-faglar-red-johnsson\" target=\"_blank\">Naturbokhandeln<\/a><br \/>\n<strong>ISBN<\/strong>: 9789188124555[\/vc_column_text][\/vc_column][\/vc_row]<\/p>\n<\/div>","protected":false},"excerpt":{"rendered":"<p>[vc_row][vc_column width=&#8221;2\/3&#8243;][vc_column_text] Birds in September In September, it&#8217;s time to look for resting Passerines in the fields and along the beaches. Seaweed fertilized beach stretches with goosefoots and short grazed coastal meadows are usually particularly interesting environments this time of year. Bluethroat, Red-throated Pipit and Lapland Longspur are less common, but at the same time&nbsp; &nbsp;<a href=\"https:\/\/visitoland.com\/en\/birding\/month-by-month\/september\/\">&#8230;Continue Reading<\/a><\/p>\n","protected":false},"author":2,"featured_media":39512,"parent":39416,"menu_order":9,"comment_status":"closed","ping_status":"closed","template":"","meta":{"footnotes":""},"class_list":["post-39649","page","type-page","status-publish","has-post-thumbnail","hentry"],"aioseo_notices":[],"_links":{"self":[{"href":"https:\/\/visitoland.com\/en\/wp-json\/wp\/v2\/pages\/39649","targetHints":{"allow":["GET"]}}],"collection":[{"href":"https:\/\/visitoland.com\/en\/wp-json\/wp\/v2\/pages"}],"about":[{"href":"https:\/\/visitoland.com\/en\/wp-json\/wp\/v2\/types\/page"}],"author":[{"embeddable":true,"href":"https:\/\/visitoland.com\/en\/wp-json\/wp\/v2\/users\/2"}],"replies":[{"embeddable":true,"href":"https:\/\/visitoland.com\/en\/wp-json\/wp\/v2\/comments?post=39649"}],"version-history":[{"count":0,"href":"https:\/\/visitoland.com\/en\/wp-json\/wp\/v2\/pages\/39649\/revisions"}],"up":[{"embeddable":true,"href":"https:\/\/visitoland.com\/en\/wp-json\/wp\/v2\/pages\/39416"}],"wp:featuredmedia":[{"embeddable":true,"href":"https:\/\/visitoland.com\/en\/wp-json\/wp\/v2\/media\/39512"}],"wp:attachment":[{"href":"https:\/\/visitoland.com\/en\/wp-json\/wp\/v2\/media?parent=39649"}],"curies":[{"name":"wp","href":"https:\/\/api.w.org\/{rel}","templated":true}]}}