{"id":39702,"date":"2016-05-06T13:40:54","date_gmt":"2016-05-06T11:40:54","guid":{"rendered":"https:\/\/visitoland.com\/en\/?page_id=39702"},"modified":"2016-05-17T19:40:38","modified_gmt":"2016-05-17T17:40:38","slug":"october","status":"publish","type":"page","link":"https:\/\/visitoland.com\/en\/birding\/month-by-month\/october\/","title":{"rendered":"October"},"content":{"rendered":"<div class=\"wpb-content-wrapper\"><p>[vc_row][vc_column][vc_column_text]<\/p>\n<h2 style=\"text-align: center;\">Birds in October<\/h2>\n<p>The same appeal as the weeks 21 and 22 (End of May and beginning of June) has on birders in the spring has the weeks 41och 42 (mid October) in the fall. Now in the middle of October, when the dark and cold settles over northern Sweden, the White Wagtails still trips around on the beach land of \u00d6land, and the last Barn Swallows is quietly leaving the southern tip of \u00d6land.[\/vc_column_text][\/vc_column][\/vc_row][vc_row][vc_column width=&#8221;2\/3&#8243;][vc_column_text]<\/p>\n<p>Now it\u2019s the time of the geese. In flocks of thousands Barnacle Geese gathers in many places along the east coast. In recent years, the freshly harvested corn fields have proved to have huge appeal to the Barnacle Goose. Now is the time to look through the flocks for other species, such as the Greater White-fronted Goose and the beautiful but treacherous elusive rarity, the Red-breasted Goose.[\/vc_column_text][\/vc_column][vc_column width=&#8221;1\/3&#8243;][vc_column_text]<a href=\"https:\/\/visitoland.com\/wp-content\/uploads\/2016\/05\/rodhalsadgas-11-ll.jpg\" data-rel=\"lightbox-image-0\" data-rl_title=\"Rddhalsad G\u00e5s, Lars Lundmark F\u00e5glar \u00d6land\" data-rl_caption=\"\" title=\"Rddhalsad G\u00e5s, Lars Lundmark F\u00e5glar \u00d6land\"><img loading=\"lazy\" decoding=\"async\" class=\"aligncenter wp-image-39662 size-full\" src=\"https:\/\/visitoland.com\/wp-content\/uploads\/2016\/05\/rodhalsadgas-11-ll.jpg\" alt=\"Rddhalsad G\u00e5s, Lars Lundmark F\u00e5glar \u00d6land\" width=\"800\" height=\"635\" srcset=\"https:\/\/visitoland.com\/wp-content\/uploads\/2016\/05\/rodhalsadgas-11-ll.jpg 800w, https:\/\/visitoland.com\/wp-content\/uploads\/2016\/05\/rodhalsadgas-11-ll-150x119.jpg 150w, https:\/\/visitoland.com\/wp-content\/uploads\/2016\/05\/rodhalsadgas-11-ll-300x238.jpg 300w, https:\/\/visitoland.com\/wp-content\/uploads\/2016\/05\/rodhalsadgas-11-ll-151x120.jpg 151w, https:\/\/visitoland.com\/wp-content\/uploads\/2016\/05\/rodhalsadgas-11-ll-227x180.jpg 227w, https:\/\/visitoland.com\/wp-content\/uploads\/2016\/05\/rodhalsadgas-11-ll-338x268.jpg 338w\" sizes=\"auto, (max-width: 800px) 100vw, 800px\" \/><\/a>Red-breasted Goose, \u00a9 Lars Lundmark[\/vc_column_text][\/vc_column][\/vc_row][vc_row][vc_column width=&#8221;1\/3&#8243;][vc_column_text]<a href=\"https:\/\/visitoland.com\/wp-content\/uploads\/2016\/05\/vitkindadgas-1-ll.jpg\" data-rel=\"lightbox-image-1\" data-rl_title=\"Vitkindad G\u00e5s, Lars Lundmark F\u00e5glar \u00d6land\" data-rl_caption=\"\" title=\"Vitkindad G\u00e5s, Lars Lundmark F\u00e5glar \u00d6land\"><img loading=\"lazy\" decoding=\"async\" class=\"aligncenter wp-image-39658 size-full\" src=\"https:\/\/visitoland.com\/wp-content\/uploads\/2016\/05\/vitkindadgas-1-ll.jpg\" alt=\"Vitkindad G\u00e5s, Lars Lundmark F\u00e5glar \u00d6land\" width=\"800\" height=\"550\" srcset=\"https:\/\/visitoland.com\/wp-content\/uploads\/2016\/05\/vitkindadgas-1-ll.jpg 800w, https:\/\/visitoland.com\/wp-content\/uploads\/2016\/05\/vitkindadgas-1-ll-150x103.jpg 150w, https:\/\/visitoland.com\/wp-content\/uploads\/2016\/05\/vitkindadgas-1-ll-300x206.jpg 300w, https:\/\/visitoland.com\/wp-content\/uploads\/2016\/05\/vitkindadgas-1-ll-160x110.jpg 160w, https:\/\/visitoland.com\/wp-content\/uploads\/2016\/05\/vitkindadgas-1-ll-260x180.jpg 260w, https:\/\/visitoland.com\/wp-content\/uploads\/2016\/05\/vitkindadgas-1-ll-360x248.jpg 360w\" sizes=\"auto, (max-width: 800px) 100vw, 800px\" \/><\/a>Barnacle goose, \u00a9 Lars Lundmark[\/vc_column_text][\/vc_column][vc_column width=&#8221;2\/3&#8243;][vc_column_text]<\/p>\n<p>The bird together with Barnacle Geese that dominate October is the Common Crane. Everywhere on the island you can see flocks foraging in the fields and the corn fields are now days a favorite place. At dawn and dusk, flock after flock is flying to and from their roosting sites, which often consists of water areas out on the Great \u201cAlvar\u201d.[\/vc_column_text][\/vc_column][\/vc_row][vc_row][vc_column][vc_column_text]Birding becomes more concentrated this time of year when the days are short. It comes to planning the day so that every hour can be utilized. The mornings are best for count migrating birds on the coast and to search in the isolated tree groves on the east side of the island for new arrivals, exciting small birds that have flown over the Baltic Sea during the night. The weather will decide. If the wind blows, it will be migration spotting, but if not, it will be beach search, a systematic search of scrubs, tree groves and riparian vegetation for small birds.[\/vc_column_text][\/vc_column][\/vc_row][vc_row][vc_column width=&#8221;2\/3&#8243;][vc_column_text]If the Common Crane leaves its mark on October virtue of its size, now towards the end of the month, the Goldcrest dominates virtue of the large number of individuals. Some days, especially in the weather with fog, is \u00d6land crowded with these the smallest of our Swedish birds. They are literally everywhere, often jumping around in riparian vegetation or in coastal shrubbery. They have then arrived at dawn after having looked out to the nearest land. The Goldcrest are remarkably fearless and you can get them almost within pats distance.[\/vc_column_text][\/vc_column][vc_column width=&#8221;1\/3&#8243;][vc_column_text]<a href=\"https:\/\/visitoland.com\/wp-content\/uploads\/2016\/05\/trana-33-ossby-ll.jpg\" data-rel=\"lightbox-image-2\" data-rl_title=\"Trana, Lars Lundmark F\u00e5glar \u00d6land\" data-rl_caption=\"\" title=\"Trana, Lars Lundmark F\u00e5glar \u00d6land\"><img loading=\"lazy\" decoding=\"async\" class=\"aligncenter wp-image-39671 size-full\" src=\"https:\/\/visitoland.com\/wp-content\/uploads\/2016\/05\/trana-33-ossby-ll.jpg\" alt=\"Trana, Lars Lundmark F\u00e5glar \u00d6land\" width=\"800\" height=\"700\" srcset=\"https:\/\/visitoland.com\/wp-content\/uploads\/2016\/05\/trana-33-ossby-ll.jpg 800w, https:\/\/visitoland.com\/wp-content\/uploads\/2016\/05\/trana-33-ossby-ll-150x131.jpg 150w, https:\/\/visitoland.com\/wp-content\/uploads\/2016\/05\/trana-33-ossby-ll-300x263.jpg 300w, https:\/\/visitoland.com\/wp-content\/uploads\/2016\/05\/trana-33-ossby-ll-137x120.jpg 137w, https:\/\/visitoland.com\/wp-content\/uploads\/2016\/05\/trana-33-ossby-ll-206x180.jpg 206w, https:\/\/visitoland.com\/wp-content\/uploads\/2016\/05\/trana-33-ossby-ll-306x268.jpg 306w\" sizes=\"auto, (max-width: 800px) 100vw, 800px\" \/><\/a>Common Crane, \u00a9 Lars Lundmark[\/vc_column_text][\/vc_column][\/vc_row][vc_row][vc_column width=&#8221;1\/3&#8243;][vc_column_text]<a href=\"https:\/\/visitoland.com\/wp-content\/uploads\/2016\/05\/kungsfagel-1-seby-ll.jpg\" data-rel=\"lightbox-image-3\" data-rl_title=\"Kungsf\u00e5gel, Lars Lundmark F\u00e5glar \u00d6land\" data-rl_caption=\"\" title=\"Kungsf\u00e5gel, Lars Lundmark F\u00e5glar \u00d6land\"><img loading=\"lazy\" decoding=\"async\" class=\"aligncenter wp-image-39667 size-full\" src=\"https:\/\/visitoland.com\/wp-content\/uploads\/2016\/05\/kungsfagel-1-seby-ll.jpg\" alt=\"Kungsf\u00e5gel, Lars Lundmark F\u00e5glar \u00d6land\" width=\"800\" height=\"604\" srcset=\"https:\/\/visitoland.com\/wp-content\/uploads\/2016\/05\/kungsfagel-1-seby-ll.jpg 800w, https:\/\/visitoland.com\/wp-content\/uploads\/2016\/05\/kungsfagel-1-seby-ll-150x113.jpg 150w, https:\/\/visitoland.com\/wp-content\/uploads\/2016\/05\/kungsfagel-1-seby-ll-300x227.jpg 300w, https:\/\/visitoland.com\/wp-content\/uploads\/2016\/05\/kungsfagel-1-seby-ll-160x120.jpg 160w, https:\/\/visitoland.com\/wp-content\/uploads\/2016\/05\/kungsfagel-1-seby-ll-238x180.jpg 238w, https:\/\/visitoland.com\/wp-content\/uploads\/2016\/05\/kungsfagel-1-seby-ll-355x268.jpg 355w\" sizes=\"auto, (max-width: 800px) 100vw, 800px\" \/><\/a>Goldcrest, \u00a9 Lars Lundmark[\/vc_column_text][\/vc_column][vc_column width=&#8221;2\/3&#8243;][vc_column_text]Now is the time to look for if rarer guests are among the Goldcrests. The East Siberian species Yellow-browed Warbler and the Pallas&#8217;s Leaf Warbler, although they are quite rare, yet the two most frequently found these mornings, but there are a row of even more rare species, non-annual passerines that may be encountered occasionally, such as have the words &#8220;Siberian&#8221; or &#8220;Taiga&#8221; in the name of which shows that they come from far away eastern Russia or China.[\/vc_column_text][\/vc_column][\/vc_row][vc_row][vc_column][vc_column_text]Strong winds speak for migration birding on either the east or west side depending on wind direction. Large amounts of gulls migrate past the island of \u00d6land in October and among the European Herring Gull, Common Gull and Black-headed Gull is sometimes found a little rarer species like Caspian Gull, Yellow-legged Gull, Little Gull and Mediterranean Gull. Some years, with good rodent\u2019s access at the Siberian tundra, can offer a good presence of Pomarine Skua.[\/vc_column_text][\/vc_column][\/vc_row][vc_row][vc_column][vc_column_text]<\/p>\n<h3 style=\"text-align: center;\">Birds to scout for in October.<\/h3>\n<p>Loons, Rough-legged Buzzard, European Golden Plover, Jack Snipe, Purple Sandpiper, Black-legged Kittiwake, Long-eared Owl, Short-eared Owl, Boreal Owl, Richard&#8217;s Pipit, Ring Ouzel, Chiffchaff, Common Firecrest, Great Grey Shrike, Brambling, Twite and Snow Bunting.[\/vc_column_text][\/vc_column][\/vc_row][vc_row][vc_column width=&#8221;1\/4&#8243;][vc_column_text]<a href=\"https:\/\/visitoland.com\/wp-content\/uploads\/2016\/05\/fjallvrak-1-eketorp-ll.jpg\" data-rel=\"lightbox-image-4\" data-rl_title=\"fj\u00e4llvr\u00e5k, Lars Lundmark F\u00e5glar \u00d6land\" data-rl_caption=\"\" title=\"fj\u00e4llvr\u00e5k, Lars Lundmark F\u00e5glar \u00d6land\"><img loading=\"lazy\" decoding=\"async\" class=\"aligncenter wp-image-39674 size-full\" src=\"https:\/\/visitoland.com\/wp-content\/uploads\/2016\/05\/fjallvrak-1-eketorp-ll.jpg\" alt=\"fj\u00e4llvr\u00e5k, Lars Lundmark F\u00e5glar \u00d6land\" width=\"800\" height=\"652\" srcset=\"https:\/\/visitoland.com\/wp-content\/uploads\/2016\/05\/fjallvrak-1-eketorp-ll.jpg 800w, https:\/\/visitoland.com\/wp-content\/uploads\/2016\/05\/fjallvrak-1-eketorp-ll-150x122.jpg 150w, https:\/\/visitoland.com\/wp-content\/uploads\/2016\/05\/fjallvrak-1-eketorp-ll-300x245.jpg 300w, https:\/\/visitoland.com\/wp-content\/uploads\/2016\/05\/fjallvrak-1-eketorp-ll-147x120.jpg 147w, https:\/\/visitoland.com\/wp-content\/uploads\/2016\/05\/fjallvrak-1-eketorp-ll-221x180.jpg 221w, https:\/\/visitoland.com\/wp-content\/uploads\/2016\/05\/fjallvrak-1-eketorp-ll-329x268.jpg 329w\" sizes=\"auto, (max-width: 800px) 100vw, 800px\" \/><\/a>Rough-legged Buzzard, \u00a9 Lars Lundmark[\/vc_column_text][\/vc_column][vc_column width=&#8221;1\/4&#8243;][vc_column_text]<a href=\"https:\/\/visitoland.com\/wp-content\/uploads\/2016\/05\/ljungpipare-ll.jpg\" data-rel=\"lightbox-image-5\" data-rl_title=\"Ljungpipare, Lars Lundmark F\u00e5glar \u00d6land\" data-rl_caption=\"\" title=\"Ljungpipare, Lars Lundmark F\u00e5glar \u00d6land\"><img loading=\"lazy\" decoding=\"async\" class=\"aligncenter wp-image-39677 size-full\" src=\"https:\/\/visitoland.com\/wp-content\/uploads\/2016\/05\/ljungpipare-ll.jpg\" alt=\"Ljungpipare, Lars Lundmark F\u00e5glar \u00d6land\" width=\"800\" height=\"550\" srcset=\"https:\/\/visitoland.com\/wp-content\/uploads\/2016\/05\/ljungpipare-ll.jpg 800w, https:\/\/visitoland.com\/wp-content\/uploads\/2016\/05\/ljungpipare-ll-150x103.jpg 150w, https:\/\/visitoland.com\/wp-content\/uploads\/2016\/05\/ljungpipare-ll-300x206.jpg 300w, https:\/\/visitoland.com\/wp-content\/uploads\/2016\/05\/ljungpipare-ll-160x110.jpg 160w, https:\/\/visitoland.com\/wp-content\/uploads\/2016\/05\/ljungpipare-ll-260x180.jpg 260w, https:\/\/visitoland.com\/wp-content\/uploads\/2016\/05\/ljungpipare-ll-360x248.jpg 360w\" sizes=\"auto, (max-width: 800px) 100vw, 800px\" \/><\/a>Golden Plover, \u00a9 Lars Lundmark[\/vc_column_text][\/vc_column][vc_column width=&#8221;1\/4&#8243;][vc_column_text]<a href=\"https:\/\/visitoland.com\/wp-content\/uploads\/2016\/05\/gransangare-ll.jpg\" data-rel=\"lightbox-image-6\" data-rl_title=\"Grans\u00e5ngare, Lars Lundmark F\u00e5glar \u00d6land\" data-rl_caption=\"\" title=\"Grans\u00e5ngare, Lars Lundmark F\u00e5glar \u00d6land\"><img loading=\"lazy\" decoding=\"async\" class=\"aligncenter wp-image-39680 size-full\" src=\"https:\/\/visitoland.com\/wp-content\/uploads\/2016\/05\/gransangare-ll.jpg\" alt=\"Grans\u00e5ngare, Lars Lundmark F\u00e5glar \u00d6land\" width=\"600\" height=\"450\" srcset=\"https:\/\/visitoland.com\/wp-content\/uploads\/2016\/05\/gransangare-ll.jpg 600w, https:\/\/visitoland.com\/wp-content\/uploads\/2016\/05\/gransangare-ll-150x113.jpg 150w, https:\/\/visitoland.com\/wp-content\/uploads\/2016\/05\/gransangare-ll-300x225.jpg 300w, https:\/\/visitoland.com\/wp-content\/uploads\/2016\/05\/gransangare-ll-160x120.jpg 160w, https:\/\/visitoland.com\/wp-content\/uploads\/2016\/05\/gransangare-ll-240x180.jpg 240w, https:\/\/visitoland.com\/wp-content\/uploads\/2016\/05\/gransangare-ll-357x268.jpg 357w\" sizes=\"auto, (max-width: 600px) 100vw, 600px\" \/><\/a>Chiffchaff, \u00a9 Lars Lundmark[\/vc_column_text][\/vc_column][vc_column width=&#8221;1\/4&#8243;][vc_column_text]<a href=\"https:\/\/visitoland.com\/wp-content\/uploads\/2016\/05\/jorduggla-nasby-ll.jpg\" data-rel=\"lightbox-image-7\" data-rl_title=\"Jorduggla, Lars Lundmark F\u00e5glar \u00d6land\" data-rl_caption=\"\" title=\"Jorduggla, Lars Lundmark F\u00e5glar \u00d6land\"><img loading=\"lazy\" decoding=\"async\" class=\"aligncenter wp-image-39683 size-full\" src=\"https:\/\/visitoland.com\/wp-content\/uploads\/2016\/05\/jorduggla-nasby-ll.jpg\" alt=\"Jorduggla, Lars Lundmark F\u00e5glar \u00d6land\" width=\"600\" height=\"450\" srcset=\"https:\/\/visitoland.com\/wp-content\/uploads\/2016\/05\/jorduggla-nasby-ll.jpg 600w, https:\/\/visitoland.com\/wp-content\/uploads\/2016\/05\/jorduggla-nasby-ll-150x113.jpg 150w, https:\/\/visitoland.com\/wp-content\/uploads\/2016\/05\/jorduggla-nasby-ll-300x225.jpg 300w, https:\/\/visitoland.com\/wp-content\/uploads\/2016\/05\/jorduggla-nasby-ll-160x120.jpg 160w, https:\/\/visitoland.com\/wp-content\/uploads\/2016\/05\/jorduggla-nasby-ll-240x180.jpg 240w, https:\/\/visitoland.com\/wp-content\/uploads\/2016\/05\/jorduggla-nasby-ll-357x268.jpg 357w\" sizes=\"auto, (max-width: 600px) 100vw, 600px\" \/><\/a>Short-eared Owl, \u00a9 Lars Lundmark[\/vc_column_text][\/vc_column][\/vc_row][vc_row][vc_column width=&#8221;1\/4&#8243;][vc_column_text]<a href=\"https:\/\/visitoland.com\/wp-content\/uploads\/2016\/05\/vinterhampling-2-ll.jpg\" data-rel=\"lightbox-image-8\" data-rl_title=\"Vinterh\u00e4mpling, Lars Lundmark F\u00e5glar \u00d6land\" data-rl_caption=\"\" title=\"Vinterh\u00e4mpling, Lars Lundmark F\u00e5glar \u00d6land\"><img loading=\"lazy\" decoding=\"async\" class=\"aligncenter wp-image-39686 size-full\" src=\"https:\/\/visitoland.com\/wp-content\/uploads\/2016\/05\/vinterhampling-2-ll.jpg\" alt=\"Vinterh\u00e4mpling, Lars Lundmark F\u00e5glar \u00d6land\" width=\"800\" height=\"550\" srcset=\"https:\/\/visitoland.com\/wp-content\/uploads\/2016\/05\/vinterhampling-2-ll.jpg 800w, https:\/\/visitoland.com\/wp-content\/uploads\/2016\/05\/vinterhampling-2-ll-150x103.jpg 150w, https:\/\/visitoland.com\/wp-content\/uploads\/2016\/05\/vinterhampling-2-ll-300x206.jpg 300w, https:\/\/visitoland.com\/wp-content\/uploads\/2016\/05\/vinterhampling-2-ll-160x110.jpg 160w, https:\/\/visitoland.com\/wp-content\/uploads\/2016\/05\/vinterhampling-2-ll-260x180.jpg 260w, https:\/\/visitoland.com\/wp-content\/uploads\/2016\/05\/vinterhampling-2-ll-360x248.jpg 360w\" sizes=\"auto, (max-width: 800px) 100vw, 800px\" \/><\/a>Twite, \u00a9 Lars Lundmark[\/vc_column_text][\/vc_column][vc_column width=&#8221;1\/4&#8243;][vc_column_text]<a href=\"https:\/\/visitoland.com\/wp-content\/uploads\/2016\/05\/ringtrast-ll.jpg\" data-rel=\"lightbox-image-9\" data-rl_title=\"Ringtrast, Lars Lundmark F\u00e5glar \u00d6land\" data-rl_caption=\"\" title=\"Ringtrast, Lars Lundmark F\u00e5glar \u00d6land\"><img loading=\"lazy\" decoding=\"async\" class=\"aligncenter wp-image-39689 size-full\" src=\"https:\/\/visitoland.com\/wp-content\/uploads\/2016\/05\/ringtrast-ll.jpg\" alt=\"Ringtrast, Lars Lundmark F\u00e5glar \u00d6land\" width=\"800\" height=\"550\" srcset=\"https:\/\/visitoland.com\/wp-content\/uploads\/2016\/05\/ringtrast-ll.jpg 800w, https:\/\/visitoland.com\/wp-content\/uploads\/2016\/05\/ringtrast-ll-150x103.jpg 150w, https:\/\/visitoland.com\/wp-content\/uploads\/2016\/05\/ringtrast-ll-300x206.jpg 300w, https:\/\/visitoland.com\/wp-content\/uploads\/2016\/05\/ringtrast-ll-160x110.jpg 160w, https:\/\/visitoland.com\/wp-content\/uploads\/2016\/05\/ringtrast-ll-260x180.jpg 260w, https:\/\/visitoland.com\/wp-content\/uploads\/2016\/05\/ringtrast-ll-360x248.jpg 360w\" sizes=\"auto, (max-width: 800px) 100vw, 800px\" \/><\/a>Ring Ouzel, \u00a9 Lars Lundmark[\/vc_column_text][\/vc_column][vc_column width=&#8221;1\/4&#8243;][vc_column_text]<a href=\"https:\/\/visitoland.com\/wp-content\/uploads\/2016\/05\/varfagel-ll.jpg\" data-rel=\"lightbox-image-10\" data-rl_title=\"Varf\u00e5gel, Lars Lundmark F\u00e5glar \u00d6land\" data-rl_caption=\"\" title=\"Varf\u00e5gel, Lars Lundmark F\u00e5glar \u00d6land\"><img loading=\"lazy\" decoding=\"async\" class=\"aligncenter wp-image-39692 size-full\" src=\"https:\/\/visitoland.com\/wp-content\/uploads\/2016\/05\/varfagel-ll.jpg\" alt=\"Varf\u00e5gel, Lars Lundmark F\u00e5glar \u00d6land\" width=\"800\" height=\"601\" srcset=\"https:\/\/visitoland.com\/wp-content\/uploads\/2016\/05\/varfagel-ll.jpg 800w, https:\/\/visitoland.com\/wp-content\/uploads\/2016\/05\/varfagel-ll-150x113.jpg 150w, https:\/\/visitoland.com\/wp-content\/uploads\/2016\/05\/varfagel-ll-300x225.jpg 300w, https:\/\/visitoland.com\/wp-content\/uploads\/2016\/05\/varfagel-ll-160x120.jpg 160w, https:\/\/visitoland.com\/wp-content\/uploads\/2016\/05\/varfagel-ll-240x180.jpg 240w, https:\/\/visitoland.com\/wp-content\/uploads\/2016\/05\/varfagel-ll-357x268.jpg 357w\" sizes=\"auto, (max-width: 800px) 100vw, 800px\" \/><\/a>Great Grey Shrike, \u00a9Lars Lundmark[\/vc_column_text][\/vc_column][vc_column width=&#8221;1\/4&#8243;][vc_column_text]<a href=\"https:\/\/visitoland.com\/wp-content\/uploads\/2016\/05\/snosparv-3-ll.jpg\" data-rel=\"lightbox-image-11\" data-rl_title=\"Sn\u00f6sparv, Lars Lundmark F\u00e5glar \u00d6land\" data-rl_caption=\"\" title=\"Sn\u00f6sparv, Lars Lundmark F\u00e5glar \u00d6land\"><img loading=\"lazy\" decoding=\"async\" class=\"aligncenter wp-image-39695 size-full\" src=\"https:\/\/visitoland.com\/wp-content\/uploads\/2016\/05\/snosparv-3-ll.jpg\" alt=\"Sn\u00f6sparv, Lars Lundmark F\u00e5glar \u00d6land\" width=\"800\" height=\"550\" srcset=\"https:\/\/visitoland.com\/wp-content\/uploads\/2016\/05\/snosparv-3-ll.jpg 800w, https:\/\/visitoland.com\/wp-content\/uploads\/2016\/05\/snosparv-3-ll-150x103.jpg 150w, https:\/\/visitoland.com\/wp-content\/uploads\/2016\/05\/snosparv-3-ll-300x206.jpg 300w, https:\/\/visitoland.com\/wp-content\/uploads\/2016\/05\/snosparv-3-ll-160x110.jpg 160w, https:\/\/visitoland.com\/wp-content\/uploads\/2016\/05\/snosparv-3-ll-260x180.jpg 260w, https:\/\/visitoland.com\/wp-content\/uploads\/2016\/05\/snosparv-3-ll-360x248.jpg 360w\" sizes=\"auto, (max-width: 800px) 100vw, 800px\" \/><\/a>Snow Bunting, \u00a9 Lars Lundmark[\/vc_column_text][\/vc_column][\/vc_row][vc_row][vc_column width=&#8221;1\/6&#8243;][vc_column_text]<img loading=\"lazy\" decoding=\"async\" class=\"aligncenter size-full wp-image-39338\" src=\"https:\/\/visitoland.com\/wp-content\/uploads\/2016\/04\/olands-faglar-OOF.jpg\" alt=\"\u00d6lands-f\u00e5glar-\u00d6OF \u00d6land\" width=\"275\" height=\"400\" srcset=\"https:\/\/visitoland.com\/wp-content\/uploads\/2016\/04\/olands-faglar-OOF.jpg 275w, https:\/\/visitoland.com\/wp-content\/uploads\/2016\/04\/olands-faglar-OOF-103x150.jpg 103w, https:\/\/visitoland.com\/wp-content\/uploads\/2016\/04\/olands-faglar-OOF-206x300.jpg 206w, https:\/\/visitoland.com\/wp-content\/uploads\/2016\/04\/olands-faglar-OOF-83x120.jpg 83w, https:\/\/visitoland.com\/wp-content\/uploads\/2016\/04\/olands-faglar-OOF-124x180.jpg 124w, https:\/\/visitoland.com\/wp-content\/uploads\/2016\/04\/olands-faglar-OOF-184x268.jpg 184w\" sizes=\"auto, (max-width: 275px) 100vw, 275px\" \/>[\/vc_column_text][\/vc_column][vc_column width=&#8221;5\/6&#8243;][vc_column_text]<strong>Source<\/strong>: \u00d6lands F\u00e5glar \u00a9 <a href=\"https:\/\/www.oof.nu\/\" target=\"_blank\">\u00d6lands Ornitologiska F\u00f6rening \u00d6OF<\/a> \u00a0(authors this chapter: Pav Johnsson, Anders Waldenstr\u00f6m)<\/p>\n<p><strong>Translation<\/strong>: Visitoland.com<\/p>\n<p><strong>Pictures<\/strong>: see each picture<\/p>\n<p><strong>The book<\/strong>: \u00d6lands F\u00e5glar, 496 pages (only in Swedish), can be ordered at <a href=\"https:\/\/www.naturbokhandeln.se\/sv\/articles\/2.101.5628\/olands-faglar-red-johnsson\" target=\"_blank\">Naturbokhandeln<\/a><br \/>\n<strong>ISBN<\/strong>: 9789188124555[\/vc_column_text][\/vc_column][\/vc_row]<\/p>\n<\/div>","protected":false},"excerpt":{"rendered":"<p>[vc_row][vc_column][vc_column_text] Birds in October The same appeal as the weeks 21 and 22 (End of May and beginning of June) has on birders in the spring has the weeks 41och 42 (mid October) in the fall. Now in the middle of October, when the dark and cold settles over northern Sweden, the White Wagtails still&nbsp; &nbsp;<a href=\"https:\/\/visitoland.com\/en\/birding\/month-by-month\/october\/\">&#8230;Continue Reading<\/a><\/p>\n","protected":false},"author":2,"featured_media":39517,"parent":39416,"menu_order":10,"comment_status":"closed","ping_status":"closed","template":"","meta":{"footnotes":""},"class_list":["post-39702","page","type-page","status-publish","has-post-thumbnail","hentry"],"aioseo_notices":[],"_links":{"self":[{"href":"https:\/\/visitoland.com\/en\/wp-json\/wp\/v2\/pages\/39702","targetHints":{"allow":["GET"]}}],"collection":[{"href":"https:\/\/visitoland.com\/en\/wp-json\/wp\/v2\/pages"}],"about":[{"href":"https:\/\/visitoland.com\/en\/wp-json\/wp\/v2\/types\/page"}],"author":[{"embeddable":true,"href":"https:\/\/visitoland.com\/en\/wp-json\/wp\/v2\/users\/2"}],"replies":[{"embeddable":true,"href":"https:\/\/visitoland.com\/en\/wp-json\/wp\/v2\/comments?post=39702"}],"version-history":[{"count":0,"href":"https:\/\/visitoland.com\/en\/wp-json\/wp\/v2\/pages\/39702\/revisions"}],"up":[{"embeddable":true,"href":"https:\/\/visitoland.com\/en\/wp-json\/wp\/v2\/pages\/39416"}],"wp:featuredmedia":[{"embeddable":true,"href":"https:\/\/visitoland.com\/en\/wp-json\/wp\/v2\/media\/39517"}],"wp:attachment":[{"href":"https:\/\/visitoland.com\/en\/wp-json\/wp\/v2\/media?parent=39702"}],"curies":[{"name":"wp","href":"https:\/\/api.w.org\/{rel}","templated":true}]}}