{"id":39989,"date":"2016-05-10T18:53:46","date_gmt":"2016-05-10T16:53:46","guid":{"rendered":"https:\/\/visitoland.com\/en\/?page_id=39989"},"modified":"2016-06-08T10:39:57","modified_gmt":"2016-06-08T08:39:57","slug":"november","status":"publish","type":"page","link":"https:\/\/visitoland.com\/en\/birding\/month-by-month\/november\/","title":{"rendered":"November"},"content":{"rendered":"<div class=\"wpb-content-wrapper\"><p>[vc_row][vc_column][vc_column_text]<\/p>\n<h2 style=\"text-align: center;\">Birds in November<\/h2>\n<p>Many birders believe that the fall is over after the last intense weeks in October, but this is usually not the case. Early November is almost regarded as a somewhat watered-down October, which is not at all that bad![\/vc_column_text][\/vc_column][\/vc_row][vc_row][vc_column width=&#8221;1\/3&#8243;][vc_column_text]<a href=\"https:\/\/visitoland.com\/wp-content\/uploads\/2016\/05\/svarthakedopping-1-ll.jpg\" data-rel=\"lightbox-image-0\" data-rl_title=\"Svarthakedopping, Lars Lundmark F\u00e5glar \u00d6land\" data-rl_caption=\"\" title=\"Svarthakedopping, Lars Lundmark F\u00e5glar \u00d6land\"><img loading=\"lazy\" decoding=\"async\" class=\"aligncenter wp-image-39724 size-full\" src=\"https:\/\/visitoland.com\/wp-content\/uploads\/2016\/05\/svarthakedopping-1-ll.jpg\" alt=\"Svarthakedopping, Lars Lundmark F\u00e5glar \u00d6land\" width=\"800\" height=\"550\" srcset=\"https:\/\/visitoland.com\/wp-content\/uploads\/2016\/05\/svarthakedopping-1-ll.jpg 800w, https:\/\/visitoland.com\/wp-content\/uploads\/2016\/05\/svarthakedopping-1-ll-150x103.jpg 150w, https:\/\/visitoland.com\/wp-content\/uploads\/2016\/05\/svarthakedopping-1-ll-300x206.jpg 300w, https:\/\/visitoland.com\/wp-content\/uploads\/2016\/05\/svarthakedopping-1-ll-160x110.jpg 160w, https:\/\/visitoland.com\/wp-content\/uploads\/2016\/05\/svarthakedopping-1-ll-260x180.jpg 260w, https:\/\/visitoland.com\/wp-content\/uploads\/2016\/05\/svarthakedopping-1-ll-360x248.jpg 360w\" sizes=\"auto, (max-width: 800px) 100vw, 800px\" \/><\/a>Slavonian Grebe, \u00a9 Lars Lundmark[\/vc_column_text][\/vc_column][vc_column width=&#8221;2\/3&#8243;][vc_column_text]Occasional lagging Passerines still appears, both common and rarer species. Some, like the Great Grey Shrike, Twite, Snow Bunting, Common Redpoll and perhaps Arctic Redpoll have late migration peaks, while some previous species lingers and long haul rarities make unexpected visits.[\/vc_column_text][\/vc_column][\/vc_row][vc_row][vc_column width=&#8221;2\/3&#8243;][vc_column_text]The gull migration can still be significant and small groups of Long-tailed Ducks usually fly past, otherwise, most of the seabirds have passed. All our four Loon species can still turn up, often together with the Grebes and Auks.They now also offers their most beautiful winter outfits in black, gray and white, totally different from the breeding periods more colorful creations.[\/vc_column_text][\/vc_column][vc_column width=&#8221;1\/3&#8243;][vc_column_text]<a href=\"https:\/\/visitoland.com\/wp-content\/uploads\/2016\/05\/skaggdopping-hornsjon-ll.jpg\" data-rel=\"lightbox-image-1\" data-rl_title=\"Sk\u00e4ggdopping, Lars Lundmark F\u00e5glar \u00d6land\" data-rl_caption=\"\" title=\"Sk\u00e4ggdopping, Lars Lundmark F\u00e5glar \u00d6land\"><img loading=\"lazy\" decoding=\"async\" class=\"aligncenter wp-image-39727 size-full\" src=\"https:\/\/visitoland.com\/wp-content\/uploads\/2016\/05\/skaggdopping-hornsjon-ll.jpg\" alt=\"Sk\u00e4ggdopping, Lars Lundmark F\u00e5glar \u00d6land\" width=\"800\" height=\"550\" srcset=\"https:\/\/visitoland.com\/wp-content\/uploads\/2016\/05\/skaggdopping-hornsjon-ll.jpg 800w, https:\/\/visitoland.com\/wp-content\/uploads\/2016\/05\/skaggdopping-hornsjon-ll-150x103.jpg 150w, https:\/\/visitoland.com\/wp-content\/uploads\/2016\/05\/skaggdopping-hornsjon-ll-300x206.jpg 300w, https:\/\/visitoland.com\/wp-content\/uploads\/2016\/05\/skaggdopping-hornsjon-ll-160x110.jpg 160w, https:\/\/visitoland.com\/wp-content\/uploads\/2016\/05\/skaggdopping-hornsjon-ll-260x180.jpg 260w, https:\/\/visitoland.com\/wp-content\/uploads\/2016\/05\/skaggdopping-hornsjon-ll-360x248.jpg 360w\" sizes=\"auto, (max-width: 800px) 100vw, 800px\" \/><\/a>Great Crested Grebe, \u00a9 Lars Lundmark[\/vc_column_text][\/vc_column][\/vc_row][vc_row][vc_column][vc_column_text]<\/p>\n<h3 style=\"text-align: center;\">Birds to scout for in November and December.<\/h3>\n<p>Smew, Purple Sandpiper, Black Guillemot, Little Auk, Common Kingfisher, Horned Lark and Pine Grosbeak.[\/vc_column_text][\/vc_column][\/vc_row][vc_row][vc_column width=&#8221;1\/4&#8243;][vc_column_text]<a href=\"https:\/\/visitoland.com\/wp-content\/uploads\/2016\/05\/salskrake-3-ll.jpg\" data-rel=\"lightbox-image-2\" data-rl_title=\"Salskrake, Lars Lundmark F\u00e5glar \u00d6land\" data-rl_caption=\"\" title=\"Salskrake, Lars Lundmark F\u00e5glar \u00d6land\"><img loading=\"lazy\" decoding=\"async\" class=\"aligncenter wp-image-39711 size-full\" src=\"https:\/\/visitoland.com\/wp-content\/uploads\/2016\/05\/salskrake-3-ll.jpg\" alt=\"Salskrake, Lars Lundmark F\u00e5glar \u00d6land\" width=\"800\" height=\"550\" srcset=\"https:\/\/visitoland.com\/wp-content\/uploads\/2016\/05\/salskrake-3-ll.jpg 800w, https:\/\/visitoland.com\/wp-content\/uploads\/2016\/05\/salskrake-3-ll-150x103.jpg 150w, https:\/\/visitoland.com\/wp-content\/uploads\/2016\/05\/salskrake-3-ll-300x206.jpg 300w, https:\/\/visitoland.com\/wp-content\/uploads\/2016\/05\/salskrake-3-ll-160x110.jpg 160w, https:\/\/visitoland.com\/wp-content\/uploads\/2016\/05\/salskrake-3-ll-260x180.jpg 260w, https:\/\/visitoland.com\/wp-content\/uploads\/2016\/05\/salskrake-3-ll-360x248.jpg 360w\" sizes=\"auto, (max-width: 800px) 100vw, 800px\" \/><\/a>Smew, \u00a9 Lars Lundmark[\/vc_column_text][\/vc_column][vc_column width=&#8221;1\/4&#8243;][vc_column_text]<a href=\"https:\/\/visitoland.com\/wp-content\/uploads\/2016\/05\/kungsfiskare-ll.jpg\" data-rel=\"lightbox-image-3\" data-rl_title=\"Kungsfiskare, Lars Lundmark F\u00e5glar \u00d6land\" data-rl_caption=\"\" title=\"Kungsfiskare, Lars Lundmark F\u00e5glar \u00d6land\"><img loading=\"lazy\" decoding=\"async\" class=\"aligncenter wp-image-39714 size-full\" src=\"https:\/\/visitoland.com\/wp-content\/uploads\/2016\/05\/kungsfiskare-ll.jpg\" alt=\"Kungsfiskare, Lars Lundmark F\u00e5glar \u00d6land\" width=\"800\" height=\"581\" srcset=\"https:\/\/visitoland.com\/wp-content\/uploads\/2016\/05\/kungsfiskare-ll.jpg 800w, https:\/\/visitoland.com\/wp-content\/uploads\/2016\/05\/kungsfiskare-ll-150x109.jpg 150w, https:\/\/visitoland.com\/wp-content\/uploads\/2016\/05\/kungsfiskare-ll-300x218.jpg 300w, https:\/\/visitoland.com\/wp-content\/uploads\/2016\/05\/kungsfiskare-ll-160x116.jpg 160w, https:\/\/visitoland.com\/wp-content\/uploads\/2016\/05\/kungsfiskare-ll-248x180.jpg 248w, https:\/\/visitoland.com\/wp-content\/uploads\/2016\/05\/kungsfiskare-ll-360x261.jpg 360w\" sizes=\"auto, (max-width: 800px) 100vw, 800px\" \/><\/a>Common Kingfisher, \u00a9 Lars Lundmark[\/vc_column_text][\/vc_column][vc_column width=&#8221;1\/4&#8243;][vc_column_text]<a href=\"https:\/\/visitoland.com\/wp-content\/uploads\/2016\/05\/alkekung-ll.jpg\" data-rel=\"lightbox-image-4\" data-rl_title=\"Alkekung, Lars Lundmark F\u00e5glar \u00d6land\" data-rl_caption=\"\" title=\"Alkekung, Lars Lundmark F\u00e5glar \u00d6land\"><img loading=\"lazy\" decoding=\"async\" class=\"aligncenter wp-image-39717 size-full\" src=\"https:\/\/visitoland.com\/wp-content\/uploads\/2016\/05\/alkekung-ll.jpg\" alt=\"Alkekung, Lars Lundmark F\u00e5glar \u00d6land\" width=\"800\" height=\"550\" srcset=\"https:\/\/visitoland.com\/wp-content\/uploads\/2016\/05\/alkekung-ll.jpg 800w, https:\/\/visitoland.com\/wp-content\/uploads\/2016\/05\/alkekung-ll-150x103.jpg 150w, https:\/\/visitoland.com\/wp-content\/uploads\/2016\/05\/alkekung-ll-300x206.jpg 300w, https:\/\/visitoland.com\/wp-content\/uploads\/2016\/05\/alkekung-ll-160x110.jpg 160w, https:\/\/visitoland.com\/wp-content\/uploads\/2016\/05\/alkekung-ll-260x180.jpg 260w, https:\/\/visitoland.com\/wp-content\/uploads\/2016\/05\/alkekung-ll-360x248.jpg 360w\" sizes=\"auto, (max-width: 800px) 100vw, 800px\" \/><\/a>Little Auk, \u00a9 Lars Lundmark[\/vc_column_text][\/vc_column][vc_column width=&#8221;1\/4&#8243;][vc_column_text]<a href=\"https:\/\/visitoland.com\/wp-content\/uploads\/2016\/05\/berglarka-ll.jpg\" data-rel=\"lightbox-image-5\" data-rl_title=\"Bergl\u00e4rka, Lars Lundmark F\u00e5glar \u00d6land\" data-rl_caption=\"\" title=\"Bergl\u00e4rka, Lars Lundmark F\u00e5glar \u00d6land\"><img loading=\"lazy\" decoding=\"async\" class=\"aligncenter wp-image-39720 size-full\" src=\"https:\/\/visitoland.com\/wp-content\/uploads\/2016\/05\/berglarka-ll.jpg\" alt=\"Bergl\u00e4rka, Lars Lundmark F\u00e5glar \u00d6land\" width=\"800\" height=\"550\" srcset=\"https:\/\/visitoland.com\/wp-content\/uploads\/2016\/05\/berglarka-ll.jpg 800w, https:\/\/visitoland.com\/wp-content\/uploads\/2016\/05\/berglarka-ll-150x103.jpg 150w, https:\/\/visitoland.com\/wp-content\/uploads\/2016\/05\/berglarka-ll-300x206.jpg 300w, https:\/\/visitoland.com\/wp-content\/uploads\/2016\/05\/berglarka-ll-160x110.jpg 160w, https:\/\/visitoland.com\/wp-content\/uploads\/2016\/05\/berglarka-ll-260x180.jpg 260w, https:\/\/visitoland.com\/wp-content\/uploads\/2016\/05\/berglarka-ll-360x248.jpg 360w\" sizes=\"auto, (max-width: 800px) 100vw, 800px\" \/><\/a>Horned Lark, \u00a9 Lars Lundmark[\/vc_column_text][\/vc_column][\/vc_row][vc_row][vc_column width=&#8221;1\/6&#8243;][vc_column_text]<img loading=\"lazy\" decoding=\"async\" class=\"aligncenter size-full wp-image-39338\" src=\"https:\/\/visitoland.com\/wp-content\/uploads\/2016\/04\/olands-faglar-OOF.jpg\" alt=\"\u00d6lands-f\u00e5glar-\u00d6OF \u00d6land\" width=\"275\" height=\"400\" srcset=\"https:\/\/visitoland.com\/wp-content\/uploads\/2016\/04\/olands-faglar-OOF.jpg 275w, https:\/\/visitoland.com\/wp-content\/uploads\/2016\/04\/olands-faglar-OOF-103x150.jpg 103w, https:\/\/visitoland.com\/wp-content\/uploads\/2016\/04\/olands-faglar-OOF-206x300.jpg 206w, https:\/\/visitoland.com\/wp-content\/uploads\/2016\/04\/olands-faglar-OOF-83x120.jpg 83w, https:\/\/visitoland.com\/wp-content\/uploads\/2016\/04\/olands-faglar-OOF-124x180.jpg 124w, https:\/\/visitoland.com\/wp-content\/uploads\/2016\/04\/olands-faglar-OOF-184x268.jpg 184w\" sizes=\"auto, (max-width: 275px) 100vw, 275px\" \/>[\/vc_column_text][\/vc_column][vc_column width=&#8221;5\/6&#8243;][vc_column_text]<strong>Source<\/strong>: \u00d6lands F\u00e5glar \u00a9 <a href=\"https:\/\/www.oof.nu\/\" target=\"_blank\">\u00d6lands Ornitologiska F\u00f6rening \u00d6OF<\/a> \u00a0(authors this chapter: Anders Waldenstr\u00f6m)<\/p>\n<p><strong>Translation<\/strong>: Visitoland.com<\/p>\n<p><strong>Pictures<\/strong>: see each picture<\/p>\n<p><strong>The book<\/strong>: \u00d6lands F\u00e5glar, 496 pages (only in Swedish), can be ordered at <a href=\"https:\/\/www.naturbokhandeln.se\/sv\/articles\/2.101.5628\/olands-faglar-red-johnsson\" target=\"_blank\">Naturbokhandeln<\/a><br \/>\n<strong>ISBN<\/strong>: 9789188124555[\/vc_column_text][\/vc_column][\/vc_row]<\/p>\n<\/div>","protected":false},"excerpt":{"rendered":"<p>[vc_row][vc_column][vc_column_text] Birds in November Many birders believe that the fall is over after the last intense weeks in October, but this is usually not the case. Early November is almost regarded as a somewhat watered-down October, which is not at all that bad![\/vc_column_text][\/vc_column][\/vc_row][vc_row][vc_column width=&#8221;1\/3&#8243;][vc_column_text]Slavonian Grebe, \u00a9 Lars Lundmark[\/vc_column_text][\/vc_column][vc_column width=&#8221;2\/3&#8243;][vc_column_text]Occasional lagging Passerines still appears, both common&nbsp; &nbsp;<a href=\"https:\/\/visitoland.com\/en\/birding\/month-by-month\/november\/\">&#8230;Continue Reading<\/a><\/p>\n","protected":false},"author":2,"featured_media":39522,"parent":39416,"menu_order":11,"comment_status":"closed","ping_status":"closed","template":"","meta":{"footnotes":""},"class_list":["post-39989","page","type-page","status-publish","has-post-thumbnail","hentry"],"aioseo_notices":[],"_links":{"self":[{"href":"https:\/\/visitoland.com\/en\/wp-json\/wp\/v2\/pages\/39989","targetHints":{"allow":["GET"]}}],"collection":[{"href":"https:\/\/visitoland.com\/en\/wp-json\/wp\/v2\/pages"}],"about":[{"href":"https:\/\/visitoland.com\/en\/wp-json\/wp\/v2\/types\/page"}],"author":[{"embeddable":true,"href":"https:\/\/visitoland.com\/en\/wp-json\/wp\/v2\/users\/2"}],"replies":[{"embeddable":true,"href":"https:\/\/visitoland.com\/en\/wp-json\/wp\/v2\/comments?post=39989"}],"version-history":[{"count":0,"href":"https:\/\/visitoland.com\/en\/wp-json\/wp\/v2\/pages\/39989\/revisions"}],"up":[{"embeddable":true,"href":"https:\/\/visitoland.com\/en\/wp-json\/wp\/v2\/pages\/39416"}],"wp:featuredmedia":[{"embeddable":true,"href":"https:\/\/visitoland.com\/en\/wp-json\/wp\/v2\/media\/39522"}],"wp:attachment":[{"href":"https:\/\/visitoland.com\/en\/wp-json\/wp\/v2\/media?parent=39989"}],"curies":[{"name":"wp","href":"https:\/\/api.w.org\/{rel}","templated":true}]}}