{"id":39997,"date":"2016-05-10T19:55:42","date_gmt":"2016-05-10T17:55:42","guid":{"rendered":"https:\/\/visitoland.com\/en\/?page_id=39997"},"modified":"2016-05-17T19:44:48","modified_gmt":"2016-05-17T17:44:48","slug":"december","status":"publish","type":"page","link":"https:\/\/visitoland.com\/en\/birding\/month-by-month\/december\/","title":{"rendered":"December"},"content":{"rendered":"<div class=\"wpb-content-wrapper\"><p>[vc_row][vc_column width=&#8221;2\/3&#8243;][vc_column_text]<\/p>\n<h2 style=\"text-align: center;\">Birds in December<\/h2>\n<p>Some years, December is just an extension of the autumn with rain, haze and gray tones in the landscape, other years the winter arrives with snow and cold. Mild pre winters means that many birds such as Thrushes and Bohemian Waxwings remain in large quantities, especially when there are plenty of rowan berries.[\/vc_column_text][\/vc_column][vc_column width=&#8221;1\/3&#8243;][vc_column_text]<a href=\"https:\/\/visitoland.com\/wp-content\/uploads\/2016\/05\/sidensvans-mt-dec.jpg\" data-rel=\"lightbox-image-0\" data-rl_title=\"Sidensvans, Markus Tallroth F\u00e5glar \u00d6land\" data-rl_caption=\"\" title=\"Sidensvans, Markus Tallroth F\u00e5glar \u00d6land\"><img loading=\"lazy\" decoding=\"async\" class=\"aligncenter wp-image-39734 size-full\" src=\"https:\/\/visitoland.com\/wp-content\/uploads\/2016\/05\/sidensvans-mt-dec.jpg\" alt=\"Sidensvans, Markus Tallroth F\u00e5glar \u00d6land\" width=\"1000\" height=\"666\" srcset=\"https:\/\/visitoland.com\/wp-content\/uploads\/2016\/05\/sidensvans-mt-dec.jpg 1000w, https:\/\/visitoland.com\/wp-content\/uploads\/2016\/05\/sidensvans-mt-dec-150x100.jpg 150w, https:\/\/visitoland.com\/wp-content\/uploads\/2016\/05\/sidensvans-mt-dec-300x200.jpg 300w, https:\/\/visitoland.com\/wp-content\/uploads\/2016\/05\/sidensvans-mt-dec-160x107.jpg 160w, https:\/\/visitoland.com\/wp-content\/uploads\/2016\/05\/sidensvans-mt-dec-260x173.jpg 260w, https:\/\/visitoland.com\/wp-content\/uploads\/2016\/05\/sidensvans-mt-dec-360x240.jpg 360w\" sizes=\"auto, (max-width: 1000px) 100vw, 1000px\" \/><\/a>Bohemian Waxwing, \u00a9 Markus Tallroth[\/vc_column_text][\/vc_column][\/vc_row][vc_row][vc_column width=&#8221;1\/3&#8243;][vc_column_text]<a href=\"https:\/\/visitoland.com\/wp-content\/uploads\/2016\/05\/rodvingetrast-1-ll.jpg\" data-rel=\"lightbox-image-1\" data-rl_title=\"R\u00f6dvingetrast, Lars Lundmark F\u00e5glar \u00d6land\" data-rl_caption=\"\" title=\"R\u00f6dvingetrast, Lars Lundmark F\u00e5glar \u00d6land\"><img loading=\"lazy\" decoding=\"async\" class=\"aligncenter wp-image-39740 size-full\" src=\"https:\/\/visitoland.com\/wp-content\/uploads\/2016\/05\/rodvingetrast-1-ll.jpg\" alt=\"R\u00f6dvingetrast, Lars Lundmark F\u00e5glar \u00d6land\" width=\"598\" height=\"448\" srcset=\"https:\/\/visitoland.com\/wp-content\/uploads\/2016\/05\/rodvingetrast-1-ll.jpg 598w, https:\/\/visitoland.com\/wp-content\/uploads\/2016\/05\/rodvingetrast-1-ll-150x112.jpg 150w, https:\/\/visitoland.com\/wp-content\/uploads\/2016\/05\/rodvingetrast-1-ll-300x225.jpg 300w, https:\/\/visitoland.com\/wp-content\/uploads\/2016\/05\/rodvingetrast-1-ll-160x120.jpg 160w, https:\/\/visitoland.com\/wp-content\/uploads\/2016\/05\/rodvingetrast-1-ll-240x180.jpg 240w, https:\/\/visitoland.com\/wp-content\/uploads\/2016\/05\/rodvingetrast-1-ll-358x268.jpg 358w\" sizes=\"auto, (max-width: 598px) 100vw, 598px\" \/><\/a>Redwing, \u00a9 Lars Lundmark[\/vc_column_text][\/vc_column][vc_column width=&#8221;2\/3&#8243;][vc_column_text]<\/p>\n<p>If winter comes suddenly can single Long-eared and Short-eared Owls, that have not yet left the country, show up in the lighthouse garden on the southern tip of \u00d6land. Bare blown costal meadows with winter seed heads and dry seed heads of a number of plants sticking up above the snow, attract Finches and Siskins.[\/vc_column_text][\/vc_column][\/vc_row][vc_row][vc_column][vc_column_text]Strong wind combined with snowfall, \u201cf\u00e5k\u201d can sculpt a strange landscape with meter-high snowdrifts at the stone walls and other obstacles in windswept positions, while higher and more open positions of farmland and fields can be more or less free of snow. This phenomenon is called \u201cf\u00e5k\u201d on \u00d6land, blizzard weather with strong winds and drifting snow, especially where the snow gathers on roads and around buildings and other structures as walls and so forth. The open fields attract Grey Partridges.<\/p>\n<p>Along the coast eagles are now patrolling for the surplus tired seabirds provide. Rough-legged Buzzard, Hen Harrier, Northern Goshawk and Golden Eagles are other birds of prey that can be seen during a drive on southern \u00d6land at Christmas time. Now it&#8217;s tough for all the bird species that have chosen to spend the winter on the island of \u00d6land.[\/vc_column_text][\/vc_column][\/vc_row][vc_row][vc_column width=&#8221;1\/4&#8243;][vc_column_text]<a href=\"https:\/\/visitoland.com\/wp-content\/uploads\/2016\/05\/duvhok-ll.jpg\" data-rel=\"lightbox-image-2\" data-rl_title=\"Duvh\u00f6k, Lars Lundblad F\u00e5glar \u00d6land\" data-rl_caption=\"\" title=\"Duvh\u00f6k, Lars Lundblad F\u00e5glar \u00d6land\"><img loading=\"lazy\" decoding=\"async\" class=\"aligncenter wp-image-39749 size-full\" src=\"https:\/\/visitoland.com\/wp-content\/uploads\/2016\/05\/duvhok-ll.jpg\" alt=\"Duvh\u00f6k, Lars Lundblad F\u00e5glar \u00d6land\" width=\"800\" height=\"550\" srcset=\"https:\/\/visitoland.com\/wp-content\/uploads\/2016\/05\/duvhok-ll.jpg 800w, https:\/\/visitoland.com\/wp-content\/uploads\/2016\/05\/duvhok-ll-150x103.jpg 150w, https:\/\/visitoland.com\/wp-content\/uploads\/2016\/05\/duvhok-ll-300x206.jpg 300w, https:\/\/visitoland.com\/wp-content\/uploads\/2016\/05\/duvhok-ll-160x110.jpg 160w, https:\/\/visitoland.com\/wp-content\/uploads\/2016\/05\/duvhok-ll-260x180.jpg 260w, https:\/\/visitoland.com\/wp-content\/uploads\/2016\/05\/duvhok-ll-360x248.jpg 360w\" sizes=\"auto, (max-width: 800px) 100vw, 800px\" \/><\/a>Northern Goshawk, \u00a9Lars Lundmark[\/vc_column_text][\/vc_column][vc_column width=&#8221;1\/4&#8243;][vc_column_text]<a href=\"https:\/\/visitoland.com\/wp-content\/uploads\/2016\/05\/havsorn-4-ll.jpg\" data-rel=\"lightbox-image-3\" data-rl_title=\"Havs\u00f6rn, Lars Lundmark F\u00e5glar \u00d6land\" data-rl_caption=\"\" title=\"Havs\u00f6rn, Lars Lundmark F\u00e5glar \u00d6land\"><img loading=\"lazy\" decoding=\"async\" class=\"aligncenter wp-image-39743 size-full\" src=\"https:\/\/visitoland.com\/wp-content\/uploads\/2016\/05\/havsorn-4-ll.jpg\" alt=\"Havs\u00f6rn, Lars Lundmark F\u00e5glar \u00d6land\" width=\"800\" height=\"550\" srcset=\"https:\/\/visitoland.com\/wp-content\/uploads\/2016\/05\/havsorn-4-ll.jpg 800w, https:\/\/visitoland.com\/wp-content\/uploads\/2016\/05\/havsorn-4-ll-150x103.jpg 150w, https:\/\/visitoland.com\/wp-content\/uploads\/2016\/05\/havsorn-4-ll-300x206.jpg 300w, https:\/\/visitoland.com\/wp-content\/uploads\/2016\/05\/havsorn-4-ll-160x110.jpg 160w, https:\/\/visitoland.com\/wp-content\/uploads\/2016\/05\/havsorn-4-ll-260x180.jpg 260w, https:\/\/visitoland.com\/wp-content\/uploads\/2016\/05\/havsorn-4-ll-360x248.jpg 360w\" sizes=\"auto, (max-width: 800px) 100vw, 800px\" \/><\/a>White-tailed Eagle, \u00a9 Lars Lundmark[\/vc_column_text][\/vc_column][vc_column width=&#8221;1\/4&#8243;][vc_column_text]<a href=\"https:\/\/visitoland.com\/wp-content\/uploads\/2016\/05\/kungsorn-ll.jpg\" data-rel=\"lightbox-image-4\" data-rl_title=\"Kungs\u00f6rn, Lars Lundmark F\u00e5glar \u00d6land\" data-rl_caption=\"\" title=\"Kungs\u00f6rn, Lars Lundmark F\u00e5glar \u00d6land\"><img loading=\"lazy\" decoding=\"async\" class=\"aligncenter wp-image-39746 size-full\" src=\"https:\/\/visitoland.com\/wp-content\/uploads\/2016\/05\/kungsorn-ll.jpg\" alt=\"Kungs\u00f6rn, Lars Lundmark F\u00e5glar \u00d6land\" width=\"800\" height=\"599\" srcset=\"https:\/\/visitoland.com\/wp-content\/uploads\/2016\/05\/kungsorn-ll.jpg 800w, https:\/\/visitoland.com\/wp-content\/uploads\/2016\/05\/kungsorn-ll-150x112.jpg 150w, https:\/\/visitoland.com\/wp-content\/uploads\/2016\/05\/kungsorn-ll-300x225.jpg 300w, https:\/\/visitoland.com\/wp-content\/uploads\/2016\/05\/kungsorn-ll-160x120.jpg 160w, https:\/\/visitoland.com\/wp-content\/uploads\/2016\/05\/kungsorn-ll-240x180.jpg 240w, https:\/\/visitoland.com\/wp-content\/uploads\/2016\/05\/kungsorn-ll-358x268.jpg 358w\" sizes=\"auto, (max-width: 800px) 100vw, 800px\" \/><\/a>Golden Eagle, \u00a9 Lars Lundmark[\/vc_column_text][\/vc_column][vc_column width=&#8221;1\/4&#8243;][vc_column_text]<a href=\"https:\/\/visitoland.com\/wp-content\/uploads\/2016\/05\/ormvrak-2-ll.jpg\" data-rel=\"lightbox-image-5\" data-rl_title=\"Ormvr\u00e5k, Lars Lundmark F\u00e5glar \u00d6land\" data-rl_caption=\"\" title=\"Ormvr\u00e5k, Lars Lundmark F\u00e5glar \u00d6land\"><img loading=\"lazy\" decoding=\"async\" class=\"aligncenter wp-image-39752 size-full\" src=\"https:\/\/visitoland.com\/wp-content\/uploads\/2016\/05\/ormvrak-2-ll.jpg\" alt=\"Ormvr\u00e5k, Lars Lundmark F\u00e5glar \u00d6land\" width=\"800\" height=\"550\" srcset=\"https:\/\/visitoland.com\/wp-content\/uploads\/2016\/05\/ormvrak-2-ll.jpg 800w, https:\/\/visitoland.com\/wp-content\/uploads\/2016\/05\/ormvrak-2-ll-150x103.jpg 150w, https:\/\/visitoland.com\/wp-content\/uploads\/2016\/05\/ormvrak-2-ll-300x206.jpg 300w, https:\/\/visitoland.com\/wp-content\/uploads\/2016\/05\/ormvrak-2-ll-160x110.jpg 160w, https:\/\/visitoland.com\/wp-content\/uploads\/2016\/05\/ormvrak-2-ll-260x180.jpg 260w, https:\/\/visitoland.com\/wp-content\/uploads\/2016\/05\/ormvrak-2-ll-360x248.jpg 360w\" sizes=\"auto, (max-width: 800px) 100vw, 800px\" \/><\/a>Common Buzzard, \u00a9 Lars Lundmark[\/vc_column_text][\/vc_column][\/vc_row][vc_row][vc_column][vc_column_text]<\/p>\n<h3 style=\"text-align: center;\">F\u00e5glar att h\u00e5lla utkik efter i november och december.<\/h3>\n<p>Salskrake, sk\u00e4rsn\u00e4ppa, tobisgrissla, alkekung, kungsfiskare, bergl\u00e4rka och tallbit.[\/vc_column_text][\/vc_column][\/vc_row][vc_row][vc_column width=&#8221;1\/6&#8243;][vc_column_text]<img loading=\"lazy\" decoding=\"async\" class=\"aligncenter size-full wp-image-39338\" src=\"https:\/\/visitoland.com\/wp-content\/uploads\/2016\/04\/olands-faglar-OOF.jpg\" alt=\"\u00d6lands-f\u00e5glar-\u00d6OF \u00d6land\" width=\"275\" height=\"400\" srcset=\"https:\/\/visitoland.com\/wp-content\/uploads\/2016\/04\/olands-faglar-OOF.jpg 275w, https:\/\/visitoland.com\/wp-content\/uploads\/2016\/04\/olands-faglar-OOF-103x150.jpg 103w, https:\/\/visitoland.com\/wp-content\/uploads\/2016\/04\/olands-faglar-OOF-206x300.jpg 206w, https:\/\/visitoland.com\/wp-content\/uploads\/2016\/04\/olands-faglar-OOF-83x120.jpg 83w, https:\/\/visitoland.com\/wp-content\/uploads\/2016\/04\/olands-faglar-OOF-124x180.jpg 124w, https:\/\/visitoland.com\/wp-content\/uploads\/2016\/04\/olands-faglar-OOF-184x268.jpg 184w\" sizes=\"auto, (max-width: 275px) 100vw, 275px\" \/>[\/vc_column_text][\/vc_column][vc_column width=&#8221;5\/6&#8243;][vc_column_text]<strong>Source<\/strong>: \u00d6lands F\u00e5glar \u00a9 <a href=\"https:\/\/www.oof.nu\/\" target=\"_blank\">\u00d6lands Ornitologiska F\u00f6rening \u00d6OF<\/a> \u00a0(authors this chapter: Pav Johnsson, Anders Waldenstr\u00f6m)<\/p>\n<p><strong>Translation<\/strong>: Visitoland.com<\/p>\n<p><strong>Pictures<\/strong>: see each picture<\/p>\n<p><strong>The book<\/strong>: \u00d6lands F\u00e5glar, 496 pages (only in Swedish), can be ordered at <a href=\"https:\/\/www.naturbokhandeln.se\/sv\/articles\/2.101.5628\/olands-faglar-red-johnsson\" target=\"_blank\">Naturbokhandeln<\/a><br \/>\n<strong>ISBN<\/strong>: 9789188124555[\/vc_column_text][\/vc_column][\/vc_row]<\/p>\n<\/div>","protected":false},"excerpt":{"rendered":"<p>[vc_row][vc_column width=&#8221;2\/3&#8243;][vc_column_text] Birds in December Some years, December is just an extension of the autumn with rain, haze and gray tones in the landscape, other years the winter arrives with snow and cold. Mild pre winters means that many birds such as Thrushes and Bohemian Waxwings remain in large quantities, especially when there are plenty&nbsp; &nbsp;<a href=\"https:\/\/visitoland.com\/en\/birding\/month-by-month\/december\/\">&#8230;Continue Reading<\/a><\/p>\n","protected":false},"author":2,"featured_media":39527,"parent":39416,"menu_order":12,"comment_status":"closed","ping_status":"closed","template":"","meta":{"footnotes":""},"class_list":["post-39997","page","type-page","status-publish","has-post-thumbnail","hentry"],"aioseo_notices":[],"_links":{"self":[{"href":"https:\/\/visitoland.com\/en\/wp-json\/wp\/v2\/pages\/39997","targetHints":{"allow":["GET"]}}],"collection":[{"href":"https:\/\/visitoland.com\/en\/wp-json\/wp\/v2\/pages"}],"about":[{"href":"https:\/\/visitoland.com\/en\/wp-json\/wp\/v2\/types\/page"}],"author":[{"embeddable":true,"href":"https:\/\/visitoland.com\/en\/wp-json\/wp\/v2\/users\/2"}],"replies":[{"embeddable":true,"href":"https:\/\/visitoland.com\/en\/wp-json\/wp\/v2\/comments?post=39997"}],"version-history":[{"count":0,"href":"https:\/\/visitoland.com\/en\/wp-json\/wp\/v2\/pages\/39997\/revisions"}],"up":[{"embeddable":true,"href":"https:\/\/visitoland.com\/en\/wp-json\/wp\/v2\/pages\/39416"}],"wp:featuredmedia":[{"embeddable":true,"href":"https:\/\/visitoland.com\/en\/wp-json\/wp\/v2\/media\/39527"}],"wp:attachment":[{"href":"https:\/\/visitoland.com\/en\/wp-json\/wp\/v2\/media?parent=39997"}],"curies":[{"name":"wp","href":"https:\/\/api.w.org\/{rel}","templated":true}]}}