{"id":40147,"date":"2016-05-16T12:41:23","date_gmt":"2016-05-16T10:41:23","guid":{"rendered":"https:\/\/visitoland.com\/en\/?page_id=40147"},"modified":"2016-05-16T17:35:50","modified_gmt":"2016-05-16T15:35:50","slug":"march-to-may","status":"publish","type":"page","link":"https:\/\/visitoland.com\/en\/birding\/the-rarities\/march-to-may\/","title":{"rendered":"March to May"},"content":{"rendered":"<div class=\"wpb-content-wrapper\"><p>[vc_row][vc_column][vc_column_text]<\/p>\n<h2 style=\"text-align: center;\">It just gets better and better!<strong><br \/>\n<\/strong><\/h2>\n<p>During the time when the birds leave their wintering areas in the south and flies northward to nest, then Oland is visited regularly by a variety of rare birds that have their actual habitat further south or east in Europe.<\/p>\n<p>The phenomenon is called extended migration and benefit from weather situations where warm southeast winds are crossing the Baltic Sea. Also birds that already in the autumn flew astray, can now in the spring appear again on the island.[\/vc_column_text][\/vc_column][\/vc_row][vc_row][vc_column width=&#8221;2\/3&#8243;][vc_column_text]Few stray flown birds has yet arrived in March, but halfway into April its starts to happen.<\/p>\n<p>Among migrating ducks may rarities from the other side of the Atlantic, like Black Scoter and Surf Scoter comply, and among migrating Dabbling Ducks is Green-winged Teal sometimes found.[\/vc_column_text][\/vc_column][vc_column width=&#8221;1\/3&#8243;][vc_column_text]<a href=\"https:\/\/visitoland.com\/wp-content\/uploads\/2016\/05\/dammsnappa-1-ll.jpg\" data-rel=\"lightbox-image-0\" data-rl_title=\"Dammsn\u00e4ppa, Lars Lundmark F\u00e5glar \u00d6land\" data-rl_caption=\"\" title=\"Dammsn\u00e4ppa, Lars Lundmark F\u00e5glar \u00d6land\"><img loading=\"lazy\" decoding=\"async\" class=\"aligncenter wp-image-40128 size-full\" src=\"https:\/\/visitoland.com\/wp-content\/uploads\/2016\/05\/dammsnappa-1-ll.jpg\" alt=\"Dammsn\u00e4ppa, Lars Lundmark F\u00e5glar \u00d6land\" width=\"800\" height=\"550\" srcset=\"https:\/\/visitoland.com\/wp-content\/uploads\/2016\/05\/dammsnappa-1-ll.jpg 800w, https:\/\/visitoland.com\/wp-content\/uploads\/2016\/05\/dammsnappa-1-ll-150x103.jpg 150w, https:\/\/visitoland.com\/wp-content\/uploads\/2016\/05\/dammsnappa-1-ll-300x206.jpg 300w, https:\/\/visitoland.com\/wp-content\/uploads\/2016\/05\/dammsnappa-1-ll-160x110.jpg 160w, https:\/\/visitoland.com\/wp-content\/uploads\/2016\/05\/dammsnappa-1-ll-260x180.jpg 260w, https:\/\/visitoland.com\/wp-content\/uploads\/2016\/05\/dammsnappa-1-ll-360x248.jpg 360w\" sizes=\"auto, (max-width: 800px) 100vw, 800px\" \/><\/a>Marsh Sandpiper, \u00a9 Lars Lundmark[\/vc_column_text][\/vc_column][\/vc_row][vc_row][vc_column width=&#8221;1\/3&#8243;][vc_column_text]<a href=\"https:\/\/visitoland.com\/wp-content\/uploads\/2016\/05\/sydnaktergal-ll.jpg\" data-rel=\"lightbox-image-1\" data-rl_title=\"Sydn\u00e4ktergal, Lars Lundmark F\u00e5glar \u00d6land\" data-rl_caption=\"\" title=\"Sydn\u00e4ktergal, Lars Lundmark F\u00e5glar \u00d6land\"><img loading=\"lazy\" decoding=\"async\" class=\"aligncenter wp-image-40131 size-full\" src=\"https:\/\/visitoland.com\/wp-content\/uploads\/2016\/05\/sydnaktergal-ll.jpg\" alt=\"Sydn\u00e4ktergal, Lars Lundmark F\u00e5glar \u00d6land\" width=\"800\" height=\"658\" srcset=\"https:\/\/visitoland.com\/wp-content\/uploads\/2016\/05\/sydnaktergal-ll.jpg 800w, https:\/\/visitoland.com\/wp-content\/uploads\/2016\/05\/sydnaktergal-ll-150x123.jpg 150w, https:\/\/visitoland.com\/wp-content\/uploads\/2016\/05\/sydnaktergal-ll-300x247.jpg 300w, https:\/\/visitoland.com\/wp-content\/uploads\/2016\/05\/sydnaktergal-ll-146x120.jpg 146w, https:\/\/visitoland.com\/wp-content\/uploads\/2016\/05\/sydnaktergal-ll-219x180.jpg 219w, https:\/\/visitoland.com\/wp-content\/uploads\/2016\/05\/sydnaktergal-ll-326x268.jpg 326w\" sizes=\"auto, (max-width: 800px) 100vw, 800px\" \/><\/a>Nightingale, \u00a9 Lars Lundmark[\/vc_column_text][\/vc_column][vc_column width=&#8221;2\/3&#8243;][vc_column_text]From the south can tired rarities, like the Alpine Accentor show up after hot air penetration.<\/p>\n<p>Still, it&#8217;s May which is rarity month above all others. Since long ago it was thought that the end of May would be the very best, but an analysis of the entire material does not support this.<\/p>\n<p>Basically it is seen as many rarities early as in the end of the month, instead it is the selection of species that differ, with a predominance of southern species at the beginning and the southeastern at the end of the month.[\/vc_column_text][\/vc_column][\/vc_row][vc_row][vc_column width=&#8221;2\/3&#8243;][vc_column_text]To list all of the rarities that are possible to see during this month would take several pages, so to highlight some regularly occurring rarities to keep your eyes open for during the month of May, would be: Little Crake, Marsh Sandpiper, Terek Sandpiper, Gull-billed Tern, White-winged Tern, Greater Short-toed Lark, Crested Lark, Common Nightingale, Savi&#8217;s Warbler, Subalpine Warbler, Woodchat Shrike, Rosy Starling and Black-headed Bunting.[\/vc_column_text][\/vc_column][vc_column width=&#8221;1\/3&#8243;][vc_column_text]<a href=\"https:\/\/visitoland.com\/wp-content\/uploads\/2016\/05\/vitvingadtarna-ll.jpg\" data-rel=\"lightbox-image-2\" data-rl_title=\"Vitvingad T\u00e4rna Lars Lundmark F\u00e5glar \u00d6land\" data-rl_caption=\"\" title=\"Vitvingad T\u00e4rna Lars Lundmark F\u00e5glar \u00d6land\"><img loading=\"lazy\" decoding=\"async\" class=\"aligncenter wp-image-40125 size-full\" src=\"https:\/\/visitoland.com\/wp-content\/uploads\/2016\/05\/vitvingadtarna-ll.jpg\" alt=\"Vitvingad T\u00e4rna Lars Lundmark F\u00e5glar \u00d6land\" width=\"800\" height=\"550\" srcset=\"https:\/\/visitoland.com\/wp-content\/uploads\/2016\/05\/vitvingadtarna-ll.jpg 800w, https:\/\/visitoland.com\/wp-content\/uploads\/2016\/05\/vitvingadtarna-ll-150x103.jpg 150w, https:\/\/visitoland.com\/wp-content\/uploads\/2016\/05\/vitvingadtarna-ll-300x206.jpg 300w, https:\/\/visitoland.com\/wp-content\/uploads\/2016\/05\/vitvingadtarna-ll-160x110.jpg 160w, https:\/\/visitoland.com\/wp-content\/uploads\/2016\/05\/vitvingadtarna-ll-260x180.jpg 260w, https:\/\/visitoland.com\/wp-content\/uploads\/2016\/05\/vitvingadtarna-ll-360x248.jpg 360w\" sizes=\"auto, (max-width: 800px) 100vw, 800px\" \/><\/a>White-winged Tern, \u00a9 Lars Lundmark[\/vc_column_text][\/vc_column][\/vc_row][vc_row][vc_column][vc_column_text]<\/p>\n<h3 style=\"text-align: center;\">Some rarities that have only been seen in the spring on \u00d6land.<\/h3>\n<p>Collared Pratincole, Caspian Plover, Solitary Sandpiper, Wilson&#8217;s Phalarope, Franklin&#8217;s Gull, Ivory Gull, European Scops Owl, Eurasian Eagle-owl, Alpine Swift, Eyebrowed Thrush, Cetti&#8217;s Warbler, Dartford Warbler, Green Warbler, Western Bonelli&#8217;s Warbler, Cirl Bunting, Rock Bunting and Cretzschmar&#8217;s Bunting.[\/vc_column_text][\/vc_column][\/vc_row][vc_row][vc_column width=&#8221;1\/4&#8243;][vc_column_text]<a href=\"https:\/\/visitoland.com\/wp-content\/uploads\/2016\/05\/hacksparv-ll.jpg\" data-rel=\"lightbox-image-3\" data-rl_title=\"H\u00e4cksparv, Lars Lundmark F\u00e5glar \u00d6land\" data-rl_caption=\"\" title=\"H\u00e4cksparv, Lars Lundmark F\u00e5glar \u00d6land\"><img loading=\"lazy\" decoding=\"async\" class=\"aligncenter wp-image-40143 size-full\" src=\"https:\/\/visitoland.com\/wp-content\/uploads\/2016\/05\/hacksparv-ll.jpg\" alt=\"H\u00e4cksparv, Lars Lundmark F\u00e5glar \u00d6land\" width=\"800\" height=\"654\" srcset=\"https:\/\/visitoland.com\/wp-content\/uploads\/2016\/05\/hacksparv-ll.jpg 800w, https:\/\/visitoland.com\/wp-content\/uploads\/2016\/05\/hacksparv-ll-150x123.jpg 150w, https:\/\/visitoland.com\/wp-content\/uploads\/2016\/05\/hacksparv-ll-300x245.jpg 300w, https:\/\/visitoland.com\/wp-content\/uploads\/2016\/05\/hacksparv-ll-147x120.jpg 147w, https:\/\/visitoland.com\/wp-content\/uploads\/2016\/05\/hacksparv-ll-220x180.jpg 220w, https:\/\/visitoland.com\/wp-content\/uploads\/2016\/05\/hacksparv-ll-328x268.jpg 328w\" sizes=\"auto, (max-width: 800px) 100vw, 800px\" \/><\/a>Cirl Bunting, \u00a9 Lars Lundmark[\/vc_column_text][\/vc_column][vc_column width=&#8221;1\/4&#8243;][vc_column_text]<a href=\"https:\/\/visitoland.com\/wp-content\/uploads\/2016\/05\/kaspisk-pipare-1-mt-apr.jpg\" data-rel=\"lightbox-image-4\" data-rl_title=\"Kaspisk Pipare, Markus Tallroth F\u00e5glar \u00d6land\" data-rl_caption=\"\" title=\"Kaspisk Pipare, Markus Tallroth F\u00e5glar \u00d6land\"><img loading=\"lazy\" decoding=\"async\" class=\"aligncenter wp-image-40134 size-full\" src=\"https:\/\/visitoland.com\/wp-content\/uploads\/2016\/05\/kaspisk-pipare-1-mt-apr.jpg\" alt=\"Kaspisk Pipare, Markus Tallroth F\u00e5glar \u00d6land\" width=\"700\" height=\"487\" srcset=\"https:\/\/visitoland.com\/wp-content\/uploads\/2016\/05\/kaspisk-pipare-1-mt-apr.jpg 700w, https:\/\/visitoland.com\/wp-content\/uploads\/2016\/05\/kaspisk-pipare-1-mt-apr-150x104.jpg 150w, https:\/\/visitoland.com\/wp-content\/uploads\/2016\/05\/kaspisk-pipare-1-mt-apr-300x209.jpg 300w, https:\/\/visitoland.com\/wp-content\/uploads\/2016\/05\/kaspisk-pipare-1-mt-apr-160x111.jpg 160w, https:\/\/visitoland.com\/wp-content\/uploads\/2016\/05\/kaspisk-pipare-1-mt-apr-260x180.jpg 260w, https:\/\/visitoland.com\/wp-content\/uploads\/2016\/05\/kaspisk-pipare-1-mt-apr-360x250.jpg 360w\" sizes=\"auto, (max-width: 700px) 100vw, 700px\" \/><\/a>Caspian Plover, \u00a9 Markus Tallroth[\/vc_column_text][\/vc_column][vc_column width=&#8221;1\/4&#8243;][vc_column_text]<a href=\"https:\/\/visitoland.com\/wp-content\/uploads\/2016\/05\/alpseglare-1-ll.jpg\" data-rel=\"lightbox-image-5\" data-rl_title=\"Alpseglare, Lars Lundmark F\u00e5glar \u00d6land\" data-rl_caption=\"\" title=\"Alpseglare, Lars Lundmark F\u00e5glar \u00d6land\"><img loading=\"lazy\" decoding=\"async\" class=\"aligncenter wp-image-40140 size-full\" src=\"https:\/\/visitoland.com\/wp-content\/uploads\/2016\/05\/alpseglare-1-ll.jpg\" alt=\"Alpseglare, Lars Lundmark F\u00e5glar \u00d6land\" width=\"800\" height=\"550\" srcset=\"https:\/\/visitoland.com\/wp-content\/uploads\/2016\/05\/alpseglare-1-ll.jpg 800w, https:\/\/visitoland.com\/wp-content\/uploads\/2016\/05\/alpseglare-1-ll-150x103.jpg 150w, https:\/\/visitoland.com\/wp-content\/uploads\/2016\/05\/alpseglare-1-ll-300x206.jpg 300w, https:\/\/visitoland.com\/wp-content\/uploads\/2016\/05\/alpseglare-1-ll-160x110.jpg 160w, https:\/\/visitoland.com\/wp-content\/uploads\/2016\/05\/alpseglare-1-ll-260x180.jpg 260w, https:\/\/visitoland.com\/wp-content\/uploads\/2016\/05\/alpseglare-1-ll-360x248.jpg 360w\" sizes=\"auto, (max-width: 800px) 100vw, 800px\" \/><\/a>Alpine Swift, \u00a9 Lars Lundmark[\/vc_column_text][\/vc_column][vc_column width=&#8221;1\/4&#8243;][vc_column_text]<a href=\"https:\/\/visitoland.com\/wp-content\/uploads\/2016\/05\/ismas-3-ll.jpg\" data-rel=\"lightbox-image-6\" data-rl_title=\"Ism\u00e5s, Lars Lundmark F\u00e5glar \u00d6land\" data-rl_caption=\"\" title=\"Ism\u00e5s, Lars Lundmark F\u00e5glar \u00d6land\"><img loading=\"lazy\" decoding=\"async\" class=\"aligncenter wp-image-40137 size-full\" src=\"https:\/\/visitoland.com\/wp-content\/uploads\/2016\/05\/ismas-3-ll.jpg\" alt=\"Ism\u00e5s, Lars Lundmark F\u00e5glar \u00d6land\" width=\"800\" height=\"592\" srcset=\"https:\/\/visitoland.com\/wp-content\/uploads\/2016\/05\/ismas-3-ll.jpg 800w, https:\/\/visitoland.com\/wp-content\/uploads\/2016\/05\/ismas-3-ll-150x111.jpg 150w, https:\/\/visitoland.com\/wp-content\/uploads\/2016\/05\/ismas-3-ll-300x222.jpg 300w, https:\/\/visitoland.com\/wp-content\/uploads\/2016\/05\/ismas-3-ll-160x118.jpg 160w, https:\/\/visitoland.com\/wp-content\/uploads\/2016\/05\/ismas-3-ll-243x180.jpg 243w, https:\/\/visitoland.com\/wp-content\/uploads\/2016\/05\/ismas-3-ll-360x266.jpg 360w\" sizes=\"auto, (max-width: 800px) 100vw, 800px\" \/><\/a>Ivory Gull, \u00a9 Lars Lundmark[\/vc_column_text][\/vc_column][\/vc_row][vc_row][vc_column width=&#8221;1\/6&#8243;][vc_column_text]<img loading=\"lazy\" decoding=\"async\" class=\"aligncenter size-full wp-image-39338\" src=\"https:\/\/visitoland.com\/wp-content\/uploads\/2016\/04\/olands-faglar-OOF.jpg\" alt=\"\u00d6lands-f\u00e5glar-\u00d6OF \u00d6land\" width=\"275\" height=\"400\" srcset=\"https:\/\/visitoland.com\/wp-content\/uploads\/2016\/04\/olands-faglar-OOF.jpg 275w, https:\/\/visitoland.com\/wp-content\/uploads\/2016\/04\/olands-faglar-OOF-103x150.jpg 103w, https:\/\/visitoland.com\/wp-content\/uploads\/2016\/04\/olands-faglar-OOF-206x300.jpg 206w, https:\/\/visitoland.com\/wp-content\/uploads\/2016\/04\/olands-faglar-OOF-83x120.jpg 83w, https:\/\/visitoland.com\/wp-content\/uploads\/2016\/04\/olands-faglar-OOF-124x180.jpg 124w, https:\/\/visitoland.com\/wp-content\/uploads\/2016\/04\/olands-faglar-OOF-184x268.jpg 184w\" sizes=\"auto, (max-width: 275px) 100vw, 275px\" \/>[\/vc_column_text][\/vc_column][vc_column width=&#8221;5\/6&#8243;][vc_column_text]<strong>Source<\/strong>: \u00d6lands F\u00e5glar \u00a9 <a href=\"https:\/\/www.oof.nu\/\" target=\"_blank\">\u00d6lands Ornitologiska F\u00f6rening \u00d6OF<\/a> \u00a0(authors this chapter: Anders Waldenstr\u00f6m)<\/p>\n<p><strong>Translation<\/strong>: Visitoland.com<\/p>\n<p><strong>Pictures<\/strong>: see each picture<\/p>\n<p><strong>The book<\/strong>: \u00d6lands F\u00e5glar, 496 pages (only in Swedish), can be ordered at <a href=\"https:\/\/www.naturbokhandeln.se\/sv\/articles\/2.101.5628\/olands-faglar-red-johnsson\" target=\"_blank\">Naturbokhandeln<\/a><br \/>\n<strong>ISBN<\/strong>: 9789188124555[\/vc_column_text][\/vc_column][\/vc_row]<\/p>\n<\/div>","protected":false},"excerpt":{"rendered":"<p>[vc_row][vc_column][vc_column_text] It just gets better and better! During the time when the birds leave their wintering areas in the south and flies northward to nest, then Oland is visited regularly by a variety of rare birds that have their actual habitat further south or east in Europe. The phenomenon is called extended migration and benefit&nbsp; &nbsp;<a href=\"https:\/\/visitoland.com\/en\/birding\/the-rarities\/march-to-may\/\">&#8230;Continue Reading<\/a><\/p>\n","protected":false},"author":2,"featured_media":39788,"parent":39772,"menu_order":3,"comment_status":"closed","ping_status":"closed","template":"","meta":{"footnotes":""},"class_list":["post-40147","page","type-page","status-publish","has-post-thumbnail","hentry"],"aioseo_notices":[],"_links":{"self":[{"href":"https:\/\/visitoland.com\/en\/wp-json\/wp\/v2\/pages\/40147","targetHints":{"allow":["GET"]}}],"collection":[{"href":"https:\/\/visitoland.com\/en\/wp-json\/wp\/v2\/pages"}],"about":[{"href":"https:\/\/visitoland.com\/en\/wp-json\/wp\/v2\/types\/page"}],"author":[{"embeddable":true,"href":"https:\/\/visitoland.com\/en\/wp-json\/wp\/v2\/users\/2"}],"replies":[{"embeddable":true,"href":"https:\/\/visitoland.com\/en\/wp-json\/wp\/v2\/comments?post=40147"}],"version-history":[{"count":0,"href":"https:\/\/visitoland.com\/en\/wp-json\/wp\/v2\/pages\/40147\/revisions"}],"up":[{"embeddable":true,"href":"https:\/\/visitoland.com\/en\/wp-json\/wp\/v2\/pages\/39772"}],"wp:featuredmedia":[{"embeddable":true,"href":"https:\/\/visitoland.com\/en\/wp-json\/wp\/v2\/media\/39788"}],"wp:attachment":[{"href":"https:\/\/visitoland.com\/en\/wp-json\/wp\/v2\/media?parent=40147"}],"curies":[{"name":"wp","href":"https:\/\/api.w.org\/{rel}","templated":true}]}}