{"id":40181,"date":"2016-05-16T16:55:19","date_gmt":"2016-05-16T14:55:19","guid":{"rendered":"https:\/\/visitoland.com\/en\/?page_id=40181"},"modified":"2016-05-16T17:42:13","modified_gmt":"2016-05-16T15:42:13","slug":"june-to-august","status":"publish","type":"page","link":"https:\/\/visitoland.com\/en\/birding\/the-rarities\/june-to-august\/","title":{"rendered":"June to August"},"content":{"rendered":"<div class=\"wpb-content-wrapper\"><p>[vc_row][vc_column][vc_column_text]<\/p>\n<h2 style=\"text-align: center;\">Sun lounger scouting and wader hikes<\/h2>\n<p>Not so long ago it was common to put the binoculars on the shelf when the spring migration was over. One took a break until the returning waders began to appear again in late July.<\/p>\n<p>This has changed, and not even Midsummer Eve and day is birding free now, even though Midsummer Eve is kind of sacred here in Sweden. For example, \u00d6land&#8217;s only second Little Bittern was found in G\u00e5rdby harbour on Midsummer Day in 2007.[\/vc_column_text][\/vc_column][\/vc_row][vc_row][vc_column width=&#8221;2\/3&#8243;][vc_column_text]Sometimes June can be seen as an extension of the spring and some spring rarities stays occasionally well into the early summer. Other summer findings can be about rarities that have arrived earlier but escaped detection.<\/p>\n<p>Sometimes laziness can be the best strategy to find rarities. A moment, or a day, in a sun lounger at the beach, with plenty of sunscreen, and eyes directed towards the sky, can lead to the discovery of rare birds of prey like Short-toed Snake Eagle and Lesser Spotted Eagle.[\/vc_column_text][\/vc_column][vc_column width=&#8221;1\/3&#8243;][vc_column_text]<a href=\"https:\/\/visitoland.com\/wp-content\/uploads\/2016\/05\/dvargrordrom-2-ll.jpg\" data-rel=\"lightbox-image-0\" data-rl_title=\"Dv\u00e4rgr\u00f6rdrom, Lars Lundmark F\u00e5glar \u00d6land\" data-rl_caption=\"\" title=\"Dv\u00e4rgr\u00f6rdrom, Lars Lundmark F\u00e5glar \u00d6land\"><img loading=\"lazy\" decoding=\"async\" class=\"aligncenter wp-image-40159 size-full\" src=\"https:\/\/visitoland.com\/wp-content\/uploads\/2016\/05\/dvargrordrom-2-ll.jpg\" alt=\"Dv\u00e4rgr\u00f6rdrom, Lars Lundmark F\u00e5glar \u00d6land\" width=\"800\" height=\"550\" srcset=\"https:\/\/visitoland.com\/wp-content\/uploads\/2016\/05\/dvargrordrom-2-ll.jpg 800w, https:\/\/visitoland.com\/wp-content\/uploads\/2016\/05\/dvargrordrom-2-ll-150x103.jpg 150w, https:\/\/visitoland.com\/wp-content\/uploads\/2016\/05\/dvargrordrom-2-ll-300x206.jpg 300w, https:\/\/visitoland.com\/wp-content\/uploads\/2016\/05\/dvargrordrom-2-ll-160x110.jpg 160w, https:\/\/visitoland.com\/wp-content\/uploads\/2016\/05\/dvargrordrom-2-ll-260x180.jpg 260w, https:\/\/visitoland.com\/wp-content\/uploads\/2016\/05\/dvargrordrom-2-ll-360x248.jpg 360w\" sizes=\"auto, (max-width: 800px) 100vw, 800px\" \/><\/a>Little Bittern,\u00a0\u00a9 Lars Lundmark[\/vc_column_text][\/vc_column][\/vc_row][vc_row][vc_column][vc_column_text]At late afternoon, when the worst heat is over, is a walk along the beach recommended. More than other birds, it is the waders that stand for the surprises on the island in the summer, mainly after midsummer and onwards.[\/vc_column_text][\/vc_column][\/vc_row][vc_row][vc_column width=&#8221;1\/3&#8243;][vc_column_text]<a href=\"https:\/\/visitoland.com\/wp-content\/uploads\/2016\/05\/tuvsnappa-1-seby-ll.jpg\" data-rel=\"lightbox-image-1\" data-rl_title=\"Tuvsn\u00e4ppa, Lars Lundmark F\u00e5glar Seby \u00d6land\" data-rl_caption=\"\" title=\"Tuvsn\u00e4ppa, Lars Lundmark F\u00e5glar Seby \u00d6land\"><img loading=\"lazy\" decoding=\"async\" class=\"aligncenter wp-image-40162 size-full\" src=\"https:\/\/visitoland.com\/wp-content\/uploads\/2016\/05\/tuvsnappa-1-seby-ll.jpg\" alt=\"Tuvsn\u00e4ppa, Lars Lundmark F\u00e5glar Seby \u00d6land\" width=\"800\" height=\"550\" srcset=\"https:\/\/visitoland.com\/wp-content\/uploads\/2016\/05\/tuvsnappa-1-seby-ll.jpg 800w, https:\/\/visitoland.com\/wp-content\/uploads\/2016\/05\/tuvsnappa-1-seby-ll-150x103.jpg 150w, https:\/\/visitoland.com\/wp-content\/uploads\/2016\/05\/tuvsnappa-1-seby-ll-300x206.jpg 300w, https:\/\/visitoland.com\/wp-content\/uploads\/2016\/05\/tuvsnappa-1-seby-ll-160x110.jpg 160w, https:\/\/visitoland.com\/wp-content\/uploads\/2016\/05\/tuvsnappa-1-seby-ll-260x180.jpg 260w, https:\/\/visitoland.com\/wp-content\/uploads\/2016\/05\/tuvsnappa-1-seby-ll-360x248.jpg 360w\" sizes=\"auto, (max-width: 800px) 100vw, 800px\" \/><\/a>Pectoral Sandpiper,\u00a0\u00a9 Lars Lundmark[\/vc_column_text][\/vc_column][vc_column width=&#8221;2\/3&#8243;][vc_column_text]On their way between nesting grounds along the coast of the Siberian tundra and the wintering areas in the southeast, from France to South Africa, lies the island of \u00d6land with its shallow, nutrient-rich beaches right along the migration route.<\/p>\n<p>Probably have the birds arrived after a non-stop flight of over 1000 kilometers and it is time to stock up some new energy now.[\/vc_column_text][\/vc_column][\/vc_row][vc_row][vc_column width=&#8221;2\/3&#8243;][vc_column_text]No less than 35 wader species have been recorded on \u00d6land that can be considered as rarities. Among the more regular rarities are Pectoral Sandpiper, Marsh Sandpiper, Terek Sandpiper, species that can also be seen in the late spring, the Pacific Golden Plover seems however to be a regular summer visitor on \u00d6land.[\/vc_column_text][\/vc_column][vc_column width=&#8221;1\/3&#8243;][vc_column_text]<img loading=\"lazy\" decoding=\"async\" class=\"aligncenter size-full wp-image-40165\" src=\"https:\/\/visitoland.com\/wp-content\/uploads\/2016\/05\/sibirisktundrapipare-ll.jpg\" alt=\"Sibirisk Tundrapipare, Lars Lundmark F\u00e5glar \u00d6land\" width=\"800\" height=\"550\" srcset=\"https:\/\/visitoland.com\/wp-content\/uploads\/2016\/05\/sibirisktundrapipare-ll.jpg 800w, https:\/\/visitoland.com\/wp-content\/uploads\/2016\/05\/sibirisktundrapipare-ll-150x103.jpg 150w, https:\/\/visitoland.com\/wp-content\/uploads\/2016\/05\/sibirisktundrapipare-ll-300x206.jpg 300w, https:\/\/visitoland.com\/wp-content\/uploads\/2016\/05\/sibirisktundrapipare-ll-160x110.jpg 160w, https:\/\/visitoland.com\/wp-content\/uploads\/2016\/05\/sibirisktundrapipare-ll-260x180.jpg 260w, https:\/\/visitoland.com\/wp-content\/uploads\/2016\/05\/sibirisktundrapipare-ll-360x248.jpg 360w\" sizes=\"auto, (max-width: 800px) 100vw, 800px\" \/>Pacific Golden Plover,\u00a0\u00a9 Lars Lundmark[\/vc_column_text][\/vc_column][\/vc_row][vc_row][vc_column][vc_column_text]For other fairly regular rare summer visitors on \u00d6land can the following be included: Ruddy Shelduck, Lesser Grey Shrike and southern European heron species, like Black-crowned Night Heron, Great Egret and Little Egret.[\/vc_column_text][\/vc_column][\/vc_row][vc_row][vc_column][vc_column_text]<\/p>\n<h3 style=\"text-align: center;\">Some rarities that have only been seen in the summer on \u00d6land.<\/h3>\n<p>Little Bittern, Egyptian Vulture, Griffon Vulture, Eleonora&#8217;s Falcon, Baillon&#8217;s Crake, Lesser Sand Plover, Semipalmated Sandpiper, Western Sandpiper, Red-necked Stint, Sharp-tailed Sandpiper, Stilt Sandpiper, Hudsonian Godwit, Greater Yellowlegs, Lesser Yellowlegs, Grey-tailed Tattler, White-throated Robin, Eastern Olivaceous Warbler, Sykes&#8217;s Warbler, Southern Grey Shrike and Trumpeter Finch.[\/vc_column_text][\/vc_column][\/vc_row][vc_row][vc_column width=&#8221;1\/4&#8243;][vc_column_text]<a href=\"https:\/\/visitoland.com\/wp-content\/uploads\/2016\/05\/eleonorafalk-ll.jpg\" data-rel=\"lightbox-image-2\" data-rl_title=\"Eleonorafalk, Lars Lundmark F\u00e5glar \u00d6land\" data-rl_caption=\"\" title=\"Eleonorafalk, Lars Lundmark F\u00e5glar \u00d6land\"><img loading=\"lazy\" decoding=\"async\" class=\"aligncenter wp-image-40168 size-full\" src=\"https:\/\/visitoland.com\/wp-content\/uploads\/2016\/05\/eleonorafalk-ll.jpg\" alt=\"Eleonorafalk, Lars Lundmark F\u00e5glar \u00d6land\" width=\"800\" height=\"623\" srcset=\"https:\/\/visitoland.com\/wp-content\/uploads\/2016\/05\/eleonorafalk-ll.jpg 800w, https:\/\/visitoland.com\/wp-content\/uploads\/2016\/05\/eleonorafalk-ll-150x117.jpg 150w, https:\/\/visitoland.com\/wp-content\/uploads\/2016\/05\/eleonorafalk-ll-300x234.jpg 300w, https:\/\/visitoland.com\/wp-content\/uploads\/2016\/05\/eleonorafalk-ll-154x120.jpg 154w, https:\/\/visitoland.com\/wp-content\/uploads\/2016\/05\/eleonorafalk-ll-231x180.jpg 231w, https:\/\/visitoland.com\/wp-content\/uploads\/2016\/05\/eleonorafalk-ll-344x268.jpg 344w\" sizes=\"auto, (max-width: 800px) 100vw, 800px\" \/><\/a>Eleonora&#8217;s Falcon,\u00a0\u00a9 Lars Lundmark[\/vc_column_text][\/vc_column][vc_column width=&#8221;1\/4&#8243;][vc_column_text]<img loading=\"lazy\" decoding=\"async\" class=\"aligncenter size-full wp-image-40177\" src=\"https:\/\/visitoland.com\/wp-content\/uploads\/2016\/05\/natthager-1-ll.jpg\" alt=\"Natth\u00e4ger, Lars Lundmark F\u00e5glar \u00d6land\" width=\"800\" height=\"610\" srcset=\"https:\/\/visitoland.com\/wp-content\/uploads\/2016\/05\/natthager-1-ll.jpg 800w, https:\/\/visitoland.com\/wp-content\/uploads\/2016\/05\/natthager-1-ll-150x114.jpg 150w, https:\/\/visitoland.com\/wp-content\/uploads\/2016\/05\/natthager-1-ll-300x229.jpg 300w, https:\/\/visitoland.com\/wp-content\/uploads\/2016\/05\/natthager-1-ll-157x120.jpg 157w, https:\/\/visitoland.com\/wp-content\/uploads\/2016\/05\/natthager-1-ll-236x180.jpg 236w, https:\/\/visitoland.com\/wp-content\/uploads\/2016\/05\/natthager-1-ll-351x268.jpg 351w\" sizes=\"auto, (max-width: 800px) 100vw, 800px\" \/>Black-crowned Night Heron,\u00a0\u00a9 Lars Lundmark[\/vc_column_text][\/vc_column][vc_column width=&#8221;1\/4&#8243;][vc_column_text]<a href=\"https:\/\/visitoland.com\/wp-content\/uploads\/2016\/05\/okenvarfagel-1-ottenby-ll.jpg\" data-rel=\"lightbox-image-3\" data-rl_title=\"\u00d6kenvarf\u00e5gel, Lars Lundmark Ottenby \u00d6land\" data-rl_caption=\"\" title=\"\u00d6kenvarf\u00e5gel, Lars Lundmark Ottenby \u00d6land\"><img loading=\"lazy\" decoding=\"async\" class=\"aligncenter wp-image-40174 size-full\" src=\"https:\/\/visitoland.com\/wp-content\/uploads\/2016\/05\/okenvarfagel-1-ottenby-ll.jpg\" alt=\"\u00d6kenvarf\u00e5gel, Lars Lundmark Ottenby \u00d6land\" width=\"800\" height=\"550\" srcset=\"https:\/\/visitoland.com\/wp-content\/uploads\/2016\/05\/okenvarfagel-1-ottenby-ll.jpg 800w, https:\/\/visitoland.com\/wp-content\/uploads\/2016\/05\/okenvarfagel-1-ottenby-ll-150x103.jpg 150w, https:\/\/visitoland.com\/wp-content\/uploads\/2016\/05\/okenvarfagel-1-ottenby-ll-300x206.jpg 300w, https:\/\/visitoland.com\/wp-content\/uploads\/2016\/05\/okenvarfagel-1-ottenby-ll-160x110.jpg 160w, https:\/\/visitoland.com\/wp-content\/uploads\/2016\/05\/okenvarfagel-1-ottenby-ll-260x180.jpg 260w, https:\/\/visitoland.com\/wp-content\/uploads\/2016\/05\/okenvarfagel-1-ottenby-ll-360x248.jpg 360w\" sizes=\"auto, (max-width: 800px) 100vw, 800px\" \/><\/a>Southern Grey Shrike,\u00a0\u00a9 Lars Lundmark[\/vc_column_text][\/vc_column][vc_column width=&#8221;1\/4&#8243;][vc_column_text]<a href=\"https:\/\/visitoland.com\/wp-content\/uploads\/2016\/05\/gasgam-ll.jpg\" data-rel=\"lightbox-image-4\" data-rl_title=\"G\u00e5sgam, Lars Lundmark F\u00e5glar \u00d6land\" data-rl_caption=\"\" title=\"G\u00e5sgam, Lars Lundmark F\u00e5glar \u00d6land\"><img loading=\"lazy\" decoding=\"async\" class=\"aligncenter wp-image-40171 size-full\" src=\"https:\/\/visitoland.com\/wp-content\/uploads\/2016\/05\/gasgam-ll.jpg\" alt=\"G\u00e5sgam, Lars Lundmark F\u00e5glar \u00d6land\" width=\"800\" height=\"604\" srcset=\"https:\/\/visitoland.com\/wp-content\/uploads\/2016\/05\/gasgam-ll.jpg 800w, https:\/\/visitoland.com\/wp-content\/uploads\/2016\/05\/gasgam-ll-150x113.jpg 150w, https:\/\/visitoland.com\/wp-content\/uploads\/2016\/05\/gasgam-ll-300x227.jpg 300w, https:\/\/visitoland.com\/wp-content\/uploads\/2016\/05\/gasgam-ll-160x120.jpg 160w, https:\/\/visitoland.com\/wp-content\/uploads\/2016\/05\/gasgam-ll-238x180.jpg 238w, https:\/\/visitoland.com\/wp-content\/uploads\/2016\/05\/gasgam-ll-355x268.jpg 355w\" sizes=\"auto, (max-width: 800px) 100vw, 800px\" \/><\/a>Griffon Vulture,\u00a0\u00a9 Lars Lundmark[\/vc_column_text][\/vc_column][\/vc_row][vc_row][vc_column width=&#8221;1\/6&#8243;][vc_column_text]<img loading=\"lazy\" decoding=\"async\" class=\"aligncenter size-full wp-image-39338\" src=\"https:\/\/visitoland.com\/wp-content\/uploads\/2016\/04\/olands-faglar-OOF.jpg\" alt=\"\u00d6lands-f\u00e5glar-\u00d6OF \u00d6land\" width=\"275\" height=\"400\" srcset=\"https:\/\/visitoland.com\/wp-content\/uploads\/2016\/04\/olands-faglar-OOF.jpg 275w, https:\/\/visitoland.com\/wp-content\/uploads\/2016\/04\/olands-faglar-OOF-103x150.jpg 103w, https:\/\/visitoland.com\/wp-content\/uploads\/2016\/04\/olands-faglar-OOF-206x300.jpg 206w, https:\/\/visitoland.com\/wp-content\/uploads\/2016\/04\/olands-faglar-OOF-83x120.jpg 83w, https:\/\/visitoland.com\/wp-content\/uploads\/2016\/04\/olands-faglar-OOF-124x180.jpg 124w, https:\/\/visitoland.com\/wp-content\/uploads\/2016\/04\/olands-faglar-OOF-184x268.jpg 184w\" sizes=\"auto, (max-width: 275px) 100vw, 275px\" \/>[\/vc_column_text][\/vc_column][vc_column width=&#8221;5\/6&#8243;][vc_column_text]<strong>Source<\/strong>: \u00d6lands F\u00e5glar \u00a9 <a href=\"https:\/\/www.oof.nu\/\" target=\"_blank\">\u00d6lands Ornitologiska F\u00f6rening \u00d6OF<\/a> \u00a0(authors this chapter: Anders Waldenstr\u00f6m)<\/p>\n<p><strong>Translation<\/strong>: Visitoland.com<\/p>\n<p><strong>Pictures<\/strong>: see each picture<\/p>\n<p><strong>The book<\/strong>: \u00d6lands F\u00e5glar, 496 pages (only in Swedish), can be ordered at <a href=\"https:\/\/www.naturbokhandeln.se\/sv\/articles\/2.101.5628\/olands-faglar-red-johnsson\" target=\"_blank\">Naturbokhandeln<\/a><br \/>\n<strong>ISBN<\/strong>: 9789188124555[\/vc_column_text][\/vc_column][\/vc_row]<\/p>\n<\/div>","protected":false},"excerpt":{"rendered":"<p>[vc_row][vc_column][vc_column_text] Sun lounger scouting and wader hikes Not so long ago it was common to put the binoculars on the shelf when the spring migration was over. One took a break until the returning waders began to appear again in late July. This has changed, and not even Midsummer Eve and day is birding free&nbsp; &nbsp;<a href=\"https:\/\/visitoland.com\/en\/birding\/the-rarities\/june-to-august\/\">&#8230;Continue Reading<\/a><\/p>\n","protected":false},"author":2,"featured_media":39793,"parent":39772,"menu_order":4,"comment_status":"closed","ping_status":"closed","template":"","meta":{"footnotes":""},"class_list":["post-40181","page","type-page","status-publish","has-post-thumbnail","hentry"],"aioseo_notices":[],"_links":{"self":[{"href":"https:\/\/visitoland.com\/en\/wp-json\/wp\/v2\/pages\/40181","targetHints":{"allow":["GET"]}}],"collection":[{"href":"https:\/\/visitoland.com\/en\/wp-json\/wp\/v2\/pages"}],"about":[{"href":"https:\/\/visitoland.com\/en\/wp-json\/wp\/v2\/types\/page"}],"author":[{"embeddable":true,"href":"https:\/\/visitoland.com\/en\/wp-json\/wp\/v2\/users\/2"}],"replies":[{"embeddable":true,"href":"https:\/\/visitoland.com\/en\/wp-json\/wp\/v2\/comments?post=40181"}],"version-history":[{"count":0,"href":"https:\/\/visitoland.com\/en\/wp-json\/wp\/v2\/pages\/40181\/revisions"}],"up":[{"embeddable":true,"href":"https:\/\/visitoland.com\/en\/wp-json\/wp\/v2\/pages\/39772"}],"wp:featuredmedia":[{"embeddable":true,"href":"https:\/\/visitoland.com\/en\/wp-json\/wp\/v2\/media\/39793"}],"wp:attachment":[{"href":"https:\/\/visitoland.com\/en\/wp-json\/wp\/v2\/media?parent=40181"}],"curies":[{"name":"wp","href":"https:\/\/api.w.org\/{rel}","templated":true}]}}