{"id":40244,"date":"2016-05-17T08:02:04","date_gmt":"2016-05-17T06:02:04","guid":{"rendered":"https:\/\/visitoland.com\/en\/?page_id=40244"},"modified":"2016-05-17T08:52:35","modified_gmt":"2016-05-17T06:52:35","slug":"september-to-november","status":"publish","type":"page","link":"https:\/\/visitoland.com\/en\/birding\/the-rarities\/september-to-november\/","title":{"rendered":"September to November"},"content":{"rendered":"<div class=\"wpb-content-wrapper\"><p>[vc_row][vc_column][vc_column_text]<\/p>\n<h2 style=\"text-align: center;\">A hectic time!<strong><br \/>\n<\/strong><\/h2>\n<p>While \u00d6lands migratory birds takes off towards the southern latitudes, then the island is visited by countless crowds of more northern birds on their way south.<\/p>\n<p>The amounts of individuals that pass are considerably larger than in the spring, now when the inexperienced young birds are migrating for the first time and represent a large part of all birds.<\/p>\n<p>For many species, the autumn migration is more prolonged, and that makes the autumn season for rarity birding to a lengthy story, since it actually starts already in June and July with the first Waders and the young Starlings.[\/vc_column_text][\/vc_column][\/vc_row][vc_row][vc_column width=&#8221;2\/3&#8243;][vc_column_text]Perhaps it is the lack of a clear, early, peak among rarities in the fall that makes September feels a little unfairly treated among the rarities months.<\/p>\n<p>Indeed, there is the chance to make great discoveries, not least among passerines, even early in the autumn.<\/p>\n<p>Findings of species like Red-flanked Bluetail, Black-eared Wheatear, Siberian Thrush, Lanceolated Warbler, Aquatic Warbler and Sardinian Warbler shows that a lot can be hidden in the thickets in September.[\/vc_column_text][\/vc_column][vc_column width=&#8221;1\/3&#8243;][vc_column_text]<a href=\"https:\/\/visitoland.com\/wp-content\/uploads\/2016\/05\/trasksangare-3-ll.jpg\" data-rel=\"lightbox-image-0\" data-rl_title=\"Tr\u00e4sks\u00e5ngare, Lars Lundmark F\u00e5glar \u00d6land\" data-rl_caption=\"\" title=\"Tr\u00e4sks\u00e5ngare, Lars Lundmark F\u00e5glar \u00d6land\"><img loading=\"lazy\" decoding=\"async\" class=\"aligncenter wp-image-40202 size-full\" src=\"https:\/\/visitoland.com\/wp-content\/uploads\/2016\/05\/trasksangare-3-ll.jpg\" alt=\"Tr\u00e4sks\u00e5ngare, Lars Lundmark F\u00e5glar \u00d6land\" width=\"800\" height=\"550\" srcset=\"https:\/\/visitoland.com\/wp-content\/uploads\/2016\/05\/trasksangare-3-ll.jpg 800w, https:\/\/visitoland.com\/wp-content\/uploads\/2016\/05\/trasksangare-3-ll-150x103.jpg 150w, https:\/\/visitoland.com\/wp-content\/uploads\/2016\/05\/trasksangare-3-ll-300x206.jpg 300w, https:\/\/visitoland.com\/wp-content\/uploads\/2016\/05\/trasksangare-3-ll-160x110.jpg 160w, https:\/\/visitoland.com\/wp-content\/uploads\/2016\/05\/trasksangare-3-ll-260x180.jpg 260w, https:\/\/visitoland.com\/wp-content\/uploads\/2016\/05\/trasksangare-3-ll-360x248.jpg 360w\" sizes=\"auto, (max-width: 800px) 100vw, 800px\" \/><\/a>Lanceolated Warbler, \u00a9 Lars Lundemark[\/vc_column_text][\/vc_column][\/vc_row][vc_row][vc_column width=&#8221;1\/3&#8243;][vc_column_text]<a href=\"https:\/\/visitoland.com\/wp-content\/uploads\/2016\/05\/stormfage-ll.jpg\" data-rel=\"lightbox-image-1\" data-rl_title=\"Stormf\u00e5gel, Lars Lundmark F\u00e5glar \u00d6land\" data-rl_caption=\"\" title=\"Stormf\u00e5gel, Lars Lundmark F\u00e5glar \u00d6land\"><img loading=\"lazy\" decoding=\"async\" class=\"aligncenter wp-image-40205 size-full\" src=\"https:\/\/visitoland.com\/wp-content\/uploads\/2016\/05\/stormfage-ll.jpg\" alt=\"Stormf\u00e5gel, Lars Lundmark F\u00e5glar \u00d6land\" width=\"800\" height=\"550\" srcset=\"https:\/\/visitoland.com\/wp-content\/uploads\/2016\/05\/stormfage-ll.jpg 800w, https:\/\/visitoland.com\/wp-content\/uploads\/2016\/05\/stormfage-ll-150x103.jpg 150w, https:\/\/visitoland.com\/wp-content\/uploads\/2016\/05\/stormfage-ll-300x206.jpg 300w, https:\/\/visitoland.com\/wp-content\/uploads\/2016\/05\/stormfage-ll-160x110.jpg 160w, https:\/\/visitoland.com\/wp-content\/uploads\/2016\/05\/stormfage-ll-260x180.jpg 260w, https:\/\/visitoland.com\/wp-content\/uploads\/2016\/05\/stormfage-ll-360x248.jpg 360w\" sizes=\"auto, (max-width: 800px) 100vw, 800px\" \/><\/a>Northern Fulmar,\u00a0\u00a9 Lars Lundmark[\/vc_column_text][\/vc_column][vc_column width=&#8221;2\/3&#8243;][vc_column_text]After the firstwesterly storms in theautumn andinto October, it may be time tokeep an eye out over the ocean.<\/p>\n<p>Many of the sea birds seen on \u00d6land have been observed in just such circumstances. Northern Fulmar, Sooty Shearwater, Manx Shearwater and Leach&#8217;s Storm Petrel are all first class rarities on \u00d6land, and yet other species are missing.[\/vc_column_text][\/vc_column][\/vc_row][vc_row][vc_column width=&#8221;2\/3&#8243;][vc_column_text]It is easier to see a number of rarities which are much more frequent on the island than in other parts of the country.<\/p>\n<p>Throughout the fall can Caspian Gull, and the rarer congener Yellow-legged Gull, both confusingly similar to our native Herring Gull, be seen on \u00d6land.<\/p>\n<p>Strong autumn storms make these species to seek land and slowly pull south along \u00d6land&#8217;s south-eastern coast.[\/vc_column_text][\/vc_column][vc_column width=&#8221;1\/3&#8243;][vc_column_text]<a href=\"https:\/\/visitoland.com\/wp-content\/uploads\/2016\/05\/medelhavstrut-ll1.jpg\" data-rel=\"lightbox-image-2\" data-rl_title=\"Medelhavstrut, Lars Lundmark F\u00e5glar \u00d6land\" data-rl_caption=\"\" title=\"Medelhavstrut, Lars Lundmark F\u00e5glar \u00d6land\"><img loading=\"lazy\" decoding=\"async\" class=\"aligncenter wp-image-40208 size-full\" src=\"https:\/\/visitoland.com\/wp-content\/uploads\/2016\/05\/medelhavstrut-ll1.jpg\" alt=\"Medelhavstrut, Lars Lundmark F\u00e5glar \u00d6land\" width=\"800\" height=\"631\" srcset=\"https:\/\/visitoland.com\/wp-content\/uploads\/2016\/05\/medelhavstrut-ll1.jpg 800w, https:\/\/visitoland.com\/wp-content\/uploads\/2016\/05\/medelhavstrut-ll1-150x118.jpg 150w, https:\/\/visitoland.com\/wp-content\/uploads\/2016\/05\/medelhavstrut-ll1-300x237.jpg 300w, https:\/\/visitoland.com\/wp-content\/uploads\/2016\/05\/medelhavstrut-ll1-152x120.jpg 152w, https:\/\/visitoland.com\/wp-content\/uploads\/2016\/05\/medelhavstrut-ll1-228x180.jpg 228w, https:\/\/visitoland.com\/wp-content\/uploads\/2016\/05\/medelhavstrut-ll1-340x268.jpg 340w\" sizes=\"auto, (max-width: 800px) 100vw, 800px\" \/><\/a>Yellow-legged Gull,\u00a0\u00a9 Lars Lundmark[\/vc_column_text][\/vc_column][\/vc_row][vc_row][vc_column width=&#8221;1\/3&#8243;][vc_column_text]<a href=\"https:\/\/visitoland.com\/wp-content\/uploads\/2016\/05\/stapphok-ll.jpg\" data-rel=\"lightbox-image-3\" data-rl_title=\"St\u00e4pph\u00f6k, Lars Lundmark F\u00e4glar \u00d6land\" data-rl_caption=\"\" title=\"St\u00e4pph\u00f6k, Lars Lundmark F\u00e4glar \u00d6land\"><img loading=\"lazy\" decoding=\"async\" class=\"aligncenter wp-image-40215 size-full\" src=\"https:\/\/visitoland.com\/wp-content\/uploads\/2016\/05\/stapphok-ll.jpg\" alt=\"St\u00e4pph\u00f6k, Lars Lundmark F\u00e4glar \u00d6land\" width=\"800\" height=\"550\" srcset=\"https:\/\/visitoland.com\/wp-content\/uploads\/2016\/05\/stapphok-ll.jpg 800w, https:\/\/visitoland.com\/wp-content\/uploads\/2016\/05\/stapphok-ll-150x103.jpg 150w, https:\/\/visitoland.com\/wp-content\/uploads\/2016\/05\/stapphok-ll-300x206.jpg 300w, https:\/\/visitoland.com\/wp-content\/uploads\/2016\/05\/stapphok-ll-160x110.jpg 160w, https:\/\/visitoland.com\/wp-content\/uploads\/2016\/05\/stapphok-ll-260x180.jpg 260w, https:\/\/visitoland.com\/wp-content\/uploads\/2016\/05\/stapphok-ll-360x248.jpg 360w\" sizes=\"auto, (max-width: 800px) 100vw, 800px\" \/><\/a>Pallid Harrier,\u00a0\u00a9 Lars Lundmark[\/vc_column_text][\/vc_column][vc_column width=&#8221;2\/3&#8243;][vc_column_text]The sand banks at the southern tip of \u00d6land often have a gathering effect for these species.<\/p>\n<p>This also applies to the extensive goose migration. Scout through the Brent Goose flocks for individuals of both the rare light and black bellied species.<\/p>\n<p>On calmer days with high skies and beautiful weather can still rare birds of prey, as Pallid Harrier and various eagles appear in the autumn.[\/vc_column_text][\/vc_column][\/vc_row][vc_row][vc_column width=&#8221;2\/3&#8243;][vc_column_text]It starts to thin out a bit among the waders. But among young birds and older individuals about to moult to winter plumage there are still exciting discoveries to be made.<\/p>\n<p>The chance to find Pectoral Sandpiper is still high in early autumn, as well as another inexplicable regular autumn guest on the island: the Buff-breasted Sandpiper.[\/vc_column_text][\/vc_column][vc_column width=&#8221;1\/3&#8243;][vc_column_text]<a href=\"https:\/\/visitoland.com\/wp-content\/uploads\/2016\/05\/tuvsnappa-seby-ll.jpg\" data-rel=\"lightbox-image-4\" data-rl_title=\"Tuvsn\u00e4ppa, Lars Lundmark Seby F\u00e5glar \u00d6land\" data-rl_caption=\"\" title=\"Tuvsn\u00e4ppa, Lars Lundmark Seby F\u00e5glar \u00d6land\"><img loading=\"lazy\" decoding=\"async\" class=\"aligncenter wp-image-40212 size-full\" src=\"https:\/\/visitoland.com\/wp-content\/uploads\/2016\/05\/tuvsnappa-seby-ll.jpg\" alt=\"Tuvsn\u00e4ppa, Lars Lundmark Seby F\u00e5glar \u00d6land\" width=\"800\" height=\"550\" srcset=\"https:\/\/visitoland.com\/wp-content\/uploads\/2016\/05\/tuvsnappa-seby-ll.jpg 800w, https:\/\/visitoland.com\/wp-content\/uploads\/2016\/05\/tuvsnappa-seby-ll-150x103.jpg 150w, https:\/\/visitoland.com\/wp-content\/uploads\/2016\/05\/tuvsnappa-seby-ll-300x206.jpg 300w, https:\/\/visitoland.com\/wp-content\/uploads\/2016\/05\/tuvsnappa-seby-ll-160x110.jpg 160w, https:\/\/visitoland.com\/wp-content\/uploads\/2016\/05\/tuvsnappa-seby-ll-260x180.jpg 260w, https:\/\/visitoland.com\/wp-content\/uploads\/2016\/05\/tuvsnappa-seby-ll-360x248.jpg 360w\" sizes=\"auto, (max-width: 800px) 100vw, 800px\" \/><\/a>Pectoral Sandpiper,\u00a0\u00a9 Lars Lundmark[\/vc_column_text][\/vc_column][\/vc_row][vc_row][vc_column][vc_column_text]When we arrived in October, chances are greater to find exciting passerines in tree groves and scrubland, mainly near the coast, and most preferably on the east side.<\/p>\n<p>Even the withering thickets of nettles and orach in the banks of rotting seaweed are attractive for rarities.<\/p>\n<p>But it is often difficult species that are hiding &#8211; \u201cskulkar\u201d &#8211; to use the jargon among Swedish birders, equivalent to the English expression among birders\u00a0 \u201cLBJ \u2013 Little Brown Jobs\u201d for any of the large number of species of small brown passerine birds, many of which are notoriously difficult to distinguish.[\/vc_column_text][\/vc_column][\/vc_row][vc_row][vc_column width=&#8221;1\/3&#8243;][vc_column_text]<a href=\"https:\/\/visitoland.com\/wp-content\/uploads\/2016\/05\/dvargsparv-ll.jpg\" data-rel=\"lightbox-image-5\" data-rl_title=\"Dv\u00e4rgsparv, Lars Lundmark F\u00e5glar \u00d6land\" data-rl_caption=\"\" title=\"Dv\u00e4rgsparv, Lars Lundmark F\u00e5glar \u00d6land\"><img loading=\"lazy\" decoding=\"async\" class=\"aligncenter wp-image-40219 size-full\" src=\"https:\/\/visitoland.com\/wp-content\/uploads\/2016\/05\/dvargsparv-ll.jpg\" alt=\"Dv\u00e4rgsparv, Lars Lundmark F\u00e5glar \u00d6land\" width=\"800\" height=\"550\" srcset=\"https:\/\/visitoland.com\/wp-content\/uploads\/2016\/05\/dvargsparv-ll.jpg 800w, https:\/\/visitoland.com\/wp-content\/uploads\/2016\/05\/dvargsparv-ll-150x103.jpg 150w, https:\/\/visitoland.com\/wp-content\/uploads\/2016\/05\/dvargsparv-ll-300x206.jpg 300w, https:\/\/visitoland.com\/wp-content\/uploads\/2016\/05\/dvargsparv-ll-160x110.jpg 160w, https:\/\/visitoland.com\/wp-content\/uploads\/2016\/05\/dvargsparv-ll-260x180.jpg 260w, https:\/\/visitoland.com\/wp-content\/uploads\/2016\/05\/dvargsparv-ll-360x248.jpg 360w\" sizes=\"auto, (max-width: 800px) 100vw, 800px\" \/><\/a>Little Bunting,\u00a0\u00a9 Lars Lundmark[\/vc_column_text][\/vc_column][vc_column width=&#8221;2\/3&#8243;][vc_column_text]So you have to polish your binoculars and practice in both the lid sounds as well as wing bars and eyebrows dashes to find the Yellow-browed Warbler and the Pallas&#8217;s Leaf Warbler in willow thickets, or to raise the difficulty level and try to find their super-\u201cskulkiga\u201d (LBJ) relatives Dusky Warbler or Radde&#8217;s Warbler, which is seen almost annually on \u00d6land now in October. Also, keep your eyes open for the Common Firecrest, Booted Warbler, Olive-backed Pipit and Little Bunting.[\/vc_column_text][\/vc_column][\/vc_row][vc_row][vc_column width=&#8221;2\/3&#8243;][vc_column_text]But all passerines are not hiding where it is brushy. Desert Wheatear, Pied Wheatear and Isabelline Wheatear have all showed up in the late autumn, and Siberian Stonechat has to be classified as regular.<\/p>\n<p>During the same period, the probability is the greatest to see the Gyrfalcon and the Red Phalarope on \u00d6land.[\/vc_column_text][\/vc_column][vc_column width=&#8221;1\/3&#8243;][vc_column_text]<a href=\"https:\/\/visitoland.com\/wp-content\/uploads\/2016\/05\/vitgumpadbuskskvatta-1-ll.jpg\" data-rel=\"lightbox-image-6\" data-rl_title=\"Vitgumpad Buskskv\u00e4tta, Lars Lundmark F\u00e5glar \u00d6land\" data-rl_caption=\"\" title=\"Vitgumpad Buskskv\u00e4tta, Lars Lundmark F\u00e5glar \u00d6land\"><img loading=\"lazy\" decoding=\"async\" class=\"aligncenter wp-image-40222 size-full\" src=\"https:\/\/visitoland.com\/wp-content\/uploads\/2016\/05\/vitgumpadbuskskvatta-1-ll.jpg\" alt=\"Vitgumpad Buskskv\u00e4tta, Lars Lundmark F\u00e5glar \u00d6land\" width=\"800\" height=\"612\" srcset=\"https:\/\/visitoland.com\/wp-content\/uploads\/2016\/05\/vitgumpadbuskskvatta-1-ll.jpg 800w, https:\/\/visitoland.com\/wp-content\/uploads\/2016\/05\/vitgumpadbuskskvatta-1-ll-150x115.jpg 150w, https:\/\/visitoland.com\/wp-content\/uploads\/2016\/05\/vitgumpadbuskskvatta-1-ll-300x230.jpg 300w, https:\/\/visitoland.com\/wp-content\/uploads\/2016\/05\/vitgumpadbuskskvatta-1-ll-157x120.jpg 157w, https:\/\/visitoland.com\/wp-content\/uploads\/2016\/05\/vitgumpadbuskskvatta-1-ll-235x180.jpg 235w, https:\/\/visitoland.com\/wp-content\/uploads\/2016\/05\/vitgumpadbuskskvatta-1-ll-350x268.jpg 350w\" sizes=\"auto, (max-width: 800px) 100vw, 800px\" \/><\/a>Siberian Stonechat,\u00a0\u00a9 Lars Lundmark[\/vc_column_text][\/vc_column][\/vc_row][vc_row][vc_column width=&#8221;1\/3&#8243;][vc_column_text]<img loading=\"lazy\" decoding=\"async\" class=\"aligncenter size-full wp-image-40225\" src=\"https:\/\/visitoland.com\/wp-content\/uploads\/2016\/05\/bergstaigasangare-mt-okt.jpg\" alt=\"Bergstaigas\u00e5ngare, Markus Tallroth F\u00e5glar \u00d6land\" width=\"1000\" height=\"668\" srcset=\"https:\/\/visitoland.com\/wp-content\/uploads\/2016\/05\/bergstaigasangare-mt-okt.jpg 1000w, https:\/\/visitoland.com\/wp-content\/uploads\/2016\/05\/bergstaigasangare-mt-okt-150x100.jpg 150w, https:\/\/visitoland.com\/wp-content\/uploads\/2016\/05\/bergstaigasangare-mt-okt-300x200.jpg 300w, https:\/\/visitoland.com\/wp-content\/uploads\/2016\/05\/bergstaigasangare-mt-okt-160x107.jpg 160w, https:\/\/visitoland.com\/wp-content\/uploads\/2016\/05\/bergstaigasangare-mt-okt-260x174.jpg 260w, https:\/\/visitoland.com\/wp-content\/uploads\/2016\/05\/bergstaigasangare-mt-okt-360x240.jpg 360w\" sizes=\"auto, (max-width: 1000px) 100vw, 1000px\" \/>Hume&#8217;s Leaf Warbler,\u00a0\u00a9 Markus Tallroth[\/vc_column_text][\/vc_column][vc_column width=&#8221;2\/3&#8243;][vc_column_text]The few Asian Desert Warbler encountered have gladly exposed them self between the oraches on the shore when the birders start to leave the island, sometimes well into November &#8211; a month that offers quality rather than quantity of rarities, with improbabilities as Chimney Swift and American Cliff Swallow in the top of the list.<\/p>\n<p>At late autumn, it also happens that some Little Auk or Hume&#8217;s Leaf Warbler pops up, before the darkness for a while descends over \u00d6land.[\/vc_column_text][\/vc_column][\/vc_row][vc_row][vc_column][vc_column_text]<\/p>\n<h3 style=\"text-align: center;\">Some rarities that have only been seen in the autumn on \u00d6land.<\/h3>\n<p>Booted Eagle, Great Bustard, Cream-coloured Courser, Long-toed Stint, Long-billed Dowitcher, Little Curlew, Sabine&#8217;s Gull, Chimney Swift, Middle Spotted Woodpecker, Three-toed Woodpecker, American Cliff Swallow, Siberian Accentor, Black-throated Accentor, Pied Wheatear, Siberian Thrush, Lanceolated Warbler, Melodious Warbler, Asian Desert Warbler, Radde&#8217;s Warbler and Taiga Flycatcher.[\/vc_column_text][\/vc_column][\/vc_row][vc_row][vc_column width=&#8221;1\/4&#8243;][vc_column_text]<a href=\"https:\/\/visitoland.com\/wp-content\/uploads\/2016\/05\/tarnmas-ventlinge-ll.jpg\" data-rel=\"lightbox-image-7\" data-rl_title=\"T\u00e4rnm\u00e5s,Lars Lundmark Ventlinge \u00d6land\" data-rl_caption=\"\" title=\"T\u00e4rnm\u00e5s,Lars Lundmark Ventlinge \u00d6land\"><img loading=\"lazy\" decoding=\"async\" class=\"aligncenter wp-image-40233 size-full\" src=\"https:\/\/visitoland.com\/wp-content\/uploads\/2016\/05\/tarnmas-ventlinge-ll.jpg\" alt=\"T\u00e4rnm\u00e5s,Lars Lundmark Ventlinge \u00d6land\" width=\"800\" height=\"550\" srcset=\"https:\/\/visitoland.com\/wp-content\/uploads\/2016\/05\/tarnmas-ventlinge-ll.jpg 800w, https:\/\/visitoland.com\/wp-content\/uploads\/2016\/05\/tarnmas-ventlinge-ll-150x103.jpg 150w, https:\/\/visitoland.com\/wp-content\/uploads\/2016\/05\/tarnmas-ventlinge-ll-300x206.jpg 300w, https:\/\/visitoland.com\/wp-content\/uploads\/2016\/05\/tarnmas-ventlinge-ll-160x110.jpg 160w, https:\/\/visitoland.com\/wp-content\/uploads\/2016\/05\/tarnmas-ventlinge-ll-260x180.jpg 260w, https:\/\/visitoland.com\/wp-content\/uploads\/2016\/05\/tarnmas-ventlinge-ll-360x248.jpg 360w\" sizes=\"auto, (max-width: 800px) 100vw, 800px\" \/><\/a>Sabine&#8217;s gull,\u00a0\u00a9 Lars Lundmark[\/vc_column_text][\/vc_column][vc_column width=&#8221;1\/4&#8243;][vc_column_text]<a href=\"https:\/\/visitoland.com\/wp-content\/uploads\/2016\/05\/nunnestenskvatta-ll.jpg\" data-rel=\"lightbox-image-8\" data-rl_title=\"Nunnestenskv\u00e4tta, Lars Lundmark F\u00e5glar \u00d6land\" data-rl_caption=\"\" title=\"Nunnestenskv\u00e4tta, Lars Lundmark F\u00e5glar \u00d6land\"><img loading=\"lazy\" decoding=\"async\" class=\"aligncenter wp-image-40239 size-full\" src=\"https:\/\/visitoland.com\/wp-content\/uploads\/2016\/05\/nunnestenskvatta-ll.jpg\" alt=\"Nunnestenskv\u00e4tta, Lars Lundmark F\u00e5glar \u00d6land\" width=\"800\" height=\"550\" srcset=\"https:\/\/visitoland.com\/wp-content\/uploads\/2016\/05\/nunnestenskvatta-ll.jpg 800w, https:\/\/visitoland.com\/wp-content\/uploads\/2016\/05\/nunnestenskvatta-ll-150x103.jpg 150w, https:\/\/visitoland.com\/wp-content\/uploads\/2016\/05\/nunnestenskvatta-ll-300x206.jpg 300w, https:\/\/visitoland.com\/wp-content\/uploads\/2016\/05\/nunnestenskvatta-ll-160x110.jpg 160w, https:\/\/visitoland.com\/wp-content\/uploads\/2016\/05\/nunnestenskvatta-ll-260x180.jpg 260w, https:\/\/visitoland.com\/wp-content\/uploads\/2016\/05\/nunnestenskvatta-ll-360x248.jpg 360w\" sizes=\"auto, (max-width: 800px) 100vw, 800px\" \/><\/a>Pied Wheatear,\u00a0\u00a9 Lars Lundmark[\/vc_column_text][\/vc_column][vc_column width=&#8221;1\/4&#8243;][vc_column_text]<a href=\"https:\/\/visitoland.com\/wp-content\/uploads\/2016\/05\/svartstrupigjarnsparv-ottenby-ll.jpg\" data-rel=\"lightbox-image-9\" data-rl_title=\"Svartstrupig J\u00e4rnsparv, Lars Lundmark Ottenby \u00d6land\" data-rl_caption=\"\" title=\"Svartstrupig J\u00e4rnsparv, Lars Lundmark Ottenby \u00d6land\"><img loading=\"lazy\" decoding=\"async\" class=\"aligncenter wp-image-40236 size-full\" src=\"https:\/\/visitoland.com\/wp-content\/uploads\/2016\/05\/svartstrupigjarnsparv-ottenby-ll.jpg\" alt=\"Svartstrupig J\u00e4rnsparv, Lars Lundmark Ottenby \u00d6land\" width=\"800\" height=\"550\" srcset=\"https:\/\/visitoland.com\/wp-content\/uploads\/2016\/05\/svartstrupigjarnsparv-ottenby-ll.jpg 800w, https:\/\/visitoland.com\/wp-content\/uploads\/2016\/05\/svartstrupigjarnsparv-ottenby-ll-150x103.jpg 150w, https:\/\/visitoland.com\/wp-content\/uploads\/2016\/05\/svartstrupigjarnsparv-ottenby-ll-300x206.jpg 300w, https:\/\/visitoland.com\/wp-content\/uploads\/2016\/05\/svartstrupigjarnsparv-ottenby-ll-160x110.jpg 160w, https:\/\/visitoland.com\/wp-content\/uploads\/2016\/05\/svartstrupigjarnsparv-ottenby-ll-260x180.jpg 260w, https:\/\/visitoland.com\/wp-content\/uploads\/2016\/05\/svartstrupigjarnsparv-ottenby-ll-360x248.jpg 360w\" sizes=\"auto, (max-width: 800px) 100vw, 800px\" \/><\/a>Black-throated Accentor,\u00a0\u00a9 Lars Lundmark[\/vc_column_text][\/vc_column][vc_column width=&#8221;1\/4&#8243;][vc_column_text]<a href=\"https:\/\/visitoland.com\/wp-content\/uploads\/2016\/05\/dvargorn-ll.jpg\" data-rel=\"lightbox-image-10\" data-rl_title=\"Dv\u00e4rg\u00f6rn, Lars Lundmark F\u00e5glar \u00d6land\" data-rl_caption=\"\" title=\"Dv\u00e4rg\u00f6rn, Lars Lundmark F\u00e5glar \u00d6land\"><img loading=\"lazy\" decoding=\"async\" class=\"aligncenter wp-image-40230 size-full\" src=\"https:\/\/visitoland.com\/wp-content\/uploads\/2016\/05\/dvargorn-ll.jpg\" alt=\"Dv\u00e4rg\u00f6rn, Lars Lundmark F\u00e5glar \u00d6land\" width=\"800\" height=\"570\" srcset=\"https:\/\/visitoland.com\/wp-content\/uploads\/2016\/05\/dvargorn-ll.jpg 800w, https:\/\/visitoland.com\/wp-content\/uploads\/2016\/05\/dvargorn-ll-150x107.jpg 150w, https:\/\/visitoland.com\/wp-content\/uploads\/2016\/05\/dvargorn-ll-300x214.jpg 300w, https:\/\/visitoland.com\/wp-content\/uploads\/2016\/05\/dvargorn-ll-160x114.jpg 160w, https:\/\/visitoland.com\/wp-content\/uploads\/2016\/05\/dvargorn-ll-253x180.jpg 253w, https:\/\/visitoland.com\/wp-content\/uploads\/2016\/05\/dvargorn-ll-360x257.jpg 360w\" sizes=\"auto, (max-width: 800px) 100vw, 800px\" \/><\/a>Booted Eagle,\u00a0\u00a9 Lars Lundmark[\/vc_column_text][\/vc_column][\/vc_row][vc_row][vc_column width=&#8221;1\/6&#8243;][vc_column_text]<img loading=\"lazy\" decoding=\"async\" class=\"aligncenter size-full wp-image-39338\" src=\"https:\/\/visitoland.com\/wp-content\/uploads\/2016\/04\/olands-faglar-OOF.jpg\" alt=\"\u00d6lands-f\u00e5glar-\u00d6OF \u00d6land\" width=\"275\" height=\"400\" srcset=\"https:\/\/visitoland.com\/wp-content\/uploads\/2016\/04\/olands-faglar-OOF.jpg 275w, https:\/\/visitoland.com\/wp-content\/uploads\/2016\/04\/olands-faglar-OOF-103x150.jpg 103w, https:\/\/visitoland.com\/wp-content\/uploads\/2016\/04\/olands-faglar-OOF-206x300.jpg 206w, https:\/\/visitoland.com\/wp-content\/uploads\/2016\/04\/olands-faglar-OOF-83x120.jpg 83w, https:\/\/visitoland.com\/wp-content\/uploads\/2016\/04\/olands-faglar-OOF-124x180.jpg 124w, https:\/\/visitoland.com\/wp-content\/uploads\/2016\/04\/olands-faglar-OOF-184x268.jpg 184w\" sizes=\"auto, (max-width: 275px) 100vw, 275px\" \/>[\/vc_column_text][\/vc_column][vc_column width=&#8221;5\/6&#8243;][vc_column_text]<strong>Source<\/strong>: \u00d6lands F\u00e5glar \u00a9 <a href=\"https:\/\/www.oof.nu\/\" target=\"_blank\">\u00d6lands Ornitologiska F\u00f6rening \u00d6OF<\/a> \u00a0(authors this chapter: Anders Waldenstr\u00f6m)<\/p>\n<p><strong>Translation<\/strong>: Visitoland.com<\/p>\n<p><strong>Pictures<\/strong>: see each picture<\/p>\n<p><strong>The book<\/strong>: \u00d6lands F\u00e5glar, 496 pages (only in Swedish), can be ordered at <a href=\"https:\/\/www.naturbokhandeln.se\/sv\/articles\/2.101.5628\/olands-faglar-red-johnsson\" target=\"_blank\">Naturbokhandeln<\/a><br \/>\n<strong>ISBN<\/strong>: 9789188124555[\/vc_column_text][\/vc_column][\/vc_row]<\/p>\n<\/div>","protected":false},"excerpt":{"rendered":"<p>[vc_row][vc_column][vc_column_text] A hectic time! While \u00d6lands migratory birds takes off towards the southern latitudes, then the island is visited by countless crowds of more northern birds on their way south. The amounts of individuals that pass are considerably larger than in the spring, now when the inexperienced young birds are migrating for the first time&nbsp; &nbsp;<a href=\"https:\/\/visitoland.com\/en\/birding\/the-rarities\/september-to-november\/\">&#8230;Continue Reading<\/a><\/p>\n","protected":false},"author":2,"featured_media":39798,"parent":39772,"menu_order":5,"comment_status":"closed","ping_status":"closed","template":"","meta":{"footnotes":""},"class_list":["post-40244","page","type-page","status-publish","has-post-thumbnail","hentry"],"aioseo_notices":[],"_links":{"self":[{"href":"https:\/\/visitoland.com\/en\/wp-json\/wp\/v2\/pages\/40244","targetHints":{"allow":["GET"]}}],"collection":[{"href":"https:\/\/visitoland.com\/en\/wp-json\/wp\/v2\/pages"}],"about":[{"href":"https:\/\/visitoland.com\/en\/wp-json\/wp\/v2\/types\/page"}],"author":[{"embeddable":true,"href":"https:\/\/visitoland.com\/en\/wp-json\/wp\/v2\/users\/2"}],"replies":[{"embeddable":true,"href":"https:\/\/visitoland.com\/en\/wp-json\/wp\/v2\/comments?post=40244"}],"version-history":[{"count":0,"href":"https:\/\/visitoland.com\/en\/wp-json\/wp\/v2\/pages\/40244\/revisions"}],"up":[{"embeddable":true,"href":"https:\/\/visitoland.com\/en\/wp-json\/wp\/v2\/pages\/39772"}],"wp:featuredmedia":[{"embeddable":true,"href":"https:\/\/visitoland.com\/en\/wp-json\/wp\/v2\/media\/39798"}],"wp:attachment":[{"href":"https:\/\/visitoland.com\/en\/wp-json\/wp\/v2\/media?parent=40244"}],"curies":[{"name":"wp","href":"https:\/\/api.w.org\/{rel}","templated":true}]}}