{"id":40265,"date":"2016-05-17T11:02:19","date_gmt":"2016-05-17T09:02:19","guid":{"rendered":"https:\/\/visitoland.com\/en\/?page_id=40265"},"modified":"2016-05-17T11:05:41","modified_gmt":"2016-05-17T09:05:41","slug":"rare-birds","status":"publish","type":"page","link":"https:\/\/visitoland.com\/en\/birding\/the-rarities\/rare-birds\/","title":{"rendered":"Rare birds"},"content":{"rendered":"<div class=\"wpb-content-wrapper\"><p>[vc_row][vc_column][vc_column_text]<\/p>\n<h2 style=\"text-align: center;\">How rare birds can one see and when?<\/h2>\n<p>Really rare bird species is called rarities and rightly so. Though rare, usually only in our region \u2013 somewhere else in the world, they are often common.<\/p>\n<p>Of the rarest guests in Sweden is there 12 species that\u2019s only been observed on \u00d6land. And for a large number of unusual guests is \u00d6land accountable for the highest number of observations in the country. This makes the province one of the two best in Sweden for rarities.[\/vc_column_text][\/vc_column][\/vc_row][vc_row][vc_column width=&#8221;2\/3&#8243;][vc_column_text]<\/p>\n<p>&nbsp;<\/p>\n<p>Of the at least 420 bird species that have been observed on \u00d6land are only about 150 nesting birds. Another approximately 100 species regularly pass or wintering here, which consequently means that by far the largest category of birds consists of those that cannot be said to be resident here.[\/vc_column_text][\/vc_column][vc_column width=&#8221;1\/3&#8243;][vc_column_text]<a href=\"https:\/\/visitoland.com\/wp-content\/uploads\/2016\/05\/tretaighackspett-ll.jpg\" data-rel=\"lightbox-image-0\" data-rl_title=\"Tret\u00e5ig Hackspett, Lars Lundmark F\u00e5glar \u00d6land\" data-rl_caption=\"\" title=\"Tret\u00e5ig Hackspett, Lars Lundmark F\u00e5glar \u00d6land\"><img loading=\"lazy\" decoding=\"async\" class=\"aligncenter wp-image-40254 size-full\" src=\"https:\/\/visitoland.com\/wp-content\/uploads\/2016\/05\/tretaighackspett-ll.jpg\" alt=\"Tret\u00e5ig Hackspett, Lars Lundmark F\u00e5glar \u00d6land\" width=\"800\" height=\"550\" srcset=\"https:\/\/visitoland.com\/wp-content\/uploads\/2016\/05\/tretaighackspett-ll.jpg 800w, https:\/\/visitoland.com\/wp-content\/uploads\/2016\/05\/tretaighackspett-ll-150x103.jpg 150w, https:\/\/visitoland.com\/wp-content\/uploads\/2016\/05\/tretaighackspett-ll-300x206.jpg 300w, https:\/\/visitoland.com\/wp-content\/uploads\/2016\/05\/tretaighackspett-ll-160x110.jpg 160w, https:\/\/visitoland.com\/wp-content\/uploads\/2016\/05\/tretaighackspett-ll-260x180.jpg 260w, https:\/\/visitoland.com\/wp-content\/uploads\/2016\/05\/tretaighackspett-ll-360x248.jpg 360w\" sizes=\"auto, (max-width: 800px) 100vw, 800px\" \/><\/a>Three-toed Woodpecker,\u00a0\u00a9 Lars Lundmark[\/vc_column_text][\/vc_column][\/vc_row][vc_row][vc_column][vc_column_text]The highest number of rarities on \u00d6land is seen in May, maybe not so surprising, since it is in this month in the spring the bird migration culminates. October comes next, at a time when several astray flown guests from Siberia find their way to the island.[\/vc_column_text][\/vc_column][\/vc_row][vc_row][vc_column width=&#8221;1\/3&#8243;][vc_column_text]<a href=\"https:\/\/visitoland.com\/wp-content\/uploads\/2016\/05\/cettisangare-ll.jpg\" data-rel=\"lightbox-image-1\" data-rl_title=\"Cettis\u00e5ngare, Lars Lundmark F\u00e5glar \u00d6land\" data-rl_caption=\"\" title=\"Cettis\u00e5ngare, Lars Lundmark F\u00e5glar \u00d6land\"><img loading=\"lazy\" decoding=\"async\" class=\"aligncenter wp-image-40260 size-full\" src=\"https:\/\/visitoland.com\/wp-content\/uploads\/2016\/05\/cettisangare-ll.jpg\" alt=\"Cettis\u00e5ngare, Lars Lundmark F\u00e5glar \u00d6land\" width=\"600\" height=\"450\" srcset=\"https:\/\/visitoland.com\/wp-content\/uploads\/2016\/05\/cettisangare-ll.jpg 600w, https:\/\/visitoland.com\/wp-content\/uploads\/2016\/05\/cettisangare-ll-150x113.jpg 150w, https:\/\/visitoland.com\/wp-content\/uploads\/2016\/05\/cettisangare-ll-300x225.jpg 300w, https:\/\/visitoland.com\/wp-content\/uploads\/2016\/05\/cettisangare-ll-160x120.jpg 160w, https:\/\/visitoland.com\/wp-content\/uploads\/2016\/05\/cettisangare-ll-240x180.jpg 240w, https:\/\/visitoland.com\/wp-content\/uploads\/2016\/05\/cettisangare-ll-357x268.jpg 357w\" sizes=\"auto, (max-width: 600px) 100vw, 600px\" \/><\/a>Cetti&#8217;s Warbler,\u00a0\u00a9 Lars Lundmark[\/vc_column_text][\/vc_column][vc_column width=&#8221;2\/3&#8243;][vc_column_text]<\/p>\n<p>&nbsp;<\/p>\n<p>June is a little surprising third, before the migration month of September. The other summer months also do well. This is due in large part to the long distance \u00a0migratory wading birds have already started their autumn migration then, and that good thermal flyers like the birds of prey then can visit far from their home areas.[\/vc_column_text][\/vc_column][\/vc_row][vc_row][vc_column width=&#8221;1\/4&#8243;][vc_column_text][\/vc_column_text][\/vc_column][vc_column width=&#8221;1\/4&#8243;][\/vc_column][vc_column width=&#8221;1\/4&#8243;][\/vc_column][vc_column width=&#8221;1\/4&#8243;][\/vc_column][\/vc_row][vc_row][vc_column width=&#8221;1\/6&#8243;][vc_column_text]<img loading=\"lazy\" decoding=\"async\" class=\"aligncenter size-full wp-image-39338\" src=\"https:\/\/visitoland.com\/wp-content\/uploads\/2016\/04\/olands-faglar-OOF.jpg\" alt=\"\u00d6lands-f\u00e5glar-\u00d6OF \u00d6land\" width=\"275\" height=\"400\" srcset=\"https:\/\/visitoland.com\/wp-content\/uploads\/2016\/04\/olands-faglar-OOF.jpg 275w, https:\/\/visitoland.com\/wp-content\/uploads\/2016\/04\/olands-faglar-OOF-103x150.jpg 103w, https:\/\/visitoland.com\/wp-content\/uploads\/2016\/04\/olands-faglar-OOF-206x300.jpg 206w, https:\/\/visitoland.com\/wp-content\/uploads\/2016\/04\/olands-faglar-OOF-83x120.jpg 83w, https:\/\/visitoland.com\/wp-content\/uploads\/2016\/04\/olands-faglar-OOF-124x180.jpg 124w, https:\/\/visitoland.com\/wp-content\/uploads\/2016\/04\/olands-faglar-OOF-184x268.jpg 184w\" sizes=\"auto, (max-width: 275px) 100vw, 275px\" \/>[\/vc_column_text][\/vc_column][vc_column width=&#8221;5\/6&#8243;][vc_column_text]<strong>Source<\/strong>: \u00d6lands F\u00e5glar \u00a9 <a href=\"https:\/\/www.oof.nu\/\" target=\"_blank\">\u00d6lands Ornitologiska F\u00f6rening \u00d6OF<\/a> \u00a0(authors this chapter: Anders Waldenstr\u00f6m)<\/p>\n<p><strong>Translation<\/strong>: Visitoland.com<\/p>\n<p><strong>Pictures<\/strong>: see each picture<\/p>\n<p><strong>The book<\/strong>: \u00d6lands F\u00e5glar, 496 pages (only in Swedish), can be ordered at <a href=\"https:\/\/www.naturbokhandeln.se\/sv\/articles\/2.101.5628\/olands-faglar-red-johnsson\" target=\"_blank\">Naturbokhandeln<\/a><br \/>\n<strong>ISBN<\/strong>: 9789188124555[\/vc_column_text][\/vc_column][\/vc_row]<\/p>\n<\/div>","protected":false},"excerpt":{"rendered":"<p>[vc_row][vc_column][vc_column_text] How rare birds can one see and when? Really rare bird species is called rarities and rightly so. Though rare, usually only in our region \u2013 somewhere else in the world, they are often common. Of the rarest guests in Sweden is there 12 species that\u2019s only been observed on \u00d6land. And for a&nbsp; &nbsp;<a href=\"https:\/\/visitoland.com\/en\/birding\/the-rarities\/rare-birds\/\">&#8230;Continue Reading<\/a><\/p>\n","protected":false},"author":2,"featured_media":39778,"parent":39772,"menu_order":1,"comment_status":"closed","ping_status":"closed","template":"","meta":{"footnotes":""},"class_list":["post-40265","page","type-page","status-publish","has-post-thumbnail","hentry"],"aioseo_notices":[],"_links":{"self":[{"href":"https:\/\/visitoland.com\/en\/wp-json\/wp\/v2\/pages\/40265","targetHints":{"allow":["GET"]}}],"collection":[{"href":"https:\/\/visitoland.com\/en\/wp-json\/wp\/v2\/pages"}],"about":[{"href":"https:\/\/visitoland.com\/en\/wp-json\/wp\/v2\/types\/page"}],"author":[{"embeddable":true,"href":"https:\/\/visitoland.com\/en\/wp-json\/wp\/v2\/users\/2"}],"replies":[{"embeddable":true,"href":"https:\/\/visitoland.com\/en\/wp-json\/wp\/v2\/comments?post=40265"}],"version-history":[{"count":0,"href":"https:\/\/visitoland.com\/en\/wp-json\/wp\/v2\/pages\/40265\/revisions"}],"up":[{"embeddable":true,"href":"https:\/\/visitoland.com\/en\/wp-json\/wp\/v2\/pages\/39772"}],"wp:featuredmedia":[{"embeddable":true,"href":"https:\/\/visitoland.com\/en\/wp-json\/wp\/v2\/media\/39778"}],"wp:attachment":[{"href":"https:\/\/visitoland.com\/en\/wp-json\/wp\/v2\/media?parent=40265"}],"curies":[{"name":"wp","href":"https:\/\/api.w.org\/{rel}","templated":true}]}}