{"id":416,"date":"2012-11-12T18:11:43","date_gmt":"2012-11-12T18:11:43","guid":{"rendered":"https:\/\/visitoland.com\/?page_id=416"},"modified":"2014-01-03T19:39:50","modified_gmt":"2014-01-03T18:39:50","slug":"coffe-shops","status":"publish","type":"page","link":"https:\/\/visitoland.com\/en\/eat\/coffe-shops\/","title":{"rendered":"Coffe shops"},"content":{"rendered":"<div class=\"accordion\" id=\"accordion2\">\r\n<div class=\"accordion-group\">\r\n<div class=\"accordion-heading\"><a class=\"accordion-toggle\" href=\"#collapseOne\" data-toggle=\"collapse\" data-parent=\"#accordion2\">\r\nEat Menu\r\n<\/a><\/div>\r\n<div class=\"accordion-body collapse\" id=\"collapseOne\">\r\n<div class=\"accordion-inner\">\r\n<ul class=\"nav nav-pills nav-stacked\">\r\n<li class=\"page_item page-item-416\"><a href=\"https:\/\/visitoland.com\/en\/eat\/coffe-shops\/\">Coffe shops<\/a><\/li>\n<li class=\"page_item page-item-2015\"><a href=\"https:\/\/visitoland.com\/en\/eat\/food-manufacturer\/\">Food manufacturer<\/a><\/li>\n<li class=\"page_item page-item-6243\"><a href=\"https:\/\/visitoland.com\/en\/eat\/pub-bar\/\">Pub &#038; Bar<\/a><\/li>\n<li class=\"page_item page-item-2087\"><a href=\"https:\/\/visitoland.com\/en\/eat\/restaurant\/\">Restaurant<\/a><\/li>\n<\/ul>\r\n<\/div>\r\n<\/div>\r\n<\/div>\r\n<\/div>\n\r\n\r\n\r\n<div class=\"row\">\r\n  <div class=\"span8\">\r\n    <div class=\"inner\">\r\n\r\n<div id=\"options\">\r\n  <div class=\"option-set\" data-group=\"lage\">\r\n                    <input type=\"checkbox\" value=\"\" id=\"lage-all\" class=\"all\" checked \/><label for=\"lage-all\">Whole \u00d6land<\/label>\r\n                <input type=\"checkbox\" value=\".nothern-oland\" id=\"nothern-oland\" \/><label for=\"nothern-oland\">Northern \u00d6land<\/label>\r\n                <input type=\"checkbox\" value=\".southern-oland\" id=\"southern-oland\" \/><label for=\"southern-oland\">Southern \u00d6land<\/label>\r\n                <input type=\"checkbox\" value=\".central-oland\" id=\"central-oland\" \/><label for=\"central-oland\">Central \u00d6land<\/label>\r\n                <input type=\"checkbox\" value=\".kalmar\" id=\"kalmar\" \/><label for=\"kalmar\">Kalmar<\/label>\r\n  <\/div>\r\n  <div class=\"option-set\" data-group=\"typ\">\r\n    <input type=\"checkbox\" value=\"\" id=\"typ-all\" class=\"all\" checked \/><label for=\"typ-all\">All<\/label>\r\n    <input type=\"checkbox\" value=\".gluten\" id=\"gluten\" \/><label for=\"gluten\">Gluten-free options<\/label>\r\n    <input type=\"checkbox\" value=\".laktos\" id=\"laktos\" \/><label for=\"laktos\">Lactose-free alternatives<\/label>\r\n    <input type=\"checkbox\" value=\".disability-friendly\" id=\"disability-friendly\" \/><label for=\"disability-friendly\">Disability friendly<\/label>\r\n  <\/div>\r\n<\/div>\r\n\r\n\r\n    <\/div>\r\n  <\/div>\r\n<\/div>\n\n<div id=\"wpv-view-layout-6239\" class=\"js-wpv-view-layout js-wpv-layout-responsive js-wpv-view-layout-6239\" data-viewnumber=\"6239\" data-pagination=\"{&quot;id&quot;:6239,&quot;query&quot;:&quot;normal&quot;,&quot;type&quot;:&quot;disabled&quot;,&quot;effect&quot;:&quot;fade&quot;,&quot;duration&quot;:&quot;500&quot;,&quot;speed&quot;:5,&quot;pause_on_hover&quot;:&quot;disabled&quot;,&quot;stop_rollover&quot;:&quot;false&quot;,&quot;cache_pages&quot;:&quot;enabled&quot;,&quot;preload_images&quot;:&quot;enabled&quot;,&quot;preload_pages&quot;:&quot;enabled&quot;,&quot;preload_reach&quot;:&quot;1&quot;,&quot;spinner&quot;:&quot;builtin&quot;,&quot;spinner_image&quot;:&quot;https:\/\/visitoland.com\/koko173Jambo29\/wp-content\/plugins\/wp-views\/embedded\/res\/img\/ajax-loader.gif&quot;,&quot;callback_next&quot;:&quot;&quot;,&quot;manage_history&quot;:&quot;enabled&quot;,&quot;has_controls_in_form&quot;:&quot;disabled&quot;,&quot;infinite_tolerance&quot;:&quot;0&quot;,&quot;max_pages&quot;:0,&quot;page&quot;:1,&quot;base_permalink&quot;:&quot;\/en\/wp-json\/wp\/v2\/pages\/416?wpv_view_count=6239&amp;wpv_paged=WPV_PAGE_NUM&quot;,&quot;loop&quot;:{&quot;type&quot;:&quot;&quot;,&quot;name&quot;:&quot;&quot;,&quot;data&quot;:[],&quot;id&quot;:0}}\" data-permalink=\"\/en\/wp-json\/wp\/v2\/pages\/416?wpv_view_count=6239\">\n\n<div class=\"row\">\n\t\n\t<div id=\"containerAtaEng\" class=\"span5\">\n    \t\n    \t\t<div class=\"map_element row operators-list-item box southern-oland\">\n              <input type=\"hidden\" value=\"56.2484457\" class=\"marker_long\" \/>\n              <input type=\"hidden\" value=\"16.4693361\" class=\"marker_lat\" \/>\n              <div class=\"span2\">\n                <div class=\"inner\">\n           \n                    <img loading=\"lazy\" decoding=\"async\" width=\"220\" height=\"147\" src=\"https:\/\/visitoland.com\/wp-content\/uploads\/2013\/02\/Carlas-Cafe-Pres2.jpg\" class=\"attachment-full size-full wp-post-image\" alt=\"\" srcset=\"https:\/\/visitoland.com\/wp-content\/uploads\/2013\/02\/Carlas-Cafe-Pres2.jpg 220w, https:\/\/visitoland.com\/wp-content\/uploads\/2013\/02\/Carlas-Cafe-Pres2-150x100.jpg 150w, https:\/\/visitoland.com\/wp-content\/uploads\/2013\/02\/Carlas-Cafe-Pres2-160x106.jpg 160w\" sizes=\"auto, (max-width: 220px) 100vw, 220px\" \/>\n                \n                <\/div>\n              <\/div>\n              <div class=\"span3\">\n                <div class=\"inner\">\n                  <h2 class=\"bo link-title marker_title\"><a href=\"https:\/\/visitoland.com\/en\/visit-ata\/carlas-cafe\/\">Carlas Caf\u00e9<\/a><\/h2>\n                  <p>Here you can relax on a couch in the garden, and enjoy the view over the fields and the sea.<\/p>\n<br\/>\n                  Location: Southern \u00d6land\r\n\n   \n                <\/div>\n              <\/div>  \n    \t\t<\/div>\n          <hr\/>\n    \t\n    \t\t<div class=\"map_element row operators-list-item box southern-oland\">\n              <input type=\"hidden\" value=\"56.4815381\" class=\"marker_long\" \/>\n              <input type=\"hidden\" value=\"16.5753211\" class=\"marker_lat\" \/>\n              <div class=\"span2\">\n                <div class=\"inner\">\n           \n                    <img loading=\"lazy\" decoding=\"async\" width=\"220\" height=\"147\" src=\"https:\/\/visitoland.com\/wp-content\/uploads\/2013\/02\/Bla-Porten-presentation.jpg\" class=\"attachment-full size-full wp-post-image\" alt=\"Bl\u00e5 Porten - visitoland.com\" srcset=\"https:\/\/visitoland.com\/wp-content\/uploads\/2013\/02\/Bla-Porten-presentation.jpg 220w, https:\/\/visitoland.com\/wp-content\/uploads\/2013\/02\/Bla-Porten-presentation-150x100.jpg 150w, https:\/\/visitoland.com\/wp-content\/uploads\/2013\/02\/Bla-Porten-presentation-160x106.jpg 160w\" sizes=\"auto, (max-width: 220px) 100vw, 220px\" \/>\n                \n                <\/div>\n              <\/div>\n              <div class=\"span3\">\n                <div class=\"inner\">\n                  <h2 class=\"bo link-title marker_title\"><a href=\"https:\/\/visitoland.com\/en\/visit-ata\/galleri-bla-porten-cafe-restaurant\/\">Galleri Bl\u00e5 Porten Caf\u00e9 &#038; Restaurant<\/a><\/h2>\n                  <p>Enjoy good food and drink along with art and a wonderful view of the Baltic Sea!<\/p>\n<br\/>\n                  Location: Southern \u00d6land\r\n\n   \n                <\/div>\n              <\/div>  \n    \t\t<\/div>\n          <hr\/>\n    \t\n    \t\t<div class=\"map_element row operators-list-item box shopping-en southern-oland\">\n              <input type=\"hidden\" value=\"56.4692751\" class=\"marker_long\" \/>\n              <input type=\"hidden\" value=\"16.5745378\" class=\"marker_lat\" \/>\n              <div class=\"span2\">\n                <div class=\"inner\">\n           \n                    <img loading=\"lazy\" decoding=\"async\" width=\"220\" height=\"147\" src=\"https:\/\/visitoland.com\/wp-content\/uploads\/2013\/04\/havtornsgarden-pres.jpg\" class=\"attachment-full size-full wp-post-image\" alt=\"\" srcset=\"https:\/\/visitoland.com\/wp-content\/uploads\/2013\/04\/havtornsgarden-pres.jpg 220w, https:\/\/visitoland.com\/wp-content\/uploads\/2013\/04\/havtornsgarden-pres-150x100.jpg 150w, https:\/\/visitoland.com\/wp-content\/uploads\/2013\/04\/havtornsgarden-pres-160x106.jpg 160w\" sizes=\"auto, (max-width: 220px) 100vw, 220px\" \/>\n                \n                <\/div>\n              <\/div>\n              <div class=\"span3\">\n                <div class=\"inner\">\n                  <h2 class=\"bo link-title marker_title\"><a href=\"https:\/\/visitoland.com\/en\/visit-ata\/havtornsgarden\/\">Havtornsg\u00e5rden<\/a><\/h2>\n                  <p>Havtornsg\u00e5rden (Sea-buckthorn Farm), is a KRAV certified organic farm, that cultivates organic products since early 1970. Farm shop and caf\u00e9.<\/p>\n<br\/>\n                  Location: Southern \u00d6land\r\n\n   \n                <\/div>\n              <\/div>  \n    \t\t<\/div>\n          <hr\/>\n    \t\n    \t\t<div class=\"map_element row operators-list-item box northern-oland\">\n              <input type=\"hidden\" value=\"57.2053533\" class=\"marker_long\" \/>\n              <input type=\"hidden\" value=\"16.9615573\" class=\"marker_lat\" \/>\n              <div class=\"span2\">\n                <div class=\"inner\">\n           \n                    <img loading=\"lazy\" decoding=\"async\" width=\"220\" height=\"147\" src=\"https:\/\/visitoland.com\/wp-content\/uploads\/2013\/02\/hornsjons-pensionat-presentation1.jpg\" class=\"attachment-full size-full wp-post-image\" alt=\"hornsj\u00f6ns pensionat - visitoland.com\" srcset=\"https:\/\/visitoland.com\/wp-content\/uploads\/2013\/02\/hornsjons-pensionat-presentation1.jpg 220w, https:\/\/visitoland.com\/wp-content\/uploads\/2013\/02\/hornsjons-pensionat-presentation1-150x100.jpg 150w, https:\/\/visitoland.com\/wp-content\/uploads\/2013\/02\/hornsjons-pensionat-presentation1-160x106.jpg 160w\" sizes=\"auto, (max-width: 220px) 100vw, 220px\" \/>\n                \n                <\/div>\n              <\/div>\n              <div class=\"span3\">\n                <div class=\"inner\">\n                  <h2 class=\"bo link-title marker_title\"><a href=\"https:\/\/visitoland.com\/en\/visit-ata\/hornsjons-pensionat-restaurang\/\">Hornsj\u00f6ns Pensionat, Restaurang<\/a><\/h2>\n                  <p>Beautifully situated at the only lake on \u00d6land, the restaurant open mid June to mid August<\/p>\n<br\/>\n                  Location: Northern \u00d6land\r\n\n   \n                <\/div>\n              <\/div>  \n    \t\t<\/div>\n          <hr\/>\n    \t\n    \t\t<div class=\"map_element row operators-list-item box central-oland\">\n              <input type=\"hidden\" value=\"56.6489646\" class=\"marker_long\" \/>\n              <input type=\"hidden\" value=\"16.4673162\" class=\"marker_lat\" \/>\n              <div class=\"span2\">\n                <div class=\"inner\">\n           \n                    <img loading=\"lazy\" decoding=\"async\" width=\"220\" height=\"147\" src=\"https:\/\/visitoland.com\/wp-content\/uploads\/2013\/04\/hotell-skansen-presentation.jpg\" class=\"attachment-full size-full wp-post-image\" alt=\"hotell-skansen-presentation\" srcset=\"https:\/\/visitoland.com\/wp-content\/uploads\/2013\/04\/hotell-skansen-presentation.jpg 220w, https:\/\/visitoland.com\/wp-content\/uploads\/2013\/04\/hotell-skansen-presentation-150x100.jpg 150w, https:\/\/visitoland.com\/wp-content\/uploads\/2013\/04\/hotell-skansen-presentation-160x106.jpg 160w\" sizes=\"auto, (max-width: 220px) 100vw, 220px\" \/>\n                \n                <\/div>\n              <\/div>\n              <div class=\"span3\">\n                <div class=\"inner\">\n                  <h2 class=\"bo link-title marker_title\"><a href=\"https:\/\/visitoland.com\/en\/visit-ata\/hotel-skansen\/\">Hotel Skansen, Restaurant<\/a><\/h2>\n                  <p>Hotel Skansen, dating back to 1796, is an oasis in F\u00e4rjestaden, \u00d6land, with an outstanding restaurant, bar and bistro, a place to relax and eat well.<\/p>\n<br\/>\n                  Location: Central \u00d6land\r\n\n   \n                <\/div>\n              <\/div>  \n    \t\t<\/div>\n          <hr\/>\n    \t\n    \t\t<div class=\"map_element row operators-list-item box central-oland disability-friendly\">\n              <input type=\"hidden\" value=\"56.7570318\" class=\"marker_long\" \/>\n              <input type=\"hidden\" value=\"16.5282078\" class=\"marker_lat\" \/>\n              <div class=\"span2\">\n                <div class=\"inner\">\n           \n                    <img loading=\"lazy\" decoding=\"async\" width=\"220\" height=\"147\" src=\"https:\/\/visitoland.com\/wp-content\/uploads\/2013\/04\/mormors-stenugnsbageri-kaffestuga-presentation1.jpg\" class=\"attachment-full size-full wp-post-image\" alt=\"\" srcset=\"https:\/\/visitoland.com\/wp-content\/uploads\/2013\/04\/mormors-stenugnsbageri-kaffestuga-presentation1.jpg 220w, https:\/\/visitoland.com\/wp-content\/uploads\/2013\/04\/mormors-stenugnsbageri-kaffestuga-presentation1-150x100.jpg 150w, https:\/\/visitoland.com\/wp-content\/uploads\/2013\/04\/mormors-stenugnsbageri-kaffestuga-presentation1-160x106.jpg 160w\" sizes=\"auto, (max-width: 220px) 100vw, 220px\" \/>\n                \n                <\/div>\n              <\/div>\n              <div class=\"span3\">\n                <div class=\"inner\">\n                  <h2 class=\"bo link-title marker_title\"><a href=\"https:\/\/visitoland.com\/en\/visit-ata\/mormors-grandmothers-stenugnsbageri-kaffestuga\/\">Mormors (Grandmother\u2019s) Stenugnsbageri &#038; Kaffestuga<\/a><\/h2>\n                  <p>Stone oven bakery, with freshly baked breads of all varieties, buns, sandwiches and salads.<\/p>\n<br\/>\n                  Location: Central \u00d6land\r\n\n   \n                <\/div>\n              <\/div>  \n    \t\t<\/div>\n          <hr\/>\n    \t\n    \t\t<div class=\"map_element row operators-list-item box central-oland\">\n              <input type=\"hidden\" value=\"56.8803571232\" class=\"marker_long\" \/>\n              <input type=\"hidden\" value=\"16.650251059\" class=\"marker_lat\" \/>\n              <div class=\"span2\">\n                <div class=\"inner\">\n           \n                    <img loading=\"lazy\" decoding=\"async\" width=\"220\" height=\"147\" src=\"https:\/\/visitoland.com\/wp-content\/uploads\/2013\/02\/robinson-crusoe-presentation.jpg\" class=\"attachment-full size-full wp-post-image\" alt=\"robinson crusoe - visitoland.com\" srcset=\"https:\/\/visitoland.com\/wp-content\/uploads\/2013\/02\/robinson-crusoe-presentation.jpg 220w, https:\/\/visitoland.com\/wp-content\/uploads\/2013\/02\/robinson-crusoe-presentation-150x100.jpg 150w, https:\/\/visitoland.com\/wp-content\/uploads\/2013\/02\/robinson-crusoe-presentation-160x106.jpg 160w\" sizes=\"auto, (max-width: 220px) 100vw, 220px\" \/>\n                \n                <\/div>\n              <\/div>\n              <div class=\"span3\">\n                <div class=\"inner\">\n                  <h2 class=\"bo link-title marker_title\"><a href=\"https:\/\/visitoland.com\/en\/visit-ata\/robinson-crusoe-kok-bar\/\">Robinson Crusoe K\u00f6k &#038; Bar<\/a><\/h2>\n                  <p>Enjoy good food and the beautiful view from Robinson Crusoe\u2019s pleasant dining in Borgholm marina.<\/p>\n<br\/>\n                  Location: Central \u00d6land\r\n\n   \n                <\/div>\n              <\/div>  \n    \t\t<\/div>\n          <hr\/>\n    \t\n    \t\t<div class=\"map_element row operators-list-item box northern-oland\">\n              <input type=\"hidden\" value=\"57.0723800716\" class=\"marker_long\" \/>\n              <input type=\"hidden\" value=\"16.8586881534\" class=\"marker_lat\" \/>\n              <div class=\"span2\">\n                <div class=\"inner\">\n           \n                    <img loading=\"lazy\" decoding=\"async\" width=\"220\" height=\"147\" src=\"https:\/\/visitoland.com\/wp-content\/uploads\/2013\/02\/sandviks-kvarn-presentation.jpg\" class=\"attachment-full size-full wp-post-image\" alt=\"sandviks kvarn - visitoland.com\" srcset=\"https:\/\/visitoland.com\/wp-content\/uploads\/2013\/02\/sandviks-kvarn-presentation.jpg 220w, https:\/\/visitoland.com\/wp-content\/uploads\/2013\/02\/sandviks-kvarn-presentation-150x100.jpg 150w, https:\/\/visitoland.com\/wp-content\/uploads\/2013\/02\/sandviks-kvarn-presentation-160x106.jpg 160w\" sizes=\"auto, (max-width: 220px) 100vw, 220px\" \/>\n                \n                <\/div>\n              <\/div>\n              <div class=\"span3\">\n                <div class=\"inner\">\n                  <h2 class=\"bo link-title marker_title\"><a href=\"https:\/\/visitoland.com\/en\/visit-ata\/sandviks-kvarn-mill\/\">Sandviks Kvarn (Mill)<\/a><\/h2>\n                  <p>Here you can eat, drink and socialize, a'la carte, grilled or pizza to eat, or just coffee and something fresh from the bakery.<\/p>\n<br\/>\n                  Location: Northern \u00d6land\r\n\n   \n                <\/div>\n              <\/div>  \n    \t\t<\/div>\n          <hr\/>\n    \t\n    \t\t<div class=\"map_element row operators-list-item box central-oland\">\n              <input type=\"hidden\" value=\"56.8803834\" class=\"marker_long\" \/>\n              <input type=\"hidden\" value=\"16.7123208\" class=\"marker_lat\" \/>\n              <div class=\"span2\">\n                <div class=\"inner\">\n           \n                    <img loading=\"lazy\" decoding=\"async\" width=\"220\" height=\"147\" src=\"https:\/\/visitoland.com\/wp-content\/uploads\/2013\/02\/stranbaden-kok-och-bar-presentation.jpg\" class=\"attachment-full size-full wp-post-image\" alt=\"stranbaden - visitoland.com\" srcset=\"https:\/\/visitoland.com\/wp-content\/uploads\/2013\/02\/stranbaden-kok-och-bar-presentation.jpg 220w, https:\/\/visitoland.com\/wp-content\/uploads\/2013\/02\/stranbaden-kok-och-bar-presentation-150x100.jpg 150w, https:\/\/visitoland.com\/wp-content\/uploads\/2013\/02\/stranbaden-kok-och-bar-presentation-160x106.jpg 160w\" sizes=\"auto, (max-width: 220px) 100vw, 220px\" \/>\n                \n                <\/div>\n              <\/div>\n              <div class=\"span3\">\n                <div class=\"inner\">\n                  <h2 class=\"bo link-title marker_title\"><a href=\"https:\/\/visitoland.com\/en\/visit-ata\/strandbaden-kok-bar\/\">Strandbaden K\u00f6k &#038; Bar<\/a><\/h2>\n                  <br\/>\n                  Location: Central \u00d6land\r\n\n   \n                <\/div>\n              <\/div>  \n    \t\t<\/div>\n          <hr\/>\n    \t\n\t<\/div>\n\t\n\t<div class=\"span3 karta\">\n        <div class=\"inner\">\n          \t<div id=\"map\" style=\"width: 400px; height:650px;\"><\/div>\n        <\/div>\n    <\/div>\n    \n<\/div>\n\n<div class=\"row\">\n  <div class=\"span8\">\n    <div class=\"inner\">\n        \n        <\/div>\n    <\/div>\n  <\/div>\n<\/div>\n\r\n\n","protected":false},"excerpt":{"rendered":"Eat Menu Coffe shops Food manufacturer Pub &#038; Bar Restaurant Whole \u00d6land Northern \u00d6land Southern \u00d6land Central \u00d6land Kalmar All Gluten-free options Lactose-free alternatives Disability friendly Carlas Caf\u00e9 Here you can relax on a couch in the garden, and enjoy the view over the fields and the sea. Location: Southern \u00d6land Galleri Bl\u00e5 Porten Caf\u00e9&nbsp; &nbsp;<a href=\"https:\/\/visitoland.com\/en\/eat\/coffe-shops\/\">...Continue Reading<\/a>","protected":false},"author":12,"featured_media":413,"parent":199,"menu_order":0,"comment_status":"open","ping_status":"open","template":"page.php","meta":{"footnotes":""},"class_list":["post-416","page","type-page","status-publish","has-post-thumbnail","hentry"],"aioseo_notices":[],"_links":{"self":[{"href":"https:\/\/visitoland.com\/en\/wp-json\/wp\/v2\/pages\/416","targetHints":{"allow":["GET"]}}],"collection":[{"href":"https:\/\/visitoland.com\/en\/wp-json\/wp\/v2\/pages"}],"about":[{"href":"https:\/\/visitoland.com\/en\/wp-json\/wp\/v2\/types\/page"}],"author":[{"embeddable":true,"href":"https:\/\/visitoland.com\/en\/wp-json\/wp\/v2\/users\/12"}],"replies":[{"embeddable":true,"href":"https:\/\/visitoland.com\/en\/wp-json\/wp\/v2\/comments?post=416"}],"version-history":[{"count":0,"href":"https:\/\/visitoland.com\/en\/wp-json\/wp\/v2\/pages\/416\/revisions"}],"up":[{"embeddable":true,"href":"https:\/\/visitoland.com\/en\/wp-json\/wp\/v2\/pages\/199"}],"wp:featuredmedia":[{"embeddable":true,"href":"https:\/\/visitoland.com\/en\/wp-json\/wp\/v2\/media\/413"}],"wp:attachment":[{"href":"https:\/\/visitoland.com\/en\/wp-json\/wp\/v2\/media?parent=416"}],"curies":[{"name":"wp","href":"https:\/\/api.w.org\/{rel}","templated":true}]}}