{"id":42715,"date":"2017-08-13T20:19:17","date_gmt":"2017-08-13T18:19:17","guid":{"rendered":"https:\/\/visitoland.com\/en\/?page_id=42715"},"modified":"2026-02-04T16:37:38","modified_gmt":"2026-02-04T15:37:38","slug":"oeland-sprouts-2018","status":"publish","type":"page","link":"https:\/\/visitoland.com\/en\/oeland-sprouts-2018\/","title":{"rendered":"\u00d6land Sprouts 2026"},"content":{"rendered":"<div class=\"wpb-content-wrapper\"><p>[vc_row][vc_column][vc_column_text css=&#8221;&#8221;]<\/p>\n<h1 style=\"text-align: center;\">&#8220;\u00d6land Spirar&#8221; (Sprouts) 2026!<\/h1>\n<h2 style=\"text-align: center;\">May 8th &#8211; 10th<\/h2>\n<p>[\/vc_column_text][\/vc_column][\/vc_row][vc_row][vc_column][vc_column_text]<\/p>\n<p style=\"text-align: center;\"><strong>The event that opens the doors to the spring on \u00d6land.<\/strong><\/p>\n<p>[\/vc_column_text][\/vc_column][\/vc_row][vc_row][vc_column width=&#8221;1\/2&#8243;][vc_column_text css=&#8221;&#8221;]For the 14th year, The \u00d6land&#8217;s Harvest Festival organize \u00d6land Sprouts; an event that opens the doors to the spring on \u00d6land. Visitors will be offered activities around the island associated with gardens and outdoor life.<\/p>\n<p>This year, Oland Sprouts is the second weekend in May.<\/p>\n<p>The theme for the weekend is garden, nature and rural life, and across the island of \u00d6land visitors are offered activities in this spirit. Shop, eat well and discover the sights on an island dressed in its most beautiful spring colors. Art, music and literature are cultural elements that will spice your stay.<\/p>\n<p>Just when \u00d6land is at one of its most beautiful seasons, with orchids and birdsong, we invite you to a weekend filled with relaxation and inspiration. \u00d6land with its natural values in the landscape, such as the World Heritage in the south of \u00d6land, meadows and the coastlines, experiences you will not find elsewhere.<\/p>\n<p style=\"text-align: center;\"><strong>\u00d6land&#8217;s Harvest Festival welcomes you <\/strong><\/p>\n<p style=\"text-align: center;\"><strong>to yet another spring with <\/strong><\/p>\n<p style=\"text-align: center;\"><strong>\u00d6land Sprouts!<\/strong><\/p>\n<p>[\/vc_column_text][\/vc_column][vc_column width=&#8221;1\/2&#8243;][vc_column_text]<img loading=\"lazy\" decoding=\"async\" class=\"aligncenter size-full wp-image-42830\" src=\"\/\/visitoland.com\/wp-content\/uploads\/2018\/02\/Oland-Spirar-2018.jpg\" alt=\"\u00d6land Spirar 2018 \u00d6land\" width=\"611\" height=\"850\" srcset=\"https:\/\/visitoland.com\/wp-content\/uploads\/2018\/02\/Oland-Spirar-2018.jpg 611w, https:\/\/visitoland.com\/wp-content\/uploads\/2018\/02\/Oland-Spirar-2018-108x150.jpg 108w, https:\/\/visitoland.com\/wp-content\/uploads\/2018\/02\/Oland-Spirar-2018-216x300.jpg 216w, https:\/\/visitoland.com\/wp-content\/uploads\/2018\/02\/Oland-Spirar-2018-86x120.jpg 86w, https:\/\/visitoland.com\/wp-content\/uploads\/2018\/02\/Oland-Spirar-2018-129x180.jpg 129w, https:\/\/visitoland.com\/wp-content\/uploads\/2018\/02\/Oland-Spirar-2018-193x268.jpg 193w\" sizes=\"auto, (max-width: 611px) 100vw, 611px\" \/>[\/vc_column_text][\/vc_column][\/vc_row][vc_row][vc_column][vc_column_text]<\/p>\n<p style=\"text-align: center;\"><strong>Lite om vad som h\u00e4nder p\u00e5 \u00d6land Spirar<\/strong><\/p>\n<p>[\/vc_column_text][\/vc_column][\/vc_row][vc_row][vc_column width=&#8221;1\/2&#8243;][vc_column_text]<img loading=\"lazy\" decoding=\"async\" class=\"aligncenter size-full wp-image-39024\" src=\"\/\/visitoland.com\/wp-content\/uploads\/2015\/01\/fagelvagen-Spirar.jpg\" alt=\"f\u00e5gelv\u00e4gen-\u00d6land Spirar \u00d6land\" width=\"368\" height=\"399\" srcset=\"https:\/\/visitoland.com\/wp-content\/uploads\/2015\/01\/fagelvagen-Spirar.jpg 368w, https:\/\/visitoland.com\/wp-content\/uploads\/2015\/01\/fagelvagen-Spirar-138x150.jpg 138w, https:\/\/visitoland.com\/wp-content\/uploads\/2015\/01\/fagelvagen-Spirar-277x300.jpg 277w, https:\/\/visitoland.com\/wp-content\/uploads\/2015\/01\/fagelvagen-Spirar-111x120.jpg 111w, https:\/\/visitoland.com\/wp-content\/uploads\/2015\/01\/fagelvagen-Spirar-166x180.jpg 166w, https:\/\/visitoland.com\/wp-content\/uploads\/2015\/01\/fagelvagen-Spirar-247x268.jpg 247w\" sizes=\"auto, (max-width: 368px) 100vw, 368px\" \/>[\/vc_column_text][\/vc_column][vc_column width=&#8221;1\/2&#8243;][vc_column_text]<\/p>\n<h3>The Bird Route on southeastern \u00d6land<\/h3>\n<p>Come and see all activities along the Bird route on southeastern \u00d6land.<\/p>\n<p>Every village and businesses organize their own activities during \u00d6land Sprouts.<\/p>\n<p>Along the Bird route you will find Guided walks, Village walks and Bird walks.<\/p>\n<p>Here you will be served spring soup and many cafe&#8217;s activities will be open.<\/p>\n<p>So along the Bird route there will be many activities, activities for all ages.<\/p>\n<p>Look at their facebook page for info, (in Swedish only) <a href=\"https:\/\/www.facebook.com\/F%C3%A5gelsafarin-286785224843516\/?fref=ts\" target=\"_blank\" rel=\"noopener\">F\u00e5gelsafarin.<\/a>[\/vc_column_text][\/vc_column][\/vc_row][vc_row][vc_column width=&#8221;1\/2&#8243;][vc_column_text]<\/p>\n<h3>A short Geology class for all at Gillberga quarry<\/h3>\n<p>Geologist Jan Mikaelsson talks about &#8220;Fuming volcanoes and exciting octopuses.&#8221; Together the group will experiment with volcanoes and search for fossils and exciting stones.<\/p>\n<p>This year&#8217;s program in the quarry is not set yet, so keep an eye at the website for more info when it comes.<\/p>\n<p>But one thing for sure, there is always exciting things happening in Gillberga Quarries![\/vc_column_text][\/vc_column][vc_column width=&#8221;1\/2&#8243;][vc_column_text]<img loading=\"lazy\" decoding=\"async\" class=\"aligncenter size-full wp-image-39029\" src=\"\/\/visitoland.com\/wp-content\/uploads\/2015\/01\/Gillberga-Stenbrott-Spirar.jpg\" alt=\"Gillberga-Stenbrott- \u00d6land Spirar \u00d6land\" width=\"477\" height=\"350\" srcset=\"https:\/\/visitoland.com\/wp-content\/uploads\/2015\/01\/Gillberga-Stenbrott-Spirar.jpg 477w, https:\/\/visitoland.com\/wp-content\/uploads\/2015\/01\/Gillberga-Stenbrott-Spirar-150x110.jpg 150w, https:\/\/visitoland.com\/wp-content\/uploads\/2015\/01\/Gillberga-Stenbrott-Spirar-300x220.jpg 300w, https:\/\/visitoland.com\/wp-content\/uploads\/2015\/01\/Gillberga-Stenbrott-Spirar-160x117.jpg 160w, https:\/\/visitoland.com\/wp-content\/uploads\/2015\/01\/Gillberga-Stenbrott-Spirar-245x180.jpg 245w, https:\/\/visitoland.com\/wp-content\/uploads\/2015\/01\/Gillberga-Stenbrott-Spirar-360x264.jpg 360w\" sizes=\"auto, (max-width: 477px) 100vw, 477px\" \/>[\/vc_column_text][\/vc_column][\/vc_row][vc_row][vc_column width=&#8221;1\/2&#8243;][vc_column_text]<img loading=\"lazy\" decoding=\"async\" class=\"aligncenter size-full wp-image-42126\" src=\"\/\/visitoland.com\/wp-content\/uploads\/2015\/01\/oland-spirar-stuga.jpg\" alt=\"Stuga p\u00e5 \u00d6land \u00d6land spirar\" width=\"614\" height=\"850\" srcset=\"https:\/\/visitoland.com\/wp-content\/uploads\/2015\/01\/oland-spirar-stuga.jpg 614w, https:\/\/visitoland.com\/wp-content\/uploads\/2015\/01\/oland-spirar-stuga-108x150.jpg 108w, https:\/\/visitoland.com\/wp-content\/uploads\/2015\/01\/oland-spirar-stuga-217x300.jpg 217w, https:\/\/visitoland.com\/wp-content\/uploads\/2015\/01\/oland-spirar-stuga-87x120.jpg 87w, https:\/\/visitoland.com\/wp-content\/uploads\/2015\/01\/oland-spirar-stuga-130x180.jpg 130w, https:\/\/visitoland.com\/wp-content\/uploads\/2015\/01\/oland-spirar-stuga-194x268.jpg 194w\" sizes=\"auto, (max-width: 614px) 100vw, 614px\" \/>[\/vc_column_text][\/vc_column][vc_column width=&#8221;1\/2&#8243;][vc_column_text]<\/p>\n<h3>Garden Centres on \u00d6land<\/h3>\n<p>During the \u00d6land Sprout weekend, Garden Centre\u2019s offers special arrangement with lectures, try on activities for children and adults, exhibitors, and a select assortment.<\/p>\n<h3>Guided tours during \u00d6land Sprouts<\/h3>\n<p>\u201d\u00d6landsguiderna\u201d (\u00d6land guides) takes you out to the nature and culture of \u00d6land. If you want to know more about the \u201cAlvar\u201d, fishing, fortresses, birds, geology, churches, orchids, rune stones, or Authors of \u00d6land? Or would you like to visit places that are difficult to find on your own? Means of transportation? Well all kinds, Hiking, Biking, Car or Buss, it\u2019s all up to you. \u201d\u00d6landsguiderna\u201d will be happy to take you there, and in a variety of languages.[\/vc_column_text][\/vc_column][\/vc_row][vc_row][vc_column][vc_column_text]The full program for the event is not fixed yet, but one thing is certain, \u00d6land will be buzzing with activities, from the light houses \u201cL\u00e5nge Jan\u201d (Tall Jan) in the south to \u201cL\u00e5nge Erik\u201d (Tall Erik) in the north, there will be something for everyone when \u00d6land reveals itself in all its glory and splendour at the \u201c\u00d6land Spirar\u201d.<\/p>\n<p>Let us invite you to a burgeoning experience on \u00d6land that will fill your senses![\/vc_column_text][\/vc_column][\/vc_row][vc_row][vc_column][vc_column_text]<\/p>\n<h3 style=\"text-align: center;\"><strong>\u00d6land, the island of the Sun, the Tastes and the Senses<\/strong><\/h3>\n<p style=\"text-align: center;\"><strong>Come and enjoy the feast!<\/strong><\/p>\n<p>For more info about<strong> &#8220;\u00d6land Spirar&#8221;<\/strong><\/p>\n<p>see <a href=\"https:\/\/www.olandspirar.se\/Start\/se\/1\/\" target=\"_blank\" rel=\"noopener\">\u00d6land Spirar Homepage<\/a> (In Swedish only)<\/p>\n<p>Photo: Tommie Skoog[\/vc_column_text][\/vc_column][\/vc_row]<\/p>\n<\/div>","protected":false},"excerpt":{"rendered":"<p>[vc_row][vc_column][vc_column_text css=&#8221;&#8221;] &#8220;\u00d6land Spirar&#8221; (Sprouts) 2026! May 8th &#8211; 10th [\/vc_column_text][\/vc_column][\/vc_row][vc_row][vc_column][vc_column_text] The event that opens the doors to the spring on \u00d6land. [\/vc_column_text][\/vc_column][\/vc_row][vc_row][vc_column width=&#8221;1\/2&#8243;][vc_column_text css=&#8221;&#8221;]For the 14th year, The \u00d6land&#8217;s Harvest Festival organize \u00d6land Sprouts; an event that opens the doors to the spring on \u00d6land. Visitors will be offered activities around the island associated&nbsp; &nbsp;<a href=\"https:\/\/visitoland.com\/en\/oeland-sprouts-2018\/\">&#8230;Continue Reading<\/a><\/p>\n","protected":false},"author":2,"featured_media":13527,"parent":0,"menu_order":0,"comment_status":"closed","ping_status":"closed","template":"","meta":{"footnotes":""},"class_list":["post-42715","page","type-page","status-publish","has-post-thumbnail","hentry"],"aioseo_notices":[],"_links":{"self":[{"href":"https:\/\/visitoland.com\/en\/wp-json\/wp\/v2\/pages\/42715","targetHints":{"allow":["GET"]}}],"collection":[{"href":"https:\/\/visitoland.com\/en\/wp-json\/wp\/v2\/pages"}],"about":[{"href":"https:\/\/visitoland.com\/en\/wp-json\/wp\/v2\/types\/page"}],"author":[{"embeddable":true,"href":"https:\/\/visitoland.com\/en\/wp-json\/wp\/v2\/users\/2"}],"replies":[{"embeddable":true,"href":"https:\/\/visitoland.com\/en\/wp-json\/wp\/v2\/comments?post=42715"}],"version-history":[{"count":5,"href":"https:\/\/visitoland.com\/en\/wp-json\/wp\/v2\/pages\/42715\/revisions"}],"predecessor-version":[{"id":46177,"href":"https:\/\/visitoland.com\/en\/wp-json\/wp\/v2\/pages\/42715\/revisions\/46177"}],"wp:featuredmedia":[{"embeddable":true,"href":"https:\/\/visitoland.com\/en\/wp-json\/wp\/v2\/media\/13527"}],"wp:attachment":[{"href":"https:\/\/visitoland.com\/en\/wp-json\/wp\/v2\/media?parent=42715"}],"curies":[{"name":"wp","href":"https:\/\/api.w.org\/{rel}","templated":true}]}}