{"id":690,"date":"2012-11-13T16:00:04","date_gmt":"2012-11-13T16:00:04","guid":{"rendered":"https:\/\/visitoland.com\/?page_id=690"},"modified":"2015-01-31T14:54:47","modified_gmt":"2015-01-31T13:54:47","slug":"made-on-oland","status":"publish","type":"page","link":"https:\/\/visitoland.com\/en\/do\/made-on-oland\/","title":{"rendered":"Made on \u00d6land"},"content":{"rendered":"<div class=\"wpb-content-wrapper\"><p>[vc_row][vc_column][vc_column_text]\u00d6land has been a creative island for a long time. Artists, designers, and now more than ever, producers of food of various kind live and prosper here. Farmers have always played an important role on \u00d6land, but today also the companies that process and refine grow in importance.[\/vc_column_text][\/vc_column][\/vc_row][vc_row][vc_column width=&#8221;1\/3&#8243;][vc_column_text]The creativity is great, Wineries, Bean crisps, Chocolate and Rapeseed oil to name a few of the products that are emerging.<br \/>\n[\/vc_column_text][\/vc_column][vc_column width=&#8221;1\/3&#8243;][vc_column_text]<br \/>\n<a href=\"https:\/\/www.olandschoklad.se\/\" target=\"_blank\"><img loading=\"lazy\" decoding=\"async\" class=\"alignnone size-full wp-image-4359\" title=\"\u00d6landschoklad-p\u00e5sar\" src=\"https:\/\/visitoland.com\/wp-content\/uploads\/2012\/11\/olandschoklad-pasar.jpg\" alt=\"\u00d6landschoklad-p\u00e5sar\" width=\"460\" height=\"307\" srcset=\"https:\/\/visitoland.com\/wp-content\/uploads\/2012\/11\/olandschoklad-pasar.jpg 460w, https:\/\/visitoland.com\/wp-content\/uploads\/2012\/11\/olandschoklad-pasar-150x100.jpg 150w, https:\/\/visitoland.com\/wp-content\/uploads\/2012\/11\/olandschoklad-pasar-300x200.jpg 300w, https:\/\/visitoland.com\/wp-content\/uploads\/2012\/11\/olandschoklad-pasar-160x106.jpg 160w, https:\/\/visitoland.com\/wp-content\/uploads\/2012\/11\/olandschoklad-pasar-260x173.jpg 260w, https:\/\/visitoland.com\/wp-content\/uploads\/2012\/11\/olandschoklad-pasar-360x240.jpg 360w\" sizes=\"auto, (max-width: 460px) 100vw, 460px\" \/><\/a><br \/>\n[\/vc_column_text][\/vc_column][vc_column width=&#8221;1\/3&#8243;][vc_column_text]<br \/>\n<a href=\"www.bonchips.se\" target=\"_blank\"><img loading=\"lazy\" decoding=\"async\" class=\"alignnone size-full wp-image-4360\" title=\"\u00d6l\u00e4ndska-b\u00f6nchips\" src=\"https:\/\/visitoland.com\/wp-content\/uploads\/2012\/11\/svenska-bonchips.jpg\" alt=\"\u00d6l\u00e4ndska-b\u00f6nchips\" width=\"600\" height=\"450\" srcset=\"https:\/\/visitoland.com\/wp-content\/uploads\/2012\/11\/svenska-bonchips.jpg 600w, https:\/\/visitoland.com\/wp-content\/uploads\/2012\/11\/svenska-bonchips-150x112.jpg 150w, https:\/\/visitoland.com\/wp-content\/uploads\/2012\/11\/svenska-bonchips-300x225.jpg 300w, https:\/\/visitoland.com\/wp-content\/uploads\/2012\/11\/svenska-bonchips-160x120.jpg 160w, https:\/\/visitoland.com\/wp-content\/uploads\/2012\/11\/svenska-bonchips-240x180.jpg 240w, https:\/\/visitoland.com\/wp-content\/uploads\/2012\/11\/svenska-bonchips-357x268.jpg 357w\" sizes=\"auto, (max-width: 600px) 100vw, 600px\" \/><\/a>[\/vc_column_text][\/vc_column][\/vc_row][vc_row][vc_column width=&#8221;1\/3&#8243;][vc_column_text]<a href=\"https:\/\/www.ribes.se\/\" target=\"_blank\"><img loading=\"lazy\" decoding=\"async\" class=\"alignnone size-full wp-image-4395\" title=\"Ribes\" src=\"https:\/\/visitoland.com\/wp-content\/uploads\/2012\/11\/Ribes.jpg\" alt=\"Ribes\" width=\"460\" height=\"307\" srcset=\"https:\/\/visitoland.com\/wp-content\/uploads\/2012\/11\/Ribes.jpg 460w, https:\/\/visitoland.com\/wp-content\/uploads\/2012\/11\/Ribes-150x100.jpg 150w, https:\/\/visitoland.com\/wp-content\/uploads\/2012\/11\/Ribes-300x200.jpg 300w, https:\/\/visitoland.com\/wp-content\/uploads\/2012\/11\/Ribes-160x106.jpg 160w, https:\/\/visitoland.com\/wp-content\/uploads\/2012\/11\/Ribes-260x173.jpg 260w, https:\/\/visitoland.com\/wp-content\/uploads\/2012\/11\/Ribes-360x240.jpg 360w\" sizes=\"auto, (max-width: 460px) 100vw, 460px\" \/><\/a><\/p>\n<p>[\/vc_column_text][\/vc_column][vc_column width=&#8221;1\/3&#8243;][vc_column_text]<a href=\"https:\/\/www.lottaomary.com\/Hem.html\" target=\"_blank\"><img loading=\"lazy\" decoding=\"async\" class=\"alignnone size-full wp-image-4368\" title=\"Lotta-&amp;-Mary\" src=\"https:\/\/visitoland.com\/wp-content\/uploads\/2012\/11\/Lotta-Mary.jpg\" alt=\"Lotta-&amp;-Mary\" width=\"460\" height=\"307\" srcset=\"https:\/\/visitoland.com\/wp-content\/uploads\/2012\/11\/Lotta-Mary.jpg 460w, https:\/\/visitoland.com\/wp-content\/uploads\/2012\/11\/Lotta-Mary-150x100.jpg 150w, https:\/\/visitoland.com\/wp-content\/uploads\/2012\/11\/Lotta-Mary-300x200.jpg 300w, https:\/\/visitoland.com\/wp-content\/uploads\/2012\/11\/Lotta-Mary-160x106.jpg 160w, https:\/\/visitoland.com\/wp-content\/uploads\/2012\/11\/Lotta-Mary-260x173.jpg 260w, https:\/\/visitoland.com\/wp-content\/uploads\/2012\/11\/Lotta-Mary-360x240.jpg 360w\" sizes=\"auto, (max-width: 460px) 100vw, 460px\" \/><\/a><\/p>\n<p>[\/vc_column_text][\/vc_column][vc_column width=&#8221;1\/3&#8243;][vc_column_text]In other areas outside the food we have Ribes leather, Resmo Pottery, Lotta &amp; Mary, and all the craftsmen on \u00d6land.[\/vc_column_text][\/vc_column][\/vc_row][vc_row][vc_column][vc_column_text]Common to both food and other product areas, is that they are now beginning to receive more attention, and not only in Sweden but also abroad. We believe that \u00d6land, with its own special character and tradition is a strong brand that can gain great success in the Swedish and International market place.<\/p>\n<p>This is something that we would like to highlight and expose. We will present Made on \u00d6land under two headings here on Visitoland.com, EAT where we have the area of food manufacturers and under DO where we under Made On Oland will presents all other non-food producers.[\/vc_column_text][\/vc_column][\/vc_row][vc_row][vc_column width=&#8221;3\/4&#8243;][vc_column_text]To further support this development, will we later this year start a new website under the name madeonoland.com. On madeonoland.com we will expose all the designers and manufacturers we have here on the island of \u00d6land, this to show Sweden and the rest of the world what this creative Island has to offer.<\/p>\n<p>MADEONOLAND.COM will be a showroom for products Made On \u00d6land, a showroom to show the world what \u00d6land stands for, what \u00d6land produce and give the world the opportunity to take part of it.[\/vc_column_text][\/vc_column][vc_column width=&#8221;1\/4&#8243;][vc_column_text]<br \/>\n<img loading=\"lazy\" decoding=\"async\" class=\"alignnone size-full wp-image-4361\" title=\"\u00d6l\u00e4ndsk-Rapsolja\" src=\"https:\/\/visitoland.com\/wp-content\/uploads\/2012\/11\/Olansk-Rapsolja.jpg\" alt=\"\u00d6l\u00e4ndsk-Rapsolja\" width=\"426\" height=\"640\" srcset=\"https:\/\/visitoland.com\/wp-content\/uploads\/2012\/11\/Olansk-Rapsolja.jpg 426w, https:\/\/visitoland.com\/wp-content\/uploads\/2012\/11\/Olansk-Rapsolja-99x150.jpg 99w, https:\/\/visitoland.com\/wp-content\/uploads\/2012\/11\/Olansk-Rapsolja-199x300.jpg 199w, https:\/\/visitoland.com\/wp-content\/uploads\/2012\/11\/Olansk-Rapsolja-79x120.jpg 79w, https:\/\/visitoland.com\/wp-content\/uploads\/2012\/11\/Olansk-Rapsolja-119x180.jpg 119w, https:\/\/visitoland.com\/wp-content\/uploads\/2012\/11\/Olansk-Rapsolja-178x268.jpg 178w\" sizes=\"auto, (max-width: 426px) 100vw, 426px\" \/>[\/vc_column_text][\/vc_column][\/vc_row][vc_row][vc_column][vc_column_text]<\/p>\n<h3>\u00a0\u00d6LAND for us is: The Island of the Sun, the Taste and the Senses.<\/h3>\n<p>[\/vc_column_text][\/vc_column][\/vc_row]<\/p>\n<\/div>","protected":false},"excerpt":{"rendered":"<p>[vc_row][vc_column][vc_column_text]\u00d6land has been a creative island for a long time. Artists, designers, and now more than ever, producers of food of various kind live and prosper here. Farmers have always played an important role on \u00d6land, but today also the companies that process and refine grow in importance.[\/vc_column_text][\/vc_column][\/vc_row][vc_row][vc_column width=&#8221;1\/3&#8243;][vc_column_text]The creativity is great, Wineries, Bean crisps,&nbsp; &nbsp;<a href=\"https:\/\/visitoland.com\/en\/do\/made-on-oland\/\">&#8230;Continue Reading<\/a><\/p>\n","protected":false},"author":2,"featured_media":2818,"parent":205,"menu_order":0,"comment_status":"open","ping_status":"open","template":"page.php","meta":{"footnotes":""},"class_list":["post-690","page","type-page","status-publish","has-post-thumbnail","hentry"],"aioseo_notices":[],"_links":{"self":[{"href":"https:\/\/visitoland.com\/en\/wp-json\/wp\/v2\/pages\/690","targetHints":{"allow":["GET"]}}],"collection":[{"href":"https:\/\/visitoland.com\/en\/wp-json\/wp\/v2\/pages"}],"about":[{"href":"https:\/\/visitoland.com\/en\/wp-json\/wp\/v2\/types\/page"}],"author":[{"embeddable":true,"href":"https:\/\/visitoland.com\/en\/wp-json\/wp\/v2\/users\/2"}],"replies":[{"embeddable":true,"href":"https:\/\/visitoland.com\/en\/wp-json\/wp\/v2\/comments?post=690"}],"version-history":[{"count":0,"href":"https:\/\/visitoland.com\/en\/wp-json\/wp\/v2\/pages\/690\/revisions"}],"up":[{"embeddable":true,"href":"https:\/\/visitoland.com\/en\/wp-json\/wp\/v2\/pages\/205"}],"wp:featuredmedia":[{"embeddable":true,"href":"https:\/\/visitoland.com\/en\/wp-json\/wp\/v2\/media\/2818"}],"wp:attachment":[{"href":"https:\/\/visitoland.com\/en\/wp-json\/wp\/v2\/media?parent=690"}],"curies":[{"name":"wp","href":"https:\/\/api.w.org\/{rel}","templated":true}]}}