{"id":7041,"date":"2013-08-10T15:40:06","date_gmt":"2013-08-10T13:40:06","guid":{"rendered":"https:\/\/visitoland.com\/?page_id=7041"},"modified":"2017-03-08T20:01:52","modified_gmt":"2017-03-08T19:01:52","slug":"oland-restaurateurs-association","status":"publish","type":"page","link":"https:\/\/visitoland.com\/en\/oland-restaurateurs-association\/","title":{"rendered":"\u00d6land restaurateurs association"},"content":{"rendered":"<div class=\"wpb-content-wrapper\"><p>[vc_row][vc_column width=&#8221;5\/6&#8243;][vc_column_text]<\/p>\n<h2 style=\"text-align: center;\">Enjoy what the restaurateurs of \u00d6land serves<\/h2>\n<p>[\/vc_column_text][\/vc_column][vc_column width=&#8221;1\/6&#8243;][vc_column_text]<img loading=\"lazy\" decoding=\"async\" class=\"alignnone size-full wp-image-7409\" src=\"\/\/visitoland.com\/wp-content\/uploads\/2013\/08\/Olands-krogarforening.jpg\" alt=\"\u00d6lands-kr\u00f6garf\u00f6rening\" width=\"220\" height=\"220\" srcset=\"https:\/\/visitoland.com\/wp-content\/uploads\/2013\/08\/Olands-krogarforening.jpg 220w, https:\/\/visitoland.com\/wp-content\/uploads\/2013\/08\/Olands-krogarforening-150x150.jpg 150w, https:\/\/visitoland.com\/wp-content\/uploads\/2013\/08\/Olands-krogarforening-119x120.jpg 119w, https:\/\/visitoland.com\/wp-content\/uploads\/2013\/08\/Olands-krogarforening-180x180.jpg 180w\" sizes=\"auto, (max-width: 220px) 100vw, 220px\" \/>[\/vc_column_text][\/vc_column][\/vc_row][vc_row][vc_column width=&#8221;2\/3&#8243;][vc_column_text]The restaurateurs association of \u00d6land has some 40 members, and their mission is to develop and preserve Swedish food culture in general and \u00d6land\u2019s in particular.<\/p>\n<p>&nbsp;<\/p>\n<p>The association are constantly working to develop the food culture on \u00d6land and by so highlight the vast knowledge and tradition that are available on the island, from all the local growers, through the processing of the products, to the restaurant kitchen and cooking and finally served on a plate to an expectant guest, this combined with a well-flavored and suitable beverage, which also may come from the island.<\/p>\n<p>&nbsp;<\/p>\n<p>\u00d6land has a unique local pantry, containing not only all what a great feast may require, but also for a tasty everyday lunch.<\/p>\n<p>[\/vc_column_text][\/vc_column][vc_column width=&#8221;1\/3&#8243;][vc_column_text]<img loading=\"lazy\" decoding=\"async\" class=\"alignnone size-full wp-image-15441\" title=\"Wannborga Bevrage Oland\" src=\"\/\/visitoland.com\/wp-content\/uploads\/2013\/05\/wannborga-1.jpg\" alt=\"Wannborga Bevrage Oland\" width=\"565\" height=\"850\" srcset=\"https:\/\/visitoland.com\/wp-content\/uploads\/2013\/05\/wannborga-1.jpg 565w, https:\/\/visitoland.com\/wp-content\/uploads\/2013\/05\/wannborga-1-99x150.jpg 99w, https:\/\/visitoland.com\/wp-content\/uploads\/2013\/05\/wannborga-1-199x300.jpg 199w, https:\/\/visitoland.com\/wp-content\/uploads\/2013\/05\/wannborga-1-79x120.jpg 79w, https:\/\/visitoland.com\/wp-content\/uploads\/2013\/05\/wannborga-1-119x180.jpg 119w, https:\/\/visitoland.com\/wp-content\/uploads\/2013\/05\/wannborga-1-178x268.jpg 178w\" sizes=\"auto, (max-width: 565px) 100vw, 565px\" \/>[\/vc_column_text][\/vc_column][\/vc_row][vc_row][vc_column width=&#8221;1\/3&#8243;][vc_column_text]<img loading=\"lazy\" decoding=\"async\" class=\"alignnone size-full wp-image-15449\" title=\"Fishingboat Gr\u00e4sg\u00e5rd Harbour Oland\" src=\"\/\/visitoland.com\/wp-content\/uploads\/2013\/05\/fiskebat.jpg\" alt=\"Fishingboat Gr\u00e4sg\u00e5rd Harbour Oland\" width=\"850\" height=\"638\" srcset=\"https:\/\/visitoland.com\/wp-content\/uploads\/2013\/05\/fiskebat.jpg 850w, https:\/\/visitoland.com\/wp-content\/uploads\/2013\/05\/fiskebat-150x112.jpg 150w, https:\/\/visitoland.com\/wp-content\/uploads\/2013\/05\/fiskebat-300x225.jpg 300w, https:\/\/visitoland.com\/wp-content\/uploads\/2013\/05\/fiskebat-160x120.jpg 160w, https:\/\/visitoland.com\/wp-content\/uploads\/2013\/05\/fiskebat-239x180.jpg 239w, https:\/\/visitoland.com\/wp-content\/uploads\/2013\/05\/fiskebat-357x268.jpg 357w\" sizes=\"auto, (max-width: 850px) 100vw, 850px\" \/><\/p>\n<p>[\/vc_column_text][\/vc_column][vc_column width=&#8221;2\/3&#8243;][vc_column_text]<br \/>\nThe growers, breeders and fishermen on \u00d6land have a long and strong tradition. On \u00d6land has it been grown, bred and fished since ancient times, it is this tradition that the restaurateurs association want to express and preserve, and by constantly developing the kitchen&#8217;s ability to use, cook and serve from this great, unique and local pantry and through cooperation with the farmers and fishermen on \u00d6land, improve and develop their products locally on \u00d6land.[\/vc_column_text][\/vc_column][\/vc_row][vc_row][vc_column][vc_column_text]In the efforts to develop and refine the kitchen of \u00d6land the association is working in close collaboration with the Culinary Academy and \u00d6land Gymnasium, hotel and restaurant program.[\/vc_column_text][\/vc_column][\/vc_row][vc_row][vc_column width=&#8221;1\/2&#8243;][vc_column_text]In the efforts to develop and refine the kitchen of \u00d6land the association is working in close collaboration with the Culinary Academy and \u00d6land Gymnasium, hotel and restaurant program.<\/p>\n<p>The association also participates actively in the work to show what \u00d6land has to offer at other times of the year, in autumn, winter and spring.<\/p>\n<p>\u00d6land is well known as one of Sweden\u2019s most beautiful summer islands, with the sun, sea and swimming, but \u00d6land offers a unique charm at the other seasons also.<\/p>\n<p>[\/vc_column_text][\/vc_column][vc_column width=&#8221;1\/2&#8243;][vc_column_text]<img loading=\"lazy\" decoding=\"async\" class=\"alignnone size-full wp-image-15453\" title=\"Food from Oland\" src=\"\/\/visitoland.com\/wp-content\/uploads\/2013\/05\/mat.jpg\" alt=\"Food from Oland\" width=\"850\" height=\"563\" srcset=\"https:\/\/visitoland.com\/wp-content\/uploads\/2013\/05\/mat.jpg 850w, https:\/\/visitoland.com\/wp-content\/uploads\/2013\/05\/mat-150x99.jpg 150w, https:\/\/visitoland.com\/wp-content\/uploads\/2013\/05\/mat-300x198.jpg 300w, https:\/\/visitoland.com\/wp-content\/uploads\/2013\/05\/mat-160x105.jpg 160w, https:\/\/visitoland.com\/wp-content\/uploads\/2013\/05\/mat-260x172.jpg 260w, https:\/\/visitoland.com\/wp-content\/uploads\/2013\/05\/mat-360x238.jpg 360w\" sizes=\"auto, (max-width: 850px) 100vw, 850px\" \/>[\/vc_column_text][\/vc_column][\/vc_row][vc_row][vc_column][vc_column_text]\u00d6land changing seasons is something that everyone should discover and experience, how the island assumes new shapes at the different seasons, each with its own special charm, and in this the restaurateurs association also has an important role to play.<\/p>\n<p>&nbsp;<\/p>\n<p><strong>\u00d6land restaurateurs association<\/strong> is part of, preserve and develops, the chain <strong>from the earth to the dining table,<\/strong> all year around.<\/p>\n<p>&nbsp;<\/p>\n<p>On <strong>visitoland.com<\/strong> you will find the members in <strong>EAT and STAY<\/strong> section, where their presentation pages carry the symbol of \u201cT<strong>he restaurateurs association of \u00d6land<\/strong>\u201d.<\/p>\n<p>&nbsp;<\/p>\n<p>[\/vc_column_text][\/vc_column][\/vc_row][vc_row][vc_column width=&#8221;3\/4&#8243;][vc_column_text]Want to know more about The restaurateurs association, please contact:<\/p>\n<p><strong>\u00d6lands Kr\u00f6garf\u00f6rening<\/strong><\/p>\n<p>Ordf\u00f6rande: Gunnar Aldestam<br \/>\n+46 (0)70-316 02 82<br \/>\nMail: <a href=\"mailto:gunnar@kackelstugan.com\">gunnar@kackelstugan.com<\/a><\/p>\n<p>Hemsida: <a href=\"https:\/\/www.olandskrogarforening.se\/\" target=\"_blank\">www.olandskrogarforening.se<\/a>[\/vc_column_text][\/vc_column][vc_column width=&#8221;1\/4&#8243;][vc_column_text]<a href=\"https:\/\/www.olandskrogarforening.se\/\" target=\"_blank\" rel=\"attachment wp-att-5447\"><img loading=\"lazy\" decoding=\"async\" class=\"alignnone size-full wp-image-5447\" src=\"\/\/visitoland.com\/wp-content\/uploads\/2013\/05\/Olands-krogarforening.jpg\" alt=\"\u00d6lands-kr\u00f6garf\u00f6rening\" width=\"220\" height=\"220\" srcset=\"https:\/\/visitoland.com\/wp-content\/uploads\/2013\/05\/Olands-krogarforening.jpg 220w, https:\/\/visitoland.com\/wp-content\/uploads\/2013\/05\/Olands-krogarforening-150x150.jpg 150w, https:\/\/visitoland.com\/wp-content\/uploads\/2013\/05\/Olands-krogarforening-119x120.jpg 119w, https:\/\/visitoland.com\/wp-content\/uploads\/2013\/05\/Olands-krogarforening-180x180.jpg 180w\" sizes=\"auto, (max-width: 220px) 100vw, 220px\" \/><\/a>[\/vc_column_text][\/vc_column][\/vc_row][vc_row][vc_column width=&#8221;1\/2&#8243;][vc_column_text]<img loading=\"lazy\" decoding=\"async\" class=\"alignnone size-full wp-image-15457\" title=\"Farmers on Oland\" src=\"\/\/visitoland.com\/wp-content\/uploads\/2013\/05\/odlare.jpg\" alt=\"Farmers on Oland\" width=\"850\" height=\"566\" srcset=\"https:\/\/visitoland.com\/wp-content\/uploads\/2013\/05\/odlare.jpg 850w, https:\/\/visitoland.com\/wp-content\/uploads\/2013\/05\/odlare-150x99.jpg 150w, https:\/\/visitoland.com\/wp-content\/uploads\/2013\/05\/odlare-300x199.jpg 300w, https:\/\/visitoland.com\/wp-content\/uploads\/2013\/05\/odlare-160x106.jpg 160w, https:\/\/visitoland.com\/wp-content\/uploads\/2013\/05\/odlare-260x173.jpg 260w, https:\/\/visitoland.com\/wp-content\/uploads\/2013\/05\/odlare-360x239.jpg 360w\" sizes=\"auto, (max-width: 850px) 100vw, 850px\" \/><\/p>\n<p>[\/vc_column_text][\/vc_column][vc_column width=&#8221;1\/2&#8243;][vc_column_text]<img loading=\"lazy\" decoding=\"async\" class=\"alignnone size-full wp-image-15460\" title=\"Flunder from Oland\" src=\"\/\/visitoland.com\/wp-content\/uploads\/2013\/05\/flundra.jpg\" alt=\"Flunder from Oland\" width=\"850\" height=\"566\" srcset=\"https:\/\/visitoland.com\/wp-content\/uploads\/2013\/05\/flundra.jpg 850w, https:\/\/visitoland.com\/wp-content\/uploads\/2013\/05\/flundra-150x99.jpg 150w, https:\/\/visitoland.com\/wp-content\/uploads\/2013\/05\/flundra-300x199.jpg 300w, https:\/\/visitoland.com\/wp-content\/uploads\/2013\/05\/flundra-160x106.jpg 160w, https:\/\/visitoland.com\/wp-content\/uploads\/2013\/05\/flundra-260x173.jpg 260w, https:\/\/visitoland.com\/wp-content\/uploads\/2013\/05\/flundra-360x239.jpg 360w\" sizes=\"auto, (max-width: 850px) 100vw, 850px\" \/>[\/vc_column_text][\/vc_column][\/vc_row]<\/p>\n<\/div>","protected":false},"excerpt":{"rendered":"<p>[vc_row][vc_column width=&#8221;5\/6&#8243;][vc_column_text] Enjoy what the restaurateurs of \u00d6land serves [\/vc_column_text][\/vc_column][vc_column width=&#8221;1\/6&#8243;][vc_column_text][\/vc_column_text][\/vc_column][\/vc_row][vc_row][vc_column width=&#8221;2\/3&#8243;][vc_column_text]The restaurateurs association of \u00d6land has some 40 members, and their mission is to develop and preserve Swedish food culture in general and \u00d6land\u2019s in particular. &nbsp; The association are constantly working to develop the food culture on \u00d6land and by so highlight the&nbsp; &nbsp;<a href=\"https:\/\/visitoland.com\/en\/oland-restaurateurs-association\/\">&#8230;Continue Reading<\/a><\/p>\n","protected":false},"author":2,"featured_media":12375,"parent":0,"menu_order":0,"comment_status":"open","ping_status":"open","template":"","meta":{"footnotes":""},"class_list":["post-7041","page","type-page","status-publish","has-post-thumbnail","hentry"],"aioseo_notices":[],"_links":{"self":[{"href":"https:\/\/visitoland.com\/en\/wp-json\/wp\/v2\/pages\/7041","targetHints":{"allow":["GET"]}}],"collection":[{"href":"https:\/\/visitoland.com\/en\/wp-json\/wp\/v2\/pages"}],"about":[{"href":"https:\/\/visitoland.com\/en\/wp-json\/wp\/v2\/types\/page"}],"author":[{"embeddable":true,"href":"https:\/\/visitoland.com\/en\/wp-json\/wp\/v2\/users\/2"}],"replies":[{"embeddable":true,"href":"https:\/\/visitoland.com\/en\/wp-json\/wp\/v2\/comments?post=7041"}],"version-history":[{"count":0,"href":"https:\/\/visitoland.com\/en\/wp-json\/wp\/v2\/pages\/7041\/revisions"}],"wp:featuredmedia":[{"embeddable":true,"href":"https:\/\/visitoland.com\/en\/wp-json\/wp\/v2\/media\/12375"}],"wp:attachment":[{"href":"https:\/\/visitoland.com\/en\/wp-json\/wp\/v2\/media?parent=7041"}],"curies":[{"name":"wp","href":"https:\/\/api.w.org\/{rel}","templated":true}]}}